{"id":9548,"date":"2025-04-02T20:05:47","date_gmt":"2025-04-02T12:05:47","guid":{"rendered":"https:\/\/zojopackaging.com\/?post_type=product&#038;p=9548"},"modified":"2025-04-02T20:52:05","modified_gmt":"2025-04-02T12:52:05","slug":"jewelry-necklace-ring-bracelet-earring-packaging-box-supplier","status":"publish","type":"product","link":"https:\/\/zojopackaging.com\/pl\/product\/jewelry-necklace-ring-bracelet-earring-packaging-box-supplier\/","title":{"rendered":"Bi\u017cuteria Naszyjnik Pier\u015bcionek Bransoletka Kolczyk Opakowanie Dostawca"},"content":{"rendered":"<h2 id=\"-1-convenient-pull-out-box-design-\"><strong>1. Wygodna konstrukcja wysuwanego pude\u0142ka<\/strong><\/h2>\n<ul>\n<li><strong>Przesuwna struktura otwierania i zamykania<\/strong>: Korpus wysuwanego pude\u0142ka jest wykonany z precyzyjnych form, kt\u00f3re otwieraj\u0105 si\u0119 i zamykaj\u0105 p\u0142ynnie i mog\u0105 by\u0107 \u0142atwo obs\u0142ugiwane przez u\u017cytkownik\u00f3w jedn\u0105 r\u0119k\u0105,\u00a0<strong>oszcz\u0119dno\u015b\u0107 ponad 50% czasu otwarcia<\/strong>, zwi\u0119kszaj\u0105c poczucie ceremonii i wygody rozpakowywania.<\/li>\n<li><strong>Trwa\u0142o\u015b\u0107 i stabilno\u015b\u0107<\/strong>: Korpus pude\u0142ka \u0142\u0105czy w sobie tektur\u0119 o wysokiej gramaturze i technologi\u0119 wzmacniania, aby zapewni\u0107, \u017ce nie odkszta\u0142ci si\u0119 po wielokrotnym otwieraniu i zamykaniu, i nadaje si\u0119 do d\u0142ugotrwa\u0142ego u\u017cytkowania pude\u0142ek na bi\u017cuteri\u0119.<\/li>\n<\/ul>\n<h2 id=\"-2-brand-customized-design-service-\"><strong>2. Us\u0142uga projektowania dostosowana do marki<\/strong><\/h2>\n<ul>\n<li><strong>Typ skrzynki i dostosowanie wizualne<\/strong>: Zapewnienie r\u00f3\u017cnych typ\u00f3w pude\u0142ek, takich jak pude\u0142ka z szufladami, pude\u0142ka w kszta\u0142cie ksi\u0105\u017cki i pokrywy, wsparcie\u00a0<strong>Wy\u0142\u0105czny rozmiar, krzywizna, okno<\/strong>\u00a0i innych spersonalizowanych projekt\u00f3w oraz dok\u0142adnie dopasowa\u0107 ton marki.<\/li>\n<li><strong>Modernizacja procesu powierzchniowego<\/strong>: Opcjonalne t\u0142oczenie na gor\u0105co \/ srebro, wyt\u0142aczanie, lokalny lakier UV, sitodruk i inne procesy, w po\u0142\u0105czeniu z nadrukiem punktowym Pantone, w celu wzmocnienia logo marki i efektu wizualnego.<\/li>\n<\/ul>\n<h2 id=\"-3-eva-flocking-anti-seismic-lining-\"><strong>3. Wyk\u0142adzina antysejsmiczna z flokowanej pianki EVA<\/strong><\/h2>\n<ul>\n<li><strong>Wszechstronna ochrona<\/strong>: Podszewka EVA o wysokiej g\u0119sto\u015bci jest dostosowana do konturu bi\u017cuterii, a flokowanie powierzchni jest delikatne i mi\u0119kkie,\u00a0<strong>Skutecznie poch\u0142ania wibracje transportowe i uderzenia podczas upadku<\/strong>i zapobieganie zarysowaniom lub przemieszczaniu si\u0119 produktu.<\/li>\n<li><strong>Ulepszenie wizualne i dotykowe<\/strong>: Flokowana podszewka zapewnia matowe\/b\u0142yszcz\u0105ce efekty, a luksusowe kolory, takie jak czarny, bia\u0142y, z\u0142oty i bordowy, s\u0105 dost\u0119pne, bior\u0105c pod uwag\u0119 zar\u00f3wno ochron\u0119, jak i pi\u0119kno wy\u015bwietlacza.<\/li>\n<\/ul>\n<h2 id=\"-4-ribbon-accessories-and-detailed-design-\"><strong>4. Akcesoria do wst\u0105\u017cek i szczeg\u00f3\u0142owy projekt<\/strong><\/h2>\n<ul>\n<li><strong>Wysokiej klasy elementy dekoracyjne<\/strong>: Wbudowane niestandardowe wst\u0105\u017cki (szyfonowe, satynowe i aksamitne materia\u0142y s\u0105 opcjonalne), w po\u0142\u0105czeniu z przywieszkami z logo marki lub metalowymi ozdobnymi klamrami, aby wzmocni\u0107 poczucie ceremonii rozpakowywania.<\/li>\n<li><strong>Po\u0142\u0105czenie funkcjonalno\u015bci i estetyki<\/strong>: Projekt wst\u0105\u017cki uwzgl\u0119dnia praktyczno\u015b\u0107 wysuwanego pude\u0142ka, jednocze\u015bnie podkre\u015blaj\u0105c wykwintno\u015b\u0107 i prezentowe atrybuty opakowania,\u00a0<strong>zwi\u0119kszenie warto\u015bci dodanej produktu o 20%+<\/strong>.<\/li>\n<\/ul>\n<h2 id=\"-5-flexible-customization-system-\"><strong>5. Elastyczny system dostosowywania<\/strong><\/h2>\n<ul>\n<li><strong>Pe\u0142nowymiarowa personalizacja<\/strong>: Od struktury pude\u0142ka, przegrody podszewki po szczeg\u00f3\u0142y akcesori\u00f3w, obs\u0142uguje projekt adaptacji 1: 1 zgodnie z kategoriami bi\u017cuterii (naszyjniki, kolczyki, bransoletki itp.), Spe\u0142niaj\u0105c r\u00f3\u017cne potrzeby pozycjonowania, takie jak luksusowe towary z wy\u017cszej p\u00f3\u0142ki, lekka luksusowa szybka moda itp.<\/li>\n<li><strong>Opcje materia\u0142\u00f3w przyjaznych dla \u015brodowiska<\/strong>: Zapewnienie przyjaznych dla \u015brodowiska materia\u0142\u00f3w, takich jak papier z certyfikatem FSC, degradowalny EVA i jedwab z recyklingu, aby pom\u00f3c markom w realizacji koncepcji zr\u00f3wnowa\u017conego rozwoju.<\/li>\n<\/ul>\n<h2 id=\"-6-intelligent-lining-partition-system-\"><strong>6. Inteligentny system \u015bcianek dzia\u0142owych<\/strong><\/h2>\n<ul>\n<li><strong>Precyzyjne mocowanie produktu<\/strong>: Zaprojektuj niezale\u017cne kieszenie na karty, rowki lub elastyczne paski zgodnie z rozmiarem bi\u017cuterii, aby zapewni\u0107 brak wstrz\u0105s\u00f3w podczas transportu, jednocze\u015bnie zapewniaj\u0105c uporz\u0105dkowan\u0105 ekspozycj\u0119 na poziomie wy\u015bwietlacza.<\/li>\n<li><strong>Wielofunkcyjne warstwy<\/strong>: Obs\u0142uguje od\u0142\u0105czan\u0105 struktur\u0119 warstwow\u0105, dostosowuje si\u0119 do wielocz\u0119\u015bciowego opakowania kombinacji bi\u017cuterii, poprawia praktyczno\u015b\u0107 opakowania i satysfakcj\u0119 klienta.<\/li>\n<\/ul>\n<h2 id=\"-production-and-service-guarantee-\"><strong>Gwarancja produkcji i serwisu<\/strong><\/h2>\n<ul>\n<li><strong>Pe\u0142na kontrola jako\u015bci procesu<\/strong>: Od sprawdzenia projektu do masowej produkcji, wdro\u017cenie systemu zarz\u0105dzania jako\u015bci\u0105 ISO 9001 w celu zapewnienia sp\u00f3jno\u015bci kolor\u00f3w, materia\u0142\u00f3w, proces\u00f3w i rysunk\u00f3w 100%.<\/li>\n<li><strong>Szybka dostawa odpowiedzi<\/strong>: Prototypowanie jest realizowane w ci\u0105gu 15 dni, co pozwala na obs\u0142ug\u0119 ma\u0142ych zam\u00f3wie\u0144 seryjnych (minimalne zam\u00f3wienie to 500 sztuk), a cykl dostawy du\u017cych towar\u00f3w skraca si\u0119 do 7-14 dni.<\/li>\n<li><strong>Globalne wsparcie transportowe<\/strong>: Zapewniamy odporne na wilgo\u0107 i wstrz\u0105sy rozwi\u0105zania logistyczne i mo\u017cemy umie\u015bci\u0107 mi\u0119dzynarodowe etykiety transportowe w imieniu klienta, aby zapewni\u0107, \u017ce opakowanie jest nienaruszone i dotrze bezpo\u015brednio do terminalu.<\/li>\n<\/ul>","protected":false},"excerpt":{"rendered":"<p>\u2705\u00a0<strong>Poprawa premii za mark\u0119<\/strong>: Wzmocnienie konkurencyjno\u015bci rynkowej poprzez zr\u00f3\u017cnicowane wzornictwo opakowa\u0144;<br \/>\n\u2705\u00a0<strong>Zobowi\u0105zanie do zerowego wska\u017anika uszkodze\u0144<\/strong>: Zmniejszenie koszt\u00f3w posprzeda\u017cowych dzi\u0119ki profesjonalnym rozwi\u0105zaniom ochronnym;<br \/>\n\u2705\u00a0<strong>Kompleksowa obs\u0142uga<\/strong>: Bez zmartwie\u0144 od projektu do dostawy, pomagaj\u0105c markom skupi\u0107 si\u0119 na podstawowej dzia\u0142alno\u015bci.<\/p>","protected":false},"featured_media":9554,"template":"","meta":[],"product_brand":[],"product_cat":[30,415,31,426],"product_tag":[1205,1206,1204],"class_list":{"0":"post-9548","1":"product","2":"type-product","3":"status-publish","4":"has-post-thumbnail","6":"product_cat-by-industry","7":"product_cat-custom-jewelry-boxes-by-industry","8":"product_cat-paper-box-style","9":"product_cat-paper-drawer-boxes","10":"product_tag-custom-necklace-ring-boxes","11":"product_tag-earring-packaging-box-supplier","12":"product_tag-jewelry-packaging-box","14":"first","15":"instock","16":"shipping-taxable","17":"product-type-grouped"},"_links":{"self":[{"href":"https:\/\/zojopackaging.com\/pl\/wp-json\/wp\/v2\/product\/9548","targetHints":{"allow":["GET"]}}],"collection":[{"href":"https:\/\/zojopackaging.com\/pl\/wp-json\/wp\/v2\/product"}],"about":[{"href":"https:\/\/zojopackaging.com\/pl\/wp-json\/wp\/v2\/types\/product"}],"version-history":[{"count":1,"href":"https:\/\/zojopackaging.com\/pl\/wp-json\/wp\/v2\/product\/9548\/revisions"}],"predecessor-version":[{"id":9555,"href":"https:\/\/zojopackaging.com\/pl\/wp-json\/wp\/v2\/product\/9548\/revisions\/9555"}],"wp:featuredmedia":[{"embeddable":true,"href":"https:\/\/zojopackaging.com\/pl\/wp-json\/wp\/v2\/media\/9554"}],"wp:attachment":[{"href":"https:\/\/zojopackaging.com\/pl\/wp-json\/wp\/v2\/media?parent=9548"}],"wp:term":[{"taxonomy":"product_brand","embeddable":true,"href":"https:\/\/zojopackaging.com\/pl\/wp-json\/wp\/v2\/product_brand?post=9548"},{"taxonomy":"product_cat","embeddable":true,"href":"https:\/\/zojopackaging.com\/pl\/wp-json\/wp\/v2\/product_cat?post=9548"},{"taxonomy":"product_tag","embeddable":true,"href":"https:\/\/zojopackaging.com\/pl\/wp-json\/wp\/v2\/product_tag?post=9548"}],"curies":[{"name":"wp","href":"https:\/\/api.w.org\/{rel}","templated":true}]}}