{"id":9556,"date":"2025-04-02T20:52:14","date_gmt":"2025-04-02T12:52:14","guid":{"rendered":"https:\/\/zojopackaging.com\/?post_type=product&#038;p=9556"},"modified":"2025-04-02T21:12:26","modified_gmt":"2025-04-02T13:12:26","slug":"weave-extension-wig-virgin-hair-box-manufacturer-with-ribbon","status":"publish","type":"product","link":"https:\/\/zojopackaging.com\/pl\/product\/weave-extension-wig-virgin-hair-box-manufacturer-with-ribbon\/","title":{"rendered":"Pude\u0142ko na peruk\u0119 z w\u0142os\u00f3w dziewiczych z wst\u0105\u017ck\u0105"},"content":{"rendered":"<h2 id=\"-1-convenient-flip-cover-design-optimized-unboxing-experience-\"><strong>1. Wygodna konstrukcja z klapk\u0105, zoptymalizowane rozpakowywanie<\/strong><\/h2>\n<ul>\n<li><strong>Magnetyczne pude\u0142ko z klapk\u0105 obs\u0142ugiwane jednym dotkni\u0119ciem<\/strong>: Dzi\u0119ki precyzyjnej konstrukcji klamry magnetycznej mo\u017cna j\u0105 otwiera\u0107 i zamyka\u0107 jednym naci\u015bni\u0119ciem, bez skomplikowanych procedur obs\u0142ugi, zapewniaj\u0105c klientom p\u0142ynne rozpakowywanie.<\/li>\n<li><strong>Wzmocniona struktura kraw\u0119dzi<\/strong>: Twarda tektura o gramaturze 1200 g wspiera korpus pude\u0142ka, kt\u00f3ry jest odporny na nacisk i odkszta\u0142cenia, zapewniaj\u0105c bezpiecze\u0144stwo transportu i mo\u017cliwo\u015b\u0107 ponownego u\u017cycia.<\/li>\n<\/ul>\n<h2 id=\"-2-green-ribbon-decoration-to-create-a-gift-level-elegance-\"><strong>2. Dekoracja z zielonej wst\u0105\u017cki zapewniaj\u0105ca elegancj\u0119 na poziomie prezentu<\/strong><\/h2>\n<ul>\n<li><strong>Niestandardowa ciemnozielona wst\u0105\u017cka<\/strong>: G\u00f3rna cz\u0119\u015b\u0107 pokrywy pude\u0142ka jest osadzona matow\u0105 zielon\u0105 wst\u0105\u017ck\u0105, kt\u00f3r\u0105 mo\u017cna dopasowa\u0107 do t\u0142oczenia na gor\u0105co LOGO marki, aby zwi\u0119kszy\u0107 atrakcyjno\u015b\u0107 ekspozycji detalicznej i wyr\u00f3\u017cni\u0107 produkt na p\u00f3\u0142ce.<\/li>\n<li><strong>Wielofunkcyjna konstrukcja ta\u015bmy<\/strong>: Mo\u017ce nie tylko mocowa\u0107 pokryw\u0119 pude\u0142ka, ale tak\u017ce s\u0142u\u017cy\u0107 jako uchwyt lub element dekoracyjny, odpowiedni do \u015bwi\u0105tecznych prezent\u00f3w.<\/li>\n<\/ul>\n<h2 id=\"-3-luxurious-silk-lining-gives-the-product-a-sense-of-refinement-\"><strong>3. Luksusowa jedwabna podszewka nadaje produktowi poczucie wyrafinowania.<\/strong><\/h2>\n<ul>\n<li><strong>Przyjazna dla \u015brodowiska jedwabna podszewka<\/strong>: Pude\u0142ko wykorzystuje jedwabn\u0105 tkanin\u0119 z recyklingu z certyfikatem FSC (ciemnozielon\u0105), kt\u00f3ra jest mi\u0119kka i delikatna w dotyku. Mo\u017ce nie tylko amortyzowa\u0107 i chroni\u0107 peruk\u0119, ale tak\u017ce zwi\u0119ksza\u0107 poziom wizualny poprzez kontrast kolor\u00f3w.<\/li>\n<li><strong>Wibruj\u0105ca koncepcja estetyczna<\/strong>: Zielony symbolizuje natur\u0119 i odnow\u0119, odzwierciedlaj\u0105c koncepcj\u0119 \"odnowy\" produkt\u00f3w wig i stymuluj\u0105c emocjonalny rezonans konsument\u00f3w.<\/li>\n<\/ul>\n<h2 id=\"-4-double-sided-brand-printing-to-enhance-communication-effect-\"><strong>4. Dwustronne drukowanie marki w celu zwi\u0119kszenia efektu komunikacji<\/strong><\/h2>\n<ul>\n<li><strong>Konstrukcja zewn\u0119trzna<\/strong>: Bia\u0142e matowe dolne pude\u0142ko z g\u0142\u00f3wn\u0105 wizj\u0105 marki (t\u0142oczenie na gor\u0105co\/proces UV) podkre\u015bla wysokiej klasy pozycjonowanie;<\/li>\n<li><strong>Wewn\u0119trzny spryt<\/strong>: Po otwarciu ok\u0142adki, kod QR medi\u00f3w spo\u0142eczno\u015bciowych (Instagram\/YouTube\/TikTok) jest drukowany na wewn\u0119trznej stronie, aby zach\u0119ci\u0107 klient\u00f3w do zeskanowania kodu w celu interakcji i rozszerzenia linku do ekspozycji marki.<\/li>\n<\/ul>\n<h2 id=\"-5-high-end-material-combination-taking-into-account-durability-and-beauty-\"><strong>5. Wysokiej klasy kombinacja materia\u0142\u00f3w, uwzgl\u0119dniaj\u0105ca trwa\u0142o\u015b\u0107 i pi\u0119kno<\/strong><\/h2>\n<ul>\n<li><strong>Technologia struktury kompozytowej<\/strong>:<\/li>\n<li>Warstwa zewn\u0119trzna: 157g papier powlekany C2S (dwustronnie matowa folia), zapobiegaj\u0105cy zarysowaniom, odciskom palc\u00f3w, wykazuj\u0105cy delikatny po\u0142ysk;<\/li>\n<li>Warstwa wewn\u0119trzna: 1200g twardej tektury, silna odporno\u015b\u0107 na uderzenia, odpowiednia dla potrzeb transportu na du\u017ce odleg\u0142o\u015bci.<\/li>\n<\/ul>\n<h2 id=\"-6-flexible-customization-service-to-meet-diverse-needs-\"><strong>6. Elastyczna us\u0142uga dostosowywania do r\u00f3\u017cnych potrzeb<\/strong><\/h2>\n<ul>\n<li><strong>Pe\u0142nowymiarowa personalizacja<\/strong>:<\/li>\n<li><strong>Typ pude\u0142ka<\/strong>pude\u0142ko z klapk\u0105, pude\u0142ko z szuflad\u0105, pude\u0142ko w kszta\u0142cie ksi\u0105\u017cki itp;<\/li>\n<li><strong>Rozmiar<\/strong>Obs\u0142uga dostosowywania d\u0142ugo\u015bci peruki 12 \u2033-24 \u2033, dok\u0142adne dopasowanie obj\u0119to\u015bci produktu;<\/li>\n<li><strong>Proces drukowania<\/strong>t\u0142oczenie na gor\u0105co, wyt\u0142aczanie, lokalne UV, efekty wyt\u0142aczania itp. w celu zaspokojenia potrzeb zwi\u0105zanych z r\u00f3\u017cnicowaniem marki.<\/li>\n<\/ul>\n<h2 id=\"-7-environmental-commitment-practice-sustainable-development-\"><strong>7. Zaanga\u017cowanie w ochron\u0119 \u015brodowiska, praktyka zr\u00f3wnowa\u017conego rozwoju<\/strong><\/h2>\n<ul>\n<li><strong>Ekologiczne standardy produkcji<\/strong>:<\/li>\n<li>Surowce: 100% Przyjazna dla \u015brodowiska tektura z certyfikatem FSC, degradowalna i nadaj\u0105ca si\u0119 do recyklingu;<\/li>\n<li>Proces drukowania: ro\u015blinny atrament sojowy, nietoksyczny i niskoemisyjny, zgodny z normami \u015brodowiskowymi UE REACH;<\/li>\n<li>Proces produkcji: przeszed\u0142 certyfikacj\u0119 systemu zarz\u0105dzania \u015brodowiskowego ISO 14001 w celu zmniejszenia \u015bladu w\u0119glowego.<\/li>\n<\/ul>","protected":false},"excerpt":{"rendered":"<ul>\n<li><strong>Kompleksowe rozwi\u0105zanie opakowaniowe<\/strong>: Od projektu do masowej produkcji, profesjonalne wsparcie zespo\u0142u w ca\u0142ym procesie;<\/li>\n<li><strong>Szybka reakcja na proofing<\/strong>: Dostarczenie fizycznych pr\u00f3bek w ci\u0105gu 3-5 dni roboczych w celu zapewnienia dok\u0142adnego wdro\u017cenia projektu;<\/li>\n<li><strong>Gwarancja globalnego \u0142a\u0144cucha dostaw<\/strong>: Wspieranie elastycznej produkcji ma\u0142ych i \u015brednich partii, z uwzgl\u0119dnieniem koszt\u00f3w i wydajno\u015bci dostaw.<\/li>\n<\/ul>","protected":false},"featured_media":9557,"template":"","meta":[],"product_brand":[],"product_cat":[30,421,424,31],"product_tag":[1209,1207,1208],"class_list":{"0":"post-9556","1":"product","2":"type-product","3":"status-publish","4":"has-post-thumbnail","6":"product_cat-by-industry","7":"product_cat-custom-hair-extension-boxes","8":"product_cat-magnetic-closure-boxes","9":"product_cat-paper-box-style","10":"product_tag-custom-wig-hair-box-manufacturer","11":"product_tag-weave-extension-box","12":"product_tag-wig-virgin-hair-box","14":"first","15":"instock","16":"shipping-taxable","17":"product-type-grouped"},"_links":{"self":[{"href":"https:\/\/zojopackaging.com\/pl\/wp-json\/wp\/v2\/product\/9556","targetHints":{"allow":["GET"]}}],"collection":[{"href":"https:\/\/zojopackaging.com\/pl\/wp-json\/wp\/v2\/product"}],"about":[{"href":"https:\/\/zojopackaging.com\/pl\/wp-json\/wp\/v2\/types\/product"}],"version-history":[{"count":1,"href":"https:\/\/zojopackaging.com\/pl\/wp-json\/wp\/v2\/product\/9556\/revisions"}],"predecessor-version":[{"id":9563,"href":"https:\/\/zojopackaging.com\/pl\/wp-json\/wp\/v2\/product\/9556\/revisions\/9563"}],"wp:featuredmedia":[{"embeddable":true,"href":"https:\/\/zojopackaging.com\/pl\/wp-json\/wp\/v2\/media\/9557"}],"wp:attachment":[{"href":"https:\/\/zojopackaging.com\/pl\/wp-json\/wp\/v2\/media?parent=9556"}],"wp:term":[{"taxonomy":"product_brand","embeddable":true,"href":"https:\/\/zojopackaging.com\/pl\/wp-json\/wp\/v2\/product_brand?post=9556"},{"taxonomy":"product_cat","embeddable":true,"href":"https:\/\/zojopackaging.com\/pl\/wp-json\/wp\/v2\/product_cat?post=9556"},{"taxonomy":"product_tag","embeddable":true,"href":"https:\/\/zojopackaging.com\/pl\/wp-json\/wp\/v2\/product_tag?post=9556"}],"curies":[{"name":"wp","href":"https:\/\/api.w.org\/{rel}","templated":true}]}}