{"id":9564,"date":"2025-04-02T21:12:46","date_gmt":"2025-04-02T13:12:46","guid":{"rendered":"https:\/\/zojopackaging.com\/?post_type=product&#038;p=9564"},"modified":"2025-04-02T21:30:59","modified_gmt":"2025-04-02T13:30:59","slug":"eco-friendly-cosmetic-set-face-cream-paper-tube-packaging","status":"publish","type":"product","link":"https:\/\/zojopackaging.com\/pl\/product\/eco-friendly-cosmetic-set-face-cream-paper-tube-packaging\/","title":{"rendered":"Przyjazny dla \u015brodowiska zestaw kosmetyk\u00f3w do twarzy w papierowej tubce"},"content":{"rendered":"<h2 id=\"-1-aesthetic-design-highlighting-the-brand-s-elegant-style-\"><strong>1. Estetyczny design: podkre\u015blenie eleganckiego stylu marki<\/strong><\/h2>\n<h3 id=\"-soft-visual-presentation-\">-\u00a0<strong>Mi\u0119kka prezentacja wizualna<\/strong><\/h3>\n<p>Okr\u0105g\u0142e pude\u0142ko kosmetyczne wykorzystuje delikatny r\u00f3\u017cowy odcie\u0144 jako podstaw\u0119, z precyzyjnie zaprojektowanym geometrycznym wzorem reliefowym, \u0142\u0105cz\u0105c nowoczesn\u0105 sztuk\u0119 z klasycznym luksusem, doskonale zwi\u0119kszaj\u0105c rozpoznawalno\u015b\u0107 marki. Po\u0142\u0105czenie matowej tekstury i cz\u0119\u015bciowego t\u0142oczenia na gor\u0105co \/ technologii UV nadaje opakowaniu stonowany i wykwintny wygl\u0105d z najwy\u017cszej p\u00f3\u0142ki.<\/p>\n<h3 id=\"-customized-artistic-expression-\">-\u00a0<strong>Indywidualna ekspresja artystyczna<\/strong><\/h3>\n<p>Obs\u0142uguje pe\u0142ne dostosowanie typu, rozmiaru i wzoru pude\u0142ka oraz mo\u017ce dostosowa\u0107 kolor (dok\u0142adne dopasowanie numeru koloru Pantone), tekstur\u0119 i efekty powierzchniowe (takie jak folia dotykowa, wyt\u0142aczanie, cz\u0119\u015bciowy lakier) zgodnie z systemem marki VI, aby zapewni\u0107, \u017ce opakowanie i tonacja produktu s\u0105 wysoce ujednolicone.<\/p>\n<h2 id=\"-2-both-environmental-protection-and-protective-performance-\"><strong>2. Zar\u00f3wno ochrona \u015brodowiska, jak i dzia\u0142anie ochronne<\/strong><\/h2>\n<h3 id=\"-sustainable-material-selection-\">-\u00a0<strong>Zr\u00f3wnowa\u017cony wyb\u00f3r materia\u0142\u00f3w<\/strong><\/h3>\n<ul>\n<li><strong>Materia\u0142 rdzenia<\/strong>: U\u017cywany jest wysokiej jako\u015bci karton z certyfikatem FSC, o opcjonalnej grubo\u015bci (1,5-3 mm), a do podszewki mo\u017cna doda\u0107 wat\u0119 z recyklingu lub tac\u0119 wewn\u0119trzn\u0105 z wyt\u0142oczyn trzciny cukrowej, aby uzyska\u0107 opakowanie o zmniejszonej zawarto\u015bci plastiku.<\/li>\n<li><strong>Przyjazne dla \u015brodowiska opcje modernizacji<\/strong>Karton z w\u0142\u00f3kna bambusowego, degradowalna folia matowa i przyjazny dla \u015brodowiska druk atramentowy na bazie wody s\u0105 dost\u0119pne w celu spe\u0142nienia mi\u0119dzynarodowych norm \u015brodowiskowych, takich jak EU REACH i FDA.<\/li>\n<\/ul>\n<h3 id=\"-all-round-protection-design-\">-\u00a0<strong>Wszechstronna konstrukcja ochronna<\/strong><\/h3>\n<ul>\n<li><strong>Struktura odporna na \u015bciskanie i zarysowania<\/strong>: Korpus pude\u0142ka jest laminowany wzmocnion\u0105 tektur\u0105 falist\u0105, z odporn\u0105 na zarysowania matow\u0105 pow\u0142ok\u0105 powierzchniow\u0105, kt\u00f3ra jest odporna na tarcie podczas transportu i zmiany wilgotno\u015bci, zapewniaj\u0105c, \u017ce produkt dotrze do terminala w nienaruszonym stanie.<\/li>\n<li><strong>Precyzyjna adaptacja ok\u0142adzin<\/strong>: Wewn\u0119trzne tacki EVA\/papierowe mo\u017cna dostosowa\u0107 do form produktu, takich jak butelki z kremem i proszki, aby utrwali\u0107 produkt i zmniejszy\u0107 wstrz\u0105sanie.<\/li>\n<\/ul>\n<h2 id=\"-3-flexible-and-efficient-production-services-\"><strong>3. Elastyczne i wydajne us\u0142ugi produkcyjne<\/strong><\/h2>\n<h3 id=\"-quick-response-and-delivery-\">-\u00a0<strong>Szybka reakcja i dostawa<\/strong><\/h3>\n<ul>\n<li>Obs\u0142uga ma\u0142ych partii zam\u00f3wie\u0144 pr\u00f3bnych (MOQ 500 sztuk lub wi\u0119cej), masowe zam\u00f3wienia produkcyjne zako\u0144cz\u0105 produkcj\u0119 i zorganizuj\u0105 mi\u0119dzynarodow\u0105 logistyk\u0119 w ci\u0105gu 7-14 dni, a pilne zam\u00f3wienia mo\u017cna przyspieszy\u0107 do 5 dni.<\/li>\n<li>Zapewnienie kompleksowej obs\u0142ugi: projektowanie - sprawdzanie - produkcja - kontrola jako\u015bci - deklaracja eksportowa oraz cyfrowe \u015bledzenie post\u0119p\u00f3w w ca\u0142ym procesie.<\/li>\n<\/ul>\n<h3 id=\"-global-export-guarantee-\">-\u00a0<strong>Globalna gwarancja eksportu<\/strong><\/h3>\n<ul>\n<li>G\u0142\u0119boko zaanga\u017cowany w eksport opakowa\u0144 kosmetycznych, zaznajomiony z wymogami odprawy celnej na rynkach takich jak Europa, Ameryka i Azja Po\u0142udniowo-Wschodnia, dostarczaj\u0105cy rozwi\u0105zania opakowaniowe spe\u0142niaj\u0105ce standardy test\u00f3w transportowych ISTA 3A w celu zmniejszenia ryzyka transportu transgranicznego.<\/li>\n<li>Obs\u0142uga wstawiania instrukcji obs\u0142ugi w wielu j\u0119zykach, etykiet zapobiegaj\u0105cych podrabianiu i niestandardowych opakowa\u0144 w transgranicznym handlu elektronicznym (takich jak zintegrowany projekt pude\u0142ka ekspresowego).<\/li>\n<\/ul>\n<h2 id=\"-4-value-added-services-empowering-brand-value-enhancement-\"><strong>4. Us\u0142ugi o warto\u015bci dodanej: zwi\u0119kszanie warto\u015bci marki<\/strong><\/h2>\n<h3 id=\"-scenario-based-packaging-extension-\">-\u00a0<strong>Rozszerzenie opakowania na podstawie scenariusza<\/strong><\/h3>\n<ul>\n<li>Mo\u017ce opracowa\u0107 t\u0119 sam\u0105 seri\u0119 toreb na prezenty, wst\u0105\u017cek i kart okoliczno\u015bciowych do sadzenia (z nasionami ro\u015blin), aby wzmocni\u0107 koncepcj\u0119 ochrony \u015brodowiska i poczucie rytua\u0142u marki.<\/li>\n<li>Obs\u0142uga implantacji chip\u00f3w RFID, interaktywnego kodu QR AR i innych inteligentnych technologii pakowania w celu zwi\u0119kszenia komfortu u\u017cytkowania.<\/li>\n<\/ul>\n<h3 id=\"-cost-optimization-strategy-\">-\u00a0<strong>Strategia optymalizacji koszt\u00f3w<\/strong><\/h3>\n<ul>\n<li>Zmniejsz koszty otwierania formy dzi\u0119ki modu\u0142owej konstrukcji pude\u0142ka, zapewnij wielopoziomowy plan cenowy i skorzystaj z rabatu gradientowego 8-15% przy zam\u00f3wieniach hurtowych.<\/li>\n<\/ul>","protected":false},"excerpt":{"rendered":"<p>\u2705\u00a0<strong>R\u00f3wnowaga mi\u0119dzy ochron\u0105 \u015brodowiska a luksusem<\/strong>--Wykorzystanie zr\u00f3wnowa\u017conych materia\u0142\u00f3w w celu uzyskania wysokiej jako\u015bci wyrazu wizualnego<br \/>\n\u2705\u00a0<strong>Globalna gwarancja dostawy<\/strong>--10 lat do\u015bwiadczenia w eksporcie, 0 op\u00f3\u017anie\u0144 w sieci wsp\u00f3\u0142pracy logistycznej<br \/>\n\u2705\u00a0<strong>Du\u017ca swoboda dostosowywania<\/strong>-Od koncepcji do gotowego produktu, wy\u0142\u0105czne wsparcie zespo\u0142u podczas ca\u0142ego procesu<\/p>","protected":false},"featured_media":9565,"template":"","meta":[],"product_brand":[],"product_cat":[30,390,31,429],"product_tag":[1210,1212,1211],"class_list":{"0":"post-9564","1":"product","2":"type-product","3":"status-publish","4":"has-post-thumbnail","6":"product_cat-by-industry","7":"product_cat-custom-cosmetics-boxes","8":"product_cat-paper-box-style","9":"product_cat-paper-tube-boxes","10":"product_tag-cosmetic-paper-tube-packaging","11":"product_tag-eco-friendly-paper-tube-packaging","12":"product_tag-face-cream-paper-tube","14":"first","15":"instock","16":"shipping-taxable","17":"product-type-grouped"},"_links":{"self":[{"href":"https:\/\/zojopackaging.com\/pl\/wp-json\/wp\/v2\/product\/9564","targetHints":{"allow":["GET"]}}],"collection":[{"href":"https:\/\/zojopackaging.com\/pl\/wp-json\/wp\/v2\/product"}],"about":[{"href":"https:\/\/zojopackaging.com\/pl\/wp-json\/wp\/v2\/types\/product"}],"version-history":[{"count":2,"href":"https:\/\/zojopackaging.com\/pl\/wp-json\/wp\/v2\/product\/9564\/revisions"}],"predecessor-version":[{"id":9572,"href":"https:\/\/zojopackaging.com\/pl\/wp-json\/wp\/v2\/product\/9564\/revisions\/9572"}],"wp:featuredmedia":[{"embeddable":true,"href":"https:\/\/zojopackaging.com\/pl\/wp-json\/wp\/v2\/media\/9565"}],"wp:attachment":[{"href":"https:\/\/zojopackaging.com\/pl\/wp-json\/wp\/v2\/media?parent=9564"}],"wp:term":[{"taxonomy":"product_brand","embeddable":true,"href":"https:\/\/zojopackaging.com\/pl\/wp-json\/wp\/v2\/product_brand?post=9564"},{"taxonomy":"product_cat","embeddable":true,"href":"https:\/\/zojopackaging.com\/pl\/wp-json\/wp\/v2\/product_cat?post=9564"},{"taxonomy":"product_tag","embeddable":true,"href":"https:\/\/zojopackaging.com\/pl\/wp-json\/wp\/v2\/product_tag?post=9564"}],"curies":[{"name":"wp","href":"https:\/\/api.w.org\/{rel}","templated":true}]}}