{"id":9573,"date":"2025-04-02T21:32:07","date_gmt":"2025-04-02T13:32:07","guid":{"rendered":"https:\/\/zojopackaging.com\/?post_type=product&#038;p=9573"},"modified":"2025-04-03T01:41:07","modified_gmt":"2025-04-02T17:41:07","slug":"custom-decorate-chocolate-cookie-tea-candy-gift-box-factory","status":"publish","type":"product","link":"https:\/\/zojopackaging.com\/pl\/product\/custom-decorate-chocolate-cookie-tea-candy-gift-box-factory\/","title":{"rendered":"Niestandardowe dekoracje Fabryka pude\u0142ek na prezenty z czekoladowymi ciasteczkami i herbat\u0105"},"content":{"rendered":"<h2 id=\"-i-magnetic-intelligent-structure-design-\"><strong>1. Inteligentna konstrukcja magnetyczna<\/strong><\/h2>\n<p>Pude\u0142ko upominkowe przyjmuje\u00a0<strong>Wbudowany magnetyczny system otwierania i zamykania<\/strong>Dzi\u0119ki precyzyjnie rozmieszczonym magnesom neodymowo-\u017celazowo-borowym pokrywa skrzynki jest idealnie dopasowana do jej korpusu.<\/p>\n<ul>\n<li><strong>Ukrycie<\/strong>: Magnesy s\u0105 osadzone w pokrywie i korpusie pude\u0142ka, bez ods\u0142oni\u0119tej struktury, dzi\u0119ki czemu wygl\u0105d jest prosty i elegancki.<\/li>\n<li><strong>Wygoda<\/strong>: Mo\u017cna go otwiera\u0107 i zamyka\u0107 jednym naci\u015bni\u0119ciem d\u0142oni, a skok magnetyczny jest kontrolowany na poziomie 0,3-0,5 mm, z wyra\u017anym dotykowym sprz\u0119\u017ceniem zwrotnym.<\/li>\n<li><strong>Trwa\u0142o\u015b\u0107<\/strong>: Struktura magnetyczna zosta\u0142a przetestowana pod k\u0105tem 5000-krotnego otwierania i zamykania, a stabilno\u015b\u0107 wynosi ponad 98%.<\/li>\n<\/ul>\n<h2 id=\"-ii-fresh-and-elegant-visual-style-\"><strong>2. \u015awie\u017cy i elegancki styl wizualny<\/strong><\/h2>\n<p><strong>Dopasowanie kolor\u00f3w<\/strong>:<\/p>\n<ul>\n<li><strong>Konstrukcja zewn\u0119trzna<\/strong>: Jasnozielone t\u0142o jest dopasowane do reliefowego wzoru \u0142ab\u0119dzia, a matowa tekstura przyjaznego dla \u015brodowiska materia\u0142u jest u\u017cywana do zaprezentowania spokojnego i naturalnego tonu wizualnego.<\/li>\n<li><strong>Konstrukcja wewn\u0119trzna<\/strong>: Podszewka w kolorze g\u0142\u0119bokiego morskiego b\u0142\u0119kitu tworzy ostry kontrast z zewn\u0119trznym pude\u0142kiem, wzmacniaj\u0105c poczucie hierarchii; bia\u0142a przegroda zwi\u0119ksza funkcjonalno\u015b\u0107 i wyrafinowanie.\u00a0<strong>Technologia wzor\u00f3w<\/strong>:<\/li>\n<li><strong>T\u0142oczenie na gor\u0105co Swan<\/strong>: Wz\u00f3r \u0142ab\u0119dzia na korpusie pude\u0142ka wykorzystuje technologi\u0119 t\u0142oczenia na gor\u0105co 24-karatow\u0105 z\u0142ot\u0105 foli\u0105, z dok\u0142adno\u015bci\u0105 kraw\u0119dzi 0,1 mm, wykazuj\u0105c dynamiczny opalizuj\u0105cy efekt pod \u015bwiat\u0142o.<\/li>\n<li><strong>Logo marki<\/strong>: Obs\u0142uguje niestandardow\u0105 technologi\u0119 t\u0142oczenia na gor\u0105co \/ laserow\u0105 LOGO w celu zwi\u0119kszenia rozpoznawalno\u015bci marki i warto\u015bci dodanej.<\/li>\n<\/ul>\n<h2 id=\"-three-environmentally-friendly-materials-and-sustainable-design-\"><strong>3. Materia\u0142y przyjazne dla \u015brodowiska i zr\u00f3wnowa\u017cona konstrukcja<\/strong><\/h2>\n<ul>\n<li><strong>G\u0142\u00f3wny materia\u0142<\/strong>: Wybrano bia\u0142y karton z certyfikatem FSC lub przyjazny dla \u015brodowiska karton z pulpy bambusowej, z degradowaln\u0105 matow\u0105 foli\u0105 na powierzchni i przeszed\u0142 certyfikacj\u0119 \u015brodowiskow\u0105 ISO14001.<\/li>\n<li><strong>Optymalizacja strukturalna<\/strong>: Pokrywa pude\u0142ka i korpus pude\u0142ka s\u0105 wykonane w technologii formowania jednocz\u0119\u015bciowego, b\u0142\u0105d szwu wynosi \u22640,2 mm, a wytrzyma\u0142o\u015b\u0107 na \u015bciskanie przekracza 50 kg, co jest odpowiednie do transportu na du\u017ce odleg\u0142o\u015bci.<\/li>\n<li><strong>Obr\u00f3bka powierzchni<\/strong>: Druk przyjaznym dla \u015brodowiska atramentem na bazie wody w po\u0142\u0105czeniu z technologi\u0105 utwardzania UV, aby zapewni\u0107 trwa\u0142o\u015b\u0107 koloru i nie blakni\u0119cie (test odporno\u015bci na tarcie osi\u0105ga poziom 4 lub wy\u017cszy).<\/li>\n<\/ul>\n<h2 id=\"-fourth-value-added-services-and-customization-advantages-\"><strong>4. Us\u0142ugi o warto\u015bci dodanej i zalety personalizacji<\/strong><\/h2>\n<p>Jako fabryka \u017ar\u00f3d\u0142owa w Chinach zapewniamy wszechstronne wsparcie:<\/p>\n<h3 id=\"1-free-samples-\">1.\u00a0<strong>Bezp\u0142atne pr\u00f3bki<\/strong>:<\/h3>\n<p>Pr\u00f3bki fizyczne zostan\u0105 wys\u0142ane w ci\u0105gu 3 dni roboczych, w tym pr\u00f3bki testowe struktury magnetycznej i folie demonstracyjne procesu t\u0142oczenia na gor\u0105co.<\/p>\n<h3 id=\"2-personalized-design-\">2.\u00a0<strong>Spersonalizowany projekt<\/strong>:<\/h3>\n<p>Profesjonalny zesp\u00f3\u0142 obs\u0142uguje dostosowywanie wzoru, rozmiaru i struktury podszewki, z cyklem odpowiedzi \u226448 godzin i nieograniczon\u0105 liczb\u0105 modyfikacji projektu.<\/p>\n<h3 id=\"3-cost-advantage-\">3.\u00a0<strong>Przewaga kosztowa<\/strong>:<\/h3>\n<p>Produkcja na du\u017c\u0105 skal\u0119 w po\u0142\u0105czeniu z w\u0142asnym \u0142a\u0144cuchem dostaw surowc\u00f3w sprawia, \u017ce oferta jest o 20%-30% ni\u017csza ni\u017c \u015brednia cena rynkowa.<\/p>\n<h3 id=\"4-certification-guarantee-\">4.\u00a0<strong>Gwarancja certyfikacji<\/strong>:<\/h3>\n<p>Fabryka uzyska\u0142a certyfikaty ISO9001 i FSC oraz dostarcza raporty z kontroli jako\u015bci i dokumenty dotycz\u0105ce kwalifikacji \u015brodowiskowych.<\/p>","protected":false},"excerpt":{"rendered":"<ul>\n<li><strong>Wysokiej klasy \u017cywno\u015b\u0107<\/strong>Czekolada, ciastka, herbata i inne opakowania pami\u0105tkowe, aby zwi\u0119kszy\u0107 przestrze\u0144 premium produktu (technologia t\u0142oczenia na gor\u0105co zwi\u0119ksza cen\u0119 terminala o 15%-20%).<\/li>\n<li><strong>Marketing marki<\/strong>\u015bwi\u0105teczne edycje limitowane, personalizacja pod wsp\u00f3ln\u0105 mark\u0105 oraz magnetyczne otwieranie i zamykanie w celu zwi\u0119kszenia interakcji u\u017cytkownika i punkt\u00f3w pami\u0119ci.<\/li>\n<li><strong>Zr\u00f3wnowa\u017cony wizerunek<\/strong>przyjazne dla \u015brodowiska materia\u0142y i konstrukcja wielokrotnego u\u017cytku (np. pude\u0142ka do przechowywania do u\u017cytku wt\u00f3rnego).<\/li>\n<\/ul>","protected":false},"featured_media":9574,"template":"","meta":[],"product_brand":[],"product_cat":[30,422,424,31],"product_tag":[],"class_list":{"0":"post-9573","1":"product","2":"type-product","3":"status-publish","4":"has-post-thumbnail","6":"product_cat-by-industry","7":"product_cat-custom-gourmet-boxes-by-industry","8":"product_cat-magnetic-closure-boxes","9":"product_cat-paper-box-style","11":"first","12":"instock","13":"shipping-taxable","14":"product-type-grouped"},"_links":{"self":[{"href":"https:\/\/zojopackaging.com\/pl\/wp-json\/wp\/v2\/product\/9573","targetHints":{"allow":["GET"]}}],"collection":[{"href":"https:\/\/zojopackaging.com\/pl\/wp-json\/wp\/v2\/product"}],"about":[{"href":"https:\/\/zojopackaging.com\/pl\/wp-json\/wp\/v2\/types\/product"}],"version-history":[{"count":2,"href":"https:\/\/zojopackaging.com\/pl\/wp-json\/wp\/v2\/product\/9573\/revisions"}],"predecessor-version":[{"id":9632,"href":"https:\/\/zojopackaging.com\/pl\/wp-json\/wp\/v2\/product\/9573\/revisions\/9632"}],"wp:featuredmedia":[{"embeddable":true,"href":"https:\/\/zojopackaging.com\/pl\/wp-json\/wp\/v2\/media\/9574"}],"wp:attachment":[{"href":"https:\/\/zojopackaging.com\/pl\/wp-json\/wp\/v2\/media?parent=9573"}],"wp:term":[{"taxonomy":"product_brand","embeddable":true,"href":"https:\/\/zojopackaging.com\/pl\/wp-json\/wp\/v2\/product_brand?post=9573"},{"taxonomy":"product_cat","embeddable":true,"href":"https:\/\/zojopackaging.com\/pl\/wp-json\/wp\/v2\/product_cat?post=9573"},{"taxonomy":"product_tag","embeddable":true,"href":"https:\/\/zojopackaging.com\/pl\/wp-json\/wp\/v2\/product_tag?post=9573"}],"curies":[{"name":"wp","href":"https:\/\/api.w.org\/{rel}","templated":true}]}}