{"id":9581,"date":"2025-04-02T23:41:30","date_gmt":"2025-04-02T15:41:30","guid":{"rendered":"https:\/\/zojopackaging.com\/?post_type=product&#038;p=9581"},"modified":"2025-04-02T23:58:02","modified_gmt":"2025-04-02T15:58:02","slug":"custom-pre-roll-boxes-eco-friendly-packaging-small-slide-out-box-wholesale","status":"publish","type":"product","link":"https:\/\/zojopackaging.com\/pl\/product\/custom-pre-roll-boxes-eco-friendly-packaging-small-slide-out-box-wholesale\/","title":{"rendered":"Niestandardowe pude\u0142ka wst\u0119pnie zwijane Ekologiczne opakowanie Ma\u0142e wysuwane pude\u0142ko hurtowe"},"content":{"rendered":"<h3 id=\"1-environmentally-friendly-materials-adaptable-to-multiple-scenarios-\">1.\u00a0<strong>Przyjazne dla \u015brodowiska materia\u0142y, kt\u00f3re mo\u017cna dostosowa\u0107 do wielu scenariuszy<\/strong><\/h3>\n<p>Przyj\u0119cie\u00a0<strong>Papier powlekany 157 g + szara tektura 1200 g<\/strong>\u00a0Struktura kompozytowa o wysokiej wytrzyma\u0142o\u015bci i w\u0142a\u015bciwo\u015bciach ochrony \u015brodowiska. Powierzchnia powlekanego papieru jest delikatna i mo\u017ce prezentowa\u0107 znakomite efekty drukowania; warstwa szarej tektury zapewnia stabilne podparcie, aby zapewni\u0107 odporno\u015b\u0107 na nacisk i wstrz\u0105sy podczas transportu. Materia\u0142 spe\u0142nia mi\u0119dzynarodowe normy \u015brodowiskowe, nadaje si\u0119 do recyklingu i degradacji oraz jest zgodny z koncepcj\u0105 zr\u00f3wnowa\u017conego rozwoju marki.<\/p>\n<h3 id=\"2-pull-out-design-to-enhance-user-experience-\">2. Slajd<strong>-out design zwi\u0119kszaj\u0105cy komfort u\u017cytkowania<\/strong><\/h3>\n<p>Orygina\u0142\u00a0<strong>jedno poci\u0105gni\u0119cie i wzi\u0119cie<\/strong>\u00a0Wysuwana konstrukcja umo\u017cliwia \u0142atwe wyjmowanie zwoj\u00f3w bez skomplikowanych operacji. Proces wyci\u0105gania jest p\u0142ynny i cichy, z poczuciem rytua\u0142u i zabawy, co zwi\u0119ksza postrzeganie jako\u015bci produktu przez konsument\u00f3w. Opatentowana konstrukcja zapobiega przypadkowemu otwarciu, zapewniaj\u0105c prywatno\u015b\u0107 i stabilno\u015b\u0107.<\/p>\n<h3 id=\"3-exclusive-for-adults-accurately-positioned-in-the-high-end-market-\">3.\u00a0<strong>Ekskluzywny dla doros\u0142ych, precyzyjnie pozycjonowany na rynku high-end<\/strong><\/h3>\n<p>Nie jest wyposa\u017cony w funkcj\u0119 ochrony dzieci i jest przeznaczony do scen dla doros\u0142ych. Nadaje si\u0119 do\u00a0<strong>Wysokiej klasy tyto\u0144, szlachetna herbata, kolekcjonerskie cygara<\/strong>\u00a0i innych produkt\u00f3w, kt\u00f3re musz\u0105 by\u0107 stylowe. Przekazuje ton marki poprzez prosty i luksusowy wygl\u0105d, aby spe\u0142ni\u0107 oczekiwania u\u017cytkownik\u00f3w z wy\u017cszej p\u00f3\u0142ki w zakresie wykwintnych opakowa\u0144.<\/p>\n<h3 id=\"4-internal-cardboard-orderly-storage-\">4.\u00a0<strong>Karton wewn\u0119trzny, uporz\u0105dkowane przechowywanie<\/strong><\/h3>\n<p>Skrzynka jest wyposa\u017cona w\u00a0<strong>niestandardowe przegrody kartonowe<\/strong>\u00a0do oddzielenia i zamocowania 5 rolek, aby unikn\u0105\u0107 wstrz\u0105s\u00f3w i kolizji podczas transportu. Przegrody mog\u0105 by\u0107 zadrukowane logo marki lub dekoracyjnymi wzorami i mog\u0105 by\u0107 starannie wyeksponowane po otwarciu pude\u0142ka, co zwi\u0119ksza wra\u017cenie wysokiej klasy produktu i satysfakcj\u0119 u\u017cytkownika z rozpakowywania.<\/p>\n<h3 id=\"5-full-dimensional-customization-empowering-brand-creativity-\">5.\u00a0<strong>Pe\u0142nowymiarowa personalizacja, zwi\u0119kszaj\u0105ca kreatywno\u015b\u0107 marki<\/strong><\/h3>\n<p>Wsparcie\u00a0<strong>Us\u0142uga pe\u0142nej personalizacji wewn\u0105trz i na zewn\u0105trz<\/strong>: -\u00a0<strong>Wygl\u0105d<\/strong>: Powierzchnia papieru powlekanego mo\u017ce by\u0107 zadrukowana wysoce precyzyjnymi wzorami, kolorami gradientowymi, technologi\u0105 t\u0142oczenia na gor\u0105co \/ gor\u0105cego srebra i nadaje si\u0119 do systemu marki VI; -.\u00a0<strong>Struktura<\/strong>: Rozmiar i uk\u0142ad wysuwanej szyny i przegrody mo\u017cna dostosowa\u0107, aby spe\u0142ni\u0107 wymagania r\u00f3\u017cnych specyfikacji rolek wst\u0119pnych.\u00a0<strong>Funkcja<\/strong>: Dodaj elementy o warto\u015bci dodanej, takie jak kod QR z histori\u0105 marki i etykiety zapobiegaj\u0105ce podrabianiu, aby zwi\u0119kszy\u0107 interaktywno\u015b\u0107 i bezpiecze\u0144stwo.<\/p>\n<h3 id=\"6-flexible-production-efficient-delivery-\">6.\u00a0<strong>Elastyczna produkcja, wydajna dostawa<\/strong><\/h3>\n<p>-\u00a0<strong>Dostosowywanie ma\u0142ych partii<\/strong>: Obs\u0142uguje 500 sztuk minimalnego zam\u00f3wienia, szybki proofing i dostaw\u0119 w ci\u0105gu 10 dni roboczych, nadaje si\u0119 do testowania nowych produkt\u00f3w lub ograniczonej sprzeda\u017cy; -\u00a0<strong>Masowa produkcja na du\u017c\u0105 skal\u0119<\/strong>: Opieraj\u0105c si\u0119 na zautomatyzowanych liniach produkcyjnych, zdolno\u015b\u0107 produkcyjna pojedynczej partii osi\u0105ga 100 000 sztuk, zapewniaj\u0105c korzy\u015bci cenowe i stabilno\u015b\u0107 dostaw.<\/p>\n<h3 id=\"7-owned-factory-quality-assurance-\">7.\u00a0<strong>W\u0142asna fabryka, zapewnienie jako\u015bci<\/strong><\/h3>\n<p>Mamy\u00a0<strong>5320\u33a1 nowoczesna baza produkcyjna<\/strong>Wyposa\u017cony w zaawansowany sprz\u0119t, taki jak maszyny drukarskie Heidelberg i w pe\u0142ni automatyczne maszyny sztancuj\u0105ce, oraz kontrol\u0119 jako\u015bci od projektu do produkcji. \u015aci\u015ble przestrzegamy systemu zarz\u0105dzania jako\u015bci\u0105 ISO, aby zapewni\u0107, \u017ce ka\u017cde ogniwo spe\u0142nia mi\u0119dzynarodowe standardy pakowania.<\/p>","protected":false},"excerpt":{"rendered":"<p><strong>\u00a0 \u00a0Dlaczego warto wybra\u0107 ZOJO Print?<\/strong><\/p>\n<ul>\n<li><strong>Ochrona \u015brodowiska na pierwszym miejscu<\/strong>Materia\u0142y s\u0105 identyfikowalne i dostarczane s\u0105 raporty dotycz\u0105ce \u015bladu w\u0119glowego;<\/li>\n<li><strong>Oparte na projekcie<\/strong>: Ponad 30 zespo\u0142\u00f3w starszych projektant\u00f3w, tworz\u0105cych oryginalne rozwi\u0105zania;<\/li>\n<li><strong>Bezproblemowa obs\u0142uga<\/strong>Indywidualna obs\u0142uga klienta, wsparcie globalnej logistyki i dystrybucji.<\/li>\n<\/ul>\n<p><strong>Scenariusze zastosowa\u0144<\/strong>Wysokiej klasy pude\u0142ka prezentowe na tyto\u0144, zestawy do degustacji herbaty, pude\u0142ka na cygara z limitowanej edycji i opakowania na akcesoria tytoniowe z kolekcji.<\/p>","protected":false},"featured_media":9586,"template":"","meta":[],"product_brand":[],"product_cat":[30,420,31,426],"product_tag":[1213,1215,1214],"class_list":{"0":"post-9581","1":"product","2":"type-product","3":"status-publish","4":"has-post-thumbnail","6":"product_cat-by-industry","7":"product_cat-custom-cannabis-boxes","8":"product_cat-paper-box-style","9":"product_cat-paper-drawer-boxes","10":"product_tag-custom-pre-roll-boxes","11":"product_tag-eco-friendly-packaging","12":"product_tag-slide-out-box-wholesale","14":"first","15":"instock","16":"shipping-taxable","17":"product-type-simple"},"_links":{"self":[{"href":"https:\/\/zojopackaging.com\/pl\/wp-json\/wp\/v2\/product\/9581","targetHints":{"allow":["GET"]}}],"collection":[{"href":"https:\/\/zojopackaging.com\/pl\/wp-json\/wp\/v2\/product"}],"about":[{"href":"https:\/\/zojopackaging.com\/pl\/wp-json\/wp\/v2\/types\/product"}],"version-history":[{"count":2,"href":"https:\/\/zojopackaging.com\/pl\/wp-json\/wp\/v2\/product\/9581\/revisions"}],"predecessor-version":[{"id":9589,"href":"https:\/\/zojopackaging.com\/pl\/wp-json\/wp\/v2\/product\/9581\/revisions\/9589"}],"wp:featuredmedia":[{"embeddable":true,"href":"https:\/\/zojopackaging.com\/pl\/wp-json\/wp\/v2\/media\/9586"}],"wp:attachment":[{"href":"https:\/\/zojopackaging.com\/pl\/wp-json\/wp\/v2\/media?parent=9581"}],"wp:term":[{"taxonomy":"product_brand","embeddable":true,"href":"https:\/\/zojopackaging.com\/pl\/wp-json\/wp\/v2\/product_brand?post=9581"},{"taxonomy":"product_cat","embeddable":true,"href":"https:\/\/zojopackaging.com\/pl\/wp-json\/wp\/v2\/product_cat?post=9581"},{"taxonomy":"product_tag","embeddable":true,"href":"https:\/\/zojopackaging.com\/pl\/wp-json\/wp\/v2\/product_tag?post=9581"}],"curies":[{"name":"wp","href":"https:\/\/api.w.org\/{rel}","templated":true}]}}