{"id":9590,"date":"2025-04-02T23:58:37","date_gmt":"2025-04-02T15:58:37","guid":{"rendered":"https:\/\/zojopackaging.com\/?post_type=product&#038;p=9590"},"modified":"2025-04-03T00:06:35","modified_gmt":"2025-04-02T16:06:35","slug":"customized-pre-roll-drawer-box-vaping-packaging-manufacturer","status":"publish","type":"product","link":"https:\/\/zojopackaging.com\/pl\/product\/customized-pre-roll-drawer-box-vaping-packaging-manufacturer\/","title":{"rendered":"Niestandardowe pude\u0142ko z szufladami - producent opakowa\u0144 do waporyzacji"},"content":{"rendered":"<h3 id=\"1-intelligent-child-proof-lock-design-guarding-the-bottom-line-of-safety-\">1.\u00a0<strong>Inteligentna konstrukcja blokady zabezpieczaj\u0105cej przed dzie\u0107mi, zapewniaj\u0105ca bezpiecze\u0144stwo<\/strong><\/h3>\n<p>Wysuwane pude\u0142ko ma wbudowane\u00a0<strong>blokada przed dzie\u0107mi zgodna z mi\u0119dzynarodow\u0105 norm\u0105 ISO 8317<\/strong>. Dzi\u0119ki podw\u00f3jnemu zabezpieczeniu wewn\u0119trznych i zewn\u0119trznych klamer (takich jak kombinacja zewn\u0119trznych klamer i blok\u00f3w klinowych), zapewnia, \u017ce dzieci poni\u017cej 5 roku \u017cycia nie mog\u0105 go otworzy\u0107, podczas gdy doro\u015bli mog\u0105 go \u0142atwo obs\u0142ugiwa\u0107. Odblokowanie wymaga trzech kolejnych i szybkich poci\u0105gni\u0119\u0107 w ci\u0105gu 2 sekund, co skutecznie zmniejsza ryzyko przypadkowego dotkni\u0119cia i jest w pe\u0142ni zgodne z wymogami \"Obowi\u0105zkowego krajowego standardu e-papieros\u00f3w\".<\/p>\n<h3 id=\"2-environmentally-friendly-materials-sturdy-and-durable-\">2.\u00a0<strong>Materia\u0142y przyjazne dla \u015brodowiska, wytrzyma\u0142e i trwa\u0142e<\/strong><\/h3>\n<p>Przyj\u0119cie\u00a0<strong>Papier powlekany 157 g + szara tektura 1200 g<\/strong>\u00a0Dzi\u0119ki kompozytowej strukturze, powierzchnia powlekanego papieru jest delikatna i umo\u017cliwia drukowanie w wysokiej rozdzielczo\u015bci, a warstwa szarej tektury zapewnia ochron\u0119 przed \u015bciskaniem i wstrz\u0105sami, zapewniaj\u0105c stabilno\u015b\u0107 i nienaruszalno\u015b\u0107 rolki podczas transportu. Materia\u0142 przeszed\u0142 certyfikacj\u0119 \u015brodowiskow\u0105 RoHS, nadaje si\u0119 do recyklingu i degradacji oraz jest zgodny z celami zr\u00f3wnowa\u017conego rozwoju marki.<\/p>\n<h3 id=\"3-four-color-printing-laminating-process-visual-and-texture-coexist-\">3.\u00a0<strong>Czterokolorowy druk + proces laminowania, wsp\u00f3\u0142istnienie wizualne i teksturowe<\/strong><\/h3>\n<p>-\u00a0<strong>Druk czterokolorowy<\/strong>: Dzi\u0119ki zastosowaniu precyzyjnej technologii nadruku w kolorach cyjan, magenta, \u017c\u00f3\u0142tym i czarnym (CMYK), wsp\u00f3\u0142czynnik reprodukcji kolor\u00f3w wynosi ponad 95% i obs\u0142uguje z\u0142o\u017cone efekty, takie jak gradient i kolory dodatkowe.\u00a0<strong>Proces laminowania<\/strong>: Opcjonalna laminacja matowa\/b\u0142yszcz\u0105ca poprawiaj\u0105ca odporno\u015b\u0107 na wilgo\u0107 i zu\u017cycie, jednocze\u015bnie zwi\u0119kszaj\u0105c poziom dotyku i wizualny, dzi\u0119ki czemu opakowanie jest bardziej ekskluzywne i wykwintne.<\/p>\n<h3 id=\"4-modular-cardboard-design-orderly-storage-\">4.\u00a0<strong>Modu\u0142owa konstrukcja kartonowa, uporz\u0105dkowane przechowywanie<\/strong><\/h3>\n<p>Skrzynka jest wyposa\u017cona w\u00a0<strong>niestandardowe przegrody kartonowe<\/strong>kt\u00f3ra mo\u017ce elastycznie oddzieli\u0107 5 rolek, aby unikn\u0105\u0107 wstrz\u0105s\u00f3w i kolizji podczas transportu. Przegroda obs\u0142uguje drukowanie LOGO marki, informacji o produkcie lub wzor\u00f3w dekoracyjnych, a schludny wy\u015bwietlacz mo\u017cna zobaczy\u0107 po otwarciu pude\u0142ka, co poprawia wra\u017cenia u\u017cytkownika i zwi\u0119ksza atrakcyjno\u015b\u0107 produktu.<\/p>\n<h3 id=\"5-full-dimensional-customization-service-unleashing-brand-creativity-\">5.\u00a0<strong>Pe\u0142nowymiarowa us\u0142uga dostosowywania, uwalniaj\u0105ca kreatywno\u015b\u0107 marki<\/strong><\/h3>\n<p>-\u00a0<strong>Dostosowywanie wygl\u0105du<\/strong>: Powierzchnia papieru powlekanego mo\u017ce by\u0107 zadrukowana precyzyjnymi wzorami, t\u0142oczeniem na gor\u0105co\/srebrem na gor\u0105co, wyt\u0142aczaniem UV i innymi procesami, dostosowanymi do systemu marki VI; -.\u00a0<strong>Dostosowywanie funkcji<\/strong>: Obs\u0142uguje dodawanie etykiet zapobiegaj\u0105cych podrabianiu, identyfikowalno\u015b\u0107 kod\u00f3w QR, wyjmowane podszewki i inne projekty o warto\u015bci dodanej; -.\u00a0<strong>Dostosowywanie struktury<\/strong>: D\u0142ugo\u015b\u0107 wysuwanej szyny, rozmiar przegrody i uk\u0142ad mo\u017cna dostosowa\u0107 do r\u00f3\u017cnych specyfikacji wst\u0119pnych rolek.<\/p>\n<h3 id=\"6-fully-automated-production-line-efficient-and-worry-free-delivery-\">6.\u00a0<strong>W pe\u0142ni zautomatyzowana linia produkcyjna, wydajna i bezproblemowa dostawa<\/strong><\/h3>\n<p>Poleganie na\u00a0<strong>w pe\u0142ni automatyczne maszyny sztancuj\u0105ce, szybkie linie drukuj\u0105ce<\/strong>\u00a0i inny zaawansowany sprz\u0119t, dzi\u0119ki czemu mo\u017cliwe jest p\u0142ynne przej\u015bcie od projektu do masowej produkcji: -\u00a0<strong>Dostosowywanie ma\u0142ych partii<\/strong>: minimalne zam\u00f3wienie 500 sztuk, dostawa w ci\u0105gu 10 dni roboczych, wsparcie szybkiego proofingu i elastycznej rewizji; -\u00a0<strong>Masowa produkcja na du\u017c\u0105 skal\u0119<\/strong>Zdolno\u015b\u0107 produkcyjna pojedynczej partii przekracza 100 000 sztuk, stabilny czas dostawy i kontrolowane koszty.<\/p>\n<h3 id=\"7-16-years-of-industry-experience-one-stop-service-guarantee-\">7.\u00a0<strong>16 lat do\u015bwiadczenia w bran\u017cy, gwarancja kompleksowej obs\u0142ugi<\/strong><\/h3>\n<p>Jako starszy producent z\u00a0<strong>16 lat do\u015bwiadczenia w produkcji wysuwanych pude\u0142ek<\/strong>ZOJO Print zapewnia: -\u00a0<strong>Wsparcie projektowe<\/strong>: Profesjonalny zesp\u00f3\u0142 sk\u0142adaj\u0105cy si\u0119 z 30 os\u00f3b zapewnia pe\u0142ne projektowanie, takie jak modelowanie 3D i optymalizacja strukturalna.\u00a0<strong>System kontroli jako\u015bci<\/strong>: Przeszed\u0142 certyfikacj\u0119 ISO 9001, pe\u0142n\u0105 kontrol\u0119 jako\u015bci procesu, aby zapewni\u0107 wysy\u0142k\u0119 bez defekt\u00f3w.\u00a0<strong>Globalna logistyka<\/strong>: W\u0142asny magazyn + wsp\u00f3\u0142pracuj\u0105ca sie\u0107 logistyczna, obejmuj\u0105ca ponad 50 kraj\u00f3w, obs\u0142uguj\u0105ca warunki DDP\/DDU.<\/p>","protected":false},"excerpt":{"rendered":"<p><strong> Dlaczego warto wybra\u0107 ZOJO Print?\u00a0<\/strong><\/p>\n<p>-\u00a0<strong>Bezpiecze\u0144stwo i zgodno\u015b\u0107<\/strong>: Przeszed\u0142 mi\u0119dzynarodowe certyfikaty, takie jak CE i FCC, i dostarczy\u0142 raporty z test\u00f3w blokady przed dzie\u0107mi;<\/p>\n<p>-<strong>\u00a0Zaanga\u017cowanie w ochron\u0119 \u015brodowiska:<\/strong> Materia\u0142y s\u0105 identyfikowalne i wspieraj\u0105 rozwi\u0105zania opakowaniowe neutralne pod wzgl\u0119dem emisji dwutlenku w\u0119gla;<\/p>\n<p><strong>- Zwinna odpowied\u017a:<\/strong> 24-godzinna obs\u0142uga klienta online, 48-godzinna przyspieszona produkcja w przypadku pilnych zam\u00f3wie\u0144.<\/p>","protected":false},"featured_media":9596,"template":"","meta":[],"product_brand":[],"product_cat":[30,420,31,426],"product_tag":[1216,1217,1218],"class_list":{"0":"post-9590","1":"product","2":"type-product","3":"status-publish","4":"has-post-thumbnail","6":"product_cat-by-industry","7":"product_cat-custom-cannabis-boxes","8":"product_cat-paper-box-style","9":"product_cat-paper-drawer-boxes","10":"product_tag-customized-pre-roll-drawer-box","11":"product_tag-pre-roll-drawer-box","12":"product_tag-vaping-packaging","14":"first","15":"instock","16":"shipping-taxable","17":"product-type-simple"},"_links":{"self":[{"href":"https:\/\/zojopackaging.com\/pl\/wp-json\/wp\/v2\/product\/9590","targetHints":{"allow":["GET"]}}],"collection":[{"href":"https:\/\/zojopackaging.com\/pl\/wp-json\/wp\/v2\/product"}],"about":[{"href":"https:\/\/zojopackaging.com\/pl\/wp-json\/wp\/v2\/types\/product"}],"version-history":[{"count":1,"href":"https:\/\/zojopackaging.com\/pl\/wp-json\/wp\/v2\/product\/9590\/revisions"}],"predecessor-version":[{"id":9597,"href":"https:\/\/zojopackaging.com\/pl\/wp-json\/wp\/v2\/product\/9590\/revisions\/9597"}],"wp:featuredmedia":[{"embeddable":true,"href":"https:\/\/zojopackaging.com\/pl\/wp-json\/wp\/v2\/media\/9596"}],"wp:attachment":[{"href":"https:\/\/zojopackaging.com\/pl\/wp-json\/wp\/v2\/media?parent=9590"}],"wp:term":[{"taxonomy":"product_brand","embeddable":true,"href":"https:\/\/zojopackaging.com\/pl\/wp-json\/wp\/v2\/product_brand?post=9590"},{"taxonomy":"product_cat","embeddable":true,"href":"https:\/\/zojopackaging.com\/pl\/wp-json\/wp\/v2\/product_cat?post=9590"},{"taxonomy":"product_tag","embeddable":true,"href":"https:\/\/zojopackaging.com\/pl\/wp-json\/wp\/v2\/product_tag?post=9590"}],"curies":[{"name":"wp","href":"https:\/\/api.w.org\/{rel}","templated":true}]}}