{"id":9598,"date":"2025-04-03T00:07:05","date_gmt":"2025-04-02T16:07:05","guid":{"rendered":"https:\/\/zojopackaging.com\/?post_type=product&#038;p=9598"},"modified":"2025-04-03T00:17:29","modified_gmt":"2025-04-02T16:17:29","slug":"custom-paper-pre-roll-slider-box-packaging-manufacturer-in-china","status":"publish","type":"product","link":"https:\/\/zojopackaging.com\/pl\/product\/custom-paper-pre-roll-slider-box-packaging-manufacturer-in-china\/","title":{"rendered":"Niestandardowy producent opakowa\u0144 papierowych Pre-Roll Slider Box w Chinach"},"content":{"rendered":"<h3 id=\"1-environmentally-friendly-materials-texture-and-sustainability-are-equally-important-\">1.\u00a0<strong>Materia\u0142y przyjazne dla \u015brodowiska, tekstura i zr\u00f3wnowa\u017cony rozw\u00f3j s\u0105 r\u00f3wnie wa\u017cne<\/strong><\/h3>\n<p>Wysuwane pude\u0142ko przyjmuje\u00a0<strong>Papier powlekany 157 g + szara tektura 1200 g<\/strong>\u00a0struktura kompozytowa. Cienka powierzchnia powlekanego papieru umo\u017cliwia drukowanie w wysokiej rozdzielczo\u015bci, a warstwa szarej tektury zapewnia ochron\u0119 przed \u015bciskaniem i wstrz\u0105sami, dzi\u0119ki czemu rolka jest stabilna i nienaruszona podczas transportu. Materia\u0142 przeszed\u0142\u00a0<strong>Certyfikacja las\u00f3w FSC<\/strong>\u00a0oraz\u00a0<strong>Normy ochrony \u015brodowiska RoHS<\/strong>i mog\u0105 by\u0107 w pe\u0142ni poddane recyklingowi i degradacji, co jest zgodne z chi\u0144skim \"zakazem plastiku\" i globalnym trendem redukcji plastiku.<\/p>\n<h3 id=\"2-ergonomic-design-balance-of-portability-and-aesthetics-\">2.\u00a0<strong>Ergonomiczna konstrukcja, r\u00f3wnowaga przeno\u015bno\u015bci i estetyki<\/strong><\/h3>\n<p>Wysuwane pude\u0142ko przyjmuje\u00a0<strong>Struktura prostok\u0105tna o z\u0142otym podziale<\/strong>O grubo\u015bci mniejszej ni\u017c 2,5 cm i wadze zaledwie 150 g, kt\u00f3r\u0105 mo\u017cna \u0142atwo schowa\u0107 do kieszeni lub torby podr\u0119cznej. Powierzchnia wykorzystuje\u00a0<strong>Druk czterokolorowy + cz\u0119\u015bciowe t\u0142oczenie UV<\/strong>\u00a0technologia, obs\u0142uguje z\u0142o\u017cone efekty, takie jak gradient i t\u0142oczenie na gor\u0105co, i natychmiast wy\u015bwietla napi\u0119cie wizualne marki po otwarciu i zamkni\u0119ciu, poprawiaj\u0105c pierwsze wra\u017cenie konsument\u00f3w.<\/p>\n<h3 id=\"3-convenient-access-system-optimize-user-experience-\">3.\u00a0<strong>Wygodny system dost\u0119pu, optymalizacja do\u015bwiadczenia u\u017cytkownika<\/strong><\/h3>\n<p>-\u00a0<strong>Przyczepno\u015b\u0107 i wysuwanie ta\u015bmy<\/strong>: Wbudowany nylonowy tor ta\u015bmy o wysokiej g\u0119sto\u015bci, op\u00f3r \u015blizgowy jest zmniejszony o 60%, a mini rolki wst\u0119pne mo\u017cna szybko wyj\u0105\u0107 jedn\u0105 r\u0119k\u0105; -.\u00a0<strong>Dostosowana taca wewn\u0119trzna<\/strong>: Przegrody z materia\u0142u PP o jako\u015bci spo\u017cywczej mog\u0105 oddzieli\u0107 5-10 rolek, aby unikn\u0105\u0107 wstrz\u0105s\u00f3w i kolizji podczas transportu, a po otwarciu pude\u0142ka s\u0105 one starannie wyeksponowane.<\/p>\n<h3 id=\"4-full-dimensional-customization-empowering-brand-differentiation-\">4.\u00a0<strong>Pe\u0142nowymiarowa personalizacja, umo\u017cliwiaj\u0105ca zr\u00f3\u017cnicowanie marki<\/strong><\/h3>\n<p>-\u00a0<strong>Dostosowanie rozmiaru<\/strong>: Obs\u0142uguje specyfikacje od minimum 5 cm \u00d7 3 cm do maksimum 12 cm \u00d7 8 cm, dostosowuj\u0105c si\u0119 do r\u00f3\u017cnych \u015brednic i ilo\u015bci zwoj\u00f3w wst\u0119pnych.\u00a0<strong>Dostosowywanie funkcji<\/strong>: Dodawanie projekt\u00f3w o warto\u015bci dodanej, takich jak etykiety zapobiegaj\u0105ce podrabianiu, chipy NFC i zdejmowane podszewki; -\u00a0<strong>Wzmocnienie pozycji kulturowej<\/strong>: W\u0142\u0105czenie do druku element\u00f3w takich jak chi\u0144ski atrament i wzory niematerialnego dziedzictwa kulturowego w celu stworzenia wsp\u00f3lnych modeli kulturowej w\u0142asno\u015bci intelektualnej.<\/p>\n<h3 id=\"5-16-years-of-manufacturing-experience-quality-control-system-\">5.\u00a0<strong>16 lat do\u015bwiadczenia w produkcji, system kontroli jako\u015bci<\/strong><\/h3>\n<p>Od momentu powstania w 2009 roku, ZOJO Print wyprodukowa\u0142o ponad 20 milion\u00f3w wysuwanych pude\u0142ek i ustanowi\u0142o\u00a0<strong>System zarz\u0105dzania jako\u015bci\u0105 ISO 9001<\/strong>. Od testowania surowc\u00f3w po pobieranie pr\u00f3bek gotowych produkt\u00f3w, 23 procesy s\u0105 w pe\u0142ni identyfikowalne. Wska\u017anik odkupu przez klient\u00f3w wynosi 82%, a wska\u017anik zwrot\u00f3w jest ni\u017cszy ni\u017c 0,3%.<\/p>\n<h3 id=\"6-smart-equipment-cluster-efficiency-and-precision-guarantee-\">6.\u00a0<strong>Inteligentny klaster urz\u0105dze\u0144, gwarancja wydajno\u015bci i precyzji<\/strong><\/h3>\n<p>Fabryka jest wyposa\u017cona w\u00a0<strong>Niemiecka maszyna drukarska Heidelberg CD102-8<\/strong>\u00a0(dok\u0142adno\u015b\u0107 \u00b10,02 mm),\u00a0<strong>w pe\u0142ni automatyczna maszyna sztancuj\u0105ca<\/strong>\u00a0(pr\u0119dko\u015b\u0107 12 000 arkuszy\/godz.) i\u00a0<strong>maszyna do grawerowania laserowego<\/strong>kt\u00f3ry obs\u0142uguje ci\u0119cie o wysokiej g\u0119sto\u015bci i obr\u00f3bk\u0119 mikrootwor\u00f3w, z minimalnym otworem 0,5 mm, spe\u0142niaj\u0105c potrzeby luksusowych opakowa\u0144.<\/p>\n<h3 id=\"7-one-stop-service-full-link-solution-\">7.\u00a0<strong>Kompleksowa us\u0142uga, pe\u0142ne rozwi\u0105zanie<\/strong><\/h3>\n<p>Od\u00a0<strong>projekt koncepcyjny<\/strong>\u00a0(zapewnienie modelowania 3D i proofingu) do\u00a0<strong>Dostawa do produkcji masowej<\/strong>\u00a0(obs\u0142uguj\u0105cy minimalne zam\u00f3wienie 500 sztuk, 15-dniowy szybki proofing), obs\u0142uguj\u0105cy\u00a0<strong>logistyka i magazynowanie<\/strong>\u00a0(5.000 metr\u00f3w kwadratowych w\u0142asnych magazyn\u00f3w) i\u00a0<strong>transgraniczna odprawa celna<\/strong>\u00a0us\u0142ugi, obejmuj\u0105ce Chiny kontynentalne, Hongkong, Makau, Tajwan i rynki Azji Po\u0142udniowo-Wschodniej.<\/p>","protected":false},"excerpt":{"rendered":"<p><strong>Dlaczego warto wybra\u0107 ZOJO Print?\u00a0<\/strong><\/p>\n<p>-\u00a0<strong>Certyfikacja zgodno\u015bci<\/strong>: Przeszed\u0142 testy materia\u0142\u00f3w przeznaczonych do kontaktu z \u017cywno\u015bci\u0105 FDA i certyfikat bezpiecze\u0144stwa opakowa\u0144 CE;<\/p>\n<p>-\u00a0<strong>Przewaga kosztowa<\/strong>: Scentralizowana produkcja zmniejsza koszty logistyczne o 30% i obs\u0142uguje dostosowywanie ma\u0142ych partii.<\/p>","protected":false},"featured_media":9600,"template":"","meta":[],"product_brand":[],"product_cat":[30,420,31,426],"product_tag":[1220,1219,1221],"class_list":{"0":"post-9598","1":"product","2":"type-product","3":"status-publish","4":"has-post-thumbnail","6":"product_cat-by-industry","7":"product_cat-custom-cannabis-boxes","8":"product_cat-paper-box-style","9":"product_cat-paper-drawer-boxes","10":"product_tag-custom-paper-pre-roll-slider-box","11":"product_tag-packaging-manufacturer","12":"product_tag-pre-roll-slider-box","14":"first","15":"instock","16":"shipping-taxable","17":"product-type-simple"},"_links":{"self":[{"href":"https:\/\/zojopackaging.com\/pl\/wp-json\/wp\/v2\/product\/9598","targetHints":{"allow":["GET"]}}],"collection":[{"href":"https:\/\/zojopackaging.com\/pl\/wp-json\/wp\/v2\/product"}],"about":[{"href":"https:\/\/zojopackaging.com\/pl\/wp-json\/wp\/v2\/types\/product"}],"version-history":[{"count":1,"href":"https:\/\/zojopackaging.com\/pl\/wp-json\/wp\/v2\/product\/9598\/revisions"}],"predecessor-version":[{"id":9605,"href":"https:\/\/zojopackaging.com\/pl\/wp-json\/wp\/v2\/product\/9598\/revisions\/9605"}],"wp:featuredmedia":[{"embeddable":true,"href":"https:\/\/zojopackaging.com\/pl\/wp-json\/wp\/v2\/media\/9600"}],"wp:attachment":[{"href":"https:\/\/zojopackaging.com\/pl\/wp-json\/wp\/v2\/media?parent=9598"}],"wp:term":[{"taxonomy":"product_brand","embeddable":true,"href":"https:\/\/zojopackaging.com\/pl\/wp-json\/wp\/v2\/product_brand?post=9598"},{"taxonomy":"product_cat","embeddable":true,"href":"https:\/\/zojopackaging.com\/pl\/wp-json\/wp\/v2\/product_cat?post=9598"},{"taxonomy":"product_tag","embeddable":true,"href":"https:\/\/zojopackaging.com\/pl\/wp-json\/wp\/v2\/product_tag?post=9598"}],"curies":[{"name":"wp","href":"https:\/\/api.w.org\/{rel}","templated":true}]}}