{"id":9606,"date":"2025-04-03T00:17:40","date_gmt":"2025-04-02T16:17:40","guid":{"rendered":"https:\/\/zojopackaging.com\/?post_type=product&#038;p=9606"},"modified":"2025-04-03T00:26:11","modified_gmt":"2025-04-02T16:26:11","slug":"custom-pre-roll-joints-paper-packaging-drawer-box-supplier","status":"publish","type":"product","link":"https:\/\/zojopackaging.com\/pl\/product\/custom-pre-roll-joints-paper-packaging-drawer-box-supplier\/","title":{"rendered":"Niestandardowe z\u0142\u0105cza wst\u0119pnie zwijane Dostawca szuflad do opakowa\u0144 papierowych"},"content":{"rendered":"<h3 id=\"1-highly-recognizable-brand-visual-system-\">1.\u00a0<strong>Wysoce rozpoznawalny system wizualny marki<\/strong><\/h3>\n<p>Wysuwane pude\u0142ko ma kontrastow\u0105 kolorystyk\u0119\u00a0<strong>jasno\u017c\u00f3\u0142te t\u0142o + zielone logo<\/strong>kt\u00f3ra nie tylko zaspokaja d\u0105\u017cenie m\u0142odych grup konsument\u00f3w do witalno\u015bci, ale tak\u017ce przekazuje naturalny i zdrowy ton marki poprzez psychologi\u0119 kolor\u00f3w.\u00a0<strong>Precyzyjne ilustracje przedstawiaj\u0105ce histori\u0119 marki<\/strong>\u00a0(takie jak proces wzrostu ro\u015blin, elementy niematerialnego dziedzictwa kulturowego) mog\u0105 by\u0107 drukowane na powierzchni pude\u0142ka, w po\u0142\u0105czeniu z czterokolorowym nadrukiem (CMYK) i lokaln\u0105 technologi\u0105 wyt\u0142aczania UV, co zwi\u0119ksza wizualne nak\u0142adanie warstw przez 60% i natychmiast wzmacnia zakotwiczenie marki w pami\u0119ci konsument\u00f3w podczas otwierania pude\u0142ka.<\/p>\n<h3 id=\"2-intelligent-childproof-lock-safety-design-\">2.\u00a0<strong>Inteligentna konstrukcja zabezpieczaj\u0105ca przed dzie\u0107mi<\/strong><\/h3>\n<p>Wbudowany\u00a0<strong>blokada przed dzie\u0107mi<\/strong>\u00a0zgodno\u015b\u0107 z mi\u0119dzynarodowymi standardami ISO 8317, osi\u0105gni\u0119ta dzi\u0119ki podw\u00f3jnej strukturze klamry ubezpieczeniowej (zewn\u0119trzna klamra + wewn\u0119trzny blok klinowy): -\u00a0<strong>Dzieci poni\u017cej 5 roku \u017cycia nie mog\u0105 otwiera\u0107<\/strong>: Aby go odblokowa\u0107, nale\u017cy go szybko wyci\u0105gn\u0105\u0107 wi\u0119cej ni\u017c 3 razy, a wska\u017anik fa\u0142szywych dotkni\u0119\u0107 jest mniejszy ni\u017c 0,1%; -.\u00a0<strong>Doro\u015bli mog\u0105 otworzy\u0107 go w kilka sekund jedn\u0105 r\u0119k\u0105<\/strong>: Wsp\u00f3\u0142czynnik t\u0142umienia wysuwanej szyny zosta\u0142 zoptymalizowany, a p\u0142ynno\u015b\u0107 dzia\u0142ania poprawiona przez 40%, bior\u0105c pod uwag\u0119 zar\u00f3wno bezpiecze\u0144stwo, jak i wygod\u0119.<\/p>\n<h3 id=\"3-environmentally-friendly-materials-process-upgrade-\">3.\u00a0<strong>Materia\u0142y przyjazne dla \u015brodowiska + modernizacja procesu<\/strong><\/h3>\n<p>-\u00a0<strong>Wyb\u00f3r pod\u0142o\u017ca<\/strong>: Przyjmuje\u00a0<strong>Papier powlekany 157 g + szara tektura 1200 g<\/strong>\u00a0struktura kompozytowa, a g\u0142adko\u015b\u0107 powierzchni powlekanego papieru osi\u0105ga 90s (test metod\u0105 Cobba), co umo\u017cliwia drukowanie w wysokiej rozdzielczo\u015bci; warstwa szarej tektury przesz\u0142a certyfikacj\u0119 le\u015bn\u0105 FSC, aby zapewni\u0107 zr\u00f3wnowa\u017cony rozw\u00f3j surowc\u00f3w; - warstwa szarej tektury przesz\u0142a certyfikacj\u0119 le\u015bn\u0105 FSC, aby zapewni\u0107 zr\u00f3wnowa\u017cony rozw\u00f3j surowc\u00f3w.\u00a0<strong>Obr\u00f3bka powierzchni<\/strong>: Proces powlekania matow\u0105 foli\u0105 3-krotnie zwi\u0119ksza odporno\u015b\u0107 pude\u0142ka na zu\u017cycie (odporno\u015b\u0107 na tarcie &gt; 5000 razy), jednocze\u015bnie zmniejszaj\u0105c wsp\u00f3\u0142czynnik odbicia, co spe\u0142nia niskie wymagania luksusowych opakowa\u0144.<\/p>\n<h3 id=\"4-brand-gene-implanted-lining-\">4.\u00a0<strong>Podszewka z wszczepionym genem marki<\/strong><\/h3>\n<p>-\u00a0<strong>Niestandardowa przegroda kartonowa<\/strong>: Wykonane z materia\u0142u PP o jako\u015bci spo\u017cywczej w tym samym kolorze co logo, logo marki jest dok\u0142adnie odwzorowane za pomoc\u0105 technologii sztancowania (np. wydr\u0105\u017cenie inicja\u0142\u00f3w marki i gradientowe przej\u015bcie kolor\u00f3w)\u00a0<strong>Wizualne prowadzenie po linii<\/strong>: Kraw\u0119d\u017a przegrody zosta\u0142a zaprojektowana z mikro-rze\u017abami symboli marki, dzi\u0119ki czemu konsumenci mog\u0105 naturalnie skupi\u0107 si\u0119 na produktach pre-rolled podczas otwierania pude\u0142ka, wzmacniaj\u0105c \u015bwiadomo\u015b\u0107 marki.<\/p>\n<h3 id=\"5-application-of-spatial-aesthetics-and-consumer-psychology-\">5.\u00a0<strong>Zastosowanie estetyki przestrzennej i psychologii konsumenckiej<\/strong><\/h3>\n<p>-\u00a0<strong>Przechowywanie z\u0142otego podzia\u0142u<\/strong>: Wewn\u0119trzna przegroda mocuje 5 rolek pod k\u0105tem nachylenia 30\u00b0, co jest zgodne ze z\u0142ot\u0105 proporcj\u0105 ludzkiego wzroku (1:1,618). Uporz\u0105dkowane pi\u0119kno ekspozycji produktu jest widoczne po otwarciu pude\u0142ka.\u00a0<strong>Optymalizacja dotykowego sprz\u0119\u017cenia zwrotnego<\/strong>: Powierzchnia przegrody jest matowa, a wsp\u00f3\u0142czynnik tarcia jest regulowany w zakresie 0,3-0,5. Lekkie uczucie t\u0142umienia jest generowane, gdy pre-roll jest wyci\u0105gany, zapewniaj\u0105c \"delikatne i \u0142atwe do kontrolowania\" wra\u017cenia u\u017cytkownika.<\/p>\n<h3 id=\"6-full-link-customized-service-system-\">6.\u00a0<strong>W pe\u0142ni po\u0142\u0105czony, spersonalizowany system us\u0142ug<\/strong><\/h3>\n<p>-\u00a0<strong>Dostosowanie kolor\u00f3w<\/strong>: Zapewnienie kart kolor\u00f3w Pantone + drukowanie w kolorze dodatkowym, obs\u0142uga dopasowania koloru LOGO i podszewki 100%; -.\u00a0<strong>Rozszerzenie funkcji<\/strong>: Mo\u017cna doda\u0107 chipy NFC (obs\u0142uguj\u0105ce skanowanie historii marki), etykiety laserowe zapobiegaj\u0105ce podrabianiu i inne modu\u0142y o warto\u015bci dodanej, aby uzyska\u0107 identyfikowalno\u015b\u0107 \"jeden obiekt, jeden kod\".<\/p>\n<h3 id=\"7-16-years-of-manufacturing-heritage-and-quality-control-guarantee-\">7.\u00a0<strong>16 lat tradycji produkcyjnej i gwarancja kontroli jako\u015bci<\/strong><\/h3>\n<p>-\u00a0<strong>Skala wydajno\u015bci<\/strong>: 5320\u33a1 inteligentna baza produkcyjna wyposa\u017cona w niemieck\u0105 maszyn\u0119 drukarsk\u0105 Heidelberg CD102-8 (dzienna zdolno\u015b\u0107 produkcyjna 200 000 arkuszy), w pe\u0142ni automatyczna linia sztancuj\u0105ca (pr\u0119dko\u015b\u0107 12 000 arkuszy\/godzin\u0119), obs\u0142uga 500 sztuk minimalnego zam\u00f3wienia, szybka dostawa w ci\u0105gu 12 dni; -\u00a0<strong>System jako\u015bci<\/strong>: Przeszed\u0142 certyfikacj\u0119 ISO 9001, system kontroli wizualnej AI skonfigurowany dla kluczowych proces\u00f3w, wska\u017anik automatycznego sortowania wadliwych produkt\u00f3w&gt; 99,5%, wska\u017anik odkupu klient\u00f3w osi\u0105gn\u0105\u0142 85%.<\/p>","protected":false},"excerpt":{"rendered":"<p><strong>Dlaczego warto wybra\u0107 ZOJO Print?\u00a0<\/strong><\/p>\n<ul>\n<li><strong>Certyfikacja zgodno\u015bci<\/strong>: Produkt przeszed\u0142 certyfikacj\u0119 bezpiecze\u0144stwa opakowa\u0144 zabezpieczonych przed dzie\u0107mi CR;<\/li>\n<li><strong>Przewaga kosztowa<\/strong>: Scentralizowana produkcja zmniejsza koszty logistyczne o 30% i obs\u0142uguje dostosowywanie ma\u0142ych partii;<\/li>\n<li><strong>Scenariusze zastosowa\u0144<\/strong>wysokiej klasy pude\u0142ka upominkowe na e-papierosy, pakiety degustacyjne zdrowej \u017cywno\u015bci, limitowane edycje produkt\u00f3w zio\u0142owych, kulturalne i kreatywne produkty pod wsp\u00f3ln\u0105 mark\u0105.<\/li>\n<\/ul>\n<p><strong>Skontaktuj si\u0119 z zespo\u0142em ds. personalizacji ju\u017c teraz, aby rozpocz\u0105\u0107 podr\u00f3\u017c do ulepszenia opakowania marki!<\/strong><\/p>","protected":false},"featured_media":9610,"template":"","meta":[],"product_brand":[],"product_cat":[30,420,31,426],"product_tag":[1222,1224,1223],"class_list":{"0":"post-9606","1":"product","2":"type-product","3":"status-publish","4":"has-post-thumbnail","6":"product_cat-by-industry","7":"product_cat-custom-cannabis-boxes","8":"product_cat-paper-box-style","9":"product_cat-paper-drawer-boxes","10":"product_tag-custom-pre-roll-joints-packaging","11":"product_tag-drawer-box-supplier","12":"product_tag-joints-paper-packaging","14":"first","15":"instock","16":"shipping-taxable","17":"product-type-simple"},"_links":{"self":[{"href":"https:\/\/zojopackaging.com\/pl\/wp-json\/wp\/v2\/product\/9606","targetHints":{"allow":["GET"]}}],"collection":[{"href":"https:\/\/zojopackaging.com\/pl\/wp-json\/wp\/v2\/product"}],"about":[{"href":"https:\/\/zojopackaging.com\/pl\/wp-json\/wp\/v2\/types\/product"}],"version-history":[{"count":1,"href":"https:\/\/zojopackaging.com\/pl\/wp-json\/wp\/v2\/product\/9606\/revisions"}],"predecessor-version":[{"id":9613,"href":"https:\/\/zojopackaging.com\/pl\/wp-json\/wp\/v2\/product\/9606\/revisions\/9613"}],"wp:featuredmedia":[{"embeddable":true,"href":"https:\/\/zojopackaging.com\/pl\/wp-json\/wp\/v2\/media\/9610"}],"wp:attachment":[{"href":"https:\/\/zojopackaging.com\/pl\/wp-json\/wp\/v2\/media?parent=9606"}],"wp:term":[{"taxonomy":"product_brand","embeddable":true,"href":"https:\/\/zojopackaging.com\/pl\/wp-json\/wp\/v2\/product_brand?post=9606"},{"taxonomy":"product_cat","embeddable":true,"href":"https:\/\/zojopackaging.com\/pl\/wp-json\/wp\/v2\/product_cat?post=9606"},{"taxonomy":"product_tag","embeddable":true,"href":"https:\/\/zojopackaging.com\/pl\/wp-json\/wp\/v2\/product_tag?post=9606"}],"curies":[{"name":"wp","href":"https:\/\/api.w.org\/{rel}","templated":true}]}}