{"id":9614,"date":"2025-04-03T00:40:47","date_gmt":"2025-04-02T16:40:47","guid":{"rendered":"https:\/\/zojopackaging.com\/?post_type=product&#038;p=9614"},"modified":"2025-04-03T00:52:44","modified_gmt":"2025-04-02T16:52:44","slug":"customized-rigid-slide-drawer-box-packaging-for-coffee","status":"publish","type":"product","link":"https:\/\/zojopackaging.com\/pl\/product\/customized-rigid-slide-drawer-box-packaging-for-coffee\/","title":{"rendered":"Dostosowane sztywne pude\u0142ko z szufladami do pakowania kawy"},"content":{"rendered":"<h3 id=\"1-natural-color-matching-aesthetics-stimulating-consumer-desire-\">1.\u00a0<strong>Naturalna estetyka dopasowania kolor\u00f3w, stymuluj\u0105ca po\u017c\u0105danie konsument\u00f3w<\/strong><\/h3>\n<p>Pude\u0142ko upominkowe przyjmuje\u00a0<strong>papier powlekany z ciemnozielonym nadrukiem g\u0142\u00f3wnym + czarne pude\u0142ko wewn\u0119trzne<\/strong>\u00a0kontrastowa kolorystyka. Ciemnozielony symbolizuje natur\u0119 i witalno\u015b\u0107, odzwierciedlaj\u0105c oryginalny smak ziaren kawy; czarne pude\u0142ko wewn\u0119trzne wzmacnia tekstur\u0119 dzi\u0119ki matowej technologii laminowania, a po otwarciu pude\u0142ka powstaje silny kontrast wizualny. Powierzchnia wykorzystuje\u00a0<strong>Druk czterokolorowy + cz\u0119\u015bciowy sitodruk<\/strong>\u00a0technologia odtwarzania naturalnych element\u00f3w, takich jak sceny wzrostu ziaren kawy i r\u0119cznie malowane tekstury ro\u015blin, w po\u0142\u0105czeniu z logo marki w technologii t\u0142oczenia na gor\u0105co, aby przekaza\u0107 histori\u0119 \"od farmy do fili\u017canki\".<\/p>\n<h3 id=\"2-environmentally-friendly-materials-conveying-sustainable-concepts-\">2.\u00a0<strong>Materia\u0142y przyjazne dla \u015brodowiska, przekazuj\u0105ce zr\u00f3wnowa\u017cone koncepcje<\/strong><\/h3>\n<p>-\u00a0<strong>Wyb\u00f3r pod\u0142o\u017ca<\/strong>:\u00a0<strong>Papier powlekany 157 g z certyfikatem FSC + szara tektura 1200 g<\/strong>\u00a0zastosowano struktur\u0119 kompozytow\u0105, a warstwa szarej p\u0142yty zast\u0119puje tradycyjn\u0105 plastikow\u0105 wy\u015bci\u00f3\u0142k\u0119 degradowalnym materia\u0142em EPE (patrz przypadek butikowego pude\u0142ka na kaw\u0119), aby zapewni\u0107 odporno\u015b\u0107 na wstrz\u0105sy i \u015bwie\u017ce ziarna kawy podczas transportu; -\u00a0<strong>Obr\u00f3bka powierzchni<\/strong>: Proces laminowania matowego 3-krotnie zwi\u0119ksza odporno\u015b\u0107 pude\u0142ka na zu\u017cycie (odporno\u015b\u0107 na tarcie &gt; 5000 razy), jednocze\u015bnie zmniejszaj\u0105c odbijanie \u015bwiat\u0142a, co jest zgodne z d\u0105\u017ceniem do niskiego luksusu przez wysokiej klasy marki kawy.<\/p>\n<h3 id=\"3-customized-expression-of-brand-genes-\">3.\u00a0<strong>Spersonalizowana ekspresja gen\u00f3w marki<\/strong><\/h3>\n<p>-\u00a0<strong>Dostosowanie kolor\u00f3w<\/strong>: Zapewnienie karty kolor\u00f3w Pantone + drukowanie w kolorze dodatkowym, obs\u0142uga dopasowania koloru LOGO i podszewki 100%, na przyk\u0142ad w\u0142\u0105czenie g\u0142\u00f3wnego koloru marki do wst\u0105\u017cki lub projektu przegrody; -.\u00a0<strong>Wzmocnienie pozycji kulturowej<\/strong>: W\u0142\u0105czenie do druku element\u00f3w takich jak mapa pochodzenia kawy i notatki agronoma, aby stworzy\u0107 wci\u0105gaj\u0105ce do\u015bwiadczenie \"jedno pude\u0142ko, jedna historia\", takie jak nawi\u0105zanie do tradycyjnego projektu fuzji kulturowej pude\u0142ka upominkowego AVEDA Mid-Autumn Festival.<\/p>\n<h3 id=\"4-flexible-size-and-content-adaptation-\">4.\u00a0<strong>Elastyczne dostosowanie rozmiaru i zawarto\u015bci<\/strong><\/h3>\n<p>-\u00a0<strong>Dostosowanie wydajno\u015bci<\/strong>: obs\u0142uguje zr\u00f3\u017cnicowane potrzeby w zakresie przechowywania ca\u0142ych ziaren kawy (o \u015brednicy 6-8 mm) lub zmielonej kawy w proszku (o drobno\u015bci 2-4 mm), o minimalnym rozmiarze 12 cm \u00d7 8 cm \u00d7 5 cm i maksymalnym rozmiarze 25 cm \u00d7 15 cm \u00d7 10 cm\u00a0<strong>Optymalizacja strukturalna<\/strong>: G\u0142\u0119boko\u015b\u0107 wysuwanej szyny mo\u017cna regulowa\u0107 do 3 cm, dostosowuj\u0105c j\u0105 do r\u00f3\u017cnych form opakowa\u0144 (takich jak wisz\u0105ce torebki z uszami, kawa w kapsu\u0142kach itp.), odnosz\u0105c si\u0119 do g\u0142\u00f3wnych specyfikacji rynku pude\u0142ek na kaw\u0119.<\/p>\n<h3 id=\"5-ribbon-pull-out-system-upgraded-opening-ritual-\">5.\u00a0<strong>System wysuwanych wst\u0105\u017cek, ulepszony rytua\u0142 otwierania<\/strong><\/h3>\n<p>-\u00a0<strong>Cicha konstrukcja szyny \u015blizgowej<\/strong>: Wbudowana nylonowa \u015bcie\u017cka o wysokiej g\u0119sto\u015bci, op\u00f3r \u015blizgowy jest zmniejszony o 60% i mo\u017cna j\u0105 p\u0142ynnie ci\u0105gn\u0105\u0107 jedn\u0105 r\u0119k\u0105\u00a0<strong>Ochrona przed dotykiem<\/strong>: Zoptymalizowano struktur\u0119 bufora na ko\u0144cu wysuwanego suwu, aby zapobiec rozsypywaniu si\u0119 ziaren kawy z powodu bezw\u0142adno\u015bci, a wska\u017anik sukcesu otwierania pude\u0142ka zosta\u0142 zwi\u0119kszony do 99%.<\/p>\n<h3 id=\"6-full-link-creative-service-empowering-brand-differentiation-\">6.\u00a0<strong>Kompleksowa us\u0142uga kreatywna, umo\u017cliwiaj\u0105ca wyr\u00f3\u017cnienie marki<\/strong><\/h3>\n<p>-\u00a0<strong>Obs\u0142uga modelowania 3D<\/strong>: Udost\u0119pnia 20 podstawowych szablon\u00f3w struktur, obs\u0142uguje z\u0142o\u017cone projekty, takie jak zakrzywione wysuwane i dwuwarstwowe \u015bcianki dzia\u0142owe; -\u00a0<strong>Modu\u0142 warto\u015bci dodanej<\/strong>: Mo\u017ce integrowa\u0107 elementy interaktywne, takie jak chip NFC (skanowanie kodu w celu \u015bledzenia pochodzenia kawy), wyjmowana podszewka (do umieszczania kart do sadzenia fus\u00f3w kawy) i nawi\u0105zywa\u0107 do projektu papieru nasiennego charytatywnych pude\u0142ek na kaw\u0119.<\/p>\n<h3 id=\"7-16-years-of-manufacturing-heritage-full-quality-control-\">7.\u00a0<strong>16 lat tradycji produkcyjnej, pe\u0142na kontrola jako\u015bci<\/strong><\/h3>\n<p>-\u00a0<strong>Gwarancja pojemno\u015bci<\/strong>: 5320\u33a1 inteligentna baza produkcyjna wyposa\u017cona w niemieck\u0105 maszyn\u0119 drukarsk\u0105 Heidelberg CD102-8 (dzienna zdolno\u015b\u0107 produkcyjna 200 000 arkuszy), w pe\u0142ni zautomatyzowan\u0105 lini\u0119 sztancuj\u0105c\u0105 (pr\u0119dko\u015b\u0107 12 000 arkuszy\/godzin\u0119), obs\u0142uguje 500 sztuk minimalnego zam\u00f3wienia i szybk\u0105 dostaw\u0119 w ci\u0105gu 12 dni; -\u00a0<strong>System kontroli jako\u015bci<\/strong>: Zdany certyfikat ISO 9001, system kontroli wizualnej AI skonfigurowany w kluczowych procesach, wska\u017anik automatycznego sortowania wadliwych produkt\u00f3w&gt; 99,5%, wska\u017anik odkupu klient\u00f3w osi\u0105gn\u0105\u0142 85%.<\/p>","protected":false},"excerpt":{"rendered":"<p><strong>ZOJO Print Spersonalizowane opakowanie z tward\u0105 przesuwan\u0105 szuflad\u0105 na kaw\u0119 - po\u0142\u0105czenie naturalnej estetyki i funkcjonalnego wzornictwa<\/strong><\/p>\n<p>Jako wiod\u0105cy chi\u0144ski dostawca opakowa\u0144 prezentowych na kaw\u0119, ZOJO Print koncentruje si\u0119 na dostarczaniu butikowym markom kawy spersonalizowanych us\u0142ug, kt\u00f3re \u0142\u0105cz\u0105 koncepcje ochrony \u015brodowiska, napi\u0119cie wizualne i wra\u017cenia u\u017cytkownika.<\/p>","protected":false},"featured_media":9618,"template":"","meta":[],"product_brand":[],"product_cat":[30,422,31,426],"product_tag":[1227,1226,1225],"class_list":{"0":"post-9614","1":"product","2":"type-product","3":"status-publish","4":"has-post-thumbnail","6":"product_cat-by-industry","7":"product_cat-custom-gourmet-boxes-by-industry","8":"product_cat-paper-box-style","9":"product_cat-paper-drawer-boxes","10":"product_tag-packaging-for-coffee","11":"product_tag-rawer-box-packaging","12":"product_tag-slide-drawer-box","14":"first","15":"instock","16":"shipping-taxable","17":"product-type-simple"},"_links":{"self":[{"href":"https:\/\/zojopackaging.com\/pl\/wp-json\/wp\/v2\/product\/9614","targetHints":{"allow":["GET"]}}],"collection":[{"href":"https:\/\/zojopackaging.com\/pl\/wp-json\/wp\/v2\/product"}],"about":[{"href":"https:\/\/zojopackaging.com\/pl\/wp-json\/wp\/v2\/types\/product"}],"version-history":[{"count":1,"href":"https:\/\/zojopackaging.com\/pl\/wp-json\/wp\/v2\/product\/9614\/revisions"}],"predecessor-version":[{"id":9621,"href":"https:\/\/zojopackaging.com\/pl\/wp-json\/wp\/v2\/product\/9614\/revisions\/9621"}],"wp:featuredmedia":[{"embeddable":true,"href":"https:\/\/zojopackaging.com\/pl\/wp-json\/wp\/v2\/media\/9618"}],"wp:attachment":[{"href":"https:\/\/zojopackaging.com\/pl\/wp-json\/wp\/v2\/media?parent=9614"}],"wp:term":[{"taxonomy":"product_brand","embeddable":true,"href":"https:\/\/zojopackaging.com\/pl\/wp-json\/wp\/v2\/product_brand?post=9614"},{"taxonomy":"product_cat","embeddable":true,"href":"https:\/\/zojopackaging.com\/pl\/wp-json\/wp\/v2\/product_cat?post=9614"},{"taxonomy":"product_tag","embeddable":true,"href":"https:\/\/zojopackaging.com\/pl\/wp-json\/wp\/v2\/product_tag?post=9614"}],"curies":[{"name":"wp","href":"https:\/\/api.w.org\/{rel}","templated":true}]}}