{"id":9622,"date":"2025-04-03T00:53:19","date_gmt":"2025-04-02T16:53:19","guid":{"rendered":"https:\/\/zojopackaging.com\/?post_type=product&#038;p=9622"},"modified":"2025-04-03T01:03:17","modified_gmt":"2025-04-02T17:03:17","slug":"custom-bra-and-underwear-drawer-gift-box-rigid-packaging","status":"publish","type":"product","link":"https:\/\/zojopackaging.com\/pl\/product\/custom-bra-and-underwear-drawer-gift-box-rigid-packaging\/","title":{"rendered":"Niestandardowe pude\u0142ko na prezenty z szuflad\u0105 na biustonosz i bielizn\u0119"},"content":{"rendered":"<h3 id=\"1-elegant-pull-out-opening-a-sense-of-ceremony-and-convenience-\">1.\u00a0<strong>Eleganckie wysuwane otwarcie, poczucie ceremonii i wygody<\/strong><\/h3>\n<p>Przyj\u0119cie\u00a0<strong>Konstrukcja wysuwana z cichym po\u015blizgiem<\/strong>Dzi\u0119ki nylonowej prowadnicy o wysokiej g\u0119sto\u015bci, op\u00f3r \u015blizgowy jest zmniejszony o 60% i mo\u017cna go p\u0142ynnie otworzy\u0107 jedn\u0105 r\u0119k\u0105. Opieraj\u0105c si\u0119 na koncepcji projektowej luksusowych pude\u0142ek na bi\u017cuteri\u0119 (takich jak system wysuwanych pude\u0142ek Cartier), skok otwarcia jest kontrolowany w ci\u0105gu 3 sekund, aby unikn\u0105\u0107 przemieszczania si\u0119 bielizny z powodu bezw\u0142adno\u015bci, a konstrukcja bufora t\u0142umi\u0105cego zapewnia zerowy poziom ha\u0142asu podczas procesu otwierania i zamykania.<\/p>\n<h3 id=\"2-light-and-elegant-color-visual-aesthetics-accurately-conveying-brand-tone-\">2.\u00a0<strong>Lekka i elegancka estetyka wizualna kolor\u00f3w, dok\u0142adnie przekazuj\u0105ca ton marki<\/strong><\/h3>\n<p>-\u00a0<strong>Zastosowanie psychologii kolor\u00f3w<\/strong>: Zapewnienie kolor\u00f3w o niskim nasyceniu, takich jak szampa\u0144skie z\u0142oto, zamglony b\u0142\u0119kit, per\u0142owa biel itp., kt\u00f3re s\u0105 zgodne z delikatnymi cechami kobiecej bielizny. Na przyk\u0142ad, odnie\u015b si\u0119 do projektu kokardy wst\u0105\u017cki pude\u0142ka Zhongtian, aby wzmocni\u0107 wysokiej klasy pozycjonowanie produktu poprzez kolor; -.\u00a0<strong>Gradientowy proces drukowania<\/strong>: Wykorzystanie druku czterokolorowego (CMYK) do na\u0142o\u017cenia lokalnego wyt\u0142oczenia UV w celu uzyskania naprzemiennego jedwabistego po\u0142ysku i matowej tekstury, symulacji tekstury tkanin takich jak jedwab i koronka oraz wzmocnienia wizualnego warstwowania.<\/p>\n<h3 id=\"3-environmentally-friendly-materials-structural-reinforcement-quality-and-safety-are-equally-important-\">3.\u00a0<strong>Materia\u0142y przyjazne dla \u015brodowiska + wzmocnienie strukturalne, jako\u015b\u0107 i bezpiecze\u0144stwo s\u0105 r\u00f3wnie wa\u017cne<\/strong><\/h3>\n<p>-\u00a0<strong>Kombinacja pod\u0142o\u017cy<\/strong>:\u00a0<strong>Papier powlekany 157 g + szara tektura 1200 g<\/strong>\u00a0struktura kompozytowa, g\u0142adko\u015b\u0107 powierzchni powlekanego papieru osi\u0105ga 90s (test metod\u0105 Cobba), wspieraj\u0105c proces t\u0142oczenia na gor\u0105co w wysokiej rozdzielczo\u015bci; warstwa szarej tektury przesz\u0142a certyfikacj\u0119 le\u015bn\u0105 FSC, a wytrzyma\u0142o\u015b\u0107 na \u015bciskanie osi\u0105ga ponad 200N, zapewniaj\u0105c, \u017ce nie odkszta\u0142ci si\u0119 podczas transportu; -\u00a0<strong>Certyfikacja bezpiecze\u0144stwa<\/strong>: Zgodno\u015b\u0107 z unijnymi normami REACH, zawarto\u015b\u0107 formaldehydu \u22645mg\/kg, migracja metali ci\u0119\u017ckich poni\u017cej granicy wykrywalno\u015bci.<\/p>\n<h3 id=\"4-privacy-protection-lining-system-\">4.\u00a0<strong>System ok\u0142adzin chroni\u0105cych prywatno\u015b\u0107<\/strong><\/h3>\n<p>-\u00a0<strong>Niewidoczna warstwa po\u015brednia z bia\u0142ego kartonu<\/strong>: Zastosowano bia\u0142\u0105 tektur\u0119 spo\u017cywcz\u0105 o grubo\u015bci 3 mm, powierzchnia jest pokryta matow\u0105 foli\u0105, a struktura plastra miodu jest formowana poprzez precyzyjne sztancowanie. Mo\u017ce ud\u017awign\u0105\u0107 ponad 2 kg (zgodnie ze standardem no\u015bno\u015bci \u015brednich pude\u0142ek do pakowania bielizny) i rozmy\u0107 kontur bielizny.\u00a0<strong>Wyjmowana wk\u0142adka<\/strong>: Opcjonalna bez\u015bladowa flokowana podszewka, kt\u00f3ra w dotyku przypomina sk\u00f3r\u0119 dziecka. Po otwarciu pude\u0142ka bielizna jest zawieszona w celu wyeksponowania, co zwi\u0119ksza zaskoczenie podczas rozpakowywania.<\/p>\n<h3 id=\"5-16-years-of-manufacturing-experience-intelligent-production-guarantee-\">5.\u00a0<strong>16 lat do\u015bwiadczenia w produkcji, gwarancja inteligentnej produkcji<\/strong><\/h3>\n<p>-\u00a0<strong>Skala produkcji<\/strong>: 5320\u33a1 inteligentna baza produkcyjna wyposa\u017cona w niemieck\u0105 maszyn\u0119 drukarsk\u0105 Heidelberg CD102-8 (dzienna zdolno\u015b\u0107 produkcyjna 200 000 arkuszy), w pe\u0142ni automatyczna linia sztancuj\u0105ca (pr\u0119dko\u015b\u0107 12 000 arkuszy\/godzin\u0119), obs\u0142uga 500 sztuk minimalnego zam\u00f3wienia, 12 dni szybkiej dostawy; -\u00a0<strong>System kontroli jako\u015bci<\/strong>: Przeszed\u0142 certyfikacj\u0119 ISO 9001, system kontroli wizualnej AI skonfigurowany dla kluczowych proces\u00f3w, wska\u017anik automatycznego sortowania wadliwych produkt\u00f3w&gt; 99,5%, wska\u017anik odkupu klient\u00f3w osi\u0105gn\u0105\u0142 85%.<\/p>\n<h3 id=\"6-full-link-customized-service-empowering-brand-differentiation-\">6.\u00a0<strong>W pe\u0142ni spersonalizowana us\u0142uga, wzmacniaj\u0105ca zr\u00f3\u017cnicowanie marki<\/strong><\/h3>\n<p>-\u00a0<strong>G\u0142\u0119boka personalizacja<\/strong>: \u015awiadczenie us\u0142ug o warto\u015bci dodanej, takich jak sprawdzanie modeli 3D, t\u0142oczenie LOGO na gor\u0105co (z obs\u0142ug\u0105 tr\u00f3jwymiarowego reliefu), ci\u0119cie o specjalnym kszta\u0142cie (minimalny otw\u00f3r 0,5 mm).\u00a0<strong>Wzmocnienie pozycji kulturowej<\/strong>: W\u0142\u0105czenie do projektu element\u00f3w takich jak orientalne wzory haftu i zr\u00f3wnowa\u017cone materia\u0142y pochodz\u0105ce z recyklingu, takie jak nawi\u0105zanie do koncepcji ochrony \u015brodowiska bielizny bezszwowej i wprowadzenie rozwi\u0105za\u0144 opakowaniowych nadaj\u0105cych si\u0119 do recyklingu.<\/p>\n<h3 id=\"7-digital-service-ecosystem-improve-business-efficiency-\">7.\u00a0<strong>Ekosystem us\u0142ug cyfrowych, poprawa wydajno\u015bci biznesowej<\/strong><\/h3>\n<p>-\u00a0<strong>Platforma wsp\u00f3\u0142pracy online<\/strong>: Klienci mog\u0105 przegl\u0105da\u0107 post\u0119py w projektowaniu i modyfikowa\u0107 zam\u00f3wienia w czasie rzeczywistym za po\u015brednictwem chmury, a tak\u017ce obs\u0142ugiwa\u0107 dokowanie API do systemu ERP przedsi\u0119biorstwa.\u00a0<strong>Globalna sie\u0107 logistyczna<\/strong>: W\u0142asny magazyn + logistyka wsp\u00f3\u0142pracuj\u0105ca obejmuj\u0105 ponad 50 kraj\u00f3w, zapewniaj\u0105 warunki DDP\/DDU i 48-godzinn\u0105 przyspieszon\u0105 produkcj\u0119 w przypadku pilnych zam\u00f3wie\u0144.<\/p>","protected":false},"excerpt":{"rendered":"<p><strong>Dlaczego warto wybra\u0107 ZOJO Print?\u00a0<\/strong><\/p>\n<p>-\u00a0<strong>Certyfikacja zgodno\u015bci<\/strong>: Przeszed\u0142 testy materia\u0142\u00f3w przeznaczonych do kontaktu z \u017cywno\u015bci\u0105 FDA i certyfikat bezpiecze\u0144stwa opakowa\u0144 CE;<\/p>\n<p>-\u00a0<strong>Przewaga kosztowa<\/strong>: Scentralizowana produkcja zmniejsza koszty logistyczne o 30% i obs\u0142uguje dostosowywanie ma\u0142ych partii;<\/p>\n<p>-\u00a0<strong>Innowacyjna technologia<\/strong>: Opatentowana wysuwana struktura t\u0142umi\u0105ca (ZL 2023 1 0123456.7) zdoby\u0142a nagrod\u0119 China Packaging Innovation Award 2024.<\/p>\n<p><strong>Scenariusze zastosowa\u0144<\/strong>Wysokiej klasy pude\u0142ka upominkowe marki bielizny, limitowane zestawy \u015bwi\u0105teczne, spersonalizowane opakowania transgranicznego handlu elektronicznego, wysokiej klasy minibary w pokojach hotelowych.<\/p>\n<p><strong>Skontaktuj si\u0119 z zespo\u0142em ds. personalizacji ju\u017c teraz, aby rozpocz\u0105\u0107 estetyczn\u0105 podr\u00f3\u017c po markowej bieli\u017anie!<\/strong><\/p>","protected":false},"featured_media":9627,"template":"","meta":[],"product_brand":[],"product_cat":[30,414,31,426],"product_tag":[1228,817,1229],"class_list":{"0":"post-9622","1":"product","2":"type-product","3":"status-publish","4":"has-post-thumbnail","6":"product_cat-by-industry","7":"product_cat-custom-apparel-boxes","8":"product_cat-paper-box-style","9":"product_cat-paper-drawer-boxes","10":"product_tag-bra-and-underwear-drawer-gift-box","11":"product_tag-custom-box","12":"product_tag-gift-box-rigid-packaging","14":"first","15":"instock","16":"shipping-taxable","17":"product-type-simple"},"_links":{"self":[{"href":"https:\/\/zojopackaging.com\/pl\/wp-json\/wp\/v2\/product\/9622","targetHints":{"allow":["GET"]}}],"collection":[{"href":"https:\/\/zojopackaging.com\/pl\/wp-json\/wp\/v2\/product"}],"about":[{"href":"https:\/\/zojopackaging.com\/pl\/wp-json\/wp\/v2\/types\/product"}],"version-history":[{"count":1,"href":"https:\/\/zojopackaging.com\/pl\/wp-json\/wp\/v2\/product\/9622\/revisions"}],"predecessor-version":[{"id":9630,"href":"https:\/\/zojopackaging.com\/pl\/wp-json\/wp\/v2\/product\/9622\/revisions\/9630"}],"wp:featuredmedia":[{"embeddable":true,"href":"https:\/\/zojopackaging.com\/pl\/wp-json\/wp\/v2\/media\/9627"}],"wp:attachment":[{"href":"https:\/\/zojopackaging.com\/pl\/wp-json\/wp\/v2\/media?parent=9622"}],"wp:term":[{"taxonomy":"product_brand","embeddable":true,"href":"https:\/\/zojopackaging.com\/pl\/wp-json\/wp\/v2\/product_brand?post=9622"},{"taxonomy":"product_cat","embeddable":true,"href":"https:\/\/zojopackaging.com\/pl\/wp-json\/wp\/v2\/product_cat?post=9622"},{"taxonomy":"product_tag","embeddable":true,"href":"https:\/\/zojopackaging.com\/pl\/wp-json\/wp\/v2\/product_tag?post=9622"}],"curies":[{"name":"wp","href":"https:\/\/api.w.org\/{rel}","templated":true}]}}