{"id":9634,"date":"2025-04-03T09:23:19","date_gmt":"2025-04-03T01:23:19","guid":{"rendered":"https:\/\/zojopackaging.com\/?post_type=product&#038;p=9634"},"modified":"2025-04-03T10:03:07","modified_gmt":"2025-04-03T02:03:07","slug":"personalized-custom-small-jewelry-packaging-boxes-wholesale","status":"publish","type":"product","link":"https:\/\/zojopackaging.com\/pl\/product\/personalized-custom-small-jewelry-packaging-boxes-wholesale\/","title":{"rendered":"Spersonalizowane niestandardowe ma\u0142e pude\u0142ka do pakowania bi\u017cuterii hurtowo"},"content":{"rendered":"<h2 id=\"-i-product-core-highlights-\"><strong>1. Najwa\u017cniejsze cechy produktu<\/strong><\/h2>\n<ol>\n<li><strong>Inteligentny magnetyczny system zamykania<\/strong><\/li>\n<li>Przyjmuj\u0105c ukryt\u0105 magnetyczn\u0105 konstrukcj\u0119 ss\u0105c\u0105, mo\u017ce by\u0107 automatycznie adsorbowany i zamykany za pomoc\u0105 lekkiego naci\u015bni\u0119cia, \u017cegnaj\u0105c si\u0119 z niedogodno\u015bciami tradycyjnego prasowania lub wyboczenia, zwi\u0119kszaj\u0105c poczucie ceremonii otwierania i zamykania, nadaj\u0105c si\u0119 do sprzeda\u017cy detalicznej o wysokiej cz\u0119stotliwo\u015bci i scen upominkowych.<\/li>\n<li><strong>Precyzyjny proces t\u0142oczenia na gor\u0105co<\/strong><\/li>\n<li>Korzystaj\u0105c z importowanych materia\u0142\u00f3w do t\u0142oczenia na gor\u0105co i precyzyjnego sprz\u0119tu, nawet cienkie linie 0,5 mm lub ma\u0142e LOGO mog\u0105 by\u0107 wyra\u017anie zaprezentowane, a metaliczny po\u0142ysk tworzy silny wizualny kontrast z bia\u0142ym korpusem pude\u0142ka, natychmiast zwi\u0119kszaj\u0105c rozpoznawalno\u015b\u0107 marki i luksus.<\/li>\n<li><strong>Minimalistyczna estetyka<\/strong><\/li>\n<li>Korpus pude\u0142ka jest oparty na\u00a0<strong>czysta biel<\/strong>z t\u0142oczeniem na gor\u0105co\/srebrem, wyt\u0142aczaniem i innymi procesami, aby stworzy\u0107 prost\u0105, ale wysokiej klasy tekstur\u0119, kt\u00f3ra doskonale spe\u0142nia estetyczne potrzeby bi\u017cuterii i luksusowych towar\u00f3w do pakowania.<\/li>\n<li><strong>Ekskluzywna spersonalizowana podszewka<\/strong><\/li>\n<li>Zapewnia g\u0105bk\u0119 EVA, flanel\u0119, karton i inne materia\u0142y podszewkowe, obs\u0142uguje dostosowywanie formy 1: 1 zgodnie z kszta\u0142tem i rozmiarem produktu, zapewnia stabilne przechowywanie bi\u017cuterii i zapewnia wyj\u0105tkowe wra\u017cenia podczas rozpakowywania.<\/li>\n<\/ol>\n<h2 id=\"-ii-material-and-durability-\"><strong>2. Materia\u0142 i trwa\u0142o\u015b\u0107<\/strong><\/h2>\n<ul>\n<li><strong>Przyjazny dla \u015brodowiska materia\u0142 kompozytowy<\/strong>: Korpus pude\u0142ka wykonany jest z\u00a0<strong>Papier powlekany C2S 157 g<\/strong>\u00a0(delikatna i g\u0142adka powierzchnia, wysoka reprodukcja kolor\u00f3w) +\u00a0<strong>Twarda tektura 1200 g<\/strong>\u00a0(odporny na ci\u015bnienie i wilgo\u0107), kt\u00f3ry zosta\u0142 przetestowany pod k\u0105tem odporno\u015bci na r\u00f3\u017cnice temperatur od -20 \u2103 do 50 \u2103 i wstrz\u0105sy podczas transportu na du\u017ce odleg\u0142o\u015bci, aby zapewni\u0107 bezpiecze\u0144stwo produktu.<\/li>\n<li><strong>Obr\u00f3bka powierzchni<\/strong>: Opcjonalna folia matowa\/jasna, lokalny lakier UV, dodatkowo zwi\u0119kszaj\u0105cy wodoodporno\u015b\u0107 i odporno\u015b\u0107 na zu\u017cycie.<\/li>\n<\/ul>\n<h2 id=\"-iii-flexible-customization-service-\"><strong>3. Elastyczna us\u0142uga dostosowywania<\/strong><\/h2>\n<ul>\n<li><strong>Elastyczna minimalna ilo\u015b\u0107 zam\u00f3wienia<\/strong>: Obs\u0142uga dostosowywania ma\u0142ych partii przy minimalnym zam\u00f3wieniu 50 sztuk, a tak\u017ce mo\u017ce realizowa\u0107 du\u017ce zam\u00f3wienia partii 10 000 sztuk, z szybk\u0105 dostaw\u0105 w ci\u0105gu 7-15 dni.<\/li>\n<li><strong>Pe\u0142ne wsparcie projektowania proces\u00f3w<\/strong>: Dost\u0119pne s\u0105 bezp\u0142atne renderingi 3D i us\u0142ugi sprawdzania konstrukcji, a LOGO, wz\u00f3r, typ pude\u0142ka (pude\u0142ko kwadratowe \/ pude\u0142ko z szufladami \/ pude\u0142ko na ksi\u0105\u017cki) mo\u017cna spersonalizowa\u0107.<\/li>\n<li><strong>Adaptacja sceny<\/strong>: Zaprojektowany dla ma\u0142ych luksusowych przedmiot\u00f3w, takich jak pude\u0142ka na prezenty \u015blubne, wisiorki jubilerskie, pier\u015bcionki, zegarki itp., obs\u0142uguj\u0105cy dodatkowe akcesoria, takie jak pasuj\u0105ce wst\u0105\u017cki i kartki okoliczno\u015bciowe.<\/li>\n<\/ul>\n<h2 id=\"-fourth-service-commitment-\"><strong>4. Zobowi\u0105zanie do \u015bwiadczenia us\u0142ug<\/strong><\/h2>\n<ul>\n<li><strong>Zapewnienie jako\u015bci<\/strong>: Ca\u0142a linia przesz\u0142a certyfikacj\u0119 \u015brodowiskow\u0105 SGS i jest zgodna z normami UE ROHS.<\/li>\n<li><strong>Bezproblemowa obs\u0142uga posprzeda\u017cowa<\/strong>: \u015awiadczenie us\u0142ug o warto\u015bci dodanej, takich jak wymiana uszkodzonych element\u00f3w oraz magazynowanie i wysy\u0142ka, a tak\u017ce \u015bledzenie post\u0119p\u00f3w dostawy w ca\u0142ym procesie.<\/li>\n<\/ul>\n<p><strong>Proces wsp\u00f3\u0142pracy<\/strong>: Komunikacja z zapotrzebowaniem \u2192 Sprawdzanie projektu \u2192 Potwierdzenie produkcji \u2192 Kontrola jako\u015bci i wysy\u0142ka\u00a0<strong>Natychmiastowe dzia\u0142anie<\/strong>: Podaj rozmiar produktu lub szkic projektu i uzyskaj ekskluzywny plan wyceny w ci\u0105gu 24 godzin!<\/p>","protected":false},"excerpt":{"rendered":"<ul>\n<li>\u200b<strong>Estetyka klasy premium:<\/strong>\u00a0Bia\u0142o-z\u0142oty design emanuje ponadczasowym luksusem i nadaje si\u0119 do prezentacji bi\u017cuterii o wysokiej warto\u015bci.<\/li>\n<li>\u200b<strong>Przechowywanie ochronne:<\/strong>\u00a0Wy\u015bcie\u0142ane pluszem wn\u0119trze chroni delikatne przedmioty przed zarysowaniem lub uszkodzeniem.<\/li>\n<li>\u200b<strong>Niestandardowy branding:<\/strong>\u00a0Dodaj logo, frazy lub wyt\u0142oczone wzory, aby wzmocni\u0107 to\u017csamo\u015b\u0107 marki.<\/li>\n<li>\u200b<strong>Przyjazny dla luzem:<\/strong>\u00a0Wytrzyma\u0142a konstrukcja wspiera ekonomiczne zam\u00f3wienia hurtowe i wysy\u0142k\u0119.<\/li>\n<li>\u200b<strong>Uniwersalny rozmiar:<\/strong>\u00a0Pomie\u015bci pier\u015bcionki, kolczyki, bransoletki i ma\u0142e kolekcje kamieni szlachetnych.<\/li>\n<\/ul>","protected":false},"featured_media":9635,"template":"","meta":[],"product_brand":[],"product_cat":[30,415,424,31],"product_tag":[890,1231,1230],"class_list":{"0":"post-9634","1":"product","2":"type-product","3":"status-publish","4":"has-post-thumbnail","6":"product_cat-by-industry","7":"product_cat-custom-jewelry-boxes-by-industry","8":"product_cat-magnetic-closure-boxes","9":"product_cat-paper-box-style","10":"product_tag-custom-jewelry-packaging","11":"product_tag-personalized-custom-jewelry-packaging","12":"product_tag-small-jewelry-boxes","14":"first","15":"instock","16":"shipping-taxable","17":"product-type-grouped"},"_links":{"self":[{"href":"https:\/\/zojopackaging.com\/pl\/wp-json\/wp\/v2\/product\/9634","targetHints":{"allow":["GET"]}}],"collection":[{"href":"https:\/\/zojopackaging.com\/pl\/wp-json\/wp\/v2\/product"}],"about":[{"href":"https:\/\/zojopackaging.com\/pl\/wp-json\/wp\/v2\/types\/product"}],"version-history":[{"count":1,"href":"https:\/\/zojopackaging.com\/pl\/wp-json\/wp\/v2\/product\/9634\/revisions"}],"predecessor-version":[{"id":9641,"href":"https:\/\/zojopackaging.com\/pl\/wp-json\/wp\/v2\/product\/9634\/revisions\/9641"}],"wp:featuredmedia":[{"embeddable":true,"href":"https:\/\/zojopackaging.com\/pl\/wp-json\/wp\/v2\/media\/9635"}],"wp:attachment":[{"href":"https:\/\/zojopackaging.com\/pl\/wp-json\/wp\/v2\/media?parent=9634"}],"wp:term":[{"taxonomy":"product_brand","embeddable":true,"href":"https:\/\/zojopackaging.com\/pl\/wp-json\/wp\/v2\/product_brand?post=9634"},{"taxonomy":"product_cat","embeddable":true,"href":"https:\/\/zojopackaging.com\/pl\/wp-json\/wp\/v2\/product_cat?post=9634"},{"taxonomy":"product_tag","embeddable":true,"href":"https:\/\/zojopackaging.com\/pl\/wp-json\/wp\/v2\/product_tag?post=9634"}],"curies":[{"name":"wp","href":"https:\/\/api.w.org\/{rel}","templated":true}]}}