{"id":9642,"date":"2025-04-03T10:03:17","date_gmt":"2025-04-03T02:03:17","guid":{"rendered":"https:\/\/zojopackaging.com\/?post_type=product&#038;p=9642"},"modified":"2025-04-03T10:27:40","modified_gmt":"2025-04-03T02:27:40","slug":"custom-jewelry-earring-bracelet-necklace-boxes-wholesale","status":"publish","type":"product","link":"https:\/\/zojopackaging.com\/pl\/product\/custom-jewelry-earring-bracelet-necklace-boxes-wholesale\/","title":{"rendered":"Niestandardowa bi\u017cuteria Kolczyki Bransoletka Naszyjnik Pude\u0142ka Hurtownia"},"content":{"rendered":"<h2 id=\"-1-innovative-pull-out-design-reshaping-the-sense-of-box-opening-ceremony-\"><strong>1. Innowacyjny projekt papieru szufladowego, zmieniaj\u0105cy sens ceremonii otwierania pude\u0142ka<\/strong><\/h2>\n<p>-\u00a0<strong>Wygodne interaktywne do\u015bwiadczenie<\/strong>: Dzi\u0119ki opatentowanej wysuwanej konstrukcji u\u017cytkownicy musz\u0105 jedynie delikatnie poci\u0105gn\u0105\u0107 za wst\u0105\u017ck\u0119, aby p\u0142ynnie wyj\u0105\u0107 bi\u017cuteri\u0119 (kolczyki, bransoletki, naszyjniki itp.), unikaj\u0105c uci\u0105\u017cliwej obs\u0142ugi tradycyjnych pude\u0142ek z klapk\u0105 i zwi\u0119kszaj\u0105c poczucie ceremonii otwierania pude\u0142ka i zabawy. -\u00a0<strong>Humanizowana konstrukcja tacy wewn\u0119trznej<\/strong>: Dzi\u0119ki niestandardowej przesuwanej tacy wewn\u0119trznej + podk\u0142adce flanelowej zapobiegaj\u0105cej zadrapaniom, bi\u017cuteria jest bezpieczniejsza i wygodniejsza do przenoszenia i umieszczania, zapewniaj\u0105c jednocze\u015bnie pi\u0119kno wy\u015bwietlacza i zwi\u0119kszaj\u0105c satysfakcj\u0119 klienta.<\/p>\n<h2 id=\"-2-high-end-craftsmanship-and-environmentally-friendly-materials-interpreting-brand-texture-\"><strong>2. Wysokiej klasy rzemios\u0142o i przyjazne dla \u015brodowiska materia\u0142y, interpretuj\u0105ce tekstur\u0119 marki<\/strong><\/h2>\n<p>-\u00a0<strong>Technologia t\u0142oczenia na gor\u0105co i precyzyjny druk<\/strong>: Obs\u0142uguje t\u0142oczenie na gor\u0105co \/ gor\u0105ce srebro, wyt\u0142aczanie UV i inne procesy, dok\u0142adnie prezentuje logo marki, mikrotekst i z\u0142o\u017cone wzory oraz spe\u0142nia ostateczne d\u0105\u017cenie do szczeg\u00f3\u0142\u00f3w przez wysokiej klasy marki. -\u00a0<strong>Czterokolorowy nadruk + proces laminowania<\/strong>: Wykorzystuj\u0105c technologi\u0119 druku czterokolorowego Pantone, wsp\u00f3\u0142czynnik reprodukcji kolor\u00f3w wynosi ponad 98%, z laminowaniem matowym \/ b\u0142yszcz\u0105cym, odpornym na zarysowania i zu\u017cycie z wysokiej jako\u015bci dotykiem. -\u00a0<strong>Zr\u00f3wnowa\u017cone i przyjazne dla \u015brodowiska materia\u0142y<\/strong>:<\/p>\n<ul>\n<li><strong>Pude\u0142ko zewn\u0119trzne<\/strong>: Twarda tektura o gramaturze 1200 g, odporna na nacisk i trwa\u0142a;<\/li>\n<li><strong>Wewn\u0119trzna podszewka<\/strong>: 157g papier powlekany C2S, delikatny w dotyku, materia\u0142 100% nadaj\u0105cy si\u0119 do recyklingu, zgodny z mi\u0119dzynarodowymi normami ochrony \u015brodowiska.<\/li>\n<\/ul>\n<h2 id=\"-three-deep-brand-customization-unleash-unlimited-creativity-\"><strong>3. G\u0142\u0119bokie dostosowanie marki, uwolnienie nieograniczonej kreatywno\u015bci<\/strong><\/h2>\n<p>-\u00a0<strong>Pe\u0142ne dostosowanie scenariusza wewn\u0105trz i na zewn\u0105trz<\/strong>: Od g\u0142\u00f3wnego wygl\u0105du zewn\u0119trznego pude\u0142ka po uk\u0142ad wewn\u0119trznej tacy, obs\u0142uguje wszechstronny projekt 360 \u00b0 i elastycznie dostosowuje si\u0119 do systemu marki VI (kolor, wz\u00f3r, tekstura itp.). -\u00a0<strong>Aplikacja dla wielu scenariuszy<\/strong>: Konfigurowalne warstwowe przechowywanie bi\u017cuterii, kombinacja wielu specyfikacji (pojedyncze\/zestawowe pude\u0142ko upominkowe), aby zaspokoi\u0107 potrzeby wielu kategorii, takich jak bi\u017cuteria, zegarki i towary luksusowe.<\/p>\n<h2 id=\"-fourth-large-scale-intelligent-manufacturing-to-ensure-efficient-delivery-\"><strong>4. inteligentna produkcja na du\u017c\u0105 skal\u0119 w celu zapewnienia wydajnej dostawy<\/strong><\/h2>\n<p>-\u00a0<strong>W pe\u0142ni zautomatyzowana produkcja<\/strong>: Opieraj\u0105c si\u0119 na inteligentnym warsztacie 5320\u33a1 i niemieckim sprz\u0119cie drukarskim Heidelberg, osi\u0105ga dzienn\u0105 zdolno\u015b\u0107 produkcyjn\u0105 ponad 100 000 sztuk, obs\u0142uguj\u0105c ma\u0142e zam\u00f3wienia pr\u00f3bne do milion\u00f3w du\u017cych zam\u00f3wie\u0144. -\u00a0<strong>\u015acis\u0142a kontrola czasu dostawy i jako\u015bci<\/strong>: 15-dniowy standardowy cykl dostawy (7 dni w przypadku pilnych zam\u00f3wie\u0144), pe\u0142na kontrola jako\u015bci, aby zapewni\u0107 wydajno\u015b\u0107 produktu \u2265 99,8%, aby unikn\u0105\u0107 ryzyka zwi\u0105zanego z \u0142a\u0144cuchem dostaw.<\/p>\n<h2 id=\"-cooperation-process-\"><strong>Proces wsp\u00f3\u0142pracy<\/strong><\/h2>\n<ol>\n<li><strong>Komunikacja na \u017c\u0105danie<\/strong>: Dostarcz projekt lub zle\u0107 naszemu zespo\u0142owi zaprojektowanie i sprawdzenie za darmo;<\/li>\n<li><strong>Potwierdzenie materia\u0142u<\/strong>: Wyb\u00f3r papieru, procesu i struktury pude\u0142ka;<\/li>\n<li><strong>Przegl\u0105d sprawdzania<\/strong>: Dostarczenie pr\u00f3bek fizycznych w ci\u0105gu 3-5 dni roboczych;<\/li>\n<li><strong>Produkcja masowa<\/strong>: Szybka produkcja po potwierdzeniu, pe\u0142ne \u015bledzenie logistyczne.<\/li>\n<\/ol>","protected":false},"excerpt":{"rendered":"<p>Koncentrujemy si\u0119 na dostarczaniu wysokiej klasy niestandardowych rozwi\u0105za\u0144 opakowaniowych dla marek bi\u017cuterii, z innowacyjnym wzornictwem, wykwintnym kunsztem i wydajn\u0105 produkcj\u0105 jako podstaw\u0105, pomagaj\u0105c zwi\u0119kszy\u0107 warto\u015b\u0107 dodan\u0105 produktu i wizerunek marki.<\/p>","protected":false},"featured_media":9643,"template":"","meta":[],"product_brand":[],"product_cat":[30,415,31,426],"product_tag":[275,735,1232],"class_list":{"0":"post-9642","1":"product","2":"type-product","3":"status-publish","4":"has-post-thumbnail","6":"product_cat-by-industry","7":"product_cat-custom-jewelry-boxes-by-industry","8":"product_cat-paper-box-style","9":"product_cat-paper-drawer-boxes","10":"product_tag-custom-gift-boxes","11":"product_tag-custom-jewelry-boxes","12":"product_tag-earring-bracelet-boxes-wholesale","14":"first","15":"instock","16":"shipping-taxable","17":"product-type-grouped"},"_links":{"self":[{"href":"https:\/\/zojopackaging.com\/pl\/wp-json\/wp\/v2\/product\/9642","targetHints":{"allow":["GET"]}}],"collection":[{"href":"https:\/\/zojopackaging.com\/pl\/wp-json\/wp\/v2\/product"}],"about":[{"href":"https:\/\/zojopackaging.com\/pl\/wp-json\/wp\/v2\/types\/product"}],"version-history":[{"count":2,"href":"https:\/\/zojopackaging.com\/pl\/wp-json\/wp\/v2\/product\/9642\/revisions"}],"predecessor-version":[{"id":9657,"href":"https:\/\/zojopackaging.com\/pl\/wp-json\/wp\/v2\/product\/9642\/revisions\/9657"}],"wp:featuredmedia":[{"embeddable":true,"href":"https:\/\/zojopackaging.com\/pl\/wp-json\/wp\/v2\/media\/9643"}],"wp:attachment":[{"href":"https:\/\/zojopackaging.com\/pl\/wp-json\/wp\/v2\/media?parent=9642"}],"wp:term":[{"taxonomy":"product_brand","embeddable":true,"href":"https:\/\/zojopackaging.com\/pl\/wp-json\/wp\/v2\/product_brand?post=9642"},{"taxonomy":"product_cat","embeddable":true,"href":"https:\/\/zojopackaging.com\/pl\/wp-json\/wp\/v2\/product_cat?post=9642"},{"taxonomy":"product_tag","embeddable":true,"href":"https:\/\/zojopackaging.com\/pl\/wp-json\/wp\/v2\/product_tag?post=9642"}],"curies":[{"name":"wp","href":"https:\/\/api.w.org\/{rel}","templated":true}]}}