{"id":9650,"date":"2025-04-03T10:13:03","date_gmt":"2025-04-03T02:13:03","guid":{"rendered":"https:\/\/zojopackaging.com\/?post_type=product&#038;p=9650"},"modified":"2025-04-03T10:28:51","modified_gmt":"2025-04-03T02:28:51","slug":"collapsible-rigid-gift-boxes-wholesale-with-magnetic-closure","status":"publish","type":"product","link":"https:\/\/zojopackaging.com\/pl\/product\/collapsible-rigid-gift-boxes-wholesale-with-magnetic-closure\/","title":{"rendered":"Sk\u0142adane sztywne pude\u0142ka na prezenty hurtowo z magnetycznym zamkni\u0119ciem"},"content":{"rendered":"<h2 id=\"-i-structural-innovation-magnetic-folding-dual-effect-in-one-\"><strong>1. Innowacja strukturalna: podw\u00f3jny efekt zamkni\u0119cia magnetycznego w jednym<\/strong><\/h2>\n<ol>\n<li><strong>Inteligentny magnetyczny system uszczelniaj\u0105cy<\/strong>\u00a0Przyjmuje konstrukcj\u0119 zamkni\u0119tego obwodu magnetycznego, z si\u0142\u0105 adsorpcji 3-5N. Podczas otwierania i zamykania towarzyszy mu wyra\u017ane \"klikni\u0119cie\" i jest \u0142atwy w obs\u0142udze jedn\u0105 r\u0119k\u0105, unikaj\u0105c problemu \u0142atwego zu\u017cycia tradycyjnych klamer.<\/li>\n<li><strong>Sk\u0142adana konstrukcja<\/strong>\u00a0Jednocz\u0119\u015bciowa sk\u0142adana struktura jest realizowana poprzez precyzyjny proces wci\u0119cia. Po roz\u0142o\u017ceniu tworzy stabilny sze\u015bcio\u015bcian. Mo\u017cna go sp\u0142aszczy\u0107 podczas transportu, aby zaoszcz\u0119dzi\u0107 80% miejsca. U\u017cytkownik ko\u0144cowy mo\u017ce go szybko uformowa\u0107 w 3 sekundy, bior\u0105c pod uwag\u0119 ochron\u0119 \u015brodowiska i wydajno\u015b\u0107 logistyczn\u0105.<\/li>\n<\/ol>\n<h2 id=\"-ii-visual-aesthetics-marble-texture-interprets-light-luxury-texture-\"><strong>2. Estetyka wizualna: tekstura marmuru interpretuje luksusow\u0105 tekstur\u0119 \u015bwiat\u0142a<\/strong><\/h2>\n<ol>\n<li><strong>Technologia powierzchniowa<\/strong><\/li>\n<li>Korzystaj\u0105c z importowanej z W\u0142och technologii transferu UV imitacji marmuru, linie tekstury s\u0105 tak naturalne jak kamie\u0144 naturalny, opcjonalnie dost\u0119pne s\u0105 trzy kolory: czarne z\u0142oto\/bia\u0142a szaro\u015b\u0107\/niebieska mgie\u0142ka i obs\u0142uga dostosowywania tekstury 1:1 na wy\u0142\u0105czno\u015b\u0107 klienta.<\/li>\n<li>Powierzchnia pokryta jest matowo-b\u0142yszcz\u0105c\u0105 pow\u0142ok\u0105 z podw\u00f3jnym efektem, kt\u00f3ra jest delikatna i zapobiega pozostawianiu odcisk\u00f3w palc\u00f3w, a twardo\u015b\u0107 w skali Mohsa osi\u0105ga 3H odporno\u015bci na zarysowania.<\/li>\n<li><strong>Adaptacja sceny<\/strong>\u00a0Ma zastosowanie do wysokiej klasy kosmetyk\u00f3w (takich jak pude\u0142ka upominkowe z esencj\u0105), towar\u00f3w luksusowych (zegarki\/bi\u017cuteria), prezent\u00f3w biznesowych (niestandardowe przybory do wina) i innych scen. Projekt tekstury jest kalibrowany za pomoc\u0105 kart kolor\u00f3w Pantone, aby zapewni\u0107 wysok\u0105 sp\u00f3jno\u015b\u0107 z systemem marki VI.<\/li>\n<\/ol>\n<h2 id=\"-iii-materials-and-processes-military-grade-quality-control-standards-\"><strong>3. Materia\u0142y i procesy: Wojskowe standardy kontroli jako\u015bci<\/strong><\/h2>\n<ol>\n<li><strong>Pod\u0142o\u017ce kompozytowe<\/strong><\/li>\n<li>Korpus pude\u0142ka przyjmuje szar\u0105 p\u0142yt\u0119 o grubo\u015bci 1,5 mm + importowan\u0105 holendersk\u0105 struktur\u0119 kompozytow\u0105, kt\u00f3ra mo\u017ce wytrzyma\u0107 5 kg bez deformacji i przesz\u0142a certyfikat testu transportowego ISTA 3A.<\/li>\n<li>Kraw\u0119d\u017a jest polerowana pod k\u0105tem 45\u00b0, a sp\u00f3d jest pokryty antypo\u015blizgow\u0105 silikonow\u0105 podk\u0142adk\u0105, aby zapewni\u0107 stabilno\u015b\u0107 wy\u015bwietlacza.<\/li>\n<li><strong>Dok\u0142adno\u015b\u0107 przetwarzania<\/strong>\u00a0B\u0142\u0105d ci\u0119cia laserowego \u22640,2 mm, tolerancja pozycji osadzenia magnesu \u00b10,1 mm, z 16 procesami kontroli jako\u015bci (w tym test upuszczenia\/temperatury i cyklu wilgotno\u015bci\/magnetycznego zasysania).<\/li>\n<\/ol>\n<h2 id=\"-fourth-enhance-the-sense-of-ceremony-customizable-decoration-system-\"><strong>4. Wzmocnienie poczucia ceremonii: konfigurowalny system dekoracji<\/strong><\/h2>\n<ol>\n<li><strong>Modu\u0142 dekoracyjny wst\u0105\u017cki<\/strong><\/li>\n<li>Standardowa jedwabna wst\u0105\u017cka o szeroko\u015bci 1,5 cm, dost\u0119pna w trzech kolorach: klasycznym szampa\u0144skim z\u0142ocie \/ bordowym czerwonym \/ granatowym, obs\u0142uguje t\u0142oczenie na gor\u0105co LOGO marki lub s\u0142\u00f3w b\u0142ogos\u0142awie\u0144stwa.<\/li>\n<li>Opcjonalna magnetyczna klamra ze wst\u0105\u017ck\u0105 zapewnia interaktywne do\u015bwiadczenie \"jednego poci\u0105gni\u0119cia, aby otworzy\u0107\", a poczucie ceremonii otwierania pude\u0142ka jest zwi\u0119kszone o 300%.<\/li>\n<li><strong>Niestandardowa podszewka<\/strong><\/li>\n<li>Przyj\u0119cie wewn\u0119trznego wsparcia kompozytowego EVA + aksamitu, obs\u0142uga wielu struktur, takich jak wy\u015bwietlacz warstwowy \/ rowkowany \/ zawieszony, wsp\u00f3\u0142czynnik pokrycia gamy kolor\u00f3w RGB osi\u0105ga 98% i obs\u0142uguje dopasowywanie kolor\u00f3w punktowych Pantone.<\/li>\n<li>Ciemna siatka mo\u017ce by\u0107 osadzona z chipem NFC lub interaktywnym tagiem AR, aby poprawi\u0107 cyfrowe wra\u017cenia marki.<\/li>\n<\/ol>","protected":false},"excerpt":{"rendered":"<p>Luksusowy wygl\u0105d: Marmurowa tekstura natychmiast podnosi postrzeganie marki<br \/>\nEfektywno\u015b\u0107 kosztowa: Ceny hurtowe zmniejszaj\u0105 koszty jednostkowe o 30%<br \/>\nWytrzyma\u0142o\u015b\u0107: Wzmocnione kraw\u0119dzie chroni\u0105 produkty podczas transportu<br \/>\n\u0141atwy monta\u017c: Wst\u0119pnie zaprogramowane sk\u0142adanie w 60 sekund<\/p>","protected":false},"featured_media":9651,"template":"","meta":[],"product_brand":[],"product_cat":[30,415,428,31],"product_tag":[1233,1235,1234],"class_list":{"0":"post-9650","1":"product","2":"type-product","3":"status-publish","4":"has-post-thumbnail","6":"product_cat-by-industry","7":"product_cat-custom-jewelry-boxes-by-industry","8":"product_cat-irregular-shaped-gift-boxes","9":"product_cat-paper-box-style","10":"product_tag-collapsible-gift-boxes","11":"product_tag-magnetic-closure-gift-boxes","12":"product_tag-rigid-gift-boxes-wholesale","14":"first","15":"instock","16":"shipping-taxable","17":"product-type-grouped"},"_links":{"self":[{"href":"https:\/\/zojopackaging.com\/pl\/wp-json\/wp\/v2\/product\/9650","targetHints":{"allow":["GET"]}}],"collection":[{"href":"https:\/\/zojopackaging.com\/pl\/wp-json\/wp\/v2\/product"}],"about":[{"href":"https:\/\/zojopackaging.com\/pl\/wp-json\/wp\/v2\/types\/product"}],"version-history":[{"count":1,"href":"https:\/\/zojopackaging.com\/pl\/wp-json\/wp\/v2\/product\/9650\/revisions"}],"predecessor-version":[{"id":9658,"href":"https:\/\/zojopackaging.com\/pl\/wp-json\/wp\/v2\/product\/9650\/revisions\/9658"}],"wp:featuredmedia":[{"embeddable":true,"href":"https:\/\/zojopackaging.com\/pl\/wp-json\/wp\/v2\/media\/9651"}],"wp:attachment":[{"href":"https:\/\/zojopackaging.com\/pl\/wp-json\/wp\/v2\/media?parent=9650"}],"wp:term":[{"taxonomy":"product_brand","embeddable":true,"href":"https:\/\/zojopackaging.com\/pl\/wp-json\/wp\/v2\/product_brand?post=9650"},{"taxonomy":"product_cat","embeddable":true,"href":"https:\/\/zojopackaging.com\/pl\/wp-json\/wp\/v2\/product_cat?post=9650"},{"taxonomy":"product_tag","embeddable":true,"href":"https:\/\/zojopackaging.com\/pl\/wp-json\/wp\/v2\/product_tag?post=9650"}],"curies":[{"name":"wp","href":"https:\/\/api.w.org\/{rel}","templated":true}]}}