{"id":9659,"date":"2025-04-03T10:29:14","date_gmt":"2025-04-03T02:29:14","guid":{"rendered":"https:\/\/zojopackaging.com\/?post_type=product&#038;p=9659"},"modified":"2025-04-03T10:53:41","modified_gmt":"2025-04-03T02:53:41","slug":"custom-candle-mailing-shipping-packaging-boxes-wholesale","status":"publish","type":"product","link":"https:\/\/zojopackaging.com\/pl\/product\/custom-candle-mailing-shipping-packaging-boxes-wholesale\/","title":{"rendered":"Niestandardowe opakowania wysy\u0142kowe na \u015bwiece Sprzeda\u017c hurtowa"},"content":{"rendered":"<h2 id=\"1-corrugated-paper-material-anti-pressure-and-anti-collision-\">1.\u00a0<strong>Materia\u0142 z papieru falistego, odporny na nacisk i kolizje<\/strong><\/h2>\n<p>Materia\u0142 z papieru falistego o wysokiej g\u0119sto\u015bci (taki jak flet A, flet B lub kombinacja flet\u00f3w EB) s\u0142u\u017cy do rozpraszania uderzenia si\u0142y zewn\u0119trznej przez falist\u0105 struktur\u0119 papieru rdzenia.<\/p>\n<h2 id=\"2-innovative-tearable-design-to-enhance-the-unpacking-experience-\">2.\u00a0<strong>Innowacyjna konstrukcja, kt\u00f3r\u0105 mo\u017cna rozerwa\u0107, aby poprawi\u0107 wra\u017cenia podczas rozpakowywania<\/strong><\/h2>\n<p>W opakowaniu zastosowano nieprzylepn\u0105 papierow\u0105 lini\u0119 rozrywania. U\u017cytkownicy musz\u0105 tylko delikatnie poci\u0105gn\u0105\u0107, aby otworzy\u0107 je bez uszkodze\u0144, co jest zar\u00f3wno przyjazne dla \u015brodowiska, jak i uroczyste. Ten projekt jest szczeg\u00f3lnie odpowiedni dla scenariuszy handlu elektronicznego, zmniejszaj\u0105c niedogodno\u015bci zwi\u0105zane z u\u017cywaniem narz\u0119dzi przez klient\u00f3w, jednocze\u015bnie zwi\u0119kszaj\u0105c punkty pami\u0119ci interakcji z mark\u0105. W po\u0142\u0105czeniu z koncepcj\u0105 rozpakowywania \"2S\", proces jest uproszczony, aby rozpakowywanie by\u0142o przyjemnym do\u015bwiadczeniem.<\/p>\n<h2 id=\"3-double-sided-macaron-color-printing-visual-appeal-max-\">3.\u00a0<strong>Dwustronny kolorowy nadruk macaron, atrakcyjno\u015b\u0107 wizualna MAX<\/strong><\/h2>\n<p>Zastosowanie kolor\u00f3w makaronu o niskim nasyceniu (takich jak mi\u0119towa ziele\u0144, migda\u0142owy fiolet, klonowa mgie\u0142ka w proszku), w po\u0142\u0105czeniu z wysoce precyzyjn\u0105 technologi\u0105 druku dwustronnego, zapewnia mi\u0119kki i warstwowy efekt wizualny. Druk punktowy i technologia powlekania UV zapewniaj\u0105, \u017ce wz\u00f3r jest jasny i trwa\u0142y, odpowiedni do wy\u015bwietlania w mediach spo\u0142eczno\u015bciowych i offline oraz zwi\u0119ksza rozpoznawalno\u015b\u0107 marki.<\/p>\n<h2 id=\"4-in-depth-brand-customization-conveying-a-unique-story-\">4.\u00a0<strong>Dog\u0142\u0119bna personalizacja marki, przekazuj\u0105ca unikaln\u0105 histori\u0119<\/strong><\/h2>\n<p>Obs\u0142uguje spersonalizowany projekt w pe\u0142nym procesie, od typu pude\u0142ka (dolna i dolna pokrywa, klapka, szuflada) po wz\u00f3r i logo, kt\u00f3re mo\u017cna dostosowa\u0107. W po\u0142\u0105czeniu z tonem marki klienta, logo firmy i historia kulturowa s\u0105 zintegrowane z opakowaniem, na przyk\u0142ad poprzez t\u0142oczenie na gor\u0105co, wyt\u0142aczan\u0105 tekstur\u0119 lub sitodruk, aby pokaza\u0107 wysokiej jako\u015bci tekstur\u0119. Ka\u017cde pude\u0142ko jest nie tylko pojemnikiem, ale tak\u017ce no\u015bnikiem narracji marki.<\/p>\n<h2 id=\"5-flexible-size-and-structure-adaptation-\">5.\u00a0<strong>Elastyczne dostosowanie rozmiaru i struktury<\/strong><\/h2>\n<p>W zale\u017cno\u015bci od rozmiaru \u015bwiecy, ilo\u015bci i wymaga\u0144 dotycz\u0105cych wy\u015bwietlania, zapewniamy niestandardowe rozwi\u0105zania od pojedynczych produkt\u00f3w po wiele kombinacji. Podszewka mo\u017ce by\u0107 zaprojektowana jako siatka wtykowa EVA, przegroda z tektury falistej lub taca flokowana, aby zapewni\u0107 stabilno\u015b\u0107 transportu. Obs\u0142uguje kreatywne struktury, takie jak pude\u0142ka o specjalnym kszta\u0142cie i pude\u0142ka w kszta\u0142cie ksi\u0105\u017cki, aby zaspokoi\u0107 potrzeby \u015bwi\u0105tecznych pude\u0142ek na prezenty, limitowanych edycji i innych scenariuszy.<\/p>\n<h2 id=\"6-experienced-design-team-3d-modeling-full-process-support-\">6.\u00a0<strong>Do\u015bwiadczony zesp\u00f3\u0142 projektant\u00f3w, pe\u0142ne wsparcie procesu modelowania 3D<\/strong><\/h2>\n<p>Wyposa\u017cony w profesjonalnych projektant\u00f3w i zespo\u0142y modelowania 3D, od szkic\u00f3w koncepcyjnych po weryfikacj\u0119 gotowego produktu, pe\u0142na wsp\u00f3\u0142praca. Dzi\u0119ki technologii wirtualnego modelowania klienci mog\u0105 podejrze\u0107 efekt opakowania i dostosowa\u0107 szczeg\u00f3\u0142y w czasie rzeczywistym (takie jak pozycja otwarcia okna, krzywizna linii \u0142ezki). Obudowy obejmuj\u0105 wysokiej klasy aromaterapi\u0119, prezenty \u015bwi\u0105teczne i inne kategorie, aby zapewni\u0107 wysok\u0105 zgodno\u015b\u0107 projektu z rzeczywistym produktem.<\/p>\n<h2 id=\"7-scaled-production-and-quality-control-\">7.\u00a0<strong>Skalowana produkcja i kontrola jako\u015bci<\/strong><\/h2>\n<p>Fabryka ma 16-letnie do\u015bwiadczenie w bran\u017cy poligraficznej, a znormalizowany warsztat o powierzchni 5 320 metr\u00f3w kwadratowych jest wyposa\u017cony w pe\u0142ni zautomatyzowane maszyny sztancuj\u0105ce, linie druku cyfrowego i systemy kontroli jako\u015bci. Obs\u0142uguje dostosowywanie ma\u0142ych partii (500 sztuk lub wi\u0119cej) i du\u017cych zam\u00f3wie\u0144 seryjnych, z kr\u00f3tkimi cyklami dostaw i \u015bcis\u0142\u0105 kontrol\u0105 jako\u015bci (b\u0142\u0105d \u2264 0,2 cm). Dzi\u0119ki certyfikacji ISO i doborowi materia\u0142\u00f3w przyjaznych dla \u015brodowiska zapewniamy, \u017ce produkt spe\u0142nia krajowe i mi\u0119dzynarodowe standardy transportu.<\/p>\n<h2 id=\"-applicable-scenarios-and-customer-value-\"><strong>Odpowiednie scenariusze i warto\u015b\u0107 dla klienta<\/strong><\/h2>\n<ul>\n<li><strong>Logistyka handlu elektronicznego<\/strong>: Odporna na \u015bciskanie struktura + odrywana konstrukcja, zmniejszaj\u0105 straty transportowe i zwi\u0119kszaj\u0105 wska\u017anik odkupu przez klient\u00f3w.<\/li>\n<li><strong>Marketing marki<\/strong>: Dopasowanie kolor\u00f3w Macaron i niestandardowe elementy przyci\u0105gaj\u0105 m\u0142odych konsument\u00f3w i pomagaj\u0105 rozprzestrzenia\u0107 si\u0119 w mediach spo\u0142eczno\u015bciowych.<\/li>\n<li><strong>Wysokiej klasy prezenty<\/strong>: Technologia modelowania 3D po\u0142\u0105czona z t\u0142oczeniem na gor\u0105co \/ sitodrukiem, aby stworzy\u0107 lekkie, luksusowe wra\u017cenia podczas rozpakowywania.<\/li>\n<\/ul>","protected":false},"excerpt":{"rendered":"<p>Podnie\u015b postrzeganie marki dzi\u0119ki opakowaniu o jako\u015bci galerii.<br \/>\nOgraniczenie uszkodze\u0144 podczas transportu dzi\u0119ki konstrukcji odpornej na zgniatanie.<br \/>\nUsprawnienie zam\u00f3wie\u0144 masowych dzi\u0119ki modu\u0142owej, oszcz\u0119dzaj\u0105cej miejsce konstrukcji.<br \/>\nZgodno\u015b\u0107 z warto\u015bciami ekologicznymi przy u\u017cyciu materia\u0142\u00f3w biodegradowalnych.<\/p>","protected":false},"featured_media":9660,"template":"","meta":[],"product_brand":[],"product_cat":[30,416,31,433],"product_tag":[1236,1237,549],"class_list":{"0":"post-9659","1":"product","2":"type-product","3":"status-publish","4":"has-post-thumbnail","6":"product_cat-by-industry","7":"product_cat-custom-candle-boxes","8":"product_cat-paper-box-style","9":"product_cat-shipping-mailer-boxes","10":"product_tag-candle-mailing-boxes","11":"product_tag-candle-shipping-boxes-wholesale","12":"product_tag-custom-candle-boxes","14":"first","15":"instock","16":"shipping-taxable","17":"product-type-grouped"},"_links":{"self":[{"href":"https:\/\/zojopackaging.com\/pl\/wp-json\/wp\/v2\/product\/9659","targetHints":{"allow":["GET"]}}],"collection":[{"href":"https:\/\/zojopackaging.com\/pl\/wp-json\/wp\/v2\/product"}],"about":[{"href":"https:\/\/zojopackaging.com\/pl\/wp-json\/wp\/v2\/types\/product"}],"version-history":[{"count":1,"href":"https:\/\/zojopackaging.com\/pl\/wp-json\/wp\/v2\/product\/9659\/revisions"}],"predecessor-version":[{"id":9666,"href":"https:\/\/zojopackaging.com\/pl\/wp-json\/wp\/v2\/product\/9659\/revisions\/9666"}],"wp:featuredmedia":[{"embeddable":true,"href":"https:\/\/zojopackaging.com\/pl\/wp-json\/wp\/v2\/media\/9660"}],"wp:attachment":[{"href":"https:\/\/zojopackaging.com\/pl\/wp-json\/wp\/v2\/media?parent=9659"}],"wp:term":[{"taxonomy":"product_brand","embeddable":true,"href":"https:\/\/zojopackaging.com\/pl\/wp-json\/wp\/v2\/product_brand?post=9659"},{"taxonomy":"product_cat","embeddable":true,"href":"https:\/\/zojopackaging.com\/pl\/wp-json\/wp\/v2\/product_cat?post=9659"},{"taxonomy":"product_tag","embeddable":true,"href":"https:\/\/zojopackaging.com\/pl\/wp-json\/wp\/v2\/product_tag?post=9659"}],"curies":[{"name":"wp","href":"https:\/\/api.w.org\/{rel}","templated":true}]}}