{"id":9667,"date":"2025-04-03T10:53:49","date_gmt":"2025-04-03T02:53:49","guid":{"rendered":"https:\/\/zojopackaging.com\/?post_type=product&#038;p=9667"},"modified":"2025-04-03T11:24:27","modified_gmt":"2025-04-03T03:24:27","slug":"custom-vip-card-credit-shipping-mailer-boxes-wholesale","status":"publish","type":"product","link":"https:\/\/zojopackaging.com\/pl\/product\/custom-vip-card-credit-shipping-mailer-boxes-wholesale\/","title":{"rendered":"Niestandardowe pude\u0142ka wysy\u0142kowe na karty kredytowe Vip hurtowo"},"content":{"rendered":"<h2 id=\"1-high-strength-corrugated-paper-protection-\">1.\u00a0<strong>Ochrona z papieru falistego o wysokiej wytrzyma\u0142o\u015bci<\/strong><\/h2>\n<p>Zastosowano wielowarstwow\u0105 struktur\u0119 tektury falistej. Falisty rdze\u0144 papierowy skutecznie poch\u0142ania energi\u0119 uderzenia podczas transportu i rozprasza ci\u015bnienie zewn\u0119trzne. Nadaje si\u0119 szczeg\u00f3lnie do transportu przedmiot\u00f3w o wysokiej warto\u015bci i wysokiej ochronie, takich jak karty VIP i delikatne produkty elektroniczne. Wytrzyma\u0142o\u015b\u0107 na \u015bciskanie mo\u017ce by\u0107 ponad 3 razy wi\u0119ksza ni\u017c w przypadku podobnych zwyk\u0142ych karton\u00f3w, zapewniaj\u0105c, \u017ce towary pozostan\u0105 nienaruszone podczas uk\u0142adania w stosy lub uderzania.<\/p>\n<h2 id=\"2-patented-airplane-box-structure-\">2.\u00a0<strong>Opatentowana konstrukcja skrzynki pocztowej<\/strong><\/h2>\n<p>Innowacyjne zastosowanie technologii blokowania j\u0119zyka i wst\u0119pnego prasowania zagniece\u0144 umo\u017cliwia szybkie formowanie w ci\u0105gu 1 sekundy, bez konieczno\u015bci uszczelniania dna ta\u015bm\u0105, co znacznie poprawia wydajno\u015b\u0107 pakowania. Po zamkni\u0119ciu korpusu pude\u0142ka jest on mocowany za pomoc\u0105 samoblokuj\u0105cej struktury, a bok nie jest \u0142atwy do otwarcia, unikaj\u0105c wady \u0142atwego poluzowania tradycyjnego uszczelnienia ta\u015bmowego i zgodnie z koncepcj\u0105 ochrony \u015brodowiska.<\/p>\n<h2 id=\"3-aesthetic-and-functional-integration-design-\">3.\u00a0<strong>Estetyczny i funkcjonalny projekt integracyjny<\/strong><\/h2>\n<ul>\n<li><strong>Estetyka wizualna<\/strong>: Korpus pude\u0142ka przyjmuje jasne kolory jako g\u0142\u00f3wny kolor (takie jak kremowy \u017c\u00f3\u0142ty, zamglony niebieski, owsiana biel itp.), w po\u0142\u0105czeniu z matowym wykonaniem i cz\u0119\u015bciowym t\u0142oczeniem na gor\u0105co \/ zdobieniem UV, aby stworzy\u0107 wysokiej klasy i elegancki wizerunek marki, kt\u00f3ry pasuje do wyr\u00f3\u017cniaj\u0105cej si\u0119 pozycji produkt\u00f3w kart VIP.<\/li>\n<li><strong>Mo\u017cliwo\u015b\u0107 dostosowania druku<\/strong>: Obs\u0142uguje 4-kolorowy druk offsetowy, dostosowywanie kolor\u00f3w dodatkowych, wyt\u0142aczanie i inne procesy, kompatybilne z potrzebami drukowania wielu element\u00f3w, takich jak LOGO, slogany marki, logo zapobiegaj\u0105ce podrabianiu itp. w celu zaspokojenia niestandardowych potrzeb wielu dziedzin, takich jak finanse, towary luksusowe i us\u0142ugi cz\u0142onkowskie.<\/li>\n<\/ul>\n<h2 id=\"4-16-years-of-professional-printing-manufacturing-experience-\">4.\u00a0<strong>16 lat profesjonalnego do\u015bwiadczenia w produkcji drukarek<\/strong><\/h2>\n<p>Fabryka jest wyposa\u017cona w nowoczesne centrum przemys\u0142owe o powierzchni 5 000\u33a1, obejmuj\u0105ce urz\u0105dzenia do przygotowania do druku \/ post-press, takie jak w pe\u0142ni automatyczne maszyny sztancuj\u0105ce, szybkie maszyny do druku offsetowego i maszyny do t\u0142oczenia na gor\u0105co, aby zapewni\u0107 pe\u0142n\u0105 kontrol\u0119 jako\u015bci procesu od projektu do gotowych produkt\u00f3w. Przeszed\u0142 certyfikacj\u0119 zarz\u0105dzania jako\u015bci\u0105 ISO, z roczn\u0105 zdolno\u015bci\u0105 produkcyjn\u0105 30 milion\u00f3w sztuk, wspieraj\u0105c elastyczn\u0105 produkcj\u0119 seryjn\u0105 przy minimalnym zam\u00f3wieniu 500 sztuk.<\/p>\n<h2 id=\"5-one-stop-packaging-solution-\">5.\u00a0<strong>Kompleksowe rozwi\u0105zanie opakowaniowe<\/strong><\/h2>\n<ul>\n<li><strong>Us\u0142uga dostosowana do potrzeb klienta<\/strong>: Zapewnienie pe\u0142nej personalizacji, takiej jak projekt pude\u0142ka, wyb\u00f3r materia\u0142u (np. papier artystyczny o wysokiej gramaturze, przyjazny dla \u015brodowiska papier z recyklingu), ulepszenia funkcji (widoczne okienko, magnetyczne otwieranie i zamykanie) itp. w celu dostosowania do r\u00f3\u017cnych scenariuszy bran\u017cowych.<\/li>\n<li><strong>Inteligentne wsparcie \u0142a\u0144cucha dostaw<\/strong>: Podgl\u0105d rendering\u00f3w 3D w czasie rzeczywistym za po\u015brednictwem platformy projektowej online, obs\u0142uga przesy\u0142ania plik\u00f3w i edycji szablon\u00f3w, w po\u0142\u0105czeniu z ca\u0142odobow\u0105 obs\u0142ug\u0105 klienta, w celu osi\u0105gni\u0119cia pe\u0142nego zarz\u0105dzania cyfrowego od zapytania do dostawy.<\/li>\n<\/ul>","protected":false},"excerpt":{"rendered":"<p>Uniwersalny rozmiar pasuje do kart kredytowych, podarunkowych i chip\u00f3w RFID<br \/>\nIntegracja niestandardowego logo (&lt;2 godziny konfiguracji dla sta\u0142ych klient\u00f3w)<br \/>\nWyko\u0144czenie na wysoki po\u0142ysk zwi\u0119ksza postrzegan\u0105 warto\u015b\u0107 o 68% (ankiety przeprowadzone w\u015br\u00f3d klient\u00f3w).<br \/>\n35% szybszy monta\u017c w por\u00f3wnaniu ze standardowym opakowaniem (konstrukcja blokuj\u0105ca)<br \/>\nKonstrukcja bez plastiku 100% spe\u0142nia dyrektywy UE dotycz\u0105ce zr\u00f3wnowa\u017conego rozwoju<\/p>","protected":false},"featured_media":9673,"template":"","meta":[],"product_brand":[],"product_cat":[30,413,31,433],"product_tag":[1239,1240,1238],"class_list":{"0":"post-9667","1":"product","2":"type-product","3":"status-publish","4":"has-post-thumbnail","6":"product_cat-by-industry","7":"product_cat-consumer-electronics-boxes","8":"product_cat-paper-box-style","9":"product_cat-shipping-mailer-boxes","10":"product_tag-custom-vip-credit-boxes","11":"product_tag-vip-card-credit-mailer-boxes","12":"product_tag-vip-card-mailer-boxes","14":"first","15":"instock","16":"shipping-taxable","17":"product-type-grouped"},"_links":{"self":[{"href":"https:\/\/zojopackaging.com\/pl\/wp-json\/wp\/v2\/product\/9667","targetHints":{"allow":["GET"]}}],"collection":[{"href":"https:\/\/zojopackaging.com\/pl\/wp-json\/wp\/v2\/product"}],"about":[{"href":"https:\/\/zojopackaging.com\/pl\/wp-json\/wp\/v2\/types\/product"}],"version-history":[{"count":1,"href":"https:\/\/zojopackaging.com\/pl\/wp-json\/wp\/v2\/product\/9667\/revisions"}],"predecessor-version":[{"id":9674,"href":"https:\/\/zojopackaging.com\/pl\/wp-json\/wp\/v2\/product\/9667\/revisions\/9674"}],"wp:featuredmedia":[{"embeddable":true,"href":"https:\/\/zojopackaging.com\/pl\/wp-json\/wp\/v2\/media\/9673"}],"wp:attachment":[{"href":"https:\/\/zojopackaging.com\/pl\/wp-json\/wp\/v2\/media?parent=9667"}],"wp:term":[{"taxonomy":"product_brand","embeddable":true,"href":"https:\/\/zojopackaging.com\/pl\/wp-json\/wp\/v2\/product_brand?post=9667"},{"taxonomy":"product_cat","embeddable":true,"href":"https:\/\/zojopackaging.com\/pl\/wp-json\/wp\/v2\/product_cat?post=9667"},{"taxonomy":"product_tag","embeddable":true,"href":"https:\/\/zojopackaging.com\/pl\/wp-json\/wp\/v2\/product_tag?post=9667"}],"curies":[{"name":"wp","href":"https:\/\/api.w.org\/{rel}","templated":true}]}}