{"id":9675,"date":"2025-04-03T11:25:30","date_gmt":"2025-04-03T03:25:30","guid":{"rendered":"https:\/\/zojopackaging.com\/?post_type=product&#038;p=9675"},"modified":"2025-04-03T12:04:40","modified_gmt":"2025-04-03T04:04:40","slug":"custom-perfume-atomizer-magnetic-closure-gift-boxes-factory","status":"publish","type":"product","link":"https:\/\/zojopackaging.com\/pl\/product\/custom-perfume-atomizer-magnetic-closure-gift-boxes-factory\/","title":{"rendered":"Niestandardowe perfumy Atomizer Magnetyczne zamkni\u0119cie Fabryka pude\u0142ek na prezenty"},"content":{"rendered":"<h2 id=\"1-magnetic-box-design-embedded-magnets-high-end-and-durable\">1. Konstrukcja pude\u0142ka magnetycznego: wbudowane magnesy, wysokiej klasy i trwa\u0142e<\/h2>\n<p>Zastosowano konstrukcj\u0119 z wbudowanym magnesem, a magnetyczne elementy mocuj\u0105ce s\u0105 ca\u0142kowicie osadzone wewn\u0105trz korpusu skrzynki, aby unikn\u0105\u0107 problemu \u0142atwego zu\u017cycia i zarysowa\u0144 tradycyjnych ods\u0142oni\u0119tych magnes\u00f3w. Magnetyczne otwieranie i zamykanie jest p\u0142ynne i g\u0142adkie, a po zamkni\u0119ciu \u015bci\u015ble przylega. Dzi\u0119ki ciemnym metalowym akcesoriom, opakowanie sprawia wra\u017cenie stonowanego i luksusowego, co pasuje do tonacji wysokiej klasy marek perfum.<\/p>\n<h2 id=\"2-combination-of-dark-green-main-tone-and-natural-aesthetics\">2. Po\u0142\u0105czenie ciemnozielonego g\u0142\u00f3wnego odcienia i naturalnej estetyki<\/h2>\n<ol>\n<li><strong>Kolor i wz\u00f3r<\/strong>: Z ciemnozielonym jako g\u0142\u00f3wnym kolorem, jest on dopasowany do r\u0119cznie malowanych tropikalnych kwiat\u00f3w i ilustracji owoc\u00f3w (takich jak granaty, hibiskusy, magnolie itp.), Aby zwi\u0119kszy\u0107 atrakcyjno\u015b\u0107 produkt\u00f3w dla klient\u00f3w<\/li>\n<\/ol>\n<h2 id=\"3-eva-lining-customization-precise-adaptation-zero-space-display\">3. Dostosowanie podszewki EVA: precyzyjne dopasowanie, zero wy\u015bwietlania przestrzeni<\/h2>\n<ol>\n<li><strong>W pe\u0142ni dopasowana podszewka<\/strong>: Wy\u015bci\u00f3\u0142ka z pianki EVA jest precyzyjnie formowana i dostosowywana do rozmiaru butelek perfum i atomizer\u00f3w, z opcjonaln\u0105 twardo\u015bci\u0105, zapewniaj\u0105c odporn\u0105 na wstrz\u0105sy ochron\u0119 buforuj\u0105c\u0105, jednocze\u015bnie osi\u0105gaj\u0105c stabilny efekt \"zerowej przestrzeni\".<\/li>\n<li><strong>Uk\u0142ad wielofunkcyjny<\/strong>Obs\u0142uguje konstrukcj\u0119 warstwow\u0105 i siatkow\u0105, mo\u017ce osadza\u0107 gniazda kart magnetycznych, aksamitn\u0105 podszewk\u0119 i inne akcesoria oraz nadaje si\u0119 do wielokategorialnych opakowa\u0144 kombinowanych, takich jak butelki perfum, atomizery i instrukcje.<\/li>\n<\/ol>\n<h2 id=\"iv-material-and-printing-process-double-guarantee-of-quality-and-beauty\">4. Materia\u0142 i proces drukowania: podw\u00f3jna gwarancja jako\u015bci i pi\u0119kna<\/h2>\n<ol>\n<li><strong>Materia\u0142 rdzenia<\/strong>: Pude\u0142ko zewn\u0119trzne jest wykonane z powlekanego papieru artystycznego C2S o gramaturze 157 g z matow\u0105 foli\u0105 i jest uformowane z tektury o gramaturze 1200 g, aby zapewni\u0107, \u017ce obudowa pude\u0142ka jest ostra, odporna na zu\u017cycie i delikatna w dotyku.<\/li>\n<li><strong>Druk czterokolorowy<\/strong>: Precyzyjne odtworzenie kolor\u00f3w uzyskuje si\u0119 za pomoc\u0105 czterokolorowej prasy drukarskiej Heidelberg Speedmaster CS92, a lokalne UV, t\u0142oczenie na gor\u0105co i inne procesy s\u0105 nak\u0142adane w celu zwi\u0119kszenia tr\u00f3jwymiarowo\u015bci wzoru i luksusu opakowania.<\/li>\n<\/ol>\n<h2 id=\"v-all-round-customization-service-one-stop-solution-from-design-to-production\">5. Wszechstronna us\u0142uga dostosowywania: kompleksowe rozwi\u0105zanie od projektu do produkcji<\/h2>\n<ol>\n<li><strong>Elastyczna personalizacja<\/strong>Obs\u0142uguje w pe\u0142ni wymiarowe dostosowywanie rozmiaru pude\u0142ka prezentowego, struktury (ok\u0142adka\/pude\u0142ko w kszta\u0142cie ksi\u0105\u017cki\/pude\u0142ko z szuflad\u0105), uk\u0142adu podszewki, akcesori\u00f3w (wst\u0105\u017cka\/kartka z \u017cyczeniami) itp. w celu spe\u0142nienia specjalnych potrzeb, takich jak co-branding marki i \u015bwi\u0105teczne edycje limitowane.<\/li>\n<li><strong>Profesjonalne wsparcie projektowe<\/strong>: Zesp\u00f3\u0142 zapewnia indywidualne us\u0142ugi komunikacyjne i \u015bledzi proces od modelowania 3D, przez proofing, a\u017c po masow\u0105 produkcj\u0119, aby zapewni\u0107, \u017ce projekt 100% przywraca kreatywno\u015b\u0107 klienta.<\/li>\n<\/ol>\n<h2 id=\"vi-production-strength-16-years-of-experience-and-cutting-edge-equipment\">6. Si\u0142a produkcyjna: 16 lat do\u015bwiadczenia i najnowocze\u015bniejszy sprz\u0119t<\/h2>\n<p>Fabryka jest wyposa\u017cona w importowany sprz\u0119t, taki jak pi\u0119ciokolorowa maszyna drukarska Manroland R700 i 7-kolorowa maszyna offsetowa UV Heidelberg, kt\u00f3ra obs\u0142uguje z\u0142o\u017cony proces i wydajn\u0105 produkcj\u0119, ze \u015bredni\u0105 dzienn\u0105 zdolno\u015bci\u0105 produkcyjn\u0105 ponad 100 000 pude\u0142ek i redukcj\u0105 cyklu dostawy o 30%. Firma przesz\u0142a certyfikacj\u0119 systemu zarz\u0105dzania jako\u015bci\u0105 ISO, aby zapewni\u0107, \u017ce jako\u015b\u0107 jest kontrolowana od zakupu surowc\u00f3w do dostawy gotowego produktu.<\/p>","protected":false},"excerpt":{"rendered":"<ul>\n<li>\u200b<strong>Luksusowy wygl\u0105d:<\/strong>\u00a0Szmaragdowo-zielone wyko\u0144czenie ze z\u0142otymi akcentami podnosi presti\u017c marki.<\/li>\n<li>\u200b<strong>Custom-Ready:<\/strong>\u00a0Obs\u0142uga wielu technik brandingu (foliowanie, wyt\u0142aczanie, drukowanie).<\/li>\n<li>\u200b<strong>Konstrukcja ochronna:<\/strong>\u00a0Odporna na zarysowania pow\u0142oka chroni zawarto\u015b\u0107 podczas transportu.<\/li>\n<li>\u200b<strong>Skalowalno\u015b\u0107:<\/strong>\u00a0Niskie MOQ i rabaty hurtowe dla startup\u00f3w\/przedsi\u0119biorstw.<\/li>\n<li>\u200b<strong>\u015awiadomo\u015b\u0107 ekologiczna:<\/strong>\u00a0Materia\u0142y nadaj\u0105ce si\u0119 do recyklingu s\u0105 zgodne z trendami zr\u00f3wnowa\u017conego rozwoju.<\/li>\n<\/ul>","protected":false},"featured_media":9676,"template":"","meta":[],"product_brand":[],"product_cat":[30,417,424,31],"product_tag":[225,1241,1242],"class_list":{"0":"post-9675","1":"product","2":"type-product","3":"status-publish","4":"has-post-thumbnail","6":"product_cat-by-industry","7":"product_cat-custom-perfume-boxes-by-industry","8":"product_cat-magnetic-closure-boxes","9":"product_cat-paper-box-style","10":"product_tag-custom-perfume-boxes","11":"product_tag-perfume-atomizer-gift-boxes","12":"product_tag-perfume-boxes-factory","14":"first","15":"instock","16":"shipping-taxable","17":"product-type-grouped"},"_links":{"self":[{"href":"https:\/\/zojopackaging.com\/pl\/wp-json\/wp\/v2\/product\/9675","targetHints":{"allow":["GET"]}}],"collection":[{"href":"https:\/\/zojopackaging.com\/pl\/wp-json\/wp\/v2\/product"}],"about":[{"href":"https:\/\/zojopackaging.com\/pl\/wp-json\/wp\/v2\/types\/product"}],"version-history":[{"count":1,"href":"https:\/\/zojopackaging.com\/pl\/wp-json\/wp\/v2\/product\/9675\/revisions"}],"predecessor-version":[{"id":9682,"href":"https:\/\/zojopackaging.com\/pl\/wp-json\/wp\/v2\/product\/9675\/revisions\/9682"}],"wp:featuredmedia":[{"embeddable":true,"href":"https:\/\/zojopackaging.com\/pl\/wp-json\/wp\/v2\/media\/9676"}],"wp:attachment":[{"href":"https:\/\/zojopackaging.com\/pl\/wp-json\/wp\/v2\/media?parent=9675"}],"wp:term":[{"taxonomy":"product_brand","embeddable":true,"href":"https:\/\/zojopackaging.com\/pl\/wp-json\/wp\/v2\/product_brand?post=9675"},{"taxonomy":"product_cat","embeddable":true,"href":"https:\/\/zojopackaging.com\/pl\/wp-json\/wp\/v2\/product_cat?post=9675"},{"taxonomy":"product_tag","embeddable":true,"href":"https:\/\/zojopackaging.com\/pl\/wp-json\/wp\/v2\/product_tag?post=9675"}],"curies":[{"name":"wp","href":"https:\/\/api.w.org\/{rel}","templated":true}]}}