{"id":9683,"date":"2025-04-03T11:44:37","date_gmt":"2025-04-03T03:44:37","guid":{"rendered":"https:\/\/zojopackaging.com\/?post_type=product&#038;p=9683"},"modified":"2025-04-03T12:10:36","modified_gmt":"2025-04-03T04:10:36","slug":"custom-printed-fake-false-eyelashes-packaging-mailer-boxes","status":"publish","type":"product","link":"https:\/\/zojopackaging.com\/pl\/product\/custom-printed-fake-false-eyelashes-packaging-mailer-boxes\/","title":{"rendered":"Niestandardowe opakowania na sztuczne rz\u0119sy z nadrukiem"},"content":{"rendered":"<h2 id=\"1-buffering-protection-performance-\">1.\u00a0<strong>Wydajno\u015b\u0107 ochrony buforowania<\/strong><\/h2>\n<p>Wysokowytrzyma\u0142y materia\u0142 z papieru falistego s\u0142u\u017cy do poch\u0142aniania energii uderzenia podczas transportu i rozpraszania szczytowego ci\u015bnienia przez wielowarstwow\u0105 struktur\u0119 falist\u0105. Dane laboratoryjne pokazuj\u0105, \u017ce materia\u0142 ten mo\u017ce zmniejszy\u0107 szybko\u015b\u0107 p\u0119kania produktu do mniej ni\u017c 0,3% w symulowanym te\u015bcie drga\u0144 transportowych, co jest szczeg\u00f3lnie odpowiednie do ochrony sztucznych rz\u0119s w logistyce transgranicznej.<\/p>\n<h2 id=\"2-folding-high-efficiency-packaging-system-\">2.\u00a0<strong>Sk\u0142adany system pakowania o wysokiej wydajno\u015bci<\/strong><\/h2>\n<ul>\n<li>Opatentowana struktura klamry umo\u017cliwia szybkie pakowanie w 3 sekundy bez u\u017cycia ta\u015bmy lub narz\u0119dzi, zmniejszaj\u0105c koszty pracy zwi\u0105zane z pakowaniem o 30%.<\/li>\n<li>Konstrukcja przed wgnieceniem korpusu pude\u0142ka obs\u0142uguje demonta\u017c jedn\u0105 r\u0119k\u0105, konsumenci mog\u0105 go \u0142atwo otworzy\u0107, a korpus pude\u0142ka jest kompletny 95%, co jest wygodne do u\u017cytku wt\u00f3rnego (takiego jak przechowywanie ma\u0142ych kosmetyk\u00f3w).<\/li>\n<\/ul>\n<h2 id=\"1-minimalist-aesthetic-style-\">3. <strong>Minimalistyczny styl estetyczny<\/strong><\/h2>\n<p>Dzi\u0119ki bia\u0142emu, matowemu papierowi i wygrawerowanemu laserowo czarnemu logo marki, prezentuje czyst\u0105 tekstur\u0119 w stylu MUJI. Opcjonalna cz\u0119\u015bciowo jasna pow\u0142oka UV mo\u017ce by\u0107 u\u017cyta do stworzenia wizualnego skupienia w kluczowych miejscach informacyjnych, zwi\u0119kszaj\u0105c rozpoznawalno\u015b\u0107 na p\u00f3\u0142ce przez 20%.<\/p>\n<h2 id=\"2-full-link-customization-service-\">4. <strong>Us\u0142uga pe\u0142nego dostosowania \u0142\u0105cza<\/strong><\/h2>\n<table>\n<thead>\n<tr>\n<th>Wymiar personalizacji<\/th>\n<th>Przyk\u0142ad rozwi\u0105zania opcjonalnego<\/th>\n<th>Dopasowywanie scenariuszy aplikacji<\/th>\n<\/tr>\n<\/thead>\n<tbody>\n<tr>\n<td><strong>Typ pude\u0142ka<\/strong><\/td>\n<td>Typ szuflady \/ pude\u0142ko w kszta\u0142cie ksi\u0105\u017cki \/ dno i dolna pokrywa<\/td>\n<td>Pojedyncze k\u0119pki rz\u0119s w niezale\u017cnym opakowaniu\/zestawie upominkowym<\/td>\n<\/tr>\n<tr>\n<td><strong>Rozmiar<\/strong><\/td>\n<td>Gradient d\u0142ugo\u015bci 5-30 cm z dok\u0142adno\u015bci\u0105 \u00b10,1 mm<\/td>\n<td>Pasuje do 98% linii produkt\u00f3w do sztucznych rz\u0119s dost\u0119pnych na rynku.<\/td>\n<\/tr>\n<tr>\n<td><strong>Technologia powierzchniowa<\/strong><\/td>\n<td>T\u0142oczenie na gor\u0105co\/t\u0142oczenie\/tusz zmieniaj\u0105cy temperatur\u0119\/warstwa interaktywna AR<\/td>\n<td>Marketing edycji limitowanych \/ identyfikowalno\u015b\u0107 zapobiegaj\u0105ca podrabianiu<\/td>\n<\/tr>\n<tr>\n<td><strong>Materia\u0142y przyjazne dla \u015brodowiska<\/strong><\/td>\n<td>Masa celulozowa z certyfikatem FSC\/degradowalna pow\u0142oka PLA<\/td>\n<td>Zgodno\u015b\u0107 z przepisami UE dotycz\u0105cymi ekologicznych opakowa\u0144<\/td>\n<\/tr>\n<\/tbody>\n<\/table>\n<h2 id=\"1-flexible-production-system-\">5. <strong>Elastyczny system produkcji<\/strong><\/h2>\n<p>Opieraj\u0105c si\u0119 na zaletach klastra w pasie przemys\u0142u kosmetycznego Qingdao (Pingdu odpowiada za 70% globalnej produkcji rz\u0119s), mo\u017cemy osi\u0105gn\u0105\u0107 szybk\u0105 reakcj\u0119 \"72-godzinny proofing-15-dniowa produkcja masowa\". Fabryka wyposa\u017cona jest w pe\u0142ni automatyczne maszyny sztancuj\u0105ce i maszyny do druku cyfrowego, obs\u0142uguj\u0105ce spersonalizowane zam\u00f3wienia przy minimalnym zam\u00f3wieniu 500 sztuk.<\/p>\n<h2 id=\"2-full-process-quality-control-standards-\">6. <strong>Standardy kontroli jako\u015bci ca\u0142ego procesu<\/strong><\/h2>\n<ul>\n<li>Strona surowcowa: wdro\u017cenie standard\u00f3w bran\u017cowych pakowania sztucznych rz\u0119s QB \/ T 5774-2022 i przej\u015bcie testu migracji metali ci\u0119\u017ckich SGS<\/li>\n<li>Strona produkcyjna: ka\u017cda partia podlega wyrywkowej kontroli wytrzyma\u0142o\u015bci na \u015bciskanie kraw\u0119dzi (\u22658kN\/m) i wytrzyma\u0142o\u015bci na rozerwanie (\u22651,500kPa).<\/li>\n<li>Strona dostawy: zastosuj warstwow\u0105 izolacj\u0119 z per\u0142owej bawe\u0142ny + plastikowe opakowanie odporne na wilgo\u0107, aby zapewni\u0107 zerowe zanieczyszczenie podczas transportu<\/li>\n<\/ul>\n<h2 id=\"3-value-added-service-module-\">7. <strong>Modu\u0142 us\u0142ug o warto\u015bci dodanej<\/strong><\/h2>\n<ul>\n<li><strong>Doradztwo w zakresie projektowania<\/strong>: Zapewnienie 6 g\u0142\u00f3wnych us\u0142ug w zakresie diagnostyki marki, takich jak dopasowanie kart kolor\u00f3w Pantone i wizualny uk\u0142ad punkt\u00f3w sprzeda\u017cy.<\/li>\n<li><strong>Magazynowanie i hosting<\/strong>: Magazyn celny w Qingdao obs\u0142uguje transgraniczne rozwi\u0105zania e-commerce z dostaw\u0105 w jednym miejscu<\/li>\n<li><strong>Analiza danych<\/strong>: W oparciu o dane dotycz\u0105ce iteracji typu pude\u0142ka podczas obs\u0142ugi ponad 3000 klient\u00f3w z bran\u017cy kosmetycznej w przesz\u0142o\u015bci, zoptymalizuj struktur\u0119 koszt\u00f3w opakowania.<\/li>\n<\/ul>\n<h2 id=\"-fourth-industry-application-cases-\"><strong>Przypadki zastosowa\u0144 w przemy\u015ble<\/strong><\/h2>\n<ul>\n<li><strong>Japo\u0144ska marka kosmetyk\u00f3w<\/strong>: Wykorzystuj\u0105c szuflad\u0119 o wymiarach 5 cm \u00d7 5 cm + technologi\u0119 reliefu kwiatu wi\u015bni, w po\u0142\u0105czeniu z logistyk\u0105 Amazon FBA, wska\u017anik zwrot\u00f3w spad\u0142 do 1,2%.<\/li>\n<li><strong>Przedstawiciel chi\u0144skich produkt\u00f3w trafiaj\u0105cych za granic\u0119<\/strong>: Wykorzystuj\u0105c warstw\u0119 AR do realizacji \"zeskanuj kod, aby zobaczy\u0107 samouczek noszenia\", wska\u017anik odkupu wzr\u00f3s\u0142 o 18%.<\/li>\n<li><strong>Projekt inicjatywy na rzecz ochrony \u015brodowiska<\/strong>: Wykorzystanie pulpy z wyt\u0142ok\u00f3w z trzciny cukrowej + druk atramentem sojowym, nominowany do nagrody 2025 Pentawards Sustainable Design Award<\/li>\n<\/ul>","protected":false},"excerpt":{"rendered":"<p>Ekonomiczne rozwi\u0105zania masowe: Zoptymalizowane dla du\u017cych zam\u00f3wie\u0144 z wielopoziomowymi rabatami cenowymi.<br \/>\n\u015awiadomy ekologicznie wyb\u00f3r: Materia\u0142y z certyfikatem FSC s\u0105 zgodne z trendami zr\u00f3wnowa\u017conego rozwoju.<br \/>\nZabezpieczenie przed uszkodzeniem: Pofa\u0142dowane kraw\u0119dzie i odporna na zgniatanie konstrukcja zapewniaj\u0105 dostaw\u0119 w nienaruszonym stanie.<br \/>\nSzybka realizacja: Usprawniona produkcja wspiera pilne potrzeby biznesowe<\/p>","protected":false},"featured_media":9408,"template":"","meta":[],"product_brand":[],"product_cat":[30,390,31,433],"product_tag":[1245,1244,1243],"class_list":{"0":"post-9683","1":"product","2":"type-product","3":"status-publish","4":"has-post-thumbnail","6":"product_cat-by-industry","7":"product_cat-custom-cosmetics-boxes","8":"product_cat-paper-box-style","9":"product_cat-shipping-mailer-boxes","10":"product_tag-custom-eyelashes-boxes","11":"product_tag-eyelashes-packaging-mailer-boxes","12":"product_tag-fake-false-mailer-boxes","14":"first","15":"instock","16":"shipping-taxable","17":"product-type-grouped"},"_links":{"self":[{"href":"https:\/\/zojopackaging.com\/pl\/wp-json\/wp\/v2\/product\/9683","targetHints":{"allow":["GET"]}}],"collection":[{"href":"https:\/\/zojopackaging.com\/pl\/wp-json\/wp\/v2\/product"}],"about":[{"href":"https:\/\/zojopackaging.com\/pl\/wp-json\/wp\/v2\/types\/product"}],"version-history":[{"count":1,"href":"https:\/\/zojopackaging.com\/pl\/wp-json\/wp\/v2\/product\/9683\/revisions"}],"predecessor-version":[{"id":9685,"href":"https:\/\/zojopackaging.com\/pl\/wp-json\/wp\/v2\/product\/9683\/revisions\/9685"}],"wp:featuredmedia":[{"embeddable":true,"href":"https:\/\/zojopackaging.com\/pl\/wp-json\/wp\/v2\/media\/9408"}],"wp:attachment":[{"href":"https:\/\/zojopackaging.com\/pl\/wp-json\/wp\/v2\/media?parent=9683"}],"wp:term":[{"taxonomy":"product_brand","embeddable":true,"href":"https:\/\/zojopackaging.com\/pl\/wp-json\/wp\/v2\/product_brand?post=9683"},{"taxonomy":"product_cat","embeddable":true,"href":"https:\/\/zojopackaging.com\/pl\/wp-json\/wp\/v2\/product_cat?post=9683"},{"taxonomy":"product_tag","embeddable":true,"href":"https:\/\/zojopackaging.com\/pl\/wp-json\/wp\/v2\/product_tag?post=9683"}],"curies":[{"name":"wp","href":"https:\/\/api.w.org\/{rel}","templated":true}]}}