{"id":9686,"date":"2025-04-03T12:47:34","date_gmt":"2025-04-03T04:47:34","guid":{"rendered":"https:\/\/zojopackaging.com\/?post_type=product&#038;p=9686"},"modified":"2025-04-03T14:37:27","modified_gmt":"2025-04-03T06:37:27","slug":"high-quality-custom-candle-gift-packaging-boxes-wholesale","status":"publish","type":"product","link":"https:\/\/zojopackaging.com\/pl\/product\/high-quality-custom-candle-gift-packaging-boxes-wholesale\/","title":{"rendered":"Wysokiej jako\u015bci niestandardowe pude\u0142ka do pakowania prezent\u00f3w na \u015bwiece hurtowo"},"content":{"rendered":"<h2 id=\"1-ergonomic-one-handed-opening-and-closing-design-\">1.\u00a0<strong>Ergonomiczna konstrukcja otwierania i zamykania jedn\u0105 r\u0119k\u0105<\/strong><\/h2>\n<p>Zastosowano magnetyczn\u0105 konstrukcj\u0119 pokrywy zamykaj\u0105cej, a pokrywa pude\u0142ka i korpus pude\u0142ka s\u0105 dopasowane do precyzyjnej formy, aby zapewni\u0107 \u0142atw\u0105 obs\u0142ug\u0119 jedn\u0105 r\u0119k\u0105. Wbudowany magnes ss\u0105cy zosta\u0142 przetestowany przez 2000 razy podczas otwierania i zamykania, aby zapewni\u0107 p\u0142ynne otwieranie i zamykanie bez zacinania si\u0119 w szybkich scenach (takich jak promocje w centrach handlowych i prezenty \u015bwi\u0105teczne), przy jednoczesnym zachowaniu eleganckiego poczucia rytua\u0142u. Kszta\u0142t pude\u0142ka nawi\u0105zuje do zasady zawias\u00f3w luksusowych pude\u0142ek na bi\u017cuteri\u0119, a \u017cywotno\u015b\u0107 otwierania i zamykania wynosi ponad 5 lat.<\/p>\n<h2 id=\"2-healing-pink-emotional-management-solution-\">2.\u00a0<strong>Uzdrawiaj\u0105ce r\u00f3\u017cowe rozwi\u0105zanie do zarz\u0105dzania emocjami<\/strong><\/h2>\n<p>G\u0142\u00f3wnym kolorem jest r\u00f3\u017cowy, kt\u00f3ry ma znacz\u0105cy wp\u0142yw na \u0142agodzenie niepokoju. Powierzchnia pokryta jest matow\u0105 foli\u0105 dotykow\u0105, kt\u00f3ra symuluje delikatn\u0105 tekstur\u0119 sk\u00f3ry i mo\u017ce wyzwala\u0107 wydzielanie dopaminy po dotkni\u0119ciu opuszkami palc\u00f3w. Bok pude\u0142ka jest ozdobiony mikro wyt\u0142oczonymi wzorami pomy\u015blnych chmur, tworz\u0105c pozytywny rytm wizualny poprzez zmiany \u015bwiat\u0142a i cienia.<\/p>\n<h2 id=\"3-military-grade-composite-material-structure-\">3.\u00a0<strong>Wojskowa struktura materia\u0142u kompozytowego<\/strong><\/h2>\n<ul>\n<li><strong>Warstwa zewn\u0119trzna<\/strong>: Papier artystyczny powlekany C2S o gramaturze 157 g, certyfikowany zgodnie z norm\u0105 ISO 536, wska\u017anik odporno\u015bci na zarysowania do 4H;<\/li>\n<li><strong>Wewn\u0119trzna podszewka<\/strong>: Sztywna tektura o wadze 1200 g, upuszczona z wysoko\u015bci 1,5 metra bez uszkodze\u0144 po te\u015bcie uderzenia pi\u0142k\u0105;<\/li>\n<li><strong>System buforowania<\/strong>: 3-6 elastycznych szczelin TPE mo\u017cna dostosowa\u0107 do \u015bwiec kolumnowych\/specjalnych o \u015brednicy 3-15 cm.<\/li>\n<\/ul>\n<h2 id=\"4-modular-lining-solution-\">4.\u00a0<strong>Modu\u0142owe rozwi\u0105zanie ok\u0142adzinowe<\/strong><\/h2>\n<p>Dost\u0119pne s\u0105 trzy jednostki funkcjonalne:<\/p>\n<ul>\n<li><strong>Siatka zabezpieczaj\u0105ca przed przewr\u00f3ceniem<\/strong>: Podszewka EPE o strukturze plastra miodu, korpus \u015bwiecy zamocowany pod k\u0105tem 360\u00b0;<\/li>\n<li><strong>Warstwa blokuj\u0105ca zapach<\/strong>: Wszczepiona warstwa aktywnego w\u0142\u00f3kna w\u0119glowego zapobiega ulatnianiu si\u0119 zapachu;<\/li>\n<li><strong>Schowek na narz\u0119dzia awaryjne<\/strong>: Ukryta szuflada do przechowywania haczyk\u00f3w\/pask\u00f3w do gaszenia \u015bwiec, aby poprawi\u0107 wra\u017cenia z rozpakowywania.<\/li>\n<\/ul>\n<h2 id=\"5-full-link-customized-printing-service-\">5.\u00a0<strong>Us\u0142uga drukowania w pe\u0142ni dostosowana do potrzeb klienta<\/strong><\/h2>\n<ul>\n<li><strong>Matryca procesu<\/strong>:<\/li>\n<li>T\u0142oczenie na gor\u0105co: 0,1 mm precyzyjna lustrzana\/matowa z\u0142ota folia, opcjonalnie 12 specjalnych kolor\u00f3w, takich jak Forbidden City Cinnabar Gold Tiffany Blue;<\/li>\n<li>Wyt\u0142aczanie: 300+ bibliotek tekstur autorskich (w tym wzory artystyczne, takie jak winoro\u015ble Mucha\/spirale Fibonacciego);<\/li>\n<li>T\u0142oczenie UV: Technologia tr\u00f3jwymiarowego reliefu 3D, lokalna r\u00f3\u017cnica wysoko\u015bci 0,5 mm, rozpoznawalno\u015b\u0107 dotykowa zwi\u0119kszona o 80%.<\/li>\n<\/ul>\n<h2 id=\"6-carbon-neutral-packaging-system-\">6.\u00a0<strong>System opakowa\u0144 neutralnych pod wzgl\u0119dem emisji dwutlenku w\u0119gla<\/strong><\/h2>\n<ul>\n<li>Materia\u0142y: Papier z certyfikatem FSC + atrament sojowy na bazie wody, \u015blad w\u0119glowy zmniejszony o 62%;<\/li>\n<li>Struktura: bezklejowy monta\u017c na wpust i czop, rozk\u0142adanie i u\u017cywanie bez sk\u0142adania, wska\u017anik recyklingu demonta\u017cu 100%;<\/li>\n<li>Logistyka: Algorytm AI optymalizuje plan pakowania, wykorzystanie przestrzeni wzros\u0142o o 35%, a emisja dwutlenku w\u0119gla w transporcie zmniejszy\u0142a si\u0119 o 28%.<\/li>\n<\/ul>\n<h2 id=\"7-smart-manufacturing-4-0-production-standard-\">7.\u00a0<strong>Standard produkcji Smart Manufacturing 4.0<\/strong><\/h2>\n<p>Sprz\u0119t:<\/p>\n<ul>\n<li>O\u015bmiokolorowa drukarka UV Heidelberg CX104-8+L (dok\u0142adno\u015b\u0107 nadruku \u00b10,15 mm);<\/li>\n<li>Automatyczny system kontroli jako\u015bci z ramieniem robotycznym Kuka (120 skan\u00f3w wadliwych pude\u0142ek na minut\u0119);<\/li>\n<li>Platforma \u015bledzenia produkcji MES, ka\u017cde opakowanie ma unikalny identyfikator blockchain, a problemy z jako\u015bci\u0105 s\u0105 \u015bledzone 24 godziny na dob\u0119.<\/li>\n<\/ul>\n<h2 id=\"-business-philosophy-practice-\"><strong>Filozofia biznesu w praktyce<\/strong><\/h2>\n<p>Przyjmujemy \"in\u017cynieri\u0119 sensoryczn\u0105 + zr\u00f3wnowa\u017cony projekt\" jako podw\u00f3jny rdze\u0144:<\/p>\n<ul>\n<li><strong>My\u015blenie przyw\u00f3dcze<\/strong>: Pude\u0142ko opracowane wsp\u00f3lnie z Milan Design Week mo\u017cna przekszta\u0142ci\u0107 w \u015bwiecznik\/stojak na bi\u017cuteri\u0119;<\/li>\n<li><strong>Akumulacja technologii<\/strong>27 patent\u00f3w na opakowania, w tym antybakteryjne ta\u015bmy z prz\u0119dzy, interaktywny papier podk\u0142adowy AR i inne innowacyjne zastosowania;<\/li>\n<li><strong>Gwarancja serwisowa<\/strong>72-godzinny cykl pr\u00f3bny + milionowa rezerwa mocy produkcyjnych, wspieraj\u0105ca elastyczn\u0105 produkcj\u0119 przy minimalnym zam\u00f3wieniu 1 sztuki.<\/li>\n<\/ul>","protected":false},"excerpt":{"rendered":"<p>\u2728 Kontrastowy design klasy premium - delikatny r\u00f3\u017c na zewn\u0105trz i odwa\u017cne czarne wn\u0119trze wzmacniaj\u0105 efekt wizualny.<br \/>\n\ud83d\udee1\ufe0f Transit-Ready Protection - Wytrzyma\u0142a konstrukcja chroni \u015bwiece przed wilgoci\u0105 i uderzeniami.<br \/>\nElastyczno\u015b\u0107 marki - dostosuj logo, kolory i rozmiary bez kar za minimaln\u0105 ilo\u015b\u0107.<br \/>\nWydajno\u015b\u0107 masowa - p\u0142aska konstrukcja obni\u017ca koszty magazynowania\/wysy\u0142ki dla hurtownik\u00f3w.<\/p>","protected":false},"featured_media":9688,"template":"","meta":[],"product_brand":[],"product_cat":[30,416,425,31],"product_tag":[898,468,1246],"class_list":{"0":"post-9686","1":"product","2":"type-product","3":"status-publish","4":"has-post-thumbnail","6":"product_cat-by-industry","7":"product_cat-custom-candle-boxes","8":"product_cat-lid-and-base-gift-box","9":"product_cat-paper-box-style","10":"product_tag-candle-packaging-boxes","11":"product_tag-custom-candle-packaging","12":"product_tag-high-quality-candle-gift-boxes","14":"first","15":"instock","16":"shipping-taxable","17":"product-type-grouped"},"_links":{"self":[{"href":"https:\/\/zojopackaging.com\/pl\/wp-json\/wp\/v2\/product\/9686","targetHints":{"allow":["GET"]}}],"collection":[{"href":"https:\/\/zojopackaging.com\/pl\/wp-json\/wp\/v2\/product"}],"about":[{"href":"https:\/\/zojopackaging.com\/pl\/wp-json\/wp\/v2\/types\/product"}],"version-history":[{"count":1,"href":"https:\/\/zojopackaging.com\/pl\/wp-json\/wp\/v2\/product\/9686\/revisions"}],"predecessor-version":[{"id":9694,"href":"https:\/\/zojopackaging.com\/pl\/wp-json\/wp\/v2\/product\/9686\/revisions\/9694"}],"wp:featuredmedia":[{"embeddable":true,"href":"https:\/\/zojopackaging.com\/pl\/wp-json\/wp\/v2\/media\/9688"}],"wp:attachment":[{"href":"https:\/\/zojopackaging.com\/pl\/wp-json\/wp\/v2\/media?parent=9686"}],"wp:term":[{"taxonomy":"product_brand","embeddable":true,"href":"https:\/\/zojopackaging.com\/pl\/wp-json\/wp\/v2\/product_brand?post=9686"},{"taxonomy":"product_cat","embeddable":true,"href":"https:\/\/zojopackaging.com\/pl\/wp-json\/wp\/v2\/product_cat?post=9686"},{"taxonomy":"product_tag","embeddable":true,"href":"https:\/\/zojopackaging.com\/pl\/wp-json\/wp\/v2\/product_tag?post=9686"}],"curies":[{"name":"wp","href":"https:\/\/api.w.org\/{rel}","templated":true}]}}