{"id":9695,"date":"2025-04-03T14:37:50","date_gmt":"2025-04-03T06:37:50","guid":{"rendered":"https:\/\/zojopackaging.com\/?post_type=product&#038;p=9695"},"modified":"2025-04-03T15:04:56","modified_gmt":"2025-04-03T07:04:56","slug":"luxury-custom-printing-round-perfume-paper-tubes-wholesale","status":"publish","type":"product","link":"https:\/\/zojopackaging.com\/pl\/product\/luxury-custom-printing-round-perfume-paper-tubes-wholesale\/","title":{"rendered":"Luksusowe niestandardowe drukowanie okr\u0105g\u0142ych papierowych tubek perfum hurtowych"},"content":{"rendered":"<h2 id=\"product-description-of-luxury-custom-printed-round-perfume-paper-tube\">Luksusowa okr\u0105g\u0142a papierowa tuba na perfumy z niestandardowym nadrukiem<\/h2>\n<h3 id=\"-1-anti-compression-protection-and-transportation-safety-\"><strong>1. Ochrona przed \u015bciskaniem i bezpiecze\u0144stwo transportu<\/strong><\/h3>\n<p>Nasze okr\u0105g\u0142e papierowe tubki na perfumy s\u0105 \u0142\u0105czone klejami klasy przemys\u0142owej, tworz\u0105c zwart\u0105 struktur\u0119. Cylindryczna konstrukcja mo\u017ce r\u00f3wnomiernie rozprasza\u0107 si\u0142y zewn\u0119trzne, aby unikn\u0105\u0107 deformacji lub uszkodze\u0144 spowodowanych si\u0142ami lokalnymi podczas transportu. Nadaje si\u0119 szczeg\u00f3lnie do transportu na du\u017ce odleg\u0142o\u015bci delikatnych lub warto\u015bciowych towar\u00f3w, takich jak aromaterapia, \u015bwiece i perfumy. Dzi\u0119ki optymalizacji grubo\u015bci \u015bcianki (konfigurowalne 0,5-3 mm) i wewn\u0119trznej konstrukcji wsporczej, wytrzyma\u0142o\u015b\u0107 na \u015bciskanie zosta\u0142a zwi\u0119kszona o wi\u0119cej ni\u017c 30%, co spe\u0142nia mi\u0119dzynarodowe standardy transportowe.<\/p>\n<h3 id=\"-2-visual-appeal-and-brand-display-\"><strong>2. Atrakcyjno\u015b\u0107 wizualna i ekspozycja marki<\/strong><\/h3>\n<p>Cylindryczny, tr\u00f3jwymiarowy kszta\u0142t prze\u0142amuje monotoni\u0119 tradycyjnego kwadratowego opakowania i tworzy na p\u00f3\u0142ce efekt ekspozycji 360\u00b0 bez martwego k\u0105ta, co jest szczeg\u00f3lnie przydatne w przypadku scen wymagaj\u0105cych efektu wizualnego, takich jak towary luksusowe i prezenty \u015bwi\u0105teczne. Mo\u017cna go \u0142\u0105czy\u0107 z holograficznym t\u0142oczeniem na gor\u0105co, gradientem UV i innymi procesami, aby prezentowa\u0107 dynamiczny po\u0142ysk w \u015bwietle i cieniu, aby przyci\u0105gn\u0105\u0107 uwag\u0119 konsument\u00f3w. Przyk\u0142adowo, papierowa tuba z motywem rozgwie\u017cd\u017conego nieba, kt\u00f3r\u0105 zaprojektowali\u015bmy dla wysokiej klasy marki perfum, zwi\u0119kszy\u0142a wsp\u00f3\u0142czynnik konwersji na p\u00f3\u0142ce o 25% w okresie wy\u015bwietlania.<\/p>\n<h3 id=\"-3-high-end-craftsmanship-details-\"><strong>3. Wysokiej jako\u015bci detale rzemie\u015blnicze<\/strong><\/h3>\n<ul>\n<li><strong>Proces t\u0142oczenia na gor\u0105co<\/strong>: Wykorzystuj\u0105c odporn\u0105 na wysokie temperatury foli\u0119 metalow\u0105 Red Sun PT-30, tekst mo\u017ce mie\u0107 minimaln\u0105 szeroko\u015b\u0107 linii 0,2 mm, po\u0142ysk metalu jest wi\u0119kszy ni\u017c 95%, a przyczepno\u015b\u0107 przesz\u0142a 100 000 test\u00f3w tarcia.<\/li>\n<li><strong>T\u0142oczone i wypuk\u0142e UV<\/strong>: Obs\u0142uga tr\u00f3jwymiarowego wyt\u0142aczania reliefowego (g\u0142\u0119boko\u015b\u0107 0,1-0,5 mm) i cz\u0119\u015bciowego powlekania UV, z r\u00f3\u017cnymi poziomami dotyku. Na przyk\u0142ad marmurowy wz\u00f3r UV + proces t\u0142oczenia na gor\u0105co dostosowany przez okre\u015blon\u0105 mark\u0119, dotykowe sprz\u0119\u017cenie zwrotne poprawia punkt pami\u0119ci u\u017cytkownika.<\/li>\n<li><strong>Dok\u0142adno\u015b\u0107 drukowania w pe\u0142nym zakresie<\/strong>: Dzi\u0119ki zastosowaniu sze\u015bciokolorowej offsetowej maszyny drukarskiej Komori b\u0142\u0105d nadruku wynosi \u22640,1 mm, co zapewnia p\u0142ynne po\u0142\u0105czenie wzor\u00f3w.<\/li>\n<\/ul>\n<h3 id=\"-4-full-link-customization-service-\"><strong>4. Us\u0142uga pe\u0142nego dostosowania \u0142\u0105cza<\/strong><\/h3>\n<p>Od projektu strukturalnego po wdro\u017cenie procesu, zapewniamy kompleksowe rozwi\u0105zanie:<\/p>\n<ul>\n<li><strong>Wyb\u00f3r materia\u0142u<\/strong>: styl podstawowy (papier siarczanowy\/bia\u0142y karton), styl przyjazny dla \u015brodowiska (masa celulozowa z certyfikatem FSC + tusz na bazie wody), styl luksusowy (flokowanie\/metalowy materia\u0142 kompozytowy)<\/li>\n<li><strong>Rozszerzenie funkcji<\/strong>Wbudowana, odporna na wstrz\u0105sy podszewka EVA, wymienna struktura rdzenia, magnetyczna konstrukcja otwierania i zamykania<\/li>\n<li><strong>Inteligentna identyfikowalno\u015b\u0107<\/strong>Opcjonalna implantacja chipa NFC, skanowanie kodu w celu wy\u015bwietlenia historii produktu i weryfikacji autentyczno\u015bci.<\/li>\n<\/ul>\n<h3 id=\"-5-professional-team-and-process-guarantee-\"><strong>5. Profesjonalny zesp\u00f3\u0142 i gwarancja procesu<\/strong><\/h3>\n<p>Nasz zesp\u00f3\u0142 projektant\u00f3w jest dobrze zorientowany w trendach ery 3.0 materia\u0142\u00f3w opakowaniowych dla urody i jest dobry w \u0142\u0105czeniu symboli kulturowych (takich jak narodowe wzory trend\u00f3w i minimalistyczna geometria) z funkcjonalno\u015bci\u0105. Obs\u0142ugiwali\u015bmy wiod\u0105ce marki, takie jak L'Oreal i Proya, a przypadki obejmuj\u0105:<\/p>\n<ul>\n<li>Pude\u0142ka na prezenty wielokrotnego u\u017cytku (papier z recyklingu + sk\u00f3rzane akcesoria, cykl \u017cycia wyd\u0142u\u017cony 3-krotnie)<\/li>\n<li>Degradowalne tuby papierowe na bazie biologicznej (materia\u0142y kompozytowe z w\u0142\u00f3kna herbacianego, ulegaj\u0105ce naturalnemu rozk\u0142adowi w ci\u0105gu 6 miesi\u0119cy)<\/li>\n<li>Wielozmys\u0142owe opakowanie emocjonalne (dotykowa matowa tekstura + mikrokapsu\u0142ki zapachowe)<\/li>\n<\/ul>\n<h3 id=\"-6-production-capacity-and-quality-control-capabilities-\"><strong>6. Zdolno\u015bci produkcyjne i mo\u017cliwo\u015bci kontroli jako\u015bci<\/strong><\/h3>\n<p>Fabryka posiada znormalizowany warsztat o powierzchni 5 320\u33a1 wyposa\u017cony w:<\/p>\n<ul>\n<li><strong>Sprz\u0119t produkcyjny<\/strong>W pe\u0142ni automatyczna siedmiowarstwowa linia do produkcji tektury falistej, pi\u0119ciokolorowa offsetowa maszyna drukarska Roland, inteligentna jednostka do t\u0142oczenia na gor\u0105co.<\/li>\n<li><strong>System kontroli jako\u015bci<\/strong>System monitorowania online do \u015bledzenia zawarto\u015bci wilgoci w czasie rzeczywistym (kontrolowany poni\u017cej 8%), maszyna do testowania kompresji do regularnego pobierania pr\u00f3bek (zgodnie z norm\u0105 GB\/T 2284-2015).<\/li>\n<li><strong>Zdolno\u015b\u0107 dostawcza<\/strong>: Minimalne zam\u00f3wienie 500 sztuk, dostawa 7-14 dni, wsparcie globalnej logistyki<\/li>\n<\/ul>","protected":false},"excerpt":{"rendered":"<p>Luksusowe pierwsze wra\u017cenie: Elegancki bia\u0142o-z\u0142oty design urzeka kupuj\u0105cych z wy\u017cszej p\u00f3\u0142ki.<br \/>\nElastyczno\u015b\u0107 marki: Bez wysi\u0142ku dostosuj rozmiary, logo i wzory folii.<br \/>\nWytrzyma\u0142o\u015b\u0107 \u0142\u0105czy si\u0119 ze stylem: Wytrzyma\u0142a tektura zapewnia ochron\u0119 bez uszczerbku dla estetyki.<br \/>\nBulk-Ready: Zoptymalizowany pod k\u0105tem ekonomicznej sprzeda\u017cy hurtowej lub ekskluzywnych ma\u0142ych partii.<\/p>","protected":false},"featured_media":9699,"template":"","meta":[],"product_brand":[],"product_cat":[30,417,31,429],"product_tag":[498,521,1247],"class_list":{"0":"post-9695","1":"product","2":"type-product","3":"status-publish","4":"has-post-thumbnail","6":"product_cat-by-industry","7":"product_cat-custom-perfume-boxes-by-industry","8":"product_cat-paper-box-style","9":"product_cat-paper-tube-boxes","10":"product_tag-custom-perfume-packaging","11":"product_tag-perfume-paper-tubes","12":"product_tag-perfume-paper-tubes-wholesale","14":"first","15":"instock","16":"shipping-taxable","17":"product-type-grouped"},"_links":{"self":[{"href":"https:\/\/zojopackaging.com\/pl\/wp-json\/wp\/v2\/product\/9695","targetHints":{"allow":["GET"]}}],"collection":[{"href":"https:\/\/zojopackaging.com\/pl\/wp-json\/wp\/v2\/product"}],"about":[{"href":"https:\/\/zojopackaging.com\/pl\/wp-json\/wp\/v2\/types\/product"}],"version-history":[{"count":1,"href":"https:\/\/zojopackaging.com\/pl\/wp-json\/wp\/v2\/product\/9695\/revisions"}],"predecessor-version":[{"id":9702,"href":"https:\/\/zojopackaging.com\/pl\/wp-json\/wp\/v2\/product\/9695\/revisions\/9702"}],"wp:featuredmedia":[{"embeddable":true,"href":"https:\/\/zojopackaging.com\/pl\/wp-json\/wp\/v2\/media\/9699"}],"wp:attachment":[{"href":"https:\/\/zojopackaging.com\/pl\/wp-json\/wp\/v2\/media?parent=9695"}],"wp:term":[{"taxonomy":"product_brand","embeddable":true,"href":"https:\/\/zojopackaging.com\/pl\/wp-json\/wp\/v2\/product_brand?post=9695"},{"taxonomy":"product_cat","embeddable":true,"href":"https:\/\/zojopackaging.com\/pl\/wp-json\/wp\/v2\/product_cat?post=9695"},{"taxonomy":"product_tag","embeddable":true,"href":"https:\/\/zojopackaging.com\/pl\/wp-json\/wp\/v2\/product_tag?post=9695"}],"curies":[{"name":"wp","href":"https:\/\/api.w.org\/{rel}","templated":true}]}}