{"id":9703,"date":"2025-04-03T15:05:10","date_gmt":"2025-04-03T07:05:10","guid":{"rendered":"https:\/\/zojopackaging.com\/?post_type=product&#038;p=9703"},"modified":"2025-04-03T16:07:57","modified_gmt":"2025-04-03T08:07:57","slug":"biodegradable-tea-coffee-paper-packaging-tube-box-wholesale","status":"publish","type":"product","link":"https:\/\/zojopackaging.com\/pl\/product\/biodegradable-tea-coffee-paper-packaging-tube-box-wholesale\/","title":{"rendered":"Biodegradowalne opakowanie papierowe na kaw\u0119 i herbat\u0119 Pude\u0142ko hurtowe"},"content":{"rendered":"<h2 id=\"-i-innovative-structural-design-upper-and-lower-cover-separated-pressure-resistant-system-\"><strong>1. Innowacyjny projekt konstrukcyjny: g\u00f3rna i dolna pokrywa oddzielone systemem odpornym na ci\u015bnienie<\/strong><\/h2>\n<p>Przyj\u0119cie\u00a0<strong>g\u00f3rna i dolna pokrywa oddzielone cylindryczn\u0105 konstrukcj\u0105 skrzynkow\u0105<\/strong>Dzi\u0119ki optymalizacji mechanicznej, r\u00f3wnomiernie rozprasza si\u0142\u0119 zewn\u0119trzn\u0105 podczas transportu i zmniejsza ryzyko uszkodzenia w wyniku kolizji.<\/p>\n<ul>\n<li><strong>Ochrona naukowa<\/strong>: Pokrywa pude\u0142ka i dno maj\u0105 konstrukcj\u0119 zatrzaskow\u0105, kt\u00f3ra jest odpowiednia do buforowania delikatnych produkt\u00f3w, takich jak herbata i kawa w proszku, a zmierzona wytrzyma\u0142o\u015b\u0107 na \u015bciskanie jest zwi\u0119kszona o ponad 40%.<\/li>\n<li><strong>Adaptacja przestrzeni<\/strong>: Rozmiar \u015brednicy wewn\u0119trznej mo\u017cna dok\u0142adnie dostosowa\u0107 do wysoko\u015bci produktu (np. d\u0142ugo\u015bci torebki herbaty, \u015brednicy kapsu\u0142ki kawy), uzyskuj\u0105c\u00a0<strong>zero zb\u0119dnego wype\u0142niania przestrzeni<\/strong>, a pojemno\u015b\u0107 transportowa pojedynczej skrzyni zosta\u0142a zwi\u0119kszona o 25%.<\/li>\n<\/ul>\n<h2 id=\"-ii-brand-visual-empowerment-purple-aesthetics-and-international-positioning-\"><strong>2. Wizualne wzmocnienie marki: fioletowa estetyka i mi\u0119dzynarodowe pozycjonowanie<\/strong><\/h2>\n<p>G\u0142\u00f3wnie promowa\u0107\u00a0<strong>Fioletowe pude\u0142ko Morandi<\/strong>integruj\u0105c psychologi\u0119 kolor\u00f3w i strategi\u0119 marki:<\/p>\n<ul>\n<li><strong>Warto\u015b\u0107 emocjonalna<\/strong>: Wed\u0142ug bada\u0144 rynkowych fiolet o niskim nasyceniu mo\u017ce zmniejszy\u0107 niepok\u00f3j konsument\u00f3w zwi\u0105zany z podejmowaniem decyzji i poprawi\u0107 postrzeganie produkt\u00f3w z wy\u017cszej p\u00f3\u0142ki.<\/li>\n<li><strong>Mi\u0119dzynarodowy gen<\/strong>: Wsparcie\u00a0<strong>Druk kolor\u00f3w dodatkowych Pantone<\/strong>\u00a0(np. lawendowy fiolet PANTONE 19-3530 TCX), dostosowuj\u0105 si\u0119 do trend\u00f3w estetycznych na rynkach europejskim, ameryka\u0144skim i azjatyckim oraz pomagaj\u0105 budowa\u0107 globalny wizerunek marki.<\/li>\n<\/ul>\n<h2 id=\"-three-full-dimensional-customization-service-flexible-adaptation-from-materials-to-processes-\"><strong>3. Pe\u0142nowymiarowa us\u0142uga dostosowywania: elastyczna adaptacja od materia\u0142\u00f3w po procesy<\/strong><\/h2>\n<p>Jako fabryka \u017ar\u00f3d\u0142owa w Chinach zapewnia\u00a0<strong>sze\u015b\u0107 podstawowych modu\u0142\u00f3w dostosowywania<\/strong>:<\/p>\n<ol>\n<li><strong>Dostosowanie typu skrzynki<\/strong>: Obs\u0142uguje okr\u0105g\u0142e\/eliptyczne\/wielok\u0105tne cylindry o specjalnych kszta\u0142tach, dostosowuj\u0105c si\u0119 do zr\u00f3\u017cnicowanych form produkt\u00f3w, takich jak puszki z herbat\u0105 i kawa kroplowa.<\/li>\n<li><strong>Ulepszenie materia\u0142\u00f3w<\/strong>: Opcjonalne materia\u0142y przyjazne dla \u015brodowiska.<\/li>\n<li><strong>Proces powierzchniowy<\/strong>: Zapewnienie 12 rozwi\u0105za\u0144 przetwarzania, takich jak wyt\u0142aczany relief, matowe UV i t\u0142oczenie metalu na gor\u0105co w celu uzyskania podw\u00f3jnego rozr\u00f3\u017cnienia dotyku i wzroku.<\/li>\n<li><strong>Rozszerzenie funkcji<\/strong>: Wbudowana degradowalna warstwa folii aluminiowej odporna na wilgo\u0107, magnetyczna pokrywa otwieraj\u0105ca i zamykaj\u0105ca oraz inne konfiguracje o warto\u015bci dodanej.<\/li>\n<li><strong>System identyfikacji marki<\/strong>: Obs\u0142uguje zintegrowane rozwi\u0105zania identyfikacyjne, takie jak etykiety identyfikowalno\u015bci z kodem QR, wyt\u0142aczane LOGO i od\u0142\u0105czane etykiety marki.<\/li>\n<li><strong>Przystosowanie do inteligentnego magazynowania<\/strong>: Dostosowanie sk\u0142adanych pude\u0142ek lub wst\u0119pnie wype\u0142nionych struktur zgodnie z wymaganiami kana\u0142u e-commerce\/supermarket\u00f3w w celu obni\u017cenia koszt\u00f3w logistycznych o 20%.<\/li>\n<\/ol>\n<h2 id=\"-iv-environmental-commitment-and-quality-assurance-\"><strong>4. Zaanga\u017cowanie w ochron\u0119 \u015brodowiska i zapewnienie jako\u015bci<\/strong><\/h2>\n<ul>\n<li><strong>Certyfikacja degradacji<\/strong>: Materia\u0142 przeszed\u0142 test degradacji kompostu EN13432 i certyfikat bezpiecze\u0144stwa kontaktu z \u017cywno\u015bci\u0105 FDA, z szybko\u015bci\u0105 degradacji \u226590% (w ci\u0105gu 180 dni).<\/li>\n<li><strong>Identyfikowalno\u015b\u0107 produkcji<\/strong>: Wykorzystuj\u0105c odpady rolnicze, takie jak miazga bambusowa\/s\u0142oma, \u015blad w\u0119glowy jest o 67% ni\u017cszy ni\u017c w przypadku tradycyjnych opakowa\u0144 plastikowych.<\/li>\n<li><strong>System kontroli jako\u015bci<\/strong>: Wyposa\u017cony w pe\u0142ni automatyczn\u0105 lini\u0119 wykrywania podczerwieni, wska\u017anik wadliwo\u015bci jest kontrolowany poni\u017cej 0,3%, znacznie przekraczaj\u0105c standard bran\u017cowy.<\/li>\n<\/ul>\n<h2 id=\"-v-efficient-service-system-rapid-response-from-samples-to-mass-production-\"><strong>5. Wydajny system obs\u0142ugi: Szybka reakcja od pr\u00f3bek do masowej produkcji<\/strong><\/h2>\n<ul>\n<li><strong>3-dniowy szybki proofing<\/strong>: Bezp\u0142atne pr\u00f3bki fizyczne 1:1 (w tym 3 opcje materia\u0142owe), obs\u0142uga globalnej 48-godzinnej dostawy DHL.<\/li>\n<li><strong>Inteligentny system zam\u00f3wie\u0144<\/strong>: Internetowe narz\u0119dzia projektowe AI umo\u017cliwiaj\u0105 podgl\u0105d rendering\u00f3w 3D w czasie rzeczywistym i wizualizacj\u0119 \u015bledzenia post\u0119p\u00f3w realizacji zam\u00f3wie\u0144 (w tym planowanie produkcji i w\u0119z\u0142y logistyczne).<\/li>\n<li><strong>Wieloj\u0119zyczne wsparcie 24\/7<\/strong>: Chi\u0144skie, angielskie, francuskie i hiszpa\u0144skie zespo\u0142y obs\u0142ugi klienta zapewniaj\u0105 sugestie dotycz\u0105ce optymalizacji struktury opakowania i wskaz\u00f3wki dotycz\u0105ce odprawy celnej.<\/li>\n<\/ul>\n<h2 id=\"-vi-industry-solution-cases-\"><strong>6. Przypadki rozwi\u0105za\u0144 bran\u017cowych<\/strong><\/h2>\n<ul>\n<li><strong>Marka kawy specjalistycznej<\/strong>: Dostosowane pude\u0142ko z w\u0142\u00f3kna bambusowego o \u015brednicy 8 cm na etiopsk\u0105 kaw\u0119 pojedynczego pochodzenia, z nadrukiem UV r\u0119cznie malowanych ilustracji pochodzenia kawy i zwi\u0119kszon\u0105 cen\u0105 sprzeda\u017cy terminali o 30%.<\/li>\n<li><strong>Przedsi\u0119biorstwo \u0142a\u0144cucha herbacianego<\/strong>: Opracowano degradowalne pude\u0142ko zewn\u0119trzne na torebki herbaty PLA, kt\u00f3re mo\u017cna uk\u0142ada\u0107 w stosy, zmniejszaj\u0105c przestrze\u0144 magazynow\u0105 o 50%, i zdoby\u0142o nagrod\u0119 2024 Asia Pacific Green Packaging Innovation Award.<\/li>\n<\/ul>","protected":false},"excerpt":{"rendered":"<ul>\n<li>\u200b<strong>Elegancki branding<\/strong>: Minimalistyczne, konfigurowalne projekty zwi\u0119kszaj\u0105 widoczno\u015b\u0107 na p\u00f3\u0142ce.<\/li>\n<li>\u200b<strong>Ochrona Premium<\/strong>: Materia\u0142 dopuszczony do kontaktu z \u017cywno\u015bci\u0105 zapewnia \u015bwie\u017co\u015b\u0107 i bezpiecze\u0144stwo produktu.<\/li>\n<li>\u200b<strong>Op\u0142acalno\u015b\u0107<\/strong>: Niskie MOQ i rabaty hurtowe dla startup\u00f3w i przedsi\u0119biorstw.<\/li>\n<li>\u200b<strong>Kolory zgodne z trendami<\/strong>: Delikatny r\u00f3\u017c i lawenda przemawiaj\u0105 do odbiorc\u00f3w dbaj\u0105cych o zdrowie.<\/li>\n<li>\u200b<strong>Wszechstronne zastosowanie<\/strong>: Idealny do herbaty, kawy i suchych produkt\u00f3w rzemie\u015blniczych.<\/li>\n<\/ul>","protected":false},"featured_media":9709,"template":"","meta":[],"product_brand":[],"product_cat":[30,422,31,429],"product_tag":[1249,1250,1248],"class_list":{"0":"post-9703","1":"product","2":"type-product","3":"status-publish","4":"has-post-thumbnail","6":"product_cat-by-industry","7":"product_cat-custom-gourmet-boxes-by-industry","8":"product_cat-paper-box-style","9":"product_cat-paper-tube-boxes","10":"product_tag-coffee-packaging-box","11":"product_tag-custom-tea-coffee-box-wholesale","12":"product_tag-tea-paper-tube-packaging","14":"first","15":"instock","16":"shipping-taxable","17":"product-type-grouped"},"_links":{"self":[{"href":"https:\/\/zojopackaging.com\/pl\/wp-json\/wp\/v2\/product\/9703","targetHints":{"allow":["GET"]}}],"collection":[{"href":"https:\/\/zojopackaging.com\/pl\/wp-json\/wp\/v2\/product"}],"about":[{"href":"https:\/\/zojopackaging.com\/pl\/wp-json\/wp\/v2\/types\/product"}],"version-history":[{"count":1,"href":"https:\/\/zojopackaging.com\/pl\/wp-json\/wp\/v2\/product\/9703\/revisions"}],"predecessor-version":[{"id":9710,"href":"https:\/\/zojopackaging.com\/pl\/wp-json\/wp\/v2\/product\/9703\/revisions\/9710"}],"wp:featuredmedia":[{"embeddable":true,"href":"https:\/\/zojopackaging.com\/pl\/wp-json\/wp\/v2\/media\/9709"}],"wp:attachment":[{"href":"https:\/\/zojopackaging.com\/pl\/wp-json\/wp\/v2\/media?parent=9703"}],"wp:term":[{"taxonomy":"product_brand","embeddable":true,"href":"https:\/\/zojopackaging.com\/pl\/wp-json\/wp\/v2\/product_brand?post=9703"},{"taxonomy":"product_cat","embeddable":true,"href":"https:\/\/zojopackaging.com\/pl\/wp-json\/wp\/v2\/product_cat?post=9703"},{"taxonomy":"product_tag","embeddable":true,"href":"https:\/\/zojopackaging.com\/pl\/wp-json\/wp\/v2\/product_tag?post=9703"}],"curies":[{"name":"wp","href":"https:\/\/api.w.org\/{rel}","templated":true}]}}