{"id":9711,"date":"2025-04-03T15:30:00","date_gmt":"2025-04-03T07:30:00","guid":{"rendered":"https:\/\/zojopackaging.com\/?post_type=product&#038;p=9711"},"modified":"2025-04-03T16:24:30","modified_gmt":"2025-04-03T08:24:30","slug":"custom-cbd-hemp-oil-paper-tube-cylinder-packaging-wholesale","status":"publish","type":"product","link":"https:\/\/zojopackaging.com\/pl\/product\/custom-cbd-hemp-oil-paper-tube-cylinder-packaging-wholesale\/","title":{"rendered":"Niestandardowe opakowanie cylindryczne z olejem konopnym CBD w tubie papierowej - sprzeda\u017c hurtowa"},"content":{"rendered":"<h2 id=\"-1-scientific-structural-design-all-round-product-protection-\"><strong>1. Naukowy projekt strukturalny, wszechstronna ochrona produktu<\/strong><\/h2>\n<p>Przyjmuj\u0105c zintegrowan\u0105 struktur\u0119 g\u00f3rnej i dolnej pokrywy, konstrukcja optymalizacji mechanicznej r\u00f3wnomiernie rozprasza ci\u015bnienie zewn\u0119trzne, skutecznie unikaj\u0105c deformacji opakowania lub uszkodzenia zawarto\u015bci spowodowanego wyciskaniem i kolizj\u0105 podczas transportu lub przechowywania. Konstrukcja ta jest szczeg\u00f3lnie odpowiednia dla olejk\u00f3w eterycznych z konopi indyjskich, olejk\u00f3w eterycznych CBD i olejk\u00f3w eterycznych THC w delikatnych szklanych butelkach, zapewniaj\u0105c, \u017ce p\u0142ynne produkty pozostan\u0105 szczelne i nienaruszone w ekstremalnych warunkach.<\/p>\n<h2 id=\"-2-environmentally-friendly-materials-and-excellent-toughness-\"><strong>2. Przyjazne dla \u015brodowiska materia\u0142y i doskona\u0142a wytrzyma\u0142o\u015b\u0107<\/strong><\/h2>\n<p>Opakowanie jest wykonane z papieru siarczanowego o wysokiej wytrzyma\u0142o\u015bci, a wytrzyma\u0142o\u015b\u0107 w\u0142\u00f3kien zosta\u0142a zwi\u0119kszona dzi\u0119ki specjalnej obr\u00f3bce, a odporno\u015b\u0107 na rozdarcie zosta\u0142a poprawiona o ponad 30%. Materia\u0142 spe\u0142nia mi\u0119dzynarodowe normy \u015brodowiskowe, nadaje si\u0119 do recyklingu i degradacji, uwzgl\u0119dnia ekologiczne koncepcje i praktyczne potrzeby oraz dostosowuje si\u0119 do surowych wymaga\u0144 globalnego rynku zr\u00f3wnowa\u017conych opakowa\u0144.<\/p>\n<h2 id=\"-3-luxurious-hot-stamping-process-details-highlight-quality-\"><strong>3. Luksusowa z\u0142ota folia do t\u0142oczenia na gor\u0105co, szczeg\u00f3\u0142y podkre\u015blaj\u0105 jako\u015b\u0107<\/strong><\/h2>\n<p>Dzi\u0119ki zastosowaniu wysoce precyzyjnej technologii druku z\u0142ot\u0105 foli\u0105 t\u0142oczon\u0105 na gor\u0105co, umo\u017cliwia ona drukowanie drobnego tekstu i wzor\u00f3w na poziomie 0,2 mm oraz wyra\u017ane prezentowanie kluczowych informacji, takich jak LOGO marki i opis sk\u0142adnik\u00f3w. Metaliczny po\u0142ysk kontrastuje z matowym papierem siarczanowym, nadaj\u0105c opakowaniu stonowane i luksusowe wra\u017cenia wizualne, co pasuje do pozycjonowania rynkowego wysokiej klasy produkt\u00f3w CBD.<\/p>\n<h2 id=\"-4-multi-category-adaptation-and-brand-empowerment-\"><strong>4. Adaptacja do wielu kategorii i wzmocnienie pozycji marki<\/strong><\/h2>\n<p>Zaprojektowana specjalnie dla olejk\u00f3w eterycznych z konopi indyjskich, olejk\u00f3w eterycznych CBD\/THC, wy\u015bci\u00f3\u0142ka mo\u017ce by\u0107 dostosowana do wstrz\u0105soodpornej folii EVA lub PE o jako\u015bci spo\u017cywczej i jest odpowiednia dla r\u00f3\u017cnych typ\u00f3w butelek od 5 ml do 50 ml. Wygl\u0105d opakowania mo\u017cna poprawi\u0107 za pomoc\u0105 proces\u00f3w takich jak wyt\u0142aczanie i miejscowe lakierowanie UV, w po\u0142\u0105czeniu z kolorem marki i systemem VI, aby zwi\u0119kszy\u0107 warto\u015b\u0107 dodan\u0105 produktu.<\/p>\n<h2 id=\"-5-one-stop-customization-service-and-cost-advantage-\"><strong>5. Kompleksowa us\u0142uga dostosowywania i przewaga kosztowa<\/strong><\/h2>\n<ul>\n<li><strong>Elastyczna personalizacja<\/strong>: Obs\u0142uguje spersonalizowan\u0105 regulacj\u0119 rozmiaru cylindra (\u015brednica 20-100 mm, wysoko\u015b\u0107 50-300 mm), struktury pude\u0142ka (takiej jak pokrywa magnetyczna, pokrywa zatrzaskowa) i procesu (t\u0142oczenie na gor\u0105co \/ srebro, wyt\u0142aczanie), aby spe\u0142ni\u0107 potrzeby r\u00f3\u017cnicowania marki.<\/li>\n<li><strong>Zaleta \u017ar\u00f3d\u0142a<\/strong>: Bezpo\u015brednio produkowane przez chi\u0144skie fabryki, bez r\u00f3\u017cnicy cen po\u015brednik\u00f3w, zapewniaj\u0105ce wiod\u0105ce w bran\u017cy ceny hurtowe; bezp\u0142atne us\u0142ugi projektowe obejmuj\u0105 renderingi 3D, rysunki strukturalne i sprawdzanie materia\u0142\u00f3w w celu zapewnienia dok\u0142adnej realizacji projektu.<\/li>\n<li><strong>Szybka reakcja<\/strong>: Bezp\u0142atna dostawa pr\u00f3bek, proofing zako\u0144czony w ci\u0105gu 3-5 dni roboczych, obs\u0142uga pe\u0142nego cyklu us\u0142ug od produkcji pr\u00f3bnej ma\u0142ych partii do produkcji masowej na du\u017c\u0105 skal\u0119.<\/li>\n<\/ul>\n<h2 id=\"-6-case-and-market-verification-\"><strong>6. Weryfikacja przypadku i rynku<\/strong><\/h2>\n<ul>\n<li>Proces t\u0142oczenia na gor\u0105co zwi\u0119ksza rozpoznawalno\u015b\u0107 produktu na p\u00f3\u0142ce o 40%;<\/li>\n<li>Materia\u0142 z papieru siarczanowego zmniejsza straty logistyczne do mniej ni\u017c 1%;<\/li>\n<li>Indywidualny projekt pomaga marce premium osi\u0105gn\u0105\u0107 przestrze\u0144 15%-30%.<\/li>\n<\/ul>","protected":false},"excerpt":{"rendered":"<p>\u2705 Niestandardowy branding zapewniaj\u0105cy natychmiastowy efekt na p\u00f3\u0142ce<br \/>\n\u2705 Materia\u0142y pozyskiwane w spos\u00f3b zr\u00f3wnowa\u017cony i zgodny z warto\u015bciami wellness<br \/>\nSkalowalna produkcja dla startup\u00f3w i klient\u00f3w korporacyjnych<br \/>\nSzybka realizacja bez uszczerbku dla jako\u015bci<\/p>","protected":false},"featured_media":9712,"template":"","meta":[],"product_brand":[],"product_cat":[30,418,31,429],"product_tag":[1251,1252,804],"class_list":{"0":"post-9711","1":"product","2":"type-product","3":"status-publish","4":"has-post-thumbnail","6":"product_cat-by-industry","7":"product_cat-custom-cbd-boxes","8":"product_cat-paper-box-style","9":"product_cat-paper-tube-boxes","10":"product_tag-cbd-paper-tube-packaging","11":"product_tag-custom-cbd-hemp-oil-packaging-wholesale","12":"product_tag-hemp-oil-packaging","14":"first","15":"instock","16":"shipping-taxable","17":"product-type-grouped"},"_links":{"self":[{"href":"https:\/\/zojopackaging.com\/pl\/wp-json\/wp\/v2\/product\/9711","targetHints":{"allow":["GET"]}}],"collection":[{"href":"https:\/\/zojopackaging.com\/pl\/wp-json\/wp\/v2\/product"}],"about":[{"href":"https:\/\/zojopackaging.com\/pl\/wp-json\/wp\/v2\/types\/product"}],"version-history":[{"count":2,"href":"https:\/\/zojopackaging.com\/pl\/wp-json\/wp\/v2\/product\/9711\/revisions"}],"predecessor-version":[{"id":9726,"href":"https:\/\/zojopackaging.com\/pl\/wp-json\/wp\/v2\/product\/9711\/revisions\/9726"}],"wp:featuredmedia":[{"embeddable":true,"href":"https:\/\/zojopackaging.com\/pl\/wp-json\/wp\/v2\/media\/9712"}],"wp:attachment":[{"href":"https:\/\/zojopackaging.com\/pl\/wp-json\/wp\/v2\/media?parent=9711"}],"wp:term":[{"taxonomy":"product_brand","embeddable":true,"href":"https:\/\/zojopackaging.com\/pl\/wp-json\/wp\/v2\/product_brand?post=9711"},{"taxonomy":"product_cat","embeddable":true,"href":"https:\/\/zojopackaging.com\/pl\/wp-json\/wp\/v2\/product_cat?post=9711"},{"taxonomy":"product_tag","embeddable":true,"href":"https:\/\/zojopackaging.com\/pl\/wp-json\/wp\/v2\/product_tag?post=9711"}],"curies":[{"name":"wp","href":"https:\/\/api.w.org\/{rel}","templated":true}]}}