{"id":9719,"date":"2025-04-03T16:09:23","date_gmt":"2025-04-03T08:09:23","guid":{"rendered":"https:\/\/zojopackaging.com\/?post_type=product&#038;p=9719"},"modified":"2025-04-03T16:55:29","modified_gmt":"2025-04-03T08:55:29","slug":"custom-black-round-candle-paper-tube-packaging-wholesale","status":"publish","type":"product","link":"https:\/\/zojopackaging.com\/pl\/product\/custom-black-round-candle-paper-tube-packaging-wholesale\/","title":{"rendered":"Niestandardowe czarne okr\u0105g\u0142e opakowanie papierowe na \u015bwiece hurtowo"},"content":{"rendered":"<h2 id=\"1-shockproof-and-buffering-design-comprehensive-product-protection-\">1.\u00a0<strong>Odporna na wstrz\u0105sy i buforuj\u0105ca konstrukcja, kompleksowa ochrona produktu<\/strong><\/h2>\n<p>Korzystanie z\u00a0<strong>Wielowarstwowa struktura kompozytowa<\/strong>Cylindryczne pude\u0142ko jest po\u0142\u0105czone z tektur\u0105 o wysokiej g\u0119sto\u015bci poprzez poprzeczn\u0105 elastyczn\u0105 warstw\u0119 buforow\u0105 poduszki powietrznej, kt\u00f3ra mo\u017ce r\u00f3wnomiernie rozproszy\u0107 wp\u0142yw si\u0142y zewn\u0119trznej podczas transportu lub przechowywania, skutecznie zapobiegaj\u0105c zagro\u017ceniom, takim jak p\u0119kni\u0119cie \u015bwiecy i rozbicie butelki perfum. Podszewka jest kszta\u0142towana przez\u00a0<strong>Technologia precyzyjnego wykrawania<\/strong>idealnie dopasowuje si\u0119 do kszta\u0142tu produktu, redukuje luki spowodowane wstrz\u0105sami i zapewnia wszechstronn\u0105 ochron\u0119 buforow\u0105.<\/p>\n<h2 id=\"2-classic-contrasting-color-design-enhances-visual-texture-\">2.\u00a0<strong>Klasyczny kontrastowy kolor, poprawiaj\u0105cy wizualn\u0105 tekstur\u0119<\/strong><\/h2>\n<ul>\n<li><strong>Pude\u0142ko zewn\u0119trzne<\/strong>: Matowa czarna papierowa tuba, z technologi\u0105 powlekania UV, prezentuje g\u0142\u0119boki po\u0142ysk, prosty i klimatyczny, i nadaje si\u0119 do wszelkiego rodzaju wysokiej klasy prezent\u00f3w.<\/li>\n<li><strong>Pude\u0142ko wewn\u0119trzne<\/strong>: Czysto bia\u0142a wy\u015bci\u00f3\u0142ka, kontrastuj\u0105ca z pude\u0142kiem zewn\u0119trznym, podkre\u015bla warstwowo\u015b\u0107 ekspozycji produktu, a bia\u0142e t\u0142o mo\u017ce wyra\u017anie wy\u015bwietla\u0107 LOGO marki lub informacje o produkcie.<\/li>\n<\/ul>\n<h2 id=\"3-multi-category-adaptation-flexible-application-scenarios-\">3.\u00a0<strong>Adaptacja do wielu kategorii, elastyczne scenariusze zastosowa\u0144<\/strong><\/h2>\n<p>Obs\u0142uguje zr\u00f3\u017cnicowane opakowania produkt\u00f3w, takie jak \u015bwiece, perfumy, ziarna kawy i herbata. Materia\u0142em wy\u015bcie\u0142aj\u0105cym mo\u017ce by\u0107 EVA, g\u0105bka lub niestandardowy przyjazny dla \u015brodowiska wype\u0142niacz, aby spe\u0142ni\u0107 wymagania odporno\u015bci na wstrz\u0105sy r\u00f3\u017cnych produkt\u00f3w (takich jak butelki perfum, aby zapobiec wyciekom, ziarna kawy, aby zapobiec wilgoci).<\/p>\n<h2 id=\"4-16-years-of-china-source-factory-quality-assurance-\">4.\u00a0<strong>16 lat chi\u0144skiej fabryki \u017ar\u00f3d\u0142owej, zapewnienie jako\u015bci<\/strong><\/h2>\n<p>Opieraj\u0105c si\u0119 na dojrza\u0142ym systemie \u0142a\u0144cucha dostaw w Dongguan, Guangdong i Shenzhen, od zakupu surowc\u00f3w po produkcj\u0119 i przetwarzanie, jest on zintegrowany. Przyj\u0119cie\u00a0<strong>Standardy zarz\u0105dzania jako\u015bci\u0105 ISO<\/strong>Upewnij si\u0119, \u017ce papierowa tuba ma jednolit\u0105 grubo\u015b\u0107, szczelne szwy, no\u015bno\u015b\u0107 ponad 3 kg, a wytrzyma\u0142o\u015b\u0107 na \u015bciskanie spe\u0142nia mi\u0119dzynarodowe standardy transportowe.<\/p>\n<h2 id=\"5-customized-service-in-line-with-brand-needs-\">5.\u00a0<strong>Dostosowana us\u0142uga, zgodna z potrzebami marki<\/strong><\/h2>\n<ul>\n<li><strong>Elastyczny rozmiar<\/strong>Obs\u0142uguje niestandardowe zakresy 2-50 cm \u015brednicy i 2-50 cm wysoko\u015bci, odpowiednie dla mini \u015bwieczek lub du\u017cych produkt\u00f3w do aromaterapii.<\/li>\n<li><strong>Aktualizacja technologii<\/strong>Opcjonalne procesy wysokiej klasy, takie jak t\u0142oczenie na gor\u0105co, wyt\u0142aczanie, cz\u0119\u015bciowo b\u0142yszcz\u0105ca powierzchnia UV lub druk punktowy Pantone w po\u0142\u0105czeniu z systemem kolor\u00f3w marki VI.<\/li>\n<li><strong>Warto\u015b\u0107 dodana akcesori\u00f3w<\/strong>Dostarczamy zamkni\u0119cia magnetyczne, wst\u0105\u017cki, liny i inne akcesoria zwi\u0119kszaj\u0105ce praktyczno\u015b\u0107 i upominkowe atrybuty opakowa\u0144.<\/li>\n<\/ul>\n<h2 id=\"6-high-cost-performance-and-quick-response-\">6.\u00a0<strong>Wysoka wydajno\u015b\u0107 kosztowa i szybka reakcja<\/strong><\/h2>\n<ul>\n<li><strong>Strategia niskich cen<\/strong>: Produkcja na du\u017c\u0105 skal\u0119 zmniejsza koszty jednostkowe, przy minimalnej cenie zam\u00f3wienia 500 sztuk ju\u017c od 2 juan\u00f3w za sztuk\u0119, a zam\u00f3wienia 10 000 sztuk mog\u0105 korzysta\u0107 z wielopoziomowych rabat\u00f3w.<\/li>\n<li><strong>Gwarancja dostawy<\/strong>: Prototypowanie jest zako\u0144czone w ci\u0105gu 7-10 dni, dostawa partii wynosi 15-20 dni, a obs\u0142ugiwane s\u0105 r\u00f3\u017cne rozwi\u0105zania logistyczne, takie jak transport morski i lotniczy.<\/li>\n<\/ul>\n<h2 id=\"1-one-stop-customization-process-\">7. <strong>Kompleksowy proces dostosowywania<\/strong><\/h2>\n<p>Zapewnia bezp\u0142atn\u0105 modyfikacj\u0119 projektu, potwierdzenie renderowania 3D i fizyczn\u0105 dostaw\u0119 pr\u00f3bek, obs\u0142uguje dokowanie plik\u00f3w w formacie AI \/ PDF \/ CDR i zapewnia, \u017ce stopie\u0144 przywr\u00f3cenia projektu osi\u0105ga 99%.<\/p>\n<h2 id=\"2-worry-free-after-sales-commitment-\">8. <strong>Bezproblemowa obs\u0142uga posprzeda\u017cowa<\/strong><\/h2>\n<ul>\n<li><strong>Zapewnienie jako\u015bci<\/strong>: Wsparcie bezp\u0142atnej wymiany z powodu uszkodze\u0144 transportowych lub wad wykonania w ci\u0105gu 30 dni od daty dostawy.<\/li>\n<li><strong>Certyfikacja \u015brodowiskowa<\/strong>: Papierowa tuba wykorzystuje materia\u0142y z recyklingu z certyfikatem FSC, kt\u00f3re s\u0105 zgodne z unijn\u0105 norm\u0105 RoHS, pomagaj\u0105c marce w budowaniu wizerunku zr\u00f3wnowa\u017conego rozwoju.<\/li>\n<\/ul>","protected":false},"excerpt":{"rendered":"<p>Luksusowy unboxing \u015bwiec z najwy\u017cszej p\u00f3\u0142ki<br \/>\nTrwa\u0142a ochrona przed uszkodzeniami transportowymi<br \/>\nElastyczno\u015b\u0107 niestandardowego brandingu<br \/>\nZni\u017cki na zam\u00f3wienia zbiorcze dla hurtownik\u00f3w<br \/>\nMateria\u0142 przyjazny dla \u015brodowiska jest zgodny z nowoczesnymi markami<\/p>","protected":false},"featured_media":9720,"template":"","meta":[],"product_brand":[],"product_cat":[30,416,31,429],"product_tag":[470,1256,468],"class_list":{"0":"post-9719","1":"product","2":"type-product","3":"status-publish","4":"has-post-thumbnail","6":"product_cat-by-industry","7":"product_cat-custom-candle-boxes","8":"product_cat-paper-box-style","9":"product_cat-paper-tube-boxes","10":"product_tag-candle-packaging-wholesale","11":"product_tag-candle-paper-tube","12":"product_tag-custom-candle-packaging","14":"first","15":"instock","16":"shipping-taxable","17":"product-type-grouped"},"_links":{"self":[{"href":"https:\/\/zojopackaging.com\/pl\/wp-json\/wp\/v2\/product\/9719","targetHints":{"allow":["GET"]}}],"collection":[{"href":"https:\/\/zojopackaging.com\/pl\/wp-json\/wp\/v2\/product"}],"about":[{"href":"https:\/\/zojopackaging.com\/pl\/wp-json\/wp\/v2\/types\/product"}],"version-history":[{"count":1,"href":"https:\/\/zojopackaging.com\/pl\/wp-json\/wp\/v2\/product\/9719\/revisions"}],"predecessor-version":[{"id":9727,"href":"https:\/\/zojopackaging.com\/pl\/wp-json\/wp\/v2\/product\/9719\/revisions\/9727"}],"wp:featuredmedia":[{"embeddable":true,"href":"https:\/\/zojopackaging.com\/pl\/wp-json\/wp\/v2\/media\/9720"}],"wp:attachment":[{"href":"https:\/\/zojopackaging.com\/pl\/wp-json\/wp\/v2\/media?parent=9719"}],"wp:term":[{"taxonomy":"product_brand","embeddable":true,"href":"https:\/\/zojopackaging.com\/pl\/wp-json\/wp\/v2\/product_brand?post=9719"},{"taxonomy":"product_cat","embeddable":true,"href":"https:\/\/zojopackaging.com\/pl\/wp-json\/wp\/v2\/product_cat?post=9719"},{"taxonomy":"product_tag","embeddable":true,"href":"https:\/\/zojopackaging.com\/pl\/wp-json\/wp\/v2\/product_tag?post=9719"}],"curies":[{"name":"wp","href":"https:\/\/api.w.org\/{rel}","templated":true}]}}