{"id":9728,"date":"2025-04-03T16:29:03","date_gmt":"2025-04-03T08:29:03","guid":{"rendered":"https:\/\/zojopackaging.com\/?post_type=product&#038;p=9728"},"modified":"2025-04-03T16:46:57","modified_gmt":"2025-04-03T08:46:57","slug":"luxury-preserved-rose-floral-flowers-gift-boxes-manufacturer","status":"publish","type":"product","link":"https:\/\/zojopackaging.com\/pl\/product\/luxury-preserved-rose-floral-flowers-gift-boxes-manufacturer\/","title":{"rendered":"Luksusowe pude\u0142ka na prezenty z zakonserwowanymi kwiatami r\u00f3\u017cy"},"content":{"rendered":"<h2 id=\"1-in-depth-customization-empowering-brand-value-\">1.\u00a0<strong>Dog\u0142\u0119bna personalizacja, zwi\u0119kszaj\u0105ca warto\u015b\u0107 marki<\/strong><\/h2>\n<p>Koncentrujemy si\u0119 na \u015bwiadczeniu kompleksowych us\u0142ug dostosowywania wysokiej klasy pude\u0142ek upominkowych dla globalnych marek, obejmuj\u0105cych pe\u0142nowymiarowy projekt, taki jak rozmiar, wykonanie, materia\u0142y i wzory.<\/p>\n<ul>\n<li><strong>Elastyczna adaptacja proces\u00f3w<\/strong>: Obs\u0142uga t\u0142oczenia na gor\u0105co \/ UV \/ wyt\u0142aczania \/ wyt\u0142aczania i innych proces\u00f3w, w po\u0142\u0105czeniu z LOGO marki i elementami kulturowymi w celu stworzenia\u00a0<strong>\"ekskluzywny j\u0119zyk wizualny\"<\/strong><\/li>\n<li><strong>Innowacje strukturalne<\/strong>: Zaprojektuj wykrojnik zgodnie z charakterystyk\u0105 produktu, idealnie dopasuj kszta\u0142t wiecznych kwiat\u00f3w i unikaj uszkodze\u0144 transportowych.<\/li>\n<\/ul>\n<h2 id=\"2-16-years-of-supply-chain-precipitation-quality-price-ratio-leads-the-industry-\">2.\u00a0<strong>16 lat opad\u00f3w w \u0142a\u0144cuchu dostaw, stosunek jako\u015bci do ceny jest liderem w bran\u017cy<\/strong><\/h2>\n<ul>\n<li><strong>Bezpo\u015brednia dostawa z fabryki \u017ar\u00f3d\u0142owej<\/strong>: Opieraj\u0105c si\u0119 na zaletach ca\u0142ego \u0142a\u0144cucha przemys\u0142owego chi\u0144skiego przemys\u0142u wytw\u00f3rczego, zbudowali\u015bmy baz\u0119 produkcyjn\u0105 20 000\u33a1, aby osi\u0105gn\u0105\u0107 zintegrowan\u0105 kontrol\u0119 od zakupu surowc\u00f3w do dostawy produkcji, zmniejszaj\u0105c koszty o 30%.<\/li>\n<li><strong>\u015acis\u0142y system kontroli jako\u015bci<\/strong>: Przyj\u0119to standardy zarz\u0105dzania jako\u015bci\u0105 ISO, a ka\u017cda partia produkt\u00f3w przechodzi 12 test\u00f3w procesowych.<\/li>\n<\/ul>\n<h2 id=\"3-environmentally-friendly-materials-and-structural-design-\">3.\u00a0<strong>Przyjazne dla \u015brodowiska materia\u0142y i konstrukcja<\/strong><\/h2>\n<ul>\n<li><strong>Wyb\u00f3r materia\u0142\u00f3w przyjaznych dla \u015brodowiska<\/strong>: Zewn\u0119trzna warstwa wykorzystuje papier artystyczny powlekany C2S o gramaturze 157 g (matowa tekstura pokazuje wysok\u0105 jako\u015b\u0107), a wewn\u0119trzna warstwa to sztywny karton o gramaturze 1200 g, kt\u00f3ry ma zar\u00f3wno odporno\u015b\u0107 na nacisk, jak i certyfikat \u015brodowiskowy.<\/li>\n<li><strong>Dwuwarstwowa struktura wysuwana<\/strong>:<\/li>\n<li><strong>G\u00f3rny obszar wy\u015bwietlania<\/strong>: Akrylowa os\u0142ona przeciwpy\u0142owa chroni wieczne kwiaty, przezroczysta widoczno\u015b\u0107 360\u00b0;<\/li>\n<li><strong>Dolna warstwa pami\u0119ci masowej<\/strong>: Konstrukcja w stylu szuflady umo\u017cliwia przechowywanie prezent\u00f3w, takich jak karty i bi\u017cuteria, zwi\u0119kszaj\u0105c poczucie ceremonii rozpakowywania.<\/li>\n<\/ul>\n<h2 id=\"4-visual-and-experience-upgrade-\">4.\u00a0<strong>Ulepszenie wizualne i do\u015bwiadczenie<\/strong><\/h2>\n<ul>\n<li><strong>Minimalistyczna estetyka<\/strong>: Og\u00f3lny kolor jest czarny, dopasowany do g\u0142adkich linii wysuwanego pude\u0142ka, co zapewnia stonowany luksus.<\/li>\n<li><strong>Szczeg\u00f3\u0142owe wykonanie<\/strong>: Powierzchnia pude\u0142ka jest pokryta jedwabist\u0105 pow\u0142ok\u0105, a kraw\u0119d\u017a jest wyposa\u017cona w magnetyczne zapi\u0119cia, kt\u00f3re otwieraj\u0105 si\u0119 i zamykaj\u0105 p\u0142ynnie i cicho.<\/li>\n<\/ul>\n<h2 id=\"5-full-process-service-support-\">5.\u00a0<strong>Wsparcie serwisowe w pe\u0142nym zakresie<\/strong><\/h2>\n<ul>\n<li><strong>48-godzinny proofing<\/strong>: Zapewniamy 3 wersje rozwi\u0105za\u0144 projektowych zgodnie z wymaganiami marki i dostarczamy masow\u0105 produkcj\u0119 w ci\u0105gu zaledwie 7 dni.<\/li>\n<li><strong>Globalna logistyka<\/strong>: Wsparcie logistyki transgranicznej DDP, dostarczanie odpornych na wstrz\u0105sy rozwi\u0105za\u0144 opakowaniowych, obejmuj\u0105cych ponad 150 kraj\u00f3w.<\/li>\n<\/ul>","protected":false},"excerpt":{"rendered":"<p>Bezpieczne dopasowanie - precyzyjnie zaprojektowane piankowe wk\u0142adki utrzymuj\u0105 kompozycje kwiatowe na miejscu.<br \/>\nMarkowy design - matowe wyko\u0144czenie zewn\u0119trzne z opcjonalnym grawerowaniem\/t\u0142oczeniem logo.<br \/>\nEvent-Ready - idealny na wesela, prezenty firmowe, luksusowe ekspozycje detaliczne.<\/p>","protected":false},"featured_media":9729,"template":"","meta":[],"product_brand":[],"product_cat":[30,423,424,31],"product_tag":[1254,1255,1253],"class_list":{"0":"post-9728","1":"product","2":"type-product","3":"status-publish","4":"has-post-thumbnail","6":"product_cat-by-industry","7":"product_cat-custom-presentation-boxes-by-industry","8":"product_cat-magnetic-closure-boxes","9":"product_cat-paper-box-style","10":"product_tag-floral-flowers-gift-boxes","11":"product_tag-gift-boxes-manufacturer","12":"product_tag-rose-gift-boxes","14":"first","15":"instock","16":"shipping-taxable","17":"product-type-grouped"},"_links":{"self":[{"href":"https:\/\/zojopackaging.com\/pl\/wp-json\/wp\/v2\/product\/9728","targetHints":{"allow":["GET"]}}],"collection":[{"href":"https:\/\/zojopackaging.com\/pl\/wp-json\/wp\/v2\/product"}],"about":[{"href":"https:\/\/zojopackaging.com\/pl\/wp-json\/wp\/v2\/types\/product"}],"version-history":[{"count":1,"href":"https:\/\/zojopackaging.com\/pl\/wp-json\/wp\/v2\/product\/9728\/revisions"}],"predecessor-version":[{"id":9734,"href":"https:\/\/zojopackaging.com\/pl\/wp-json\/wp\/v2\/product\/9728\/revisions\/9734"}],"wp:featuredmedia":[{"embeddable":true,"href":"https:\/\/zojopackaging.com\/pl\/wp-json\/wp\/v2\/media\/9729"}],"wp:attachment":[{"href":"https:\/\/zojopackaging.com\/pl\/wp-json\/wp\/v2\/media?parent=9728"}],"wp:term":[{"taxonomy":"product_brand","embeddable":true,"href":"https:\/\/zojopackaging.com\/pl\/wp-json\/wp\/v2\/product_brand?post=9728"},{"taxonomy":"product_cat","embeddable":true,"href":"https:\/\/zojopackaging.com\/pl\/wp-json\/wp\/v2\/product_cat?post=9728"},{"taxonomy":"product_tag","embeddable":true,"href":"https:\/\/zojopackaging.com\/pl\/wp-json\/wp\/v2\/product_tag?post=9728"}],"curies":[{"name":"wp","href":"https:\/\/api.w.org\/{rel}","templated":true}]}}