{"id":9735,"date":"2025-04-03T16:47:04","date_gmt":"2025-04-03T08:47:04","guid":{"rendered":"https:\/\/zojopackaging.com\/?post_type=product&#038;p=9735"},"modified":"2025-04-03T17:00:35","modified_gmt":"2025-04-03T09:00:35","slug":"wholesale-custom-50ml-perfume-fragrance-packaging-gift-boxes","status":"publish","type":"product","link":"https:\/\/zojopackaging.com\/pl\/product\/wholesale-custom-50ml-perfume-fragrance-packaging-gift-boxes\/","title":{"rendered":"Hurtowe niestandardowe opakowania na perfumy o pojemno\u015bci 50 ml"},"content":{"rendered":"<h2 id=\"-1-design-details-and-functions-\"><strong>1. Szczeg\u00f3\u0142y konstrukcyjne i funkcje<\/strong><\/h2>\n<ul>\n<li><strong>Projekt wygl\u0105du<\/strong><\/li>\n<li><strong>Struktura pude\u0142ka w kszta\u0142cie ksi\u0105\u017cki<\/strong>: Pude\u0142ko w kszta\u0142cie ksi\u0105\u017cki z klapk\u0105 ma silne poczucie otwierania i zamykania, co pasuje do tonu produkt\u00f3w z wy\u017cszej p\u00f3\u0142ki. Ciemnoniebieski kolor g\u0142\u00f3wny jest dopasowany do t\u0142oczonego na gor\u0105co \/ w procesie UV LOGO lub tekstury, aby wzmocni\u0107 wizualn\u0105 pami\u0119\u0107 marki.<\/li>\n<li><strong>Wyb\u00f3r materia\u0142u<\/strong>: U\u017cyj specjalnego papieru lub papieru artystycznego zamontowanego na szarej tekturze (takiego jak papier o metalicznej fakturze, papier dotykowy), aby zwi\u0119kszy\u0107 sztywno\u015b\u0107 i dotyk korpusu pude\u0142ka oraz zapewni\u0107 odporno\u015b\u0107 na \u015bciskanie i trwa\u0142o\u015b\u0107.<\/li>\n<\/ul>\n<h2 id=\"2-inner-lining-technology-\">2.\u00a0<strong>Technologia wy\u015bci\u00f3\u0142ki wewn\u0119trznej<\/strong><\/h2>\n<ul>\n<li><strong>Czarna podszewka EVA<\/strong>: Dzi\u0119ki precyzyjnemu wykrawaniu idealnie pasuje do korpusu flakonu perfum o pojemno\u015bci 50 ml i zapewnia ochron\u0119 przed wstrz\u0105sami i po\u015blizgiem. Kontrastowa konstrukcja czarnego i ciemnoniebieskiego korpusu pude\u0142ka podkre\u015bla efekt ekspozycji produktu.<\/li>\n<li><strong>Personalizacja warstwowa<\/strong>: Obs\u0142uguje warstwow\u0105 konstrukcj\u0119 podszewki (np. niezale\u017cne przegr\u00f3dki na perfumy, instrukcje lub prezenty), aby zaspokoi\u0107 potrzeby opakowa\u0144 kombinowanych wielu kategorii.<\/li>\n<\/ul>\n<h2 id=\"-3-customized-service-\"><strong>3. Us\u0142uga dostosowana do potrzeb klienta<\/strong><\/h2>\n<ul>\n<li><strong>Rozmiar i struktura<\/strong>: Rozmiar pude\u0142ka mo\u017cna dostosowa\u0107 do wysoko\u015bci i \u015brednicy butelki perfum i mo\u017cna go rozszerzy\u0107 o innowacyjne struktury, takie jak klapka magnetyczna i pasek ze wst\u0105\u017ck\u0105.<\/li>\n<li><strong>Aktualizacja technologii<\/strong>: Zapewniamy t\u0142oczenie na gor\u0105co, wyt\u0142aczanie, druk UV, sitodruk i inne opcje procesowe, aby spe\u0142ni\u0107 potrzeby projektowe marki VI.<\/li>\n<li><strong>Ekskluzywna marka<\/strong>: Obs\u0142uga spersonalizowanych tre\u015bci, takich jak ilustracje na stronach wewn\u0119trznych i ok\u0142adki z historiami marki, w celu zwi\u0119kszenia wra\u017ce\u0144 z rozpakowywania i interakcji z konsumentami.<\/li>\n<\/ul>\n<h2 id=\"-4-technology-and-quality-assurance-\"><strong>4. Technologia i zapewnienie jako\u015bci<\/strong><\/h2>\n<ul>\n<li><strong>Precyzyjna technologia wykrawania<\/strong>: U\u017cyj grawerowania CNC lub ci\u0119cia laserowego, aby upewni\u0107 si\u0119, \u017ce b\u0142\u0105d mi\u0119dzy podszewk\u0105 EVA a konstrukcj\u0105 pude\u0142ka wynosi \u22640,5 mm, aby unikn\u0105\u0107 wstrz\u0105s\u00f3w produktu podczas transportu.<\/li>\n<li><strong>Materia\u0142y przyjazne dla \u015brodowiska<\/strong>: Zgodnie z mi\u0119dzynarodowymi standardami ochrony \u015brodowiska (takimi jak certyfikat ROHS), podszewka EVA jest nietoksyczna i bezwonna, a szara tektura i specjalny papier nadaj\u0105 si\u0119 do recyklingu i degradacji.<\/li>\n<li><strong>System kontroli jako\u015bci<\/strong>: 16 lat do\u015bwiadczenia w fabryce \u017ar\u00f3d\u0142owej, z maszynami drukarskimi Heidelberg, w pe\u0142ni automatycznymi sk\u0142adarkami i innym sprz\u0119tem, pe\u0142n\u0105 kontrol\u0105 jako\u015bci procesu od projektu do produkcji, aby zapewni\u0107 sp\u00f3jno\u015b\u0107 dostaw partii.<\/li>\n<\/ul>\n<h2 id=\"-5-supply-chain-and-price-advantages-\"><strong>5. \u0141a\u0144cuch dostaw i korzy\u015bci cenowe<\/strong><\/h2>\n<ul>\n<li><strong>Bezpo\u015brednie zasilanie ze \u017ar\u00f3d\u0142a<\/strong>: Baza produkcyjna w Chinach Guangdong, 16 lat koncentracji na produkcji opakowa\u0144, zintegrowane projektowanie, drukowanie, sztancowanie, monta\u017c zintegrowanego \u0142a\u0144cucha dostaw, redukcja koszt\u00f3w ogniw po\u015brednich.<\/li>\n<li><strong>Elastyczne zam\u00f3wienie<\/strong>: Obs\u0142uga ma\u0142ych partii pr\u00f3bnych (500 sztuk) do produkcji du\u017cych partii (ponad 100 000 000 sztuk), du\u017ce ilo\u015bci mog\u0105 korzysta\u0107 z wielopoziomowych rabat\u00f3w.<\/li>\n<li><strong>Szybka dostawa<\/strong>: Regularny cykl produkcyjny zam\u00f3wienia wynosi 7-14 dni, pilne zam\u00f3wienia mog\u0105 by\u0107 przyspieszone do 5 dni, wspieraj\u0105 globaln\u0105 dystrybucj\u0119 logistyczn\u0105.<\/li>\n<\/ul>\n<h2 id=\"-6-application-scenarios-\"><strong>6. Scenariusze zastosowa\u0144<\/strong><\/h2>\n<ul>\n<li><strong>Perfumy marki<\/strong>: Poprawia poziom ekspozycji lady, nadaje si\u0119 do \u015bwi\u0105tecznych limitowanych edycji i opakowa\u0144 pod wsp\u00f3ln\u0105 mark\u0105.<\/li>\n<li><strong>Transgraniczny handel elektroniczny<\/strong>: Spe\u0142nia wymagania transportowe Amazon, niezale\u017cnych stacji i innych platform, a tak\u017ce zmniejsza szybko\u015b\u0107 p\u0119kania dzi\u0119ki odporno\u015bci na wstrz\u0105sy podszewki EVA.<\/li>\n<li><strong>Prezenty firmowe<\/strong>: Dostosowane firmowe LOGO, odpowiednie na prezenty biznesowe, \u015bwiadczenia pracownicze i inne scenariusze.<\/li>\n<\/ul>","protected":false},"excerpt":{"rendered":"<p>Pude\u0142ko prezentowe na perfumy o pojemno\u015bci 50 ml przyjmuje wysokiej klasy pude\u0142ko w kszta\u0142cie ksi\u0105\u017cki, z ciemnoniebieskim kolorem g\u0142\u00f3wnym i czarn\u0105 podszewk\u0105 EVA, aby stworzy\u0107 prosty i elegancki styl wizualny. Jednocze\u015bnie og\u00f3lna tekstura jest ulepszona dzi\u0119ki precyzyjnemu wykonaniu, kt\u00f3re jest odpowiednie dla markowych perfum, towar\u00f3w luksusowych i wysokiej klasy opakowa\u0144 na prezenty. Produkt obs\u0142uguje pe\u0142ne us\u0142ugi dostosowywania procesu, od rozmiaru, rzemios\u0142a po integracj\u0119 element\u00f3w marki, kt\u00f3re mo\u017cna elastycznie dostosowa\u0107 do potrzeb klienta, pomagaj\u0105c markom zwi\u0119kszy\u0107 warto\u015b\u0107 dodan\u0105 i konkurencyjno\u015b\u0107 na rynku.<\/p>","protected":false},"featured_media":9736,"template":"","meta":[],"product_brand":[],"product_cat":[30,417,424,31],"product_tag":[498,1257,1258],"class_list":{"0":"post-9735","1":"product","2":"type-product","3":"status-publish","4":"has-post-thumbnail","6":"product_cat-by-industry","7":"product_cat-custom-perfume-boxes-by-industry","8":"product_cat-magnetic-closure-boxes","9":"product_cat-paper-box-style","10":"product_tag-custom-perfume-packaging","11":"product_tag-fragrance-packaging-gift-boxes","12":"product_tag-wholesale-50ml-perfume-boxes","14":"first","15":"instock","16":"shipping-taxable","17":"product-type-grouped"},"_links":{"self":[{"href":"https:\/\/zojopackaging.com\/pl\/wp-json\/wp\/v2\/product\/9735","targetHints":{"allow":["GET"]}}],"collection":[{"href":"https:\/\/zojopackaging.com\/pl\/wp-json\/wp\/v2\/product"}],"about":[{"href":"https:\/\/zojopackaging.com\/pl\/wp-json\/wp\/v2\/types\/product"}],"version-history":[{"count":1,"href":"https:\/\/zojopackaging.com\/pl\/wp-json\/wp\/v2\/product\/9735\/revisions"}],"predecessor-version":[{"id":9742,"href":"https:\/\/zojopackaging.com\/pl\/wp-json\/wp\/v2\/product\/9735\/revisions\/9742"}],"wp:featuredmedia":[{"embeddable":true,"href":"https:\/\/zojopackaging.com\/pl\/wp-json\/wp\/v2\/media\/9736"}],"wp:attachment":[{"href":"https:\/\/zojopackaging.com\/pl\/wp-json\/wp\/v2\/media?parent=9735"}],"wp:term":[{"taxonomy":"product_brand","embeddable":true,"href":"https:\/\/zojopackaging.com\/pl\/wp-json\/wp\/v2\/product_brand?post=9735"},{"taxonomy":"product_cat","embeddable":true,"href":"https:\/\/zojopackaging.com\/pl\/wp-json\/wp\/v2\/product_cat?post=9735"},{"taxonomy":"product_tag","embeddable":true,"href":"https:\/\/zojopackaging.com\/pl\/wp-json\/wp\/v2\/product_tag?post=9735"}],"curies":[{"name":"wp","href":"https:\/\/api.w.org\/{rel}","templated":true}]}}