{"id":9743,"date":"2025-04-03T17:01:08","date_gmt":"2025-04-03T09:01:08","guid":{"rendered":"https:\/\/zojopackaging.com\/?post_type=product&#038;p=9743"},"modified":"2025-04-03T17:18:41","modified_gmt":"2025-04-03T09:18:41","slug":"custom-30ml-perfume-fragrances-bottle-gift-boxes-wholesale","status":"publish","type":"product","link":"https:\/\/zojopackaging.com\/pl\/product\/custom-30ml-perfume-fragrances-bottle-gift-boxes-wholesale\/","title":{"rendered":"Niestandardowe 30 ml perfumy Zapachy Butelka Pude\u0142ka na prezenty Hurtownia"},"content":{"rendered":"<h2 id=\"1-coffee-pull-out-box-design-\">1.\u00a0<strong>Wysuwany pojemnik na kaw\u0119<\/strong><\/h2>\n<ul>\n<li><strong>Wygl\u0105d<\/strong>: Korpus pude\u0142ka wykonany jest z matowego kartonu kawowego lub specjalnego papieru, z gor\u0105cym z\u0142otym \/ gor\u0105cym srebrnym LOGO, prezentuj\u0105cym stonowan\u0105 i luksusow\u0105 tekstur\u0119 wizualn\u0105. Wysuwana struktura otwiera si\u0119 i zamyka p\u0142ynnie, a kraw\u0119d\u017a pokrywy pude\u0142ka jest przetwarzana za pomoc\u0105 technologii ci\u0119cia laserowego, aby zapewni\u0107 idealne dopasowanie i wzmocni\u0107 poczucie ceremonii rozpakowywania.<\/li>\n<li><strong>Funkcja<\/strong>: Rozmiar pude\u0142ka mo\u017ce dok\u0142adnie pasowa\u0107 do butelki perfum o pojemno\u015bci 30 ml, a w razie potrzeby mo\u017cna go r\u00f3wnie\u017c dostosowa\u0107 do butelek o specjalnych kszta\u0142tach lub specjalnych potrzeb ekspozycyjnych.<\/li>\n<\/ul>\n<h2 id=\"2-white-eva-die-cut-lining-\">2.\u00a0<strong>Bia\u0142a podszewka z tworzywa EVA<\/strong><\/h2>\n<ul>\n<li><strong>Materia\u0142 i wykonanie<\/strong>: Podszewka wykonana jest z bia\u0142ej pianki EVA o wysokiej g\u0119sto\u015bci, kt\u00f3ra jest kszta\u0142towana za pomoc\u0105 precyzyjnej technologii wykrawania, aby idealnie dopasowa\u0107 si\u0119 do konturu butelki perfum, zapewni\u0107 \"wbudowan\u0105\" ochron\u0119 oraz unikn\u0105\u0107 wstrz\u0105s\u00f3w i zu\u017cycia podczas transportu.<\/li>\n<li><strong>Kontrast wizualny<\/strong>: Bia\u0142a wy\u015bci\u00f3\u0142ka i kawowe pude\u0142ko zewn\u0119trzne tworz\u0105 ostry kontrast kolorystyczny, podkre\u015blaj\u0105c przezroczyst\u0105 tekstur\u0119 flakonu perfum, jednocze\u015bnie rezerwuj\u0105c miejsce na kart\u0119 marki, aby wzmocni\u0107 efekt ekspozycji produktu.<\/li>\n<\/ul>\n<h2 id=\"3-technology-and-details-upgrade-\">3.\u00a0<strong>Aktualizacja technologii i szczeg\u00f3\u0142\u00f3w<\/strong><\/h2>\n<ul>\n<li><strong>Obr\u00f3bka powierzchni<\/strong>: Opcjonalna laminacja matow\u0105 foli\u0105, cz\u0119\u015bciowo jasna powierzchnia UV, wyt\u0142aczanie i inne procesy w celu wzmocnienia warstw dotykowych; proces t\u0142oczenia na gor\u0105co \/ sitodruku mo\u017ce przedstawia\u0107 wzory specyficzne dla marki lub copywriting, odzwierciedlaj\u0105c trend \"opakowa\u0144 emocjonalnych\".<\/li>\n<li><strong>Certyfikacja \u015brodowiskowa<\/strong>: Materia\u0142 jest zgodny z certyfikatem FSC i normami UE REACH, wspieraj\u0105c potrzeby w zakresie ekologicznych opakowa\u0144.<\/li>\n<\/ul>\n<h2 id=\"1-full-process-customization-\">4. <strong>Pe\u0142na personalizacja procesu<\/strong><\/h2>\n<ul>\n<li><strong>Rozmiar i struktura<\/strong>: Obs\u0142uguje r\u00f3\u017cne projekty pude\u0142ek, takie jak pude\u0142ka o specjalnym kszta\u0142cie, pude\u0142ka z szufladami i pokrywki, kt\u00f3re mog\u0105 pasowa\u0107 do standardowych butelek 30 ml lub specjalnych kszta\u0142t\u00f3w butelek (takich jak kwadrat i \u0142uk).<\/li>\n<li><strong>Technologia i drukowanie<\/strong>: Zapewniamy ponad 20 opcji procesowych, takich jak t\u0142oczenie na gor\u0105co, laser i sitodruk, a tak\u017ce mo\u017cemy dostosowa\u0107 ekskluzywne kolory w po\u0142\u0105czeniu z systemem marki VI (precyzyjne dopasowanie numer\u00f3w kolor\u00f3w Pantone).<\/li>\n<\/ul>\n<h2 id=\"2-flexible-production-\">5. <strong>Elastyczna produkcja<\/strong><\/h2>\n<ul>\n<li><strong>Elastyczna minimalna ilo\u015b\u0107 zam\u00f3wienia<\/strong>: Minimalna ilo\u015b\u0107 zam\u00f3wienia 500 sztuk, obs\u0142uga produkcji pr\u00f3bnej ma\u0142ych partii i produkcji masowej na du\u017c\u0105 skal\u0119 oraz cykl dostawy 7-14 dni (dostosowany w zale\u017cno\u015bci od z\u0142o\u017cono\u015bci procesu).<\/li>\n<li><strong>Gwarancja kontroli jako\u015bci<\/strong>: Pe\u0142ny proces kontroli jako\u015bci, obejmuj\u0105cy test twardo\u015bci materia\u0142u, test precyzji wykrawania (b\u0142\u0105d \u2264 0,5 mm), test no\u015bno\u015bci i \u015bciskania itp. w celu zapewnienia ochrony i estetyki opakowania.<\/li>\n<\/ul>\n<h2 id=\"-supply-chain-and-price-advantage-\"><strong>\u0141a\u0144cuch dostaw i przewaga cenowa<\/strong><\/h2>\n<ul>\n<li><strong>Bezpo\u015brednia dostawa z fabryki \u017ar\u00f3d\u0142owej<\/strong>: W\u0142asna baza produkcyjna jest wyposa\u017cona w pe\u0142ni automatyczne maszyny sztancuj\u0105ce, maszyny do t\u0142oczenia na gor\u0105co i sprz\u0119t do formowania EVA, eliminuj\u0105c r\u00f3\u017cnic\u0119 cen po\u015brednik\u00f3w, a cena jest 15%-30% ni\u017csza ni\u017c cena rynkowa przy tej samej jako\u015bci.<\/li>\n<li><strong>Kompleksowa obs\u0142uga<\/strong>: Od sprawdzania projektu, przez wyb\u00f3r materia\u0142\u00f3w, a\u017c po dystrybucj\u0119 logistyczn\u0105, dedykowany personel jest po\u0142\u0105czony z ca\u0142ym procesem, wspieraj\u0105c dostarczanie rendering\u00f3w 3D i fizycznego potwierdzenia pude\u0142ka pr\u00f3bnego w celu zmniejszenia koszt\u00f3w komunikacji.<\/li>\n<\/ul>\n<h2 id=\"-cooperation-guarantee-\"><strong>Gwarancja wsp\u00f3\u0142pracy<\/strong><\/h2>\n<ul>\n<li><strong>16 lat opad\u00f3w w bran\u017cy<\/strong>: Obs\u0142uga ponad 500 marek kosmetycznych, w tym fabryk OEM Estee Lauder, niszowych marek zapachowych itp., znajomo\u015b\u0107 standard\u00f3w eksportu pude\u0142ek upominkowych (takich jak wymagania Amazon FNSKU dotycz\u0105ce etykietowania).<\/li>\n<li><strong>Bezproblemowa obs\u0142uga posprzeda\u017cowa<\/strong>: Zapewniamy wsparcie posprzeda\u017cowe, takie jak wymiana uszkodzonych element\u00f3w i dostosowanie procesu, a tak\u017ce obiecujemy zapewni\u0107 bezp\u0142atn\u0105 us\u0142ug\u0119 archiwizacji plik\u00f3w projektowych w ci\u0105gu 1 roku.<\/li>\n<\/ul>","protected":false},"excerpt":{"rendered":"<p>Pude\u0142ko prezentowe na butelk\u0119 perfum o pojemno\u015bci 30 ml zosta\u0142o zaprojektowane specjalnie dla marek zapachowych z wy\u017cszej p\u00f3\u0142ki. Opiera si\u0119 na br\u0105zowym wysuwanym pude\u0142ku, \u0142\u0105cz\u0105c prost\u0105 estetyk\u0119 i praktyczne funkcje, i jest zaanga\u017cowany w popraw\u0119 wizerunku marki i warto\u015bci dodanej produktu poprzez wykwintny projekt opakowania. Jako fabryka \u017ar\u00f3d\u0142owa z 16-letnim do\u015bwiadczeniem w bran\u017cy, polegamy na kompletnym systemie \u0142a\u0144cucha dostaw, aby zapewni\u0107 op\u0142acalne us\u0142ugi dostosowane do indywidualnych potrzeb, aby zapewni\u0107 najlepsz\u0105 r\u00f3wnowag\u0119 mi\u0119dzy jako\u015bci\u0105 a kosztami.<\/p>","protected":false},"featured_media":9744,"template":"","meta":[],"product_brand":[],"product_cat":[30,417,31,426],"product_tag":[1259,1260,1261],"class_list":{"0":"post-9743","1":"product","2":"type-product","3":"status-publish","4":"has-post-thumbnail","6":"product_cat-by-industry","7":"product_cat-custom-perfume-boxes-by-industry","8":"product_cat-paper-box-style","9":"product_cat-paper-drawer-boxes","10":"product_tag-30ml-perfume-gift-boxes","11":"product_tag-custom-fragrances-boxes","12":"product_tag-gift-boxes-wholesale","14":"first","15":"instock","16":"shipping-taxable","17":"product-type-grouped"},"_links":{"self":[{"href":"https:\/\/zojopackaging.com\/pl\/wp-json\/wp\/v2\/product\/9743","targetHints":{"allow":["GET"]}}],"collection":[{"href":"https:\/\/zojopackaging.com\/pl\/wp-json\/wp\/v2\/product"}],"about":[{"href":"https:\/\/zojopackaging.com\/pl\/wp-json\/wp\/v2\/types\/product"}],"version-history":[{"count":1,"href":"https:\/\/zojopackaging.com\/pl\/wp-json\/wp\/v2\/product\/9743\/revisions"}],"predecessor-version":[{"id":9750,"href":"https:\/\/zojopackaging.com\/pl\/wp-json\/wp\/v2\/product\/9743\/revisions\/9750"}],"wp:featuredmedia":[{"embeddable":true,"href":"https:\/\/zojopackaging.com\/pl\/wp-json\/wp\/v2\/media\/9744"}],"wp:attachment":[{"href":"https:\/\/zojopackaging.com\/pl\/wp-json\/wp\/v2\/media?parent=9743"}],"wp:term":[{"taxonomy":"product_brand","embeddable":true,"href":"https:\/\/zojopackaging.com\/pl\/wp-json\/wp\/v2\/product_brand?post=9743"},{"taxonomy":"product_cat","embeddable":true,"href":"https:\/\/zojopackaging.com\/pl\/wp-json\/wp\/v2\/product_cat?post=9743"},{"taxonomy":"product_tag","embeddable":true,"href":"https:\/\/zojopackaging.com\/pl\/wp-json\/wp\/v2\/product_tag?post=9743"}],"curies":[{"name":"wp","href":"https:\/\/api.w.org\/{rel}","templated":true}]}}