{"id":9751,"date":"2025-04-03T17:18:56","date_gmt":"2025-04-03T09:18:56","guid":{"rendered":"https:\/\/zojopackaging.com\/?post_type=product&#038;p=9751"},"modified":"2025-04-03T17:39:50","modified_gmt":"2025-04-03T09:39:50","slug":"premium-cheap-custom-hair-extension-packaging-box-wholesale","status":"publish","type":"product","link":"https:\/\/zojopackaging.com\/pl\/product\/premium-cheap-custom-hair-extension-packaging-box-wholesale\/","title":{"rendered":"Premium Tanie niestandardowe opakowanie do przed\u0142u\u017cania w\u0142os\u00f3w Hurtownia"},"content":{"rendered":"<h2 id=\"-1-in-depth-customization-service-accurate-matching-of-brand-tone-\"><strong>1. Dog\u0142\u0119bna us\u0142uga dostosowywania, dok\u0142adne dopasowanie tonu marki<\/strong><\/h2>\n<ol>\n<li><strong>Pe\u0142nowymiarowa personalizacja<\/strong>: Obs\u0142uga elastycznego dostosowywania opakowania\u00a0<strong>rozmiar, struktura (dolna i dolna pokrywa \/ klapka \/ szuflada), proces drukowania (t\u0142oczenie na gor\u0105co \/ UV \/ t\u0142oczenie)<\/strong>\u00a0zgodnie z pozycjonowaniem marki, rozmiarem produktu i wymaganiami bud\u017cetowymi oraz zapewniaj\u0105 kompleksow\u0105 obs\u0142ug\u0119 od projektu do masowej produkcji.<\/li>\n<li><strong>Opatentowana konstrukcja magnetycznego zamkni\u0119cia<\/strong>: Adopcja\u00a0<strong>Opatentowana technologia magnetycznej skrzynki ss\u0105cej<\/strong>Pokrywa pude\u0142ka ma wbudowane magnesy o wysokiej absorpcji, kt\u00f3re otwieraj\u0105 si\u0119 i zamykaj\u0105 p\u0142ynnie i maj\u0105 silne uszczelnienie, unikaj\u0105c b\u00f3lu tradycyjnych pude\u0142ek z klamrami, kt\u00f3re s\u0105 \u0142atwe do poluzowania, i zwi\u0119kszaj\u0105c poczucie ceremonii u\u017cytkownika podczas rozpakowywania.<\/li>\n<li><strong>Po\u0142\u0105czenie estetyki i rzemios\u0142a<\/strong>:<\/li>\n<li><strong>Zielony trawiasty kolor g\u0142\u00f3wny<\/strong>: Wyb\u00f3r standardowego numeru koloru Pantone, obs\u0142uga precyzyjnego dostrajania do ekskluzywnej zieleni i dopasowanie matowej technologii laminowania w celu uzyskania naturalnej tekstury i wysokiej jako\u015bci wizualnej jedno\u015bci.<\/li>\n<li><strong>Wewn\u0119trzny proces t\u0142oczenia na gor\u0105co<\/strong>: Tekst\/LOGO w pude\u0142ku jest t\u0142oczony na gor\u0105co, ukazuj\u0105c delikatny metaliczny po\u0142ysk pod \u017ar\u00f3d\u0142em \u015bwiat\u0142a, wzmacniaj\u0105c poczucie luksusu w stonowany spos\u00f3b, co pasuje do wysokiej klasy pozycjonowania produkt\u00f3w do przed\u0142u\u017cania w\u0142os\u00f3w.<\/li>\n<\/ol>\n<h2 id=\"-second-high-standard-materials-and-protective-structures-to-ensure-product-safety-\"><strong>2. Wysokiej jako\u015bci materia\u0142y i konstrukcje ochronne zapewniaj\u0105ce bezpiecze\u0144stwo produktu<\/strong><\/h2>\n<ol>\n<li><strong>Kombinacja materia\u0142\u00f3w rdzenia<\/strong>:<\/li>\n<li><strong>Szara p\u0142yta 1200 GSM<\/strong>: Szara tektura o wysokiej gramaturze zapewnia bardzo du\u017c\u0105 odporno\u015b\u0107 na nacisk. Zosta\u0142a przetestowana pod k\u0105tem wytrzyma\u0142o\u015bci na nacisk ponad 15 kg, dzi\u0119ki czemu nadaje si\u0119 do transportu na du\u017ce odleg\u0142o\u015bci i przechowywania w stosach.<\/li>\n<li><strong>Papier powlekany 157 GSM<\/strong>: Powierzchnia jest pokryta matow\u0105 foli\u0105 lub cz\u0119\u015bciowym procesem UV, z delikatnym dotykiem i nasyceniem kolor\u00f3w nadruku wi\u0119kszym ni\u017c 95%, bior\u0105c pod uwag\u0119 zar\u00f3wno pi\u0119kno wizualne, jak i odporno\u015b\u0107 na zu\u017cycie.<\/li>\n<li><strong>Precyzyjna ochrona ok\u0142adzin<\/strong>:<\/li>\n<li><strong>Wycinanie i kszta\u0142towanie wewn\u0119trznego wsparcia z EVA\/g\u0105bki<\/strong>: Dzi\u0119ki technologii wycinania CNC kszta\u0142t produktu do przed\u0142u\u017cania w\u0142os\u00f3w jest dok\u0142adnie dopasowany, a wydajno\u015b\u0107 buforowania osi\u0105ga 90% odporno\u015bci na uderzenia standardu bran\u017cowego, aby zapobiec tarciu i deformacji w\u0142os\u00f3w.<\/li>\n<li><strong>Warstwowa, odpinana konstrukcja<\/strong>: Obs\u0142uguje jednowarstwow\u0105 lub warstwow\u0105 struktur\u0119 podszewki, dostosowuje si\u0119 do potrzeb opakowa\u0144 kombinowanych wielu kategorii, takich jak treski i zestawy piel\u0119gnacyjne, oraz poprawia wykorzystanie przestrzeni.<\/li>\n<\/ol>\n<h2 id=\"-third-supply-chain-advantages-and-quality-control-guarantee-cost-reduction-of-20-\"><strong>3. Zalety \u0142a\u0144cucha dostaw i gwarancja kontroli jako\u015bci, redukcja koszt\u00f3w 20%<\/strong><\/h2>\n<ol>\n<li><strong>Bezpo\u015brednia dostawa z fabryki \u017ar\u00f3d\u0142owej<\/strong>: Dzi\u0119ki w\u0142asnej bazie produkcyjnej o powierzchni 5000 metr\u00f3w kwadratowych i zintegrowanemu \u0142a\u0144cuchowi dostaw eliminuje r\u00f3\u017cnice cenowe po\u015brednik\u00f3w,\u00a0<strong>cena jednostkowa zam\u00f3wie\u0144 zbiorczych jest o 20% ni\u017csza ni\u017c na rynku<\/strong>i obs\u0142uguje minimalne zam\u00f3wienie 1000 sztuk.<\/li>\n<li><strong>\u015acis\u0142y system kontroli jako\u015bci<\/strong>: Wdro\u017cenie standard\u00f3w zarz\u0105dzania jako\u015bci\u0105 ISO 9001 i przeprowadzenie pe\u0142nego procesu testowania od surowc\u00f3w do gotowych produkt\u00f3w w celu zapewnienia sp\u00f3jno\u015bci partii.<\/li>\n<li><strong>Mo\u017cliwo\u015b\u0107 szybkiej dostawy<\/strong>: Regularne zam\u00f3wienia s\u0105 dostarczane w ci\u0105gu 7 dni, a zam\u00f3wienia przyspieszone s\u0105 realizowane w ci\u0105gu zaledwie 3 dni. Jest wyposa\u017cony w dedykowan\u0105 logistyk\u0119 i us\u0142ugi \u015bledzenia w czasie rzeczywistym, aby zapewni\u0107 stabilne dostawy w szczycie sezonu.<\/li>\n<\/ol>\n<h2 id=\"-fourth-brand-value-empowerment-and-scenario-application-\"><strong>4. Wzmocnienie warto\u015bci marki i zastosowanie scenariusza<\/strong><\/h2>\n<ol>\n<li><strong>Wzmocnienie wizualne marki<\/strong>: Powierzchnia pude\u0142ka mo\u017ce by\u0107 zadrukowana LOGO marki, sloganem lub wzorem artystycznym i obs\u0142uguje drukowanie w kolorze Pantone w celu zwi\u0119kszenia punkt\u00f3w pami\u0119ci konsumenta.<\/li>\n<li><strong>Ochrona \u015brodowiska i odpowiedzialno\u015b\u0107 spo\u0142eczna<\/strong>: Wykorzystuje szar\u0105 tektur\u0119 z certyfikatem FSC i druk atramentem na bazie wody, kt\u00f3ry jest zgodny z normami UE RoHS, pomagaj\u0105c markom w przekazywaniu ekologicznych i zr\u00f3wnowa\u017conych koncepcji.<\/li>\n<li><strong>Adaptacja do wielu scenariuszy<\/strong>: Ma zastosowanie do przed\u0142u\u017cania w\u0142os\u00f3w, zestaw\u00f3w do piel\u0119gnacji olejk\u00f3w eterycznych, wysokiej klasy narz\u0119dzi fryzjerskich i innych produkt\u00f3w, spe\u0142niaj\u0105c potrzeby w zakresie opakowa\u0144 w handlu elektronicznym, punktach sprzeda\u017cy offline i eksporcie transgranicznym.<\/li>\n<\/ol>\n<h2 id=\"-v-transparent-and-efficient-cooperation-process-\"><strong>5. Przejrzysty i skuteczny proces wsp\u00f3\u0142pracy<\/strong><\/h2>\n<ol>\n<li><strong>Komunikacja na \u017c\u0105danie<\/strong>: Podaj rozmiar produktu lub pr\u00f3bki i uzyskaj bezp\u0142atne renderingi 3D i wyceny.<\/li>\n<li><strong>Potwierdzenie proofingu<\/strong>: Pe\u0142na produkcja pr\u00f3bek w ci\u0105gu 3 dni, wsparcie regulacji szczeg\u00f3\u0142\u00f3w procesu (takich jak si\u0142a ssania magnetycznego, precyzyjne dostrajanie pozycji t\u0142oczenia na gor\u0105co).<\/li>\n<li><strong>Produkcja masowa<\/strong>: Przedp\u0142ata 30% w celu rozpocz\u0119cia produkcji i wysy\u0142ka w ci\u0105gu 48 godzin po uregulowaniu salda.<\/li>\n<\/ol>","protected":false},"excerpt":{"rendered":"<p>Niezapomniany unboxing: Poetycki letni motyw tworzy emocjonaln\u0105 wi\u0119\u017a.<br \/>\nTrwa\u0142o\u015b\u0107 gotowa do sprzeda\u017cy detalicznej: Chroni delikatne treski podczas wysy\u0142ki\/przechowywania.<br \/>\nNiestandardowa wszechstronno\u015b\u0107: Dodaj logo, kolory lub podszewki, aby wyr\u00f3\u017cni\u0107 si\u0119 na tle konkurencji.<br \/>\nEfektywno\u015b\u0107 sprzeda\u017cy hurtowej: Lekka, ale wytrzyma\u0142a konstrukcja zmniejsza koszty logistyczne.<\/p>","protected":false},"featured_media":9752,"template":"","meta":[],"product_brand":[],"product_cat":[30,421,424,31],"product_tag":[1262,878,1263],"class_list":{"0":"post-9751","1":"product","2":"type-product","3":"status-publish","4":"has-post-thumbnail","6":"product_cat-by-industry","7":"product_cat-custom-hair-extension-boxes","8":"product_cat-magnetic-closure-boxes","9":"product_cat-paper-box-style","10":"product_tag-custom-hair-extension-box","11":"product_tag-hair-extension-packaging","12":"product_tag-premium-hair-extension-packaging-wholesale","14":"first","15":"instock","16":"shipping-taxable","17":"product-type-grouped"},"_links":{"self":[{"href":"https:\/\/zojopackaging.com\/pl\/wp-json\/wp\/v2\/product\/9751","targetHints":{"allow":["GET"]}}],"collection":[{"href":"https:\/\/zojopackaging.com\/pl\/wp-json\/wp\/v2\/product"}],"about":[{"href":"https:\/\/zojopackaging.com\/pl\/wp-json\/wp\/v2\/types\/product"}],"version-history":[{"count":1,"href":"https:\/\/zojopackaging.com\/pl\/wp-json\/wp\/v2\/product\/9751\/revisions"}],"predecessor-version":[{"id":9757,"href":"https:\/\/zojopackaging.com\/pl\/wp-json\/wp\/v2\/product\/9751\/revisions\/9757"}],"wp:featuredmedia":[{"embeddable":true,"href":"https:\/\/zojopackaging.com\/pl\/wp-json\/wp\/v2\/media\/9752"}],"wp:attachment":[{"href":"https:\/\/zojopackaging.com\/pl\/wp-json\/wp\/v2\/media?parent=9751"}],"wp:term":[{"taxonomy":"product_brand","embeddable":true,"href":"https:\/\/zojopackaging.com\/pl\/wp-json\/wp\/v2\/product_brand?post=9751"},{"taxonomy":"product_cat","embeddable":true,"href":"https:\/\/zojopackaging.com\/pl\/wp-json\/wp\/v2\/product_cat?post=9751"},{"taxonomy":"product_tag","embeddable":true,"href":"https:\/\/zojopackaging.com\/pl\/wp-json\/wp\/v2\/product_tag?post=9751"}],"curies":[{"name":"wp","href":"https:\/\/api.w.org\/{rel}","templated":true}]}}