{"id":9766,"date":"2025-04-03T18:36:11","date_gmt":"2025-04-03T10:36:11","guid":{"rendered":"https:\/\/zojopackaging.com\/?post_type=product&#038;p=9766"},"modified":"2025-04-07T14:29:51","modified_gmt":"2025-04-07T06:29:51","slug":"custom-premium-watch-magnetic-closure-rigid-boxes-wholesale","status":"publish","type":"product","link":"https:\/\/zojopackaging.com\/pl\/product\/custom-premium-watch-magnetic-closure-rigid-boxes-wholesale\/","title":{"rendered":"Niestandardowe sztywne pude\u0142ka z zamkni\u0119ciem magnetycznym Premium do zegark\u00f3w hurtowo"},"content":{"rendered":"<h2 id=\"-i-core-selling-points-of-the-product-\"><strong>1. Podstawowe punkty sprzeda\u017cy produktu<\/strong><\/h2>\n<ol>\n<li><strong>Elegancki wygl\u0105d<\/strong>\u00a0G\u0142\u00f3wnym kolorem jest ciemnoniebieski, z magnetycznym zamkni\u0119ciem typu flip-top, prostymi i g\u0142adkimi liniami, a po\u0142\u0105czenie matowego i b\u0142yszcz\u0105cego rzemios\u0142a wzmacnia wizualne warstwy, przekazuj\u0105c wysokiej klasy estetyk\u0119 biznesow\u0105 i artystyczn\u0105. Korpus pude\u0142ka wykonany jest z twardej, przyjaznej dla \u015brodowiska p\u0142yty, a powierzchnia pokryta jest specjalnym papierem dotykowym, kt\u00f3ry ma zar\u00f3wno odporno\u015b\u0107 na zu\u017cycie, jak i delikatny dotyk, spe\u0142niaj\u0105c potrzeby r\u00f3\u017cnych ton\u00f3w marki.<\/li>\n<li><strong>Profesjonalna ochrona podszewki<\/strong>\u00a0Podszewka wykonana jest z czarnego materia\u0142u EVA o wysokiej czysto\u015bci, a precyzyjny proces wykrawania jest wykorzystywany do uzyskania idealnego dopasowania do konturu zegarka, tworz\u0105c struktur\u0119 \"pancerza ochronnego\". Jego wysokie w\u0142a\u015bciwo\u015bci odblaskowe znacznie zwi\u0119kszaj\u0105 kontrast wizualny, dzi\u0119ki czemu tekstura tarczy, po\u0142\u0105czenie paska i inne szczeg\u00f3\u0142y s\u0105 wyra\u017ane i tr\u00f3jwymiarowe, a jednocze\u015bnie ma funkcje poch\u0142aniania wstrz\u0105s\u00f3w i buforowania, skutecznie przeciwdzia\u0142aj\u0105c tarciu i kolizjom podczas transportu.<\/li>\n<li><strong>Zwi\u0119kszenie warto\u015bci marki<\/strong>\u00a0Ca\u0142o\u015b\u0107 opakowania przekazuje wysokiej klasy i zr\u00f3\u017cnicowan\u0105 tonacj\u0119 marki poprzez dopasowanie materia\u0142\u00f3w (takich jak t\u0142oczone na gor\u0105co LOGO, specjalna tekstura papieru) i szczeg\u00f3\u0142y procesu (b\u0142yszcz\u0105ca powierzchnia UV, wyt\u0142aczany nadruk). Klasyczna niebiesko-czarna kolorystyka, w po\u0142\u0105czeniu z odblaskowym efektem podszewki EVA, dodatkowo wzmacnia wizualny wp\u0142yw ekspozycji produktu, pomagaj\u0105c markom wyr\u00f3\u017cni\u0107 si\u0119 na platformach e-commerce (takich jak Amazon, niezale\u017cne witryny) i kana\u0142ach offline.<\/li>\n<\/ol>\n<h2 id=\"-second-customized-service-advantages-\"><strong>2. Zalety us\u0142ug dostosowanych do indywidualnych potrzeb<\/strong><\/h2>\n<ol>\n<li><strong>Elastyczne potrzeby adaptacyjne<\/strong>\u00a0Obs\u0142uguje pe\u0142nowymiarowe dostosowywanie, obejmuj\u0105ce specyfikacje rozmiaru (standardowe \/ niestandardowe), wyb\u00f3r procesu (si\u0142a zamkni\u0119cia magnetycznego, tekstura powierzchni), dopasowanie kolor\u00f3w (dok\u0142adne odtworzenie numer\u00f3w kolor\u00f3w Pantone) itp. Na przyk\u0142ad, struktura podszewki mo\u017ce by\u0107 dostosowana do zegark\u00f3w kwadratowych, okr\u0105g\u0142ych lub o specjalnych kszta\u0142tach, aby dostosowa\u0107 si\u0119 do uk\u0142adu od pojedynczego sto\u0142u do wielu sto\u0142\u00f3w.<\/li>\n<li><strong>Zapewnienie procesu i jako\u015bci<\/strong><\/li>\n<li><strong>Dok\u0142adno\u015b\u0107 wykrawania<\/strong>: Technologia wykrawania CNC jest stosowana w celu zapewnienia, \u017ce b\u0142\u0105d mi\u0119dzy podszewk\u0105 EVA a konturem produktu jest mniejszy ni\u017c 0,1 mm;<\/li>\n<li><strong>Stabilno\u015b\u0107 materia\u0142u<\/strong>: Materia\u0142 EVA przeszed\u0142 testy odporno\u015bci na warunki atmosferyczne i stabilno\u015bci chemicznej i jest odpowiedni do ekstremalnych \u015brodowisk, takich jak wysoka temperatura i wilgotno\u015b\u0107;<\/li>\n<li><strong>System kontroli jako\u015bci<\/strong>: Przestrzeganie standard\u00f3w zarz\u0105dzania jako\u015bci\u0105 ISO w ca\u0142ym procesie, od test\u00f3w ochrony \u015brodowiska surowc\u00f3w (zgodnych z ROHS) po testy kompresji gotowego produktu w celu zapewnienia sp\u00f3jno\u015bci partii.<\/li>\n<\/ol>\n<h2 id=\"-iii-supply-chain-and-cost-advantages-\"><strong>3. \u0141a\u0144cuch dostaw i korzy\u015bci kosztowe<\/strong><\/h2>\n<ol>\n<li><strong>Si\u0142a fabryki \u017ar\u00f3de\u0142<\/strong>\u00a0Dzi\u0119ki 16-letniemu do\u015bwiadczeniu w bran\u017cy, opieraj\u0105c si\u0119 na dojrza\u0142ym \u0142a\u0144cuchu przemys\u0142owym Dongguan \/ Shenzhen, integruj\u0105c zasoby ca\u0142ego \u0142a\u0144cucha dostaw materia\u0142\u00f3w, rozwoju form oraz produkcji i przetwarzania, osi\u0105gn\u0119li\u015bmy kontrol\u0119 koszt\u00f3w na du\u017c\u0105 skal\u0119. Na przyk\u0142ad cena podobnych produkt\u00f3w jest o 15%-20% ni\u017csza ni\u017c \u015brednia cena rynkowa i obs\u0142uguje minimalne zam\u00f3wienie 500 sztuk, co jest elastyczne, aby zaspokoi\u0107 potrzeby pocz\u0105tkuj\u0105cych marek i du\u017cych zam\u00f3wie\u0144.<\/li>\n<li><strong>Wydajne mo\u017cliwo\u015bci dostawy<\/strong><\/li>\n<li><strong>Cykl prototypowania<\/strong>: Pr\u00f3bki fizyczne s\u0105 dostarczane w ci\u0105gu 3-5 dni roboczych;<\/li>\n<li><strong>Czas produkcji masowej<\/strong>: Regularne zam\u00f3wienia s\u0105 dostarczane w ci\u0105gu 15-20 dni, a pilne potrzeby mog\u0105 koordynowa\u0107 przyspieszone kana\u0142y;<\/li>\n<li><strong>Globalna logistyka<\/strong>: Wsparcie transgranicznego eksportu dedykowanych dostaw, obejmuj\u0105cych g\u0142\u00f3wne rynki, takie jak Europa, Ameryka i Azja Po\u0142udniowo-Wschodnia.<\/li>\n<\/ol>\n<h2 id=\"-iv-cooperation-process-and-guarantee-\"><strong>4. Proces wsp\u00f3\u0142pracy i gwarancja<\/strong><\/h2>\n<ol>\n<li><strong>Zobowi\u0105zanie do \u015bwiadczenia us\u0142ug<\/strong><\/li>\n<li><strong>Gwarancja posprzeda\u017cna<\/strong>: Zapewnienie ubezpieczenia frachtu zwrotnego i zobowi\u0105zania do rekompensaty za jako\u015b\u0107;<\/li>\n<li><strong>Odpowied\u017a techniczna<\/strong>: Ekskluzywny zesp\u00f3\u0142 obs\u0142ugi klienta \u015bledzi ca\u0142y proces i rozwi\u0105zuje problemy techniczne w ci\u0105gu 48 godzin.<\/li>\n<li><strong>Proces wsp\u00f3\u0142pracy<\/strong>\u00a0<strong>Komunikacja popytu \u2192 Sprawdzanie projektu \u2192 Potwierdzenie produkcji \u2192 Kontrola jako\u015bci i dostawa<\/strong><\/li>\n<\/ol>","protected":false},"excerpt":{"rendered":"<ul>\n<li><strong>Wysokiej klasy marka zegark\u00f3w<\/strong>: Wzmocnij luksusowe pozycjonowanie dzi\u0119ki niebieskiemu pude\u0142ku magnetycznemu z czarn\u0105 podszewk\u0105 EVA;<\/li>\n<li><strong>Inteligentne urz\u0105dzenie do noszenia<\/strong>: Odpowiednia dla dzieci\u0119cych zegark\u00f3w pozycjonuj\u0105cych, inteligentnych bransoletek itp., struktura podszewki jest zgodna z potrzebami ochrony komponent\u00f3w elektronicznych;<\/li>\n<li><strong>Transgraniczny handel elektroniczny<\/strong>: Zgodno\u015b\u0107 ze standardami pakowania Amazon FBA i zmniejszenie strat transportowych dzi\u0119ki testowi kompresji.<\/li>\n<\/ul>","protected":false},"featured_media":9774,"template":"","meta":[],"product_brand":[],"product_cat":[30,413,424,31],"product_tag":[1269,1267,1268],"class_list":{"0":"post-9766","1":"product","2":"type-product","3":"status-publish","4":"has-post-thumbnail","6":"product_cat-by-industry","7":"product_cat-consumer-electronics-boxes","8":"product_cat-magnetic-closure-boxes","9":"product_cat-paper-box-style","10":"product_tag-custom-watch-boxes-wholesale","11":"product_tag-watch-magnetic-closure-boxes","12":"product_tag-watch-rigid-boxes","14":"first","15":"instock","16":"shipping-taxable","17":"product-type-grouped"},"_links":{"self":[{"href":"https:\/\/zojopackaging.com\/pl\/wp-json\/wp\/v2\/product\/9766","targetHints":{"allow":["GET"]}}],"collection":[{"href":"https:\/\/zojopackaging.com\/pl\/wp-json\/wp\/v2\/product"}],"about":[{"href":"https:\/\/zojopackaging.com\/pl\/wp-json\/wp\/v2\/types\/product"}],"version-history":[{"count":3,"href":"https:\/\/zojopackaging.com\/pl\/wp-json\/wp\/v2\/product\/9766\/revisions"}],"predecessor-version":[{"id":9781,"href":"https:\/\/zojopackaging.com\/pl\/wp-json\/wp\/v2\/product\/9766\/revisions\/9781"}],"wp:featuredmedia":[{"embeddable":true,"href":"https:\/\/zojopackaging.com\/pl\/wp-json\/wp\/v2\/media\/9774"}],"wp:attachment":[{"href":"https:\/\/zojopackaging.com\/pl\/wp-json\/wp\/v2\/media?parent=9766"}],"wp:term":[{"taxonomy":"product_brand","embeddable":true,"href":"https:\/\/zojopackaging.com\/pl\/wp-json\/wp\/v2\/product_brand?post=9766"},{"taxonomy":"product_cat","embeddable":true,"href":"https:\/\/zojopackaging.com\/pl\/wp-json\/wp\/v2\/product_cat?post=9766"},{"taxonomy":"product_tag","embeddable":true,"href":"https:\/\/zojopackaging.com\/pl\/wp-json\/wp\/v2\/product_tag?post=9766"}],"curies":[{"name":"wp","href":"https:\/\/api.w.org\/{rel}","templated":true}]}}