{"id":9782,"date":"2025-04-03T19:52:52","date_gmt":"2025-04-03T11:52:52","guid":{"rendered":"https:\/\/zojopackaging.com\/?post_type=product&#038;p=9782"},"modified":"2025-04-03T20:32:06","modified_gmt":"2025-04-03T12:32:06","slug":"wholesale-custom-luxury-candle-gift-rigid-packaging-boxes","status":"publish","type":"product","link":"https:\/\/zojopackaging.com\/pl\/product\/wholesale-custom-luxury-candle-gift-rigid-packaging-boxes\/","title":{"rendered":"Hurtowe niestandardowe luksusowe \u015bwiece prezentowe sztywne pude\u0142ka do pakowania"},"content":{"rendered":"<h2 id=\"-1-design-of-the-top-and-bottom-cover-structure-simple-and-efficient-exquisite-craftsmanship-\"><strong>1. Konstrukcja g\u00f3rnej i dolnej pokrywy: prosta i wydajna, znakomite wykonanie<\/strong><\/h2>\n<p>Produkt ten przyjmuje klasyczn\u0105 konstrukcj\u0119 g\u00f3rnej i dolnej pokrywy, kt\u00f3ra sk\u0142ada si\u0119 z dw\u00f3ch cz\u0119\u015bci: g\u00f3rnej pokrywy i dolnej skrzynki. Nie ma skomplikowanych element\u00f3w \u0142\u0105cz\u0105cych, konstrukcja jest stabilna, a otwieranie i zamykanie jest p\u0142ynne. Konstrukcja jest zgodna z koncepcj\u0105 \"minimalistycznej estetyki\" i osi\u0105ga\u00a0<strong>ponad 95% wykorzystania materia\u0142u<\/strong>\u00a0dzi\u0119ki precyzyjnym procesom ci\u0119cia i sk\u0142adania formy, zmniejszaj\u0105c ilo\u015b\u0107 odpad\u00f3w. Formowanie g\u00f3rnej i dolnej pokrywy jest uzupe\u0142niane przez w pe\u0142ni automatyczn\u0105 zintegrowan\u0105 maszyn\u0119 do bigowania i t\u0142oczenia na gor\u0105co, aby zapewni\u0107, \u017ce linie korpusu pude\u0142ka s\u0105 sztywne, a kraw\u0119dzie wyra\u017ane, jednocze\u015bnie upraszczaj\u0105c proces produkcji i zmniejszaj\u0105c koszty r\u0119cznej interwencji.<\/p>\n<h2 id=\"-2-special-paper-material-luxurious-touch-brand-empowerment-\"><strong>2. Specjalny materia\u0142 papierowy: luksusowy dotyk, wzmocnienie marki<\/strong><\/h2>\n<p>Opakowanie wykorzystuje\u00a0<strong>Papier per\u0142owy Junma Ice White<\/strong>\u00a0oraz\u00a0<strong>Zwyk\u0142y z\u0142oty i srebrny karton laserowy<\/strong>\u00a0dwa rodzaje specjalnych pod\u0142o\u017cy papierowych, z nast\u0119puj\u0105cymi podstawowymi zaletami:<\/p>\n<ul>\n<li><strong>Wizualny luksus<\/strong>: Powierzchnia per\u0142owego papieru jest inkrustowana per\u0142owymi cz\u0105steczkami na poziomie mikron\u00f3w, prezentuj\u0105c mro\u017an\u0105 tekstur\u0119 i gradientowy po\u0142ysk; laserowy z\u0142oty i srebrny karton wykorzystuje technologi\u0119 kompozytowej folii aluminiowej, aby stworzy\u0107 efekt lustrzanej kolumny \u015bwietlnej, kt\u00f3ra jest odpowiednia dla ton\u00f3w lekkich luksusowych i wysokiej klasy marek.<\/li>\n<li><strong>Wra\u017cenia dotykowe<\/strong>: Powierzchnia papieru jest wyt\u0142aczana w celu utworzenia delikatnych\u00a0<strong>Wyt\u0142oczone linie tekstury<\/strong>\u00a0(opcjonalny wz\u00f3r k\u0142osa pszenicy, wz\u00f3r marmuru, wz\u00f3r sk\u00f3ry itp.), kt\u00f3ry zwi\u0119ksza tarcie i zaawansowane dotykowe sprz\u0119\u017cenie zwrotne podczas trzymania.<\/li>\n<li><strong>Trwa\u0142o\u015b\u0107<\/strong>: Zastosowano pow\u0142ok\u0119 UV i b\u0142yszcz\u0105c\u0105 technologi\u0119 laminowania, kt\u00f3ra jest wodoodporna i przeciwporostowa, a odporno\u015b\u0107 na zarysowania zosta\u0142a zwi\u0119kszona o 300%, co nadaje si\u0119 do transportu i wy\u015bwietlania na du\u017ce odleg\u0142o\u015bci.<\/li>\n<\/ul>\n<h2 id=\"-three-light-yellow-tone-emotional-healing-scene-adaptation-\"><strong>Trzy, jasno\u017c\u00f3\u0142ty odcie\u0144: uzdrawianie emocjonalne, adaptacja sceny<\/strong><\/h2>\n<p>G\u0142\u00f3wnym kolorem obudowy jest\u00a0<strong>Pantone 13-0647 jasno\u017c\u00f3\u0142ty stokrotka<\/strong>w oparciu o wyniki bada\u0144 z zakresu psychologii kolor\u00f3w:<\/p>\n<ul>\n<li><strong>Ulga w stanach l\u0119kowych<\/strong>: Niskie nasycenie koloru \u017c\u00f3\u0142tego mo\u017ce aktywowa\u0107 nerwy przywsp\u00f3\u0142czulne, obni\u017cy\u0107 t\u0119tno i ci\u015bnienie krwi, stworzy\u0107 ciep\u0142\u0105 i relaksuj\u0105c\u0105 atmosfer\u0119 oraz dopasowa\u0107 si\u0119 do leczniczych w\u0142a\u015bciwo\u015bci \u015bwiec aromaterapeutycznych.<\/li>\n<li><strong>Zwi\u0119ksz przyjemno\u015b\u0107<\/strong>: Dzi\u0119ki lokalnemu procesowi UV matowe i b\u0142yszcz\u0105ce efekty nak\u0142adaj\u0105 si\u0119 na siebie, tworz\u0105c mi\u0119kk\u0105 aureol\u0119 pod wp\u0142ywem za\u0142amania \u015bwiat\u0142a, co zwi\u0119ksza poczucie otwarcia pude\u0142ka i warto\u015b\u0107 emocjonaln\u0105 konsument\u00f3w.<\/li>\n<\/ul>\n<h2 id=\"-fourth-in-depth-customization-service-accurately-match-brand-needs-\"><strong>Po czwarte, dog\u0142\u0119bna us\u0142uga dostosowywania: dok\u0142adne dopasowanie do potrzeb marki<\/strong><\/h2>\n<p>Zapewniamy\u00a0<strong>Pe\u0142nowymiarowe rozwi\u0105zania do personalizacji<\/strong>:<\/p>\n<ol>\n<li><strong>Specyfikacja rozmiaru<\/strong>Obs\u0142uga dowolnej regulacji rozmiaru, kompatybilna z pojemnikami kolumnowymi i pojemnikami na \u015bwiece o specjalnym kszta\u0142cie.<\/li>\n<li><strong>Kombinacja proces\u00f3w<\/strong>Opcjonalne t\u0142oczenie na gor\u0105co \/ srebro, dr\u0105\u017cenie laserowe, wyt\u0142aczanie, lokalne UV i inne ponad 20 proces\u00f3w, obs\u0142uga niestandardowego osadzania LOGO marki.<\/li>\n<li><strong>Wsp\u00f3\u0142praca przy projektowaniu<\/strong>Bezp\u0142atne renderingi 3D i fizyczne wydruki pr\u00f3bne (3 dni robocze), obs\u0142uga inteligentnej regulacji kolor\u00f3w AI i optymalizacji strukturalnej, aby zapewni\u0107 zerowy b\u0142\u0105d mi\u0119dzy projektem a gotowym produktem.<\/li>\n<\/ol>\n<h2 id=\"-five-seismic-lining-system-precise-protection-zero-error-adaptation-\"><strong>Pi\u0119\u0107, system ok\u0142adzin sejsmicznych: precyzyjna ochrona, adaptacja bez b\u0142\u0119d\u00f3w<\/strong><\/h2>\n<p>Podszewka przyjmuje\u00a0<strong>Struktura kompozytowa z g\u0105bki EVA i papieru falistego<\/strong>i zapewnia wszechstronn\u0105 ochron\u0119 dzi\u0119ki nast\u0119puj\u0105cym technologiom:<\/p>\n<ul>\n<li><strong>Mapowanie laserowe<\/strong>Zgodnie z danymi modelu 3D \u015bwiecy dostarczonymi przez klienta, \u015bcie\u017cka ci\u0119cia ok\u0142adziny jest generowana automatycznie, a b\u0142\u0105d jest kontrolowany w zakresie \u00b10,2 mm.<\/li>\n<li><strong>Modu\u0142owa konstrukcja<\/strong>: Zdejmowana, dzielona podszewka umo\u017cliwia umieszczenie wielu \u015bwiec, co nadaje si\u0119 do pude\u0142ek na prezenty \u015bwi\u0105teczne, zestaw\u00f3w produkt\u00f3w seryjnych i innych scenariuszy.<\/li>\n<li><strong>Test odporno\u015bci na uderzenia<\/strong>: Po standardowym symulowanym te\u015bcie transportowym ISTA 3A mo\u017ce wytrzyma\u0107 upadek z wysoko\u015bci 50 cm i cykl temperatury i wilgotno\u015bci od -20 \u2103 do 60 \u2103, a wska\u017anik p\u0119kania jest mniejszy ni\u017c 0,1%.<\/li>\n<\/ul>\n<h2 id=\"-six-smart-manufacturing-strength-and-delivery-guarantee-\"><strong>Sze\u015b\u0107, inteligentna si\u0142a produkcyjna i gwarancja dostawy<\/strong><\/h2>\n<ul>\n<li><strong>Gwarancja pojemno\u015bci<\/strong>: Wyposa\u017cony w 20 w pe\u0142ni zautomatyzowanych linii produkcyjnych, zintegrowany system transportu materia\u0142\u00f3w AGV i inteligentny system planowania MES, o dziennej zdolno\u015bci produkcyjnej wynosz\u0105cej\u00a0<strong>1 milion sztuk<\/strong>, obs\u0142uguj\u0105c 72-godzinne zam\u00f3wienia przyspieszone.<\/li>\n<li><strong>Integracja \u0142a\u0144cucha dostaw<\/strong>: Nawi\u0105zanie strategicznej wsp\u00f3\u0142pracy z wiod\u0105cymi grupami papierniczymi, takimi jak Jiaxing Saitao New Materials, aby zapewni\u0107, \u017ce specjalne surowce papiernicze s\u0105 dostarczane bezpo\u015brednio w ci\u0105gu 48 godzin, a koszt jest o 15% ni\u017cszy ni\u017c cena rynkowa.<\/li>\n<\/ul>\n<h2 id=\"-seven-16-years-of-experience-endorsement-one-stop-service-\"><strong>Siedem, 16 lat do\u015bwiadczenia, zatwierdzenie, kompleksowa obs\u0142uga<\/strong><\/h2>\n<p>Jako profesjonalny producent z 16-letnim do\u015bwiadczeniem w bran\u017cy opakowa\u0144, zapewniamy:<\/p>\n<ul>\n<li><strong>Us\u0142uga pe\u0142nego procesu<\/strong>: Od projektu konstrukcyjnego, doboru materia\u0142\u00f3w, weryfikacji sprawdzaj\u0105cej po masow\u0105 produkcj\u0119, dedykowany zesp\u00f3\u0142 projektowy 7 \u00d7 24 godziny na dob\u0119 monitoruje ca\u0142y proces.<\/li>\n<li><strong>Rozwi\u0105zania bran\u017cowe<\/strong>: W przypadku handlu elektronicznego, logistyki transgranicznej, wysokiej klasy handlu detalicznego i innych scenariuszy zapewniamy modu\u0142y o warto\u015bci dodanej, takie jak pow\u0142oka odporna na wilgo\u0107 (opcjonalnie), antykradzie\u017cowe klamry magnetyczne i tagi RFID.<\/li>\n<li><strong>Zr\u00f3wnowa\u017cony rozw\u00f3j<\/strong>: Dzi\u0119ki ekologicznemu papierowi z certyfikatem FSC i drukowaniu atramentem na bazie wody, \u015blad w\u0119glowy zosta\u0142 zmniejszony o 40%, pomagaj\u0105c zwi\u0119kszy\u0107 warto\u015b\u0107 ESG marki.<\/li>\n<\/ul>","protected":false},"excerpt":{"rendered":"<p>1. G\u00f3rna i dolna pokrywa pude\u0142ka sk\u0142ada si\u0119 z dw\u00f3ch cz\u0119\u015bci, bez z\u0142o\u017conej struktury, wysokiego stopnia wykorzystania materia\u0142u i prostego procesu produkcji<br \/>\n2. Specjalny materia\u0142 papierowy ze specjalnymi liniami tekstur, wygl\u0105da luksusowo i wysokiej klasy oraz wzmacnia efekt marki<br \/>\n3. Ca\u0142e pude\u0142ko ma jasno\u017c\u00f3\u0142ty kolor, aby z\u0142agodzi\u0107 niepok\u00f3j, zwi\u0119kszy\u0107 przyjemno\u015b\u0107 i stworzy\u0107 ciep\u0142\u0105 i relaksuj\u0105c\u0105 atmosfer\u0119.<br \/>\n4. Mo\u017cemy dostosowa\u0107 produkcj\u0119 opakowa\u0144 dla Ciebie zgodnie z unikalnym stylem i potrzebami Twojej marki, obejmuj\u0105c wszystkie aspekty szczeg\u00f3\u0142\u00f3w, takie jak specyfikacje rozmiaru i proces produkcji, aby zapewni\u0107, \u017ce w pe\u0142ni spe\u0142nia Twoje oczekiwania.<\/p>","protected":false},"featured_media":9772,"template":"","meta":[],"product_brand":[],"product_cat":[30,416,425,31],"product_tag":[1270,468,1271],"class_list":{"0":"post-9782","1":"product","2":"type-product","3":"status-publish","4":"has-post-thumbnail","6":"product_cat-by-industry","7":"product_cat-custom-candle-boxes","8":"product_cat-lid-and-base-gift-box","9":"product_cat-paper-box-style","10":"product_tag-candle-gift-boxes","11":"product_tag-custom-candle-packaging","12":"product_tag-wholesale-candle-packaging-boxes","14":"first","15":"instock","16":"shipping-taxable","17":"product-type-grouped"},"_links":{"self":[{"href":"https:\/\/zojopackaging.com\/pl\/wp-json\/wp\/v2\/product\/9782","targetHints":{"allow":["GET"]}}],"collection":[{"href":"https:\/\/zojopackaging.com\/pl\/wp-json\/wp\/v2\/product"}],"about":[{"href":"https:\/\/zojopackaging.com\/pl\/wp-json\/wp\/v2\/types\/product"}],"version-history":[{"count":1,"href":"https:\/\/zojopackaging.com\/pl\/wp-json\/wp\/v2\/product\/9782\/revisions"}],"predecessor-version":[{"id":9783,"href":"https:\/\/zojopackaging.com\/pl\/wp-json\/wp\/v2\/product\/9782\/revisions\/9783"}],"wp:featuredmedia":[{"embeddable":true,"href":"https:\/\/zojopackaging.com\/pl\/wp-json\/wp\/v2\/media\/9772"}],"wp:attachment":[{"href":"https:\/\/zojopackaging.com\/pl\/wp-json\/wp\/v2\/media?parent=9782"}],"wp:term":[{"taxonomy":"product_brand","embeddable":true,"href":"https:\/\/zojopackaging.com\/pl\/wp-json\/wp\/v2\/product_brand?post=9782"},{"taxonomy":"product_cat","embeddable":true,"href":"https:\/\/zojopackaging.com\/pl\/wp-json\/wp\/v2\/product_cat?post=9782"},{"taxonomy":"product_tag","embeddable":true,"href":"https:\/\/zojopackaging.com\/pl\/wp-json\/wp\/v2\/product_tag?post=9782"}],"curies":[{"name":"wp","href":"https:\/\/api.w.org\/{rel}","templated":true}]}}