{"id":9784,"date":"2025-04-03T20:30:33","date_gmt":"2025-04-03T12:30:33","guid":{"rendered":"https:\/\/zojopackaging.com\/?post_type=product&#038;p=9784"},"modified":"2025-04-03T20:55:40","modified_gmt":"2025-04-03T12:55:40","slug":"round-candle-cylinder-paper-tube-packaging-box-container","status":"publish","type":"product","link":"https:\/\/zojopackaging.com\/pl\/product\/round-candle-cylinder-paper-tube-packaging-box-container\/","title":{"rendered":"Okr\u0105g\u0142a \u015bwieca Cylinder Papierowa tuba Opakowanie Pojemnik Pude\u0142ko"},"content":{"rendered":"<h2 id=\"-2-high-density-environmentally-friendly-materials-fully-protecting-sensitive-items-\"><strong>1. Materia\u0142y przyjazne dla \u015brodowiska o wysokiej g\u0119sto\u015bci, w pe\u0142ni chroni\u0105ce wra\u017cliwe przedmioty<\/strong><\/h2>\n<p>Cylindryczne pude\u0142ko wykonane jest z przyjaznego dla \u015brodowiska kartonu o wysokiej g\u0119sto\u015bci, kt\u00f3ry charakteryzuje si\u0119 zar\u00f3wno twardo\u015bci\u0105, jak i wytrzyma\u0142o\u015bci\u0105. Mo\u017ce ud\u017awign\u0105\u0107 ponad 1 kg i nadaje si\u0119 do delikatnych przedmiot\u00f3w, takich jak \u015bwiece, myd\u0142a i butelki perfum. Materia\u0142 przeszed\u0142 certyfikacj\u0119 \u015brodowiskow\u0105 UE REACH, nie zawiera plastyfikator\u00f3w i szkodliwych chemikali\u00f3w oraz ma w\u0142a\u015bciwo\u015bci odporne na wilgo\u0107 (matowa folia lub pow\u0142oka UV na powierzchni), aby zapobiec niszczeniu kosmetyk\u00f3w z powodu wilgoci. Wewn\u0119trzna \u015bcianka mo\u017ce by\u0107 opcjonalnie wyposa\u017cona w wy\u015bci\u00f3\u0142k\u0119 z plastiku spo\u017cywczego lub papieru z recyklingu, aby spe\u0142ni\u0107 wymagania bezpiecze\u0144stwa r\u00f3\u017cnych produkt\u00f3w.<\/p>\n<h2 id=\"-3-off-white-low-saturation-design-in-line-with-environmental-protection-trends-\"><strong>2. Konstrukcja o niskim nasyceniu w kolorze z\u0142amanej bieli, zgodna z trendami ochrony \u015brodowiska<\/strong><\/h2>\n<p>Korpus pude\u0142ka przyjmuje oryginalny kolor naturalnej masy celulozowej, bez wybielania, a odcienie kolor\u00f3w o niskim nasyceniu przekazuj\u0105 proste i naturalne koncepcje marki, co jest zgodne z globalnym trendem projektowania opakowa\u0144 przyjaznych dla \u015brodowiska. Powierzchnia mo\u017ce by\u0107 matowa lub jedwabi\u015bcie teksturowana, co zmniejsza zanieczyszczenie \u015bwiat\u0142em, jednocze\u015bnie wzmacniaj\u0105c zmys\u0142 dotyku. Projekt ten zosta\u0142 zastosowany w wielu mi\u0119dzynarodowych markach aromaterapeutycznych i zdoby\u0142 nagrod\u0119 \"2024 Green Packaging Innovation Award\".<\/p>\n<h2 id=\"-4-advanced-printing-equipment-to-ensure-customization-accuracy-and-quality-\"><strong>3. Zaawansowany sprz\u0119t drukarski zapewniaj\u0105cy dok\u0142adno\u015b\u0107 i jako\u015b\u0107 personalizacji<\/strong><\/h2>\n<p>Fabryka jest wyposa\u017cona w prasy drukarskie Heidelberg, obs\u0142uguj\u0105ce kolory dodatkowe Pantone i czterokolorowy druk CMYK, z poziomem b\u0142\u0119du poni\u017cej 0,1 mm, i mo\u017ce dok\u0142adnie prezentowa\u0107 z\u0142o\u017cone procesy, takie jak gradient, t\u0142oczenie na gor\u0105co i wyt\u0142aczanie. W po\u0142\u0105czeniu z w pe\u0142ni automatycznymi maszynami sztancuj\u0105cymi i sprz\u0119tem do grawerowania laserowego, mo\u017cna realizowa\u0107 niestandardowe typy pude\u0142ek, takie jak okna o specjalnych kszta\u0142tach i puste wzory, takie jak konstrukcje szufladowe i z klapk\u0105. Wszystkie ogniwa produkcyjne przesz\u0142y certyfikacj\u0119 systemu zarz\u0105dzania jako\u015bci\u0105 ISO 9001, aby zapewni\u0107 sp\u00f3jno\u015b\u0107 zam\u00f3wienia partii.<\/p>\n<h2 id=\"-5-in-depth-brand-customization-to-enhance-the-unboxing-experience-\"><strong>4. Dog\u0142\u0119bna personalizacja marki w celu poprawy wra\u017ce\u0144 podczas rozpakowywania.<\/strong><\/h2>\n<p>Wspieranie wszechstronnej implantacji marki od wewn\u0105trz na zewn\u0105trz:<\/p>\n<ul>\n<li><strong>Dostosowywanie wygl\u0105du<\/strong>: Powierzchnia pude\u0142ka mo\u017ce by\u0107 zadrukowana LOGO klienta, ilustracjami lub wzorami fabularnymi, przy u\u017cyciu przyjaznego dla \u015brodowiska atramentu sojowego, a przyczepno\u015b\u0107 osi\u0105ga najwy\u017csze standardy bran\u017cowe.<\/li>\n<li><strong>Dostosowanie kolor\u00f3w<\/strong>: Zapewnia ponad 500 numer\u00f3w kolor\u00f3w Pantone do wyboru i wspiera rozw\u00f3j gradientowych kolor\u00f3w dodatkowych, takich jak szampa\u0144skie z\u0142oto, system kolor\u00f3w Morandi itp.<\/li>\n<li><strong>Dostosowywanie funkcji<\/strong>Wbudowana ta\u015bma magnetyczna, odrywana etykieta lub gniazdo na kart\u0119 z kodem QR, dzi\u0119ki czemu konsumenci mog\u0105 szybko zidentyfikowa\u0107 informacje o produkcie.<\/li>\n<\/ul>\n<h2 id=\"-6-professional-design-team-full-technical-empowerment-\"><strong>5. Profesjonalny zesp\u00f3\u0142 projektowy, pe\u0142ne uprawnienia techniczne<\/strong><\/h2>\n<p>Firma posiada zesp\u00f3\u0142 projektant\u00f3w przemys\u0142owych z ponad 10-letnim do\u015bwiadczeniem, zapewniaj\u0105cy kompleksowe us\u0142ugi od modelowania 3D, sprawdzania konstrukcji po produkcj\u0119 masow\u0105. Typowe przypadki obejmuj\u0105:<\/p>\n<ul>\n<li><strong>Tr\u00f3jwymiarowy efekt reliefu<\/strong>: Tekstura 3D powierzchni pude\u0142ka jest uzyskiwana poprzez modelowanie cyfrowe w celu wzmocnienia wizualnego warstwowania.<\/li>\n<li><strong>Inteligentne interaktywne opakowania<\/strong>Zintegrowany chip NFC lub punkt wyzwalaj\u0105cy AR, zeskanuj kod, aby wy\u015bwietli\u0107 informacje o identyfikowalno\u015bci produktu. Zesp\u00f3\u0142 mo\u017ce zapewni\u0107 rozwi\u0105zania adaptacyjne w ci\u0105gu 48 godzin zgodnie z potrzebami klienta i obs\u0142ugiwa\u0107 zdalne wideokonferencje w celu potwierdzenia szczeg\u00f3\u0142\u00f3w.<\/li>\n<\/ul>\n<h2 id=\"-7-efficient-online-service-full-cycle-order-guarantee-\"><strong>6. Wydajna obs\u0142uga online, gwarancja pe\u0142nego cyklu zam\u00f3wienia<\/strong><\/h2>\n<ul>\n<li><strong>Inteligentny proces<\/strong>: Oficjalna strona internetowa obs\u0142uguje przesy\u0142anie szkic\u00f3w projekt\u00f3w online, wycen\u0119 w czasie rzeczywistym i \u015bledzenie post\u0119p\u00f3w produkcji, a tak\u017ce ko\u0144czy korekt\u0119 i dostaw\u0119 w ci\u0105gu 48 godzin.<\/li>\n<li><strong>Bezproblemowa obs\u0142uga posprzeda\u017cna<\/strong>24\/7 wieloj\u0119zyczna obs\u0142uga klienta (chi\u0144ski\/angielski\/hiszpa\u0144ski) w celu rozwi\u0105zywania problem\u00f3w, takich jak logistyka i modyfikacje projektu, a 10% kwoty zam\u00f3wienia zostanie zrekompensowane za op\u00f3\u017anion\u0105 dostaw\u0119.<\/li>\n<li><strong>Elastyczne minimalne zam\u00f3wienie<\/strong>: Minimalne zam\u00f3wienie 500 sztuk, obs\u0142uga ma\u0142ych partii zam\u00f3wie\u0144 pr\u00f3bnych i globalna wysy\u0142ka bezpo\u015brednia (dedykowana linia DHL\/FedEx), obejmuj\u0105ca transgraniczny handel elektroniczny i kana\u0142y sprzeda\u017cy detalicznej offline.<\/li>\n<\/ul>","protected":false},"excerpt":{"rendered":"<p>Nasze pude\u0142ka z papierow\u0105 tub\u0105 maj\u0105 innowacyjn\u0105, odporn\u0105 na wstrz\u0105sy konstrukcj\u0119, kt\u00f3ra r\u00f3wnomiernie rozprasza nacisk zewn\u0119trzny poprzez po\u0142\u0105czenie wewn\u0119trznej pier\u015bcieniowej warstwy no\u015bnej z materia\u0142em amortyzuj\u0105cym (takim jak g\u0105bka EVA lub niestandardowa taca papierowa). Korpus pude\u0142ka wykonany jest ze sztywnego materia\u0142u papierowego z podszewk\u0105 o strukturze plastra miodu, aby skutecznie absorbowa\u0107 uderzenia podczas transportu i zapobiega\u0107 p\u0119kaniu lub deformacji \u015bwiecy w wyniku \u015bci\u015bni\u0119cia lub kolizji. Ponadto pokrywa i sp\u00f3d pude\u0142ka maj\u0105 wbudowan\u0105 struktur\u0119 klamry, aby jeszcze bardziej zwi\u0119kszy\u0107 og\u00f3ln\u0105 stabilno\u015b\u0107 i zapewni\u0107, \u017ce zawarto\u015b\u0107 jest bezpieczna i nienaruszona w dynamicznym \u015brodowisku.<\/p>","protected":false},"featured_media":9785,"template":"","meta":[],"product_brand":[],"product_cat":[30,416,31,429],"product_tag":[1272,1274,1273],"class_list":{"0":"post-9784","1":"product","2":"type-product","3":"status-publish","4":"has-post-thumbnail","6":"product_cat-by-industry","7":"product_cat-custom-candle-boxes","8":"product_cat-paper-box-style","9":"product_cat-paper-tube-boxes","10":"product_tag-candle-cylinder-box","11":"product_tag-candle-cylinder-packaging","12":"product_tag-candle-paper-tube-packaging","14":"first","15":"instock","16":"shipping-taxable","17":"product-type-grouped"},"_links":{"self":[{"href":"https:\/\/zojopackaging.com\/pl\/wp-json\/wp\/v2\/product\/9784","targetHints":{"allow":["GET"]}}],"collection":[{"href":"https:\/\/zojopackaging.com\/pl\/wp-json\/wp\/v2\/product"}],"about":[{"href":"https:\/\/zojopackaging.com\/pl\/wp-json\/wp\/v2\/types\/product"}],"version-history":[{"count":1,"href":"https:\/\/zojopackaging.com\/pl\/wp-json\/wp\/v2\/product\/9784\/revisions"}],"predecessor-version":[{"id":9792,"href":"https:\/\/zojopackaging.com\/pl\/wp-json\/wp\/v2\/product\/9784\/revisions\/9792"}],"wp:featuredmedia":[{"embeddable":true,"href":"https:\/\/zojopackaging.com\/pl\/wp-json\/wp\/v2\/media\/9785"}],"wp:attachment":[{"href":"https:\/\/zojopackaging.com\/pl\/wp-json\/wp\/v2\/media?parent=9784"}],"wp:term":[{"taxonomy":"product_brand","embeddable":true,"href":"https:\/\/zojopackaging.com\/pl\/wp-json\/wp\/v2\/product_brand?post=9784"},{"taxonomy":"product_cat","embeddable":true,"href":"https:\/\/zojopackaging.com\/pl\/wp-json\/wp\/v2\/product_cat?post=9784"},{"taxonomy":"product_tag","embeddable":true,"href":"https:\/\/zojopackaging.com\/pl\/wp-json\/wp\/v2\/product_tag?post=9784"}],"curies":[{"name":"wp","href":"https:\/\/api.w.org\/{rel}","templated":true}]}}