{"id":9791,"date":"2025-04-03T20:42:45","date_gmt":"2025-04-03T12:42:45","guid":{"rendered":"https:\/\/zojopackaging.com\/?post_type=product&#038;p=9791"},"modified":"2025-04-03T21:04:16","modified_gmt":"2025-04-03T13:04:16","slug":"custom-festival-dessert-rigid-slider-box-packaging-supplier","status":"publish","type":"product","link":"https:\/\/zojopackaging.com\/pl\/product\/custom-festival-dessert-rigid-slider-box-packaging-supplier\/","title":{"rendered":"Niestandardowy deser festiwalowy Sztywne pude\u0142ko na suwak Dostawca opakowa\u0144"},"content":{"rendered":"<h3 id=\"-1-minimalist-aesthetics-a-visual-symphony-of-pure-white-and-elegant-tones-\"><strong>1. Minimalistyczna estetyka: wizualna symfonia czystej bieli i eleganckich odcieni<\/strong><\/h3>\n<p>Z\u00a0<strong>wysuwane pude\u0142ko na kaw\u0119 w kolorze czystej bieli<\/strong>\u00a0jako podstawowy j\u0119zyk projektowania,\u00a0<strong>Powlekany papier o gramaturze 157 g i wysokim po\u0142ysku<\/strong>\u00a0jako materia\u0142 bazowy, oraz\u00a0<strong>Podszewka z matowej szarej p\u0142yty<\/strong>tworzy wizualny kontrast \"czystego na zewn\u0105trz i delikatnego wewn\u0105trz\". Linie korpusu pude\u0142ka przyjmuj\u0105\u00a0<strong>Technologia ci\u0119cia mikro\u0142ukiem<\/strong>\u00a0aby wyeliminowa\u0107 sztywno\u015b\u0107 k\u0105t\u00f3w prostych, oraz\u00a0<strong>Bardzo cienkie wyt\u0142oczone linie 0,1 mm<\/strong>ukrywaj\u0105c wykwintne detale w prostocie. Eleganckie odcienie zewn\u0119trznych i wewn\u0119trznych pude\u0142ek (takie jak jasnobr\u0105zowy i waniliowy bia\u0142y) s\u0105 dok\u0142adnie dopasowane poprzez\u00a0<strong>System zarz\u0105dzania kolorami Pantone<\/strong>\u00a0aby stworzy\u0107 poczucie luksusu i oczekiwania podczas otwierania pude\u0142ka.<\/p>\n<h3 id=\"-2-material-innovation-performance-symphony-of-coated-paper-and-grey-board-\"><strong>2. Innowacyjny materia\u0142: Symfonia wydajno\u015bci papieru powlekanego i szarej tektury<\/strong><\/h3>\n<p>-\u00a0<strong>Zewn\u0119trzne pod\u0142o\u017ce skrzynki<\/strong>: Papier powlekany 157g jest\u00a0<strong>pokryte dwustronn\u0105 pow\u0142ok\u0105 UV<\/strong>z 60% wzrostem odporno\u015bci na tarcie i 300-krotnym wzrostem odporno\u015bci na zginanie bez p\u0119kni\u0119\u0107;<\/p>\n<p>-\u00a0<strong>Wewn\u0119trzna struktura podszewki<\/strong>: Szara p\u0142yta o grubo\u015bci 3 mm\u00a0<strong>Proces prasowania tektury o strukturze plastra miodu<\/strong>o wytrzyma\u0142o\u015bci na \u015bciskanie 8 kg\/cm\u00b2, kt\u00f3ra mo\u017ce wytrzyma\u0107 wielowarstwowe uk\u0142adanie i transport;<\/p>\n<p>-\u00a0<strong>Dok\u0142adno\u015b\u0107 drukowania<\/strong>: The\u00a0<strong>7-kolorowa maszyna offsetowa UV firmy Heidelberg<\/strong>\u00a0osi\u0105ga odwzorowanie kolor\u00f3w \u0394E\u22641,5, a\u00a0<strong>sitodruk cz\u0119\u015bciowy<\/strong>\u00a0s\u0142u\u017cy do wyr\u00f3\u017cnienia gradientowych odcieni kawy.<\/p>\n<h3 id=\"-3-personalization-empowerment-modular-accessories-and-dynamic-design-\"><strong>3. Mo\u017cliwo\u015b\u0107 personalizacji: modu\u0142owe akcesoria i dynamiczny design<\/strong><\/h3>\n<p>-\u00a0<strong>Zdejmowana dekoracja<\/strong>: Udost\u0119pnij\u00a0<strong>magnetyczna zawieszka z czekolad\u0105<\/strong>,\u00a0<strong>wymienny wk\u0142ad do lukru<\/strong>\u00a0i inne akcesoria, obs\u0142uguj\u0105 dostosowywanie LOGO marki (minimalny rozmiar przetwarzania 3 mm);<\/p>\n<p>-\u00a0<strong>Struktura dynamiczna<\/strong>: Pokrywa pude\u0142ka ma wbudowany\u00a0<strong>zawias spr\u0119\u017cynowy<\/strong>kt\u00f3ry automatycznie wysuwa si\u0119 podczas otwierania i zamykania, i jest wyposa\u017cony w\u00a0<strong>Wstawka z ta\u015bmy LED<\/strong>\u00a0(opcjonalnie), aby roz\u015bwietli\u0107 \u015bwi\u0105teczn\u0105 atmosfer\u0119;<\/p>\n<p>-\u00a0<strong>Adaptacja sceny<\/strong>: Wprowadzenie pakiet\u00f3w akcesori\u00f3w tematycznych (takich jak magnesy z ba\u0142wanem, folia w kolorze r\u00f3\u017cowego z\u0142ota) na \u015bwi\u0119ta, takie jak Bo\u017ce Narodzenie i Walentynki, aby wzmocni\u0107 poczucie \u015bwi\u0105tecznego rytua\u0142u.<\/p>\n<h3 id=\"-4-full-link-customization-precise-control-from-concept-to-implementation-\"><strong>4. Pe\u0142na personalizacja \u0142\u0105cza: precyzyjna kontrola od koncepcji do wdro\u017cenia<\/strong><\/h3>\n<p>-\u00a0<strong>Elastyczno\u015b\u0107 rozmiaru<\/strong>obs\u0142uguje minimalne wymiary 8 cm \u00d7 8 cm (pude\u0142ko na makaron) do maksymalnie 30 cm \u00d7 20 cm (wielowarstwowe pude\u0142ko na ciasto), grubo\u015b\u0107 mo\u017cna dostosowa\u0107 w zakresie 0,8-5 cm; -\u00a0<strong>Innowacje strukturalne<\/strong>: Opracowanie 12 opatentowanych struktur suwak\u00f3w (takich jak obracaj\u0105ce si\u0119 warstwy, magnetyczna blokada has\u0142a), kompatybilnych z umieszczaniem deser\u00f3w o specjalnym kszta\u0142cie; -...\u00a0<strong>Szybka reakcja<\/strong>: Uko\u0144czenie modelowania 3D i proofingu w ci\u0105gu 8 godzin oraz skr\u00f3cenie cyklu produkcji masowej do 12-15 dni.<\/p>\n<h3 id=\"-5-pull-out-design-a-double-breakthrough-in-ritual-sense-and-practicality-\"><strong>5. Wysuwana konstrukcja: podw\u00f3jny prze\u0142om w sensie rytualnym i praktycznym<\/strong><\/h3>\n<p>Przyj\u0119cie\u00a0<strong>trzytorowy system cichej szyny \u015blizgowej<\/strong>\u00a0zapewnia p\u0142ynne wyci\u0105ganie pod obci\u0105\u017ceniem 0,5 kg:<\/p>\n<p>-\u00a0<strong>Struktura mechaniczna<\/strong>wbudowany\u00a0<strong>\u0141o\u017cysko kulkowe ze stali nierdzewnej<\/strong>, czas wyci\u0105gania \u22655000 razy bez zakleszczenia;<\/p>\n<p>-\u00a0<strong>Ochrona przed wstrz\u0105sami<\/strong>: zestaw\u00a0<strong>Warstwa buforowa EVA o strukturze plastra miodu<\/strong>\u00a0w pude\u0142ku, ze wsp\u00f3\u0142czynnikiem poch\u0142aniania wibracji 90%;<\/p>\n<p>-\u00a0<strong>Wizualna niespodzianka<\/strong>: Przez\u00a0<strong>Dwuwarstwowa konstrukcja szuflady<\/strong>W ten spos\u00f3b uzyskuje si\u0119 warstwowy efekt \"wyeksponowanej dekoracji + ukrytego g\u0142\u00f3wnego produktu\".<\/p>\n<h3 id=\"-6-expert-team-from-demand-insight-to-solution-implementation-\"><strong>6. Zesp\u00f3\u0142 ekspert\u00f3w: od analizy popytu do wdro\u017cenia rozwi\u0105zania<\/strong><\/h3>\n<p>Specjalny zesp\u00f3\u0142 sk\u0142adaj\u0105cy si\u0119 z 5 projektant\u00f3w opakowa\u0144 z ponad 10-letnim do\u015bwiadczeniem zapewnia:<\/p>\n<p>-\u00a0<strong>Dog\u0142\u0119bna komunikacja<\/strong>2 seminaria online tygodniowo, synchronizacja w czasie rzeczywistym opinii dotycz\u0105cych modyfikacji projektu;<\/p>\n<p>-\u00a0<strong>System podgl\u0105du 3D<\/strong>: Klienci mog\u0105 podejrze\u0107 efekt rozwijania pude\u0142ka prezentowego za pomoc\u0105 technologii AR, wspieraj\u0105cej\u00a0<strong>Regulacja szczeg\u00f3\u0142\u00f3w w zakresie 360<\/strong>;<\/p>\n<p>-\u00a0<strong>Ochrona patentowa<\/strong>: \u015awiadczenie us\u0142ug w zakresie zg\u0142osze\u0144 patentowych w celu zapewnienia wy\u0142\u0105czno\u015bci rozwi\u0105zania projektowego (patrz biblioteka patent\u00f3w na pude\u0142ka deserowe).<\/p>\n<h3 id=\"-7-smart-manufacturing-foundation-16-year-factory-s-hard-core-strength-\"><strong>7. Inteligentne podstawy produkcji: 16-letnia wytrzyma\u0142o\u015b\u0107 fabryki<\/strong><\/h3>\n<p>-\u00a0<strong>Matryca urz\u0105dze\u0144<\/strong>: Wyposa\u017cony w 18 mi\u0119dzynarodowych urz\u0105dze\u0144, takich jak pi\u0119ciokolorowa maszyna drukarska Manroland R700, czterokolorowa maszyna drukarska Heidelberg Speedmaster CS92, z pr\u0119dko\u015bci\u0105 drukowania 15 000 arkuszy na godzin\u0119;<\/p>\n<p>-\u00a0<strong>Kontrola procesu<\/strong>: Przeszed\u0142 certyfikacj\u0119 ISO 9001\/BRCGS, ka\u017cda partia produkt\u00f3w przechodzi 12 kontroli jako\u015bci (r\u00f3\u017cnica kolor\u00f3w\/test kompresji\/test kropli);<\/p>\n<p>-\u00a0<strong>Gwarancja pojemno\u015bci<\/strong>: Dzienna zdolno\u015b\u0107 produkcyjna wynosz\u0105ca 150 000 sztuk, wspieraj\u0105ca masow\u0105 produkcj\u0119 od 500 sztuk do miliona sztuk oraz 24-godzinna przyspieszona dostawa pilnych zam\u00f3wie\u0144.<\/p>","protected":false},"excerpt":{"rendered":"<p><strong>ZOJO Print | Spersonalizowany ekspert w dziedzinie twardych pude\u0142ek na desery \u015bwi\u0105teczne - interpretacja s\u0142odkiego rytua\u0142u z kunsztem<\/strong><\/p>\n<p>W bran\u017cy prezent\u00f3w \u015bwi\u0105tecznych opakowanie jest nie tylko stra\u017cnikiem produktu, ale tak\u017ce no\u015bnikiem przekazu emocjonalnego. ZOJO Print od 16 lat jest g\u0142\u0119boko zaanga\u017cowany w bran\u017c\u0119 wysokiej klasy opakowa\u0144, koncentruj\u0105c si\u0119 na tworzeniu twardych pude\u0142ek z suwakiem o walorach estetycznych i funkcjonalno\u015bci dla marek deser\u00f3w.<\/p>","protected":false},"featured_media":9804,"template":"","meta":[],"product_brand":[],"product_cat":[30,422,31,426],"product_tag":[1277,1275,1276],"class_list":{"0":"post-9791","1":"product","2":"type-product","3":"status-publish","4":"has-post-thumbnail","6":"product_cat-by-industry","7":"product_cat-custom-gourmet-boxes-by-industry","8":"product_cat-paper-box-style","9":"product_cat-paper-drawer-boxes","10":"product_tag-box-packaging-supplier","11":"product_tag-dessert-rigid-slider-box","12":"product_tag-slider-box-packaging","14":"first","15":"instock","16":"shipping-taxable","17":"product-type-simple"},"_links":{"self":[{"href":"https:\/\/zojopackaging.com\/pl\/wp-json\/wp\/v2\/product\/9791","targetHints":{"allow":["GET"]}}],"collection":[{"href":"https:\/\/zojopackaging.com\/pl\/wp-json\/wp\/v2\/product"}],"about":[{"href":"https:\/\/zojopackaging.com\/pl\/wp-json\/wp\/v2\/types\/product"}],"version-history":[{"count":1,"href":"https:\/\/zojopackaging.com\/pl\/wp-json\/wp\/v2\/product\/9791\/revisions"}],"predecessor-version":[{"id":9806,"href":"https:\/\/zojopackaging.com\/pl\/wp-json\/wp\/v2\/product\/9791\/revisions\/9806"}],"wp:featuredmedia":[{"embeddable":true,"href":"https:\/\/zojopackaging.com\/pl\/wp-json\/wp\/v2\/media\/9804"}],"wp:attachment":[{"href":"https:\/\/zojopackaging.com\/pl\/wp-json\/wp\/v2\/media?parent=9791"}],"wp:term":[{"taxonomy":"product_brand","embeddable":true,"href":"https:\/\/zojopackaging.com\/pl\/wp-json\/wp\/v2\/product_brand?post=9791"},{"taxonomy":"product_cat","embeddable":true,"href":"https:\/\/zojopackaging.com\/pl\/wp-json\/wp\/v2\/product_cat?post=9791"},{"taxonomy":"product_tag","embeddable":true,"href":"https:\/\/zojopackaging.com\/pl\/wp-json\/wp\/v2\/product_tag?post=9791"}],"curies":[{"name":"wp","href":"https:\/\/api.w.org\/{rel}","templated":true}]}}