{"id":9793,"date":"2025-04-03T20:55:57","date_gmt":"2025-04-03T12:55:57","guid":{"rendered":"https:\/\/zojopackaging.com\/?post_type=product&#038;p=9793"},"modified":"2025-04-03T21:16:50","modified_gmt":"2025-04-03T13:16:50","slug":"custom-cylinder-perfume-box-paper-tube-packaging-design","status":"publish","type":"product","link":"https:\/\/zojopackaging.com\/pl\/product\/custom-cylinder-perfume-box-paper-tube-packaging-design\/","title":{"rendered":"Niestandardowe cylindryczne pude\u0142ko na perfumy Projekt opakowania z tuby papierowej"},"content":{"rendered":"<h2 id=\"-1-innovative-structural-design-upper-and-lower-covers-are-separated-and-safety-protection-is-upgraded-\"><strong>1. Innowacyjna konstrukcja: g\u00f3rna i dolna pokrywa s\u0105 oddzielone, a ochrona bezpiecze\u0144stwa jest ulepszona<\/strong><\/h2>\n<p>To cylindryczne pude\u0142ko na perfumy\u00a0<strong>Oddzielona g\u00f3rna i dolna struktura pokrywy<\/strong>. Dzi\u0119ki precyzyjnej konstrukcji pokrywy pude\u0142ka i dolnej cz\u0119\u015bci pude\u0142ka, uderzenie si\u0142y zewn\u0119trznej podczas transportu jest r\u00f3wnomiernie rozproszone. Podszewka wykonana jest z materia\u0142u amortyzuj\u0105cego EVA lub g\u0105bki, w po\u0142\u0105czeniu z francuskim odwr\u00f3conym procesem wtykania dna pude\u0142ka, aby zapewni\u0107, \u017ce butelka perfum jest chroniona przed \u015bci\u015bni\u0119ciem lub kolizj\u0105 podczas transportu. Korpus pude\u0142ka wykorzystuje przyjazn\u0105 dla \u015brodowiska bia\u0142\u0105 tektur\u0119 o grubo\u015bci 1-2 mm lub tub\u0119 z papieru siarczanowego, kt\u00f3ra ma zar\u00f3wno sztywno\u015b\u0107, jak i odporno\u015b\u0107 na \u015bciskanie, a skuteczno\u015b\u0107 ochrony jest weryfikowana przez standardowy test upadku ISO.<\/p>\n<h2 id=\"-2-luxurious-craftsmanship-presentation-hot-stamping-and-silver-stamping-details-highlight-quality-\"><strong>2. Luksusowa prezentacja rzemios\u0142a: t\u0142oczenie na gor\u0105co i srebrne t\u0142oczenie, szczeg\u00f3\u0142y podkre\u015blaj\u0105 jako\u015b\u0107<\/strong><\/h2>\n<p>Przyj\u0119cie\u00a0<strong>Technologia t\u0142oczenia na gor\u0105co\/srebra na poziomie nano<\/strong>LOGO marki, wz\u00f3r lub mikrotekst s\u0105 dok\u0142adnie odwzorowane, z rozdzielczo\u015bci\u0105 do 0,1 mm, a tr\u00f3jwymiarowy dotyk metalicznego po\u0142ysku mo\u017ce by\u0107 prezentowany nawet w ma\u0142ym tek\u015bcie lub z\u0142o\u017conych wzorach. W po\u0142\u0105czeniu z technologiami obr\u00f3bki powierzchni, takimi jak powlekanie UV i laminowanie matowe, zwi\u0119ksza to odporno\u015b\u0107 na zu\u017cycie oraz poziomy \u015bwiat\u0142a i cienia, nadaj\u0105c opakowaniu\u00a0<strong>Tekstura na poziomie bi\u017cuterii<\/strong>. Na przyk\u0142ad klasyczny proces t\u0142oczenia na gor\u0105co Chanel mo\u017cna zintegrowa\u0107 z projektem, aby odtworzy\u0107 artystyczne napi\u0119cie stylu barokowego.<\/p>\n<h2 id=\"-3-all-round-customization-service-deep-adaptation-from-size-to-brand-genes-\"><strong>3. Wszechstronna us\u0142uga dostosowywania: g\u0142\u0119boka adaptacja od rozmiaru do gen\u00f3w marki<\/strong><\/h2>\n<ul>\n<li><strong>Precyzyjne dopasowanie rozmiaru<\/strong>: Uzyskaj dane butelki perfum za pomoc\u0105 technologii skanowania 3D i dostosuj korpus pude\u0142ka w po\u0142\u0105czeniu z przyrz\u0105dem do pomiaru odchylenia osi pionowej (b\u0142\u0105d \u2264 0,05 mm), aby zapewni\u0107 zerow\u0105 szczelin\u0119 mi\u0119dzy korpusem butelki a podszewk\u0105.<\/li>\n<li><strong>Elastyczny wyb\u00f3r materia\u0142\u00f3w<\/strong>: Zapewnia papier artystyczny 157 g, papier per\u0142owy, papier do herbaty i inne ponad 10 przyjaznych dla \u015brodowiska materia\u0142\u00f3w, obs\u0142uguje laminowanie matowe \/ b\u0142yszcz\u0105ce, wyt\u0142aczanie i inne ponad 20 proces\u00f3w powierzchniowych.<\/li>\n<li><strong>Dowolny projekt koloru i wzoru<\/strong>: Obs\u0142uguje druk punktowy Pantone, gradientow\u0105 superpozycj\u0119 kolor\u00f3w, lokalny lakier UV i mo\u017ce by\u0107 zintegrowany z orientalnym malowaniem tuszem, geometryczn\u0105 dekonstrukcj\u0105 i innymi stylami, takimi jak seria ilustracji ro\u015blinnych po\u0142udniowokorea\u0144skiego studia DERRICK LIN, zmieniaj\u0105c do\u015bwiadczenie rozpakowywania w narracj\u0119 marki.<\/li>\n<\/ul>\n<h2 id=\"-4-personalized-creative-extension-fusion-of-accessories-and-functions-\"><strong>4. Spersonalizowane kreatywne rozszerzenie: po\u0142\u0105czenie akcesori\u00f3w i funkcji<\/strong><\/h2>\n<ul>\n<li><strong>Akcesoria dekoracyjne<\/strong>: Mo\u017cna doda\u0107 elementy, takie jak kokardki ze wst\u0105\u017cki, poz\u0142acane zawieszki, akrylowe okienka itp., takie jak emaliowana gradientowa zakr\u0119tka butelki Xiangfuer Hongyan, kt\u00f3ra odzwierciedla niestandardowy luksus.<\/li>\n<li><strong>Wielofunkcyjna konstrukcja<\/strong>: Pokrywa pude\u0142ka mo\u017ce by\u0107 zintegrowana z magnetycznym otwieraniem i zamykaniem, ukrytymi klamrami lub osadzona w obszarze etykiety z kodem QR, aby osi\u0105gn\u0105\u0107 podw\u00f3jn\u0105 funkcj\u0119 zapobiegania podrabianiu i interaktywnego marketingu.<\/li>\n<\/ul>","protected":false},"excerpt":{"rendered":"<ul>\n<li><strong>Pe\u0142na komunikacja procesowa<\/strong>: Od dokowania popytu po potwierdzenie proofingu, wyposa\u017cone w ekskluzywnych kierownik\u00f3w projekt\u00f3w i projektant\u00f3w, wspieraj\u0105ce podgl\u0105d modelowania 3D i fizyczn\u0105 dostaw\u0119 pr\u00f3bek, aby zapewni\u0107, \u017ce projekt jest zgodny z tonem marki 100%.<\/li>\n<li><strong>Gwarancja techniczna<\/strong>: Opieraj\u0105c si\u0119 na drukarskim systemie zarz\u0105dzania ERP i precyzyjnym sprz\u0119cie do druku offsetowego, mo\u017cemy osi\u0105gn\u0105\u0107 pe\u0142n\u0105 kontrol\u0119 jako\u015bci od projektu do produkcji, skr\u00f3ci\u0107 cykl dostawy o 30% i zmniejszy\u0107 wska\u017anik wadliwo\u015bci do mniej ni\u017c 0,5%.<\/li>\n<li><strong>Zatwierdzenie sprawy<\/strong>: Obs\u0142ugujemy ponad 5000 znanych marek na ca\u0142ym \u015bwiecie, takich jak pude\u0142ko w stylu barokowym z serii Chance Encounter firmy Chanel oraz geometryczne opakowanie Ottoman zaprojektowane przez tureckiego projektanta Cansu Merdamerta, kt\u00f3re zosta\u0142y wysoko ocenione przez rynek.<\/li>\n<\/ul>","protected":false},"featured_media":9796,"template":"","meta":[],"product_brand":[],"product_cat":[30,417,31,429],"product_tag":[498,337,1278],"class_list":{"0":"post-9793","1":"product","2":"type-product","3":"status-publish","4":"has-post-thumbnail","6":"product_cat-by-industry","7":"product_cat-custom-perfume-boxes-by-industry","8":"product_cat-paper-box-style","9":"product_cat-paper-tube-boxes","10":"product_tag-custom-perfume-packaging","11":"product_tag-perfume-box","12":"product_tag-perfume-paper-tube","14":"first","15":"instock","16":"shipping-taxable","17":"product-type-grouped"},"_links":{"self":[{"href":"https:\/\/zojopackaging.com\/pl\/wp-json\/wp\/v2\/product\/9793","targetHints":{"allow":["GET"]}}],"collection":[{"href":"https:\/\/zojopackaging.com\/pl\/wp-json\/wp\/v2\/product"}],"about":[{"href":"https:\/\/zojopackaging.com\/pl\/wp-json\/wp\/v2\/types\/product"}],"version-history":[{"count":1,"href":"https:\/\/zojopackaging.com\/pl\/wp-json\/wp\/v2\/product\/9793\/revisions"}],"predecessor-version":[{"id":9814,"href":"https:\/\/zojopackaging.com\/pl\/wp-json\/wp\/v2\/product\/9793\/revisions\/9814"}],"wp:featuredmedia":[{"embeddable":true,"href":"https:\/\/zojopackaging.com\/pl\/wp-json\/wp\/v2\/media\/9796"}],"wp:attachment":[{"href":"https:\/\/zojopackaging.com\/pl\/wp-json\/wp\/v2\/media?parent=9793"}],"wp:term":[{"taxonomy":"product_brand","embeddable":true,"href":"https:\/\/zojopackaging.com\/pl\/wp-json\/wp\/v2\/product_brand?post=9793"},{"taxonomy":"product_cat","embeddable":true,"href":"https:\/\/zojopackaging.com\/pl\/wp-json\/wp\/v2\/product_cat?post=9793"},{"taxonomy":"product_tag","embeddable":true,"href":"https:\/\/zojopackaging.com\/pl\/wp-json\/wp\/v2\/product_tag?post=9793"}],"curies":[{"name":"wp","href":"https:\/\/api.w.org\/{rel}","templated":true}]}}