{"id":9807,"date":"2025-04-03T21:07:55","date_gmt":"2025-04-03T13:07:55","guid":{"rendered":"https:\/\/zojopackaging.com\/?post_type=product&#038;p=9807"},"modified":"2025-04-03T21:19:19","modified_gmt":"2025-04-03T13:19:19","slug":"customized-paper-pre-roll-packaging-drawer-box-manufacturer","status":"publish","type":"product","link":"https:\/\/zojopackaging.com\/pl\/product\/customized-paper-pre-roll-packaging-drawer-box-manufacturer\/","title":{"rendered":"Producent niestandardowych opakowa\u0144 papierowych z szufladami na rolki"},"content":{"rendered":"<h3 id=\"-1-convenient-pull-out-design-ribbon-slides-open-and-enjoy-\"><strong>1. Wygodna wysuwana konstrukcja: wst\u0105\u017cka przesuwa si\u0119, otwiera i cieszy si\u0119<\/strong><\/h3>\n<p>Przyj\u0119cie\u00a0<strong>Dwutorowy system cichej szyny \u015blizgowej<\/strong>Z niestandardowym urz\u0105dzeniem do ci\u0105gni\u0119cia ta\u015bmy, aby osi\u0105gn\u0105\u0107 0,3 sekundy szybkiego wyci\u0105gania. Konsumenci nie potrzebuj\u0105 skomplikowanych operacji, wystarczy poci\u0105gn\u0105\u0107, aby ca\u0142kowicie wyj\u0105\u0107 produkt, a otwieranie i zamykanie jest p\u0142ynne i g\u0142adkie.<\/p>\n<h3 id=\"-2-intelligent-partition-partition-classification-identification-improve-efficiency-\"><strong>2. Inteligentna partycja partycji: identyfikacja klasyfikacji, poprawa wydajno\u015bci<\/strong><\/h3>\n<p>Skrzynka jest wyposa\u017cona w\u00a0<strong>wyjmowana przegroda magnetyczna<\/strong>kt\u00f3ry obs\u0142uguje swobodny podzia\u0142 na 6-12 niezale\u017cnych pozycji. Powierzchnia przegrody mo\u017ce by\u0107 zadrukowana kluczowymi informacjami, takimi jak nazwa produktu, zawarto\u015b\u0107 THC\/CBD itp.\u00a0<strong>Proces cz\u0119\u015bciowego wyt\u0142aczania UV<\/strong>Tekst jest wyra\u017anie rozpoznawalny. Konsumenci mog\u0105 szybko zlokalizowa\u0107 docelowy produkt zgodnie ze swoimi potrzebami, a efektywno\u015b\u0107 zakup\u00f3w jest lepsza dzi\u0119ki 40%<\/p>\n<h3 id=\"-3-environmentally-friendly-material-performance-symphony-of-coated-paper-gray-board-\"><strong>3. Materia\u0142 przyjazny dla \u015brodowiska: Symfonia wydajno\u015bci papieru powlekanego + szarej tektury<\/strong><\/h3>\n<p>-\u00a0<strong>Pod\u0142o\u017ce skrzynki zewn\u0119trznej<\/strong>:\u00a0<strong>Papier powlekany 157 g<\/strong>\u00a0a po dwustronnym laminowaniu odporno\u015b\u0107 na tarcie osi\u0105ga poziom 4 (norma ISO 12647), a wytrzyma\u0142o\u015b\u0107 na \u015bciskanie wzrasta o 50%;<\/p>\n<p>-\u00a0<strong>Wewn\u0119trzna struktura podszewki<\/strong>:\u00a0<strong>Bia\u0142a karta 300 g + szara tektura kompozytowa<\/strong>\u00a0a odporno\u015b\u0107 na wilgo\u0107 zosta\u0142a poprawiona dzi\u0119ki 70%, przy jednoczesnym zachowaniu p\u0142asko\u015bci korpusu pude\u0142ka;<\/p>\n<p>-\u00a0<strong>Gwarancja szczelno\u015bci<\/strong>: Pokrywa pude\u0142ka i korpus pude\u0142ka maj\u0105 struktur\u0119 wst\u0105\u017cki, aby zapewni\u0107, \u017ce uszczelnienie spe\u0142nia normy podczas transportu.<\/p>\n<h3 id=\"-4-visual-psychology-brand-expression-in-color-collision-\"><strong>4. Psychologia wizualna: Ekspresja marki w zderzeniu kolor\u00f3w<\/strong><\/h3>\n<p>Z\u00a0<strong>\u017cywy pomara\u0144czowy + \u015bwie\u017ca ziele\u0144<\/strong>\u00a0jako g\u0142\u00f3wny kolor, kontrastuj\u0105ce po\u0142\u0105czenie Pantone 16-1364 TCX (\u017cywy pomara\u0144czowy) i 16-5938 TCX (naturalna ziele\u0144) przekazuje m\u0142odszy i zdrowszy ton marki. Zielona podszewka tworzy wizualne echo z LOGO, a r\u00f3\u017cowa wst\u0105\u017cka jest wyko\u0144czeniem, kt\u00f3re \u0142agodzi og\u00f3lny ton i tworzy wizualny punkt pami\u0119ci \"\u017cywy, ale elegancki\".<\/p>\n<h3 id=\"-5-design-empowerment-precise-implementation-from-concept-to-mass-production-\"><strong>5. Uprawnienia projektowe: precyzyjne wdra\u017canie od koncepcji do produkcji masowej<\/strong><\/h3>\n<p>Zesp\u00f3\u0142 kierowany przez 3 starszych projektant\u00f3w opakowa\u0144 zapewnia trzy g\u0142\u00f3wne us\u0142ugi dostosowane do potrzeb klienta: -\u00a0<strong>Innowacje strukturalne<\/strong>: Opracowanie 12 opatentowanych struktur szuflad (takich jak obrotowe warstwy, zamki na has\u0142o), kompatybilnych z produktami o specjalnych kszta\u0142tach;<\/p>\n<p>-\u00a0<strong>Interaktywna optymalizacja<\/strong>: Wbudowany chip NFC (opcjonalnie), skanowanie kodu w celu uzyskania informacji o identyfikowalno\u015bci produktu i historii marki;<\/p>\n<p>-\u00a0<strong>Szybka iteracja<\/strong>: Obs\u0142uga podgl\u0105du modelowania 3D w czasie rzeczywistym i potwierdzenie planu projektu w ci\u0105gu 8 godzin.<\/p>\n<h3 id=\"-6-smart-manufacturing-system-16-year-factory-hardcore-guarantee-\"><strong>6. Inteligentny system produkcji: 16-letnia gwarancja fabryczna<\/strong><\/h3>\n<p>-\u00a0<strong>Matryca urz\u0105dze\u0144<\/strong>: Wyposa\u017cony w 18 mi\u0119dzynarodowych urz\u0105dze\u0144, takich jak pi\u0119ciokolorowa maszyna drukarska Manroland R700, 7-kolorowa maszyna offsetowa UV Heidelberg, z dok\u0142adno\u015bci\u0105 drukowania 1200 dpi\u00a0<strong>Standardy kontroli jako\u015bci<\/strong>: Przeszed\u0142 certyfikacj\u0119 ISO 9001\/BRCGS, ka\u017cda partia produkt\u00f3w przechodzi 12 kontroli jako\u015bci (r\u00f3\u017cnica kolor\u00f3w \u0394E\u22641,5, odporno\u015b\u0107 na \u015bciskanie \u2265300N); -\u00a0<strong>Konfiguracja pojemno\u015bci<\/strong>: Dzienna zdolno\u015b\u0107 produkcyjna 200 000 sztuk, obs\u0142uga zam\u00f3wie\u0144 od 500 sztuk do masowej produkcji na poziomie miliona sztuk, a pilne zam\u00f3wienia s\u0105 dostarczane w ci\u0105gu 24 godzin.<\/p>\n<h3 id=\"-7-value-commitment-triple-balance-of-quality-efficiency-and-cost-\"><strong>7. Zaanga\u017cowanie w warto\u015b\u0107: potr\u00f3jna r\u00f3wnowaga jako\u015bci, wydajno\u015bci i koszt\u00f3w<\/strong><\/h3>\n<p>-\u00a0<strong>Optymalizacja koszt\u00f3w<\/strong>: Dzi\u0119ki zastosowaniu cyfrowego systemu sk\u0142adu, straty materia\u0142u s\u0105 mniejsze ni\u017c 3%, co pozwala zaoszcz\u0119dzi\u0107 15% w por\u00f3wnaniu z tradycyjnym procesem;<\/p>\n<p>-\u00a0<strong>Zwinna reakcja<\/strong>: Podw\u00f3jny system logistyki magazynowej we wschodnich i po\u0142udniowych Chinach, 48-godzinny bezpo\u015bredni dost\u0119p na terenie ca\u0142ego kraju;<\/p>\n<p>-\u00a0<strong>Us\u0142uga d\u0142ugoterminowa<\/strong>: Zapewnienie zarz\u0105dzania cyklem \u017cycia opakowania, w tym ostrzeganie o zapasach, plan uzupe\u0142niania zapas\u00f3w i plan recyklingu starych opakowa\u0144.<\/p>","protected":false},"excerpt":{"rendered":"<p><strong>ZOJO Print | Spersonalizowany ekspert w dziedzinie opakowa\u0144 papierowych do szuflad - zwi\u0119kszanie warto\u015bci marki dzi\u0119ki pomys\u0142owemu projektowi<\/strong><\/p>\n<p>Na szybko zmieniaj\u0105cym si\u0119 rynku konsumenckim opakowania produkt\u00f3w Pre-roll musz\u0105 nie tylko spe\u0142nia\u0107 potrzeby funkcjonalne, ale tak\u017ce przekazywa\u0107 ton marki poprzez projekt, aby poprawi\u0107 wra\u017cenia u\u017cytkownika. ZOJO Print jest g\u0142\u0119boko zaanga\u017cowane w bran\u017c\u0119 opakowa\u0144 od 16 lat, koncentruj\u0105c si\u0119 na tworzeniu papierowych pude\u0142ek do szuflad Pre-roll, kt\u00f3re s\u0105 zar\u00f3wno praktyczne, jak i estetyczne dla marek takich jak CBD i e-papierosy.<\/p>","protected":false},"featured_media":9811,"template":"","meta":[],"product_brand":[],"product_cat":[30,420,31,426],"product_tag":[1279,1281,1280],"class_list":{"0":"post-9807","1":"product","2":"type-product","3":"status-publish","4":"has-post-thumbnail","6":"product_cat-by-industry","7":"product_cat-custom-cannabis-boxes","8":"product_cat-paper-box-style","9":"product_cat-paper-drawer-boxes","10":"product_tag-customized-paper-pre-roll-packaging","11":"product_tag-pre-roll-packaging","12":"product_tag-pre-roll-packaging-drawer-box","14":"first","15":"instock","16":"shipping-taxable","17":"product-type-simple"},"_links":{"self":[{"href":"https:\/\/zojopackaging.com\/pl\/wp-json\/wp\/v2\/product\/9807","targetHints":{"allow":["GET"]}}],"collection":[{"href":"https:\/\/zojopackaging.com\/pl\/wp-json\/wp\/v2\/product"}],"about":[{"href":"https:\/\/zojopackaging.com\/pl\/wp-json\/wp\/v2\/types\/product"}],"version-history":[{"count":1,"href":"https:\/\/zojopackaging.com\/pl\/wp-json\/wp\/v2\/product\/9807\/revisions"}],"predecessor-version":[{"id":9822,"href":"https:\/\/zojopackaging.com\/pl\/wp-json\/wp\/v2\/product\/9807\/revisions\/9822"}],"wp:featuredmedia":[{"embeddable":true,"href":"https:\/\/zojopackaging.com\/pl\/wp-json\/wp\/v2\/media\/9811"}],"wp:attachment":[{"href":"https:\/\/zojopackaging.com\/pl\/wp-json\/wp\/v2\/media?parent=9807"}],"wp:term":[{"taxonomy":"product_brand","embeddable":true,"href":"https:\/\/zojopackaging.com\/pl\/wp-json\/wp\/v2\/product_brand?post=9807"},{"taxonomy":"product_cat","embeddable":true,"href":"https:\/\/zojopackaging.com\/pl\/wp-json\/wp\/v2\/product_cat?post=9807"},{"taxonomy":"product_tag","embeddable":true,"href":"https:\/\/zojopackaging.com\/pl\/wp-json\/wp\/v2\/product_tag?post=9807"}],"curies":[{"name":"wp","href":"https:\/\/api.w.org\/{rel}","templated":true}]}}