{"id":9815,"date":"2025-04-03T21:17:05","date_gmt":"2025-04-03T13:17:05","guid":{"rendered":"https:\/\/zojopackaging.com\/?post_type=product&#038;p=9815"},"modified":"2025-04-03T21:31:58","modified_gmt":"2025-04-03T13:31:58","slug":"wholesale-custom-luxury-watch-case-box-supplier-with-insert","status":"publish","type":"product","link":"https:\/\/zojopackaging.com\/pl\/product\/wholesale-custom-luxury-watch-case-box-supplier-with-insert\/","title":{"rendered":"Hurtownia niestandardowych luksusowych pude\u0142ek na zegarki z wk\u0142adk\u0105"},"content":{"rendered":"<h2 id=\"-1-combination-of-design-aesthetics-and-functionality-blue-white-and-gray-luxury-drawer-box-\"><strong>1. Po\u0142\u0105czenie estetyki i funkcjonalno\u015bci: niebieska, bia\u0142a i szara luksusowa szuflada<\/strong><\/h2>\n<p>Ten produkt przyjmuje klasyczn\u0105 kombinacj\u0119 kolor\u00f3w niebieskiego, bia\u0142ego i szarego, z eleganckimi i stabilnymi tonami. Dzi\u0119ki konstrukcji typu szufladowego jest wygodny do wy\u015bwietlania produkt\u00f3w i mo\u017ce wzmocni\u0107 poczucie ceremonii otwierania i zamykania. Powierzchnia korpusu pude\u0142ka jest laminowana papierem powlekanym o wysokim po\u0142ysku (157 GSM), kt\u00f3ry jest delikatny w dotyku i jest dopasowany do t\u0142oczenia na gor\u0105co \/ srebrnego logo marki lub personalizacji LOGO, aby podkre\u015bli\u0107 luksus i wykwintno\u015b\u0107. Prowadnica szuflady przyjmuje ukryt\u0105 konstrukcj\u0119 magnetyczn\u0105, aby zapewni\u0107 p\u0142ynne otwieranie i zamykanie, unikaj\u0105c jednocze\u015bnie ryzyka zu\u017cycia tradycyjnego sprz\u0119tu.<\/p>\n<h2 id=\"-2-high-hardness-compression-resistant-structure-1200-gsm-gray-board-coated-paper-composite-process-\"><strong>2. Struktura odporna na \u015bciskanie o wysokiej twardo\u015bci: 1200 GSM szara tektura + powlekany papier artystyczny proces kompozytowy<\/strong><\/h2>\n<p>Korpus pude\u0142ka wykorzystuje szar\u0105 tektur\u0119 o wysokiej g\u0119sto\u015bci 1200 GSM jako materia\u0142 bazowy, a warstwa zewn\u0119trzna jest po\u0142\u0105czona z powlekanym papierem artystycznym 157 GSM, a mocna struktura pude\u0142ka jest formowana w procesie prasowania w wysokiej temperaturze. Wn\u0119trze jest wspierane przez tektur\u0119 o strukturze plastra miodu lub \u017cebra wzmacniaj\u0105ce EVA, o wytrzyma\u0142o\u015bci na \u015bciskanie wi\u0119kszej ni\u017c 50 kg, kt\u00f3re mog\u0105 skutecznie wytrzyma\u0107 wyt\u0142aczanie i kolizj\u0119 podczas transportu. G\u00f3rna i dolna pokrywa lub konstrukcja pude\u0142ka w kszta\u0142cie ksi\u0105\u017cki dodatkowo zwi\u0119ksza skuteczno\u015b\u0107 uszczelnienia i nadaje si\u0119 do transportu na du\u017ce odleg\u0142o\u015bci, takiego jak transport morski i lotniczy.<\/p>\n<h2 id=\"-3-exclusive-die-cut-lining-precision-protection-and-brand-display-\"><strong>3. Ekskluzywna wykrawana podszewka: precyzyjna ochrona i ekspozycja marki<\/strong><\/h2>\n<p>Podszewka wykonana jest z g\u0105bki o wysokiej g\u0119sto\u015bci lub przyjaznej dla \u015brodowiska flaneli, kt\u00f3ra jest precyzyjnie wycinana za pomoc\u0105 form sterowanych numerycznie CNC, aby idealnie dopasowa\u0107 si\u0119 do kontur\u00f3w zegark\u00f3w i akcesori\u00f3w (takich jak paski, narz\u0119dzia itp.). Warstwowa struktura mo\u017ce by\u0107 zaprojektowana zgodnie z potrzebami klienta:<\/p>\n<ul>\n<li><strong>G\u00f3rna warstwa<\/strong>Obszar wy\u015bwietlania, z przezroczystym akrylowym uchwytem do mocowania zegarka, widoczno\u015b\u0107 360\u00b0;<\/li>\n<li><strong>Warstwa \u015brodkowa<\/strong>: szuflada na akcesoria, oddzielne miejsce do przechowywania pask\u00f3w, kart gwarancyjnych itp;<\/li>\n<li><strong>Warstwa dolna<\/strong>Odporna na wstrz\u0105sy warstwa buforowa, pianka z pami\u0119ci\u0105 kszta\u0142tu lub flokowana pianka EVA, zapobiega wstrz\u0105som.<\/li>\n<\/ul>\n<h2 id=\"-4-one-stop-service-for-foreign-trade-experience-and-efficiency-guarantee-\"><strong>4. Kompleksowa obs\u0142uga handlu zagranicznego: do\u015bwiadczenie i gwarancja wydajno\u015bci<\/strong><\/h2>\n<p>Zesp\u00f3\u0142 jest g\u0142\u0119boko zaanga\u017cowany w dziedzin\u0119 opakowa\u0144 dla handlu zagranicznego od 16 lat i zna standardy rynkowe w Europie, Stanach Zjednoczonych, na Bliskim Wschodzie i w innych krajach (takie jak certyfikacja FSC, wymogi ochrony \u015brodowiska REACH), zapewniaj\u0105c pe\u0142n\u0105 obs\u0142ug\u0119 od projektowania, sprawdzania, produkcji po logistyk\u0119:<\/p>\n<ul>\n<li><strong>Wsparcie projektowe<\/strong>: Bezp\u0142atne renderingi 3D i pr\u00f3bki materia\u0142\u00f3w;<\/li>\n<li><strong>Cykl produkcyjny<\/strong>: Pr\u00f3bki s\u0105 dostarczane w ci\u0105gu 2-3 dni, a du\u017ce ilo\u015bci w ci\u0105gu 7-114 dni (przyspieszona dostawa jest obs\u0142ugiwana);<\/li>\n<li><strong>Rozwi\u0105zanie logistyczne<\/strong>: Mo\u017cna zapewni\u0107 warunki DDP\/DAP, integruj\u0105c deklaracj\u0119 celn\u0105 i dostaw\u0119 do magazynu zagranicznego.<\/li>\n<\/ul>\n<h2 id=\"-5-advantages-of-the-source-factory-automated-production-capacity-and-cost-optimization-\"><strong>5. Zalety fabryki \u017ar\u00f3d\u0142owej: zautomatyzowana zdolno\u015b\u0107 produkcyjna i optymalizacja koszt\u00f3w<\/strong><\/h2>\n<p>Jako fabryka \u017ar\u00f3d\u0142owa w regionie delty Rzeki Per\u0142owej w Chinach, posiada zautomatyzowan\u0105 baz\u0119 produkcyjn\u0105 o powierzchni 3000 metr\u00f3w kwadratowych, wyposa\u017con\u0105 w pe\u0142ni automatyczne maszyny do sztancowania, linie druku UV i sprz\u0119t do kontroli jako\u015bci, osi\u0105gaj\u0105c dzienn\u0105 zdolno\u015b\u0107 produkcyjn\u0105 50 000 sztuk. Dzi\u0119ki zaopatrzeniu na du\u017c\u0105 skal\u0119 (bezpo\u015brednie dostawy surowc\u00f3w, takich jak sk\u00f3ra i szare deski) i szczup\u0142emu zarz\u0105dzaniu produkcj\u0105, cena jest 15%-20% ni\u017csza ni\u017c na rynku o tej samej jako\u015bci.<\/p>\n<h2 id=\"-6-deep-customization-capability-brand-personalized-solution-\"><strong>6. G\u0142\u0119bokie mo\u017cliwo\u015bci dostosowywania: Spersonalizowane rozwi\u0105zanie<\/strong><\/h2>\n<p>Obs\u0142uga pe\u0142nej personalizacji:<\/p>\n<ul>\n<li><strong>Rozmiar<\/strong>: Elastyczna konstrukcja od pojedynczego epitopu do wielu epitop\u00f3w (4\/6\/8\/10 cyfr);<\/li>\n<li><strong>Rzemios\u0142o<\/strong>: Dost\u0119pnych jest ponad 20 proces\u00f3w, w tym t\u0142oczenie na gor\u0105co, wyt\u0142aczanie, sitodruk, grawerowanie laserowe itp;<\/li>\n<li><strong>Funkcja<\/strong>: Wbudowany czujnik temperatury i wilgotno\u015bci, etykieta NFC zapobiegaj\u0105ca podrabianiu i inne inteligentne modu\u0142y;<\/li>\n<li><strong>Zr\u00f3wnowa\u017cony rozw\u00f3j<\/strong>: Zapewnienie przyjaznych dla \u015brodowiska opcji, takich jak degradowalny papier i sk\u00f3ra PU na bazie ro\u015blin.<\/li>\n<\/ul>","protected":false},"excerpt":{"rendered":"<p>Nasze wysokiej klasy papierowe pude\u0142ka do pakowania zegark\u00f3w przyjmuj\u0105 dekonstrukcjonistyczny geometryczny projekt ci\u0119cia, kt\u00f3ry sublimuje ceremoni\u0119 otwarcia w artystyczne do\u015bwiadczenie. Korpus pude\u0142ka jest starannie dobrany z wysokiej jako\u015bci podszewk\u0105, kt\u00f3ra umo\u017cliwia spersonalizowan\u0105 personalizacj\u0119. Ka\u017cdy szczeg\u00f3\u0142 opowiada ekskluzywn\u0105 histori\u0119 \"kolekcjoner\u00f3w czasu\", na nowo definiuj\u0105c etyk\u0119 luksusowych opakowa\u0144 dzi\u0119ki zr\u00f3wnowa\u017conemu i lekkiemu luksusowi.<\/p>","protected":false},"featured_media":9819,"template":"","meta":[],"product_brand":[],"product_cat":[30,413,31,426],"product_tag":[1284,1285,1286],"class_list":{"0":"post-9815","1":"product","2":"type-product","3":"status-publish","4":"has-post-thumbnail","6":"product_cat-by-industry","7":"product_cat-consumer-electronics-boxes","8":"product_cat-paper-box-style","9":"product_cat-paper-drawer-boxes","10":"product_tag-custom-watch-box","11":"product_tag-luxury-watch-case-box","12":"product_tag-watch-box-supplier","14":"first","15":"instock","16":"shipping-taxable","17":"product-type-grouped"},"_links":{"self":[{"href":"https:\/\/zojopackaging.com\/pl\/wp-json\/wp\/v2\/product\/9815","targetHints":{"allow":["GET"]}}],"collection":[{"href":"https:\/\/zojopackaging.com\/pl\/wp-json\/wp\/v2\/product"}],"about":[{"href":"https:\/\/zojopackaging.com\/pl\/wp-json\/wp\/v2\/types\/product"}],"version-history":[{"count":1,"href":"https:\/\/zojopackaging.com\/pl\/wp-json\/wp\/v2\/product\/9815\/revisions"}],"predecessor-version":[{"id":9831,"href":"https:\/\/zojopackaging.com\/pl\/wp-json\/wp\/v2\/product\/9815\/revisions\/9831"}],"wp:featuredmedia":[{"embeddable":true,"href":"https:\/\/zojopackaging.com\/pl\/wp-json\/wp\/v2\/media\/9819"}],"wp:attachment":[{"href":"https:\/\/zojopackaging.com\/pl\/wp-json\/wp\/v2\/media?parent=9815"}],"wp:term":[{"taxonomy":"product_brand","embeddable":true,"href":"https:\/\/zojopackaging.com\/pl\/wp-json\/wp\/v2\/product_brand?post=9815"},{"taxonomy":"product_cat","embeddable":true,"href":"https:\/\/zojopackaging.com\/pl\/wp-json\/wp\/v2\/product_cat?post=9815"},{"taxonomy":"product_tag","embeddable":true,"href":"https:\/\/zojopackaging.com\/pl\/wp-json\/wp\/v2\/product_tag?post=9815"}],"curies":[{"name":"wp","href":"https:\/\/api.w.org\/{rel}","templated":true}]}}