{"id":9823,"date":"2025-04-03T21:19:32","date_gmt":"2025-04-03T13:19:32","guid":{"rendered":"https:\/\/zojopackaging.com\/?post_type=product&#038;p=9823"},"modified":"2025-04-03T21:30:43","modified_gmt":"2025-04-03T13:30:43","slug":"custom-cannabis-pre-roll-slide-out-box-packaging-supplier","status":"publish","type":"product","link":"https:\/\/zojopackaging.com\/pl\/product\/custom-cannabis-pre-roll-slide-out-box-packaging-supplier\/","title":{"rendered":"Niestandardowy dostawca opakowa\u0144 z wysuwanym pude\u0142kiem na konopie indyjskie"},"content":{"rendered":"<h3 id=\"-1-material-science-double-protection-of-coated-paper-grey-board-\"><strong>1. Materia\u0142oznawstwo: Podw\u00f3jna ochrona papieru powlekanego + szara tektura<\/strong><\/h3>\n<p>-\u00a0<strong>Materia\u0142 podstawy pude\u0142ka zewn\u0119trznego<\/strong>:\u00a0<strong>Papier powlekany 157 g<\/strong>\u00a0a po obr\u00f3bce laminowania (opcjonalnie mat\/po\u0142ysk) odporno\u015b\u0107 na tarcie osi\u0105ga poziom 4, a wytrzyma\u0142o\u015b\u0107 na \u015bciskanie wzrasta o 50%;<\/p>\n<p>-\u00a0<strong>Wewn\u0119trzna struktura podszewki<\/strong>:\u00a0<strong>Bia\u0142a karta 300g<\/strong>\u00a070%, przy jednoczesnym zachowaniu p\u0142asko\u015bci obudowy;<\/p>\n<p>-\u00a0<strong>Certyfikacja \u015brodowiskowa<\/strong>: Wszystkie materia\u0142y posiadaj\u0105 certyfikat FSC i spe\u0142niaj\u0105 wymagania kanadyjskiego urz\u0119du ds. zdrowia dotycz\u0105ce opakowa\u0144 na marihuan\u0119.<\/p>\n<h3><\/h3>\n<h3 id=\"-2-pull-out-design-the-perfect-balance-of-convenience-and-safety-\"><strong>2. Wysuwana konstrukcja: idealna r\u00f3wnowaga mi\u0119dzy wygod\u0105 i bezpiecze\u0144stwem<\/strong><\/h3>\n<p>-\u00a0<strong>Cichy system<\/strong>: Czas wyci\u0105gania \u22655000 razy bez zaci\u0119\u0107, p\u0142ynno\u015b\u0107 otwierania i zamykania zwi\u0119kszona o 60%;<\/p>\n<p>-\u00a0<strong>Mechanizm ochrony dzieci<\/strong>:\u00a0<strong>Zapi\u0119cie zapobiegaj\u0105ce dotykaniu<\/strong>\u00a0(patrz kanadyjski standard CPR), a do jego otwarcia wymagana jest si\u0142a wi\u0119ksza ni\u017c 5 N, co spe\u0142nia wymogi regulacyjne rynku p\u00f3\u0142nocnoameryka\u0144skiego;<\/p>\n<p>-\u00a0<strong>Ochrona antysejsmiczna<\/strong>: W pude\u0142ku mo\u017cna umie\u015bci\u0107 tekturow\u0105 warstw\u0119 buforow\u0105 o strukturze plastra miodu, kt\u00f3rej wsp\u00f3\u0142czynnik poch\u0142aniania drga\u0144 wynosi 90%, a wsp\u00f3\u0142czynnik uszkodze\u0144 transportowych jest mniejszy ni\u017c 0,3%.<\/p>\n<h3><\/h3>\n<h3 id=\"-3-visual-language-brand-narrative-of-color-and-pattern-\"><strong>3. J\u0119zyk wizualny: Narracja marki za pomoc\u0105 kolor\u00f3w i wzor\u00f3w<\/strong><\/h3>\n<p>-\u00a0<strong>Schemat kolor\u00f3w<\/strong>: G\u0142\u00f3wne kolory to\u00a0<strong>Pantone 15-1050 TCX (\u017c\u00f3\u0142ty brylantowy)<\/strong>\u00a0oraz\u00a0<strong>17-1456 TCX (Herm\u00e8s Orange)<\/strong>Przej\u015bcie gradientowe 0,1 mm uzyskuje si\u0119 dzi\u0119ki precyzyjnemu drukowaniu w rozdzielczo\u015bci 1200 dpi;<\/p>\n<p>-\u00a0<strong>Technologia precyzyjnego rze\u017abienia<\/strong>: Lokalny\u00a0<strong>T\u0142oczenie UV + grawerowanie laserowe<\/strong>\u00a0sprawia, \u017ce wz\u00f3r jest wyra\u017any w dotyku, a 40% poprawia skuteczno\u015b\u0107 przeciwdzia\u0142ania fa\u0142szerstwom;<\/p>\n<p>-\u00a0<strong>Psychologia wizualna<\/strong>: Po\u0142\u0105czenie ciep\u0142ych kolor\u00f3w przekazuje wysokiej klasy i \u017cyw\u0105 tonacj\u0119 marki, kt\u00f3ra jest zgodna z trendem estetycznym m\u0142odych konsument\u00f3w z Ameryki P\u00f3\u0142nocnej.<\/p>\n<h3><\/h3>\n<h3 id=\"-4-smart-partitioning-flexible-adaptation-of-modular-lining-\"><strong>4. Inteligentny podzia\u0142: elastyczna adaptacja modu\u0142owej ok\u0142adziny<\/strong><\/h3>\n<p>-\u00a0<strong>Liczba slot\u00f3w<\/strong>Obs\u0142uguje 3-8 niezale\u017cnych pozycji, mo\u017ce by\u0107 dostosowany do r\u00f3\u017cnych rozmiar\u00f3w (\u015brednica 5-15 mm) i nadaje si\u0119 do r\u00f3\u017cnych rodzaj\u00f3w papieros\u00f3w Pre-roll;<\/p>\n<p>-\u00a0<strong>System etykietowania<\/strong>: Zawarto\u015b\u0107 THC\/CBD i etykiety smakowe (takie jak mi\u0119ta\/cytrusy) s\u0105 drukowane na powierzchni przegrody, a g\u0119sto\u015b\u0107 informacji jest zmniejszona o 30%;<\/p>\n<p>-\u00a0<strong>Opatentowana konstrukcja<\/strong>: Rozwini\u0119ty\u00a0<strong>magnetyczna wyk\u0142adzina obrotowa<\/strong>Konsumenci mog\u0105 ogl\u0105da\u0107 produkt w 360\u00b0. Produkt zosta\u0142 nominowany do nagrody International Packaging Design Award.<\/p>\n<h3><\/h3>\n<h3 id=\"-5-printing-technology-the-ultimate-expression-of-brand-personality-\"><strong>5. Technologia druku: ostateczny wyraz osobowo\u015bci marki<\/strong><\/h3>\n<p>-\u00a0<strong>Matryca procesu<\/strong>: -\u00a0<strong>T\u0142oczenie na gor\u0105co<\/strong>r\u00f3\u017cowe z\u0142oto\/szampa\u0144skie z\u0142oto dostosowana karta kolor\u00f3w, r\u00f3\u017cnica kolor\u00f3w \u0394E\u22640,8; -\u00a0<strong>Wyt\u0142oczony<\/strong>: 0,3 mm tr\u00f3jwymiarowy relief, w dotyku jak jedwab; -\u00a0<strong>T\u0142oczenie UV<\/strong>: miejscowa obr\u00f3bka uwypuklaj\u0105ca, odporno\u015b\u0107 na zu\u017cycie zwi\u0119kszona o 50%; -\u00a0<strong>Druk cyfrowy<\/strong>Obs\u0142uga dostosowywania ma\u0142ych partii (minimalne zam\u00f3wienie 500 sztuk), proofing modelowania 3D zako\u0144czony w ci\u0105gu 8 godzin.<\/p>\n<h3><\/h3>\n<h3 id=\"-6-environmental-commitment-sustainable-packaging-solution-\"><strong>6. Zaanga\u017cowanie w ochron\u0119 \u015brodowiska: zr\u00f3wnowa\u017cone rozwi\u0105zania opakowaniowe<\/strong><\/h3>\n<p>-\u00a0<strong>Innowacje materia\u0142owe<\/strong>u\u017cycie\u00a0<strong>degradowalna szara p\u0142yta<\/strong>\u00a0(szybko\u015b\u0107 rozk\u0142adu \u226590% w ci\u0105gu 12 tygodni) i\u00a0<strong>Atrament na bazie wody<\/strong>Emisja lotnych zwi\u0105zk\u00f3w organicznych zmniejszona o 95%;<\/p>\n<p>-\u00a0<strong>Wygodne rozpakowywanie<\/strong>: przy u\u017cyciu\u00a0<strong>wtykowa konstrukcja bezklejowa<\/strong>Konsumenci mog\u0105 otwiera\u0107 bez u\u017cycia narz\u0119dzi, a czas rozpakowywania jest skr\u00f3cony dzi\u0119ki 70%;<\/p>\n<p>-\u00a0<strong>Okr\u0105g\u0142a konstrukcja<\/strong>Korpus pude\u0142ka mo\u017cna w pe\u0142ni podda\u0107 recyklingowi, a szara tekturowa wy\u015bci\u00f3\u0142ka umo\u017cliwia ponowne u\u017cycie, co jest zgodne z kanadyjskimi wytycznymi dotycz\u0105cymi opakowa\u0144 ekologicznych.<\/p>\n<h3><\/h3>\n<h3 id=\"-7-smart-manufacturing-cornerstone-16-years-of-industry-experience-\"><strong>7. Kamie\u0144 w\u0119gielny inteligentnej produkcji: 16 lat do\u015bwiadczenia w bran\u017cy<\/strong><\/h3>\n<p>-\u00a0<strong>Matryca urz\u0105dze\u0144<\/strong>: Wyposa\u017cony w 18 mi\u0119dzynarodowych urz\u0105dze\u0144, takich jak pi\u0119ciokolorowa maszyna drukarska Manroland R700, 7-kolorowa maszyna offsetowa UV Heidelberg, z pr\u0119dko\u015bci\u0105 drukowania 15 000 arkuszy\/godz.\u00a0<strong>System kontroli jako\u015bci<\/strong>: Przeszed\u0142 certyfikacj\u0119 ISO 9001\/BRCGS, ka\u017cda partia produkt\u00f3w przechodzi 12 kontroli jako\u015bci (r\u00f3\u017cnica kolor\u00f3w\/test kompresji\/test kroplowy).\u00a0<strong>Gwarancja pojemno\u015bci<\/strong>: Dzienna zdolno\u015b\u0107 produkcyjna 200 000 sztuk, obs\u0142uga zam\u00f3wie\u0144 od 500 sztuk do produkcji masowej na poziomie miliona sztuk oraz 24-godzinna dostawa zam\u00f3wie\u0144 awaryjnych.<\/p>","protected":false},"excerpt":{"rendered":"<p><strong>ZOJO Print | Indywidualny ekspert w dziedzinie opakowa\u0144 wysuwanych Pre-roll - ochrona warto\u015bci marki dzi\u0119ki innowacjom w zakresie zgodno\u015bci z przepisami<\/strong><\/p>\n<p>W kontek\u015bcie przyspieszonej globalnej legalizacji marihuany, opakowanie jest nie tylko pojemnikiem na produkt, ale tak\u017ce no\u015bnikiem zgodno\u015bci marki i zaufania konsument\u00f3w. Firma ZOJO Print jest g\u0142\u0119boko zaanga\u017cowana w dziedzinie opakowa\u0144 na marihuan\u0119, \u015bci\u015ble przestrzegaj\u0105c mi\u0119dzynarodowych przepis\u00f3w (takich jak kanadyjskie przepisy dotycz\u0105ce marihuany), \u0142\u0105cz\u0105c najnowocze\u015bniejsze wzornictwo z inteligentn\u0105 produkcj\u0105, aby zapewni\u0107 markom wysuwane pude\u0142ka Pre-roll, kt\u00f3re \u0142\u0105cz\u0105 bezpiecze\u0144stwo, funkcjonalno\u015b\u0107 i walory estetyczne.<\/p>","protected":false},"featured_media":9827,"template":"","meta":[],"product_brand":[],"product_cat":[30,420,31,426],"product_tag":[1277,1283,1282],"class_list":{"0":"post-9823","1":"product","2":"type-product","3":"status-publish","4":"has-post-thumbnail","6":"product_cat-by-industry","7":"product_cat-custom-cannabis-boxes","8":"product_cat-paper-box-style","9":"product_cat-paper-drawer-boxes","10":"product_tag-box-packaging-supplier","11":"product_tag-cannabis-box","12":"product_tag-cannabis-pre-roll-boxes","14":"first","15":"instock","16":"shipping-taxable","17":"product-type-simple"},"_links":{"self":[{"href":"https:\/\/zojopackaging.com\/pl\/wp-json\/wp\/v2\/product\/9823","targetHints":{"allow":["GET"]}}],"collection":[{"href":"https:\/\/zojopackaging.com\/pl\/wp-json\/wp\/v2\/product"}],"about":[{"href":"https:\/\/zojopackaging.com\/pl\/wp-json\/wp\/v2\/types\/product"}],"version-history":[{"count":1,"href":"https:\/\/zojopackaging.com\/pl\/wp-json\/wp\/v2\/product\/9823\/revisions"}],"predecessor-version":[{"id":9830,"href":"https:\/\/zojopackaging.com\/pl\/wp-json\/wp\/v2\/product\/9823\/revisions\/9830"}],"wp:featuredmedia":[{"embeddable":true,"href":"https:\/\/zojopackaging.com\/pl\/wp-json\/wp\/v2\/media\/9827"}],"wp:attachment":[{"href":"https:\/\/zojopackaging.com\/pl\/wp-json\/wp\/v2\/media?parent=9823"}],"wp:term":[{"taxonomy":"product_brand","embeddable":true,"href":"https:\/\/zojopackaging.com\/pl\/wp-json\/wp\/v2\/product_brand?post=9823"},{"taxonomy":"product_cat","embeddable":true,"href":"https:\/\/zojopackaging.com\/pl\/wp-json\/wp\/v2\/product_cat?post=9823"},{"taxonomy":"product_tag","embeddable":true,"href":"https:\/\/zojopackaging.com\/pl\/wp-json\/wp\/v2\/product_tag?post=9823"}],"curies":[{"name":"wp","href":"https:\/\/api.w.org\/{rel}","templated":true}]}}