{"id":9832,"date":"2025-04-03T21:32:07","date_gmt":"2025-04-03T13:32:07","guid":{"rendered":"https:\/\/zojopackaging.com\/?post_type=product&#038;p=9832"},"modified":"2025-04-03T21:55:40","modified_gmt":"2025-04-03T13:55:40","slug":"custom-aroma-scented-perfume-reed-diffuser-packaging-box","status":"publish","type":"product","link":"https:\/\/zojopackaging.com\/pl\/product\/custom-aroma-scented-perfume-reed-diffuser-packaging-box\/","title":{"rendered":"Niestandardowe opakowanie dyfuzora zapachowego z trzciny aromatycznej"},"content":{"rendered":"<h2 id=\"-1-corporate-strength-and-supply-chain-guarantee-\"><strong>1. Si\u0142a korporacyjna i gwarancja \u0142a\u0144cucha dostaw<\/strong><\/h2>\n<p>Jako fabryka \u017ar\u00f3d\u0142owa chi\u0144skiego przemys\u0142u aromaterapii rattanowej od 16 lat, nasza firma posiada w pe\u0142ni zautomatyzowan\u0105 lini\u0119 produkcyjn\u0105 i kompletny system \u0142a\u0144cucha dostaw oraz \u015bci\u015ble kontroluje od zakupu surowc\u00f3w po dostaw\u0119 gotowego produktu. Dzi\u0119ki przewadze produkcji na du\u017c\u0105 skal\u0119 zapewniamy op\u0142acalne rozwi\u0105zania zapewniaj\u0105ce, \u017ce jako\u015b\u0107 produktu spe\u0142nia mi\u0119dzynarodowe standardy (takie jak certyfikacja ISO) przy jednoczesnym obni\u017ceniu koszt\u00f3w klienta.<\/p>\n<h2 id=\"-2-flexible-customization-service-\"><strong>2. Elastyczna us\u0142uga dostosowywania<\/strong><\/h2>\n<ul>\n<li><strong>Rozmiar i struktura<\/strong>: Obs\u0142uguje spersonalizowane dostosowywanie rozmiaru opakowania, przyjmuje projekt \"3 w 1 niebo i ziemia\", idealnie pasuje do butelek perfum i aromaterapii, jest \u0142atwy do otwierania i zamykania oraz podkre\u015bla wysokiej jako\u015bci tekstur\u0119.<\/li>\n<li><strong>Kolor i wzornictwo<\/strong>: G\u0142\u00f3wnym kolorem jest matowa czer\u0144, z t\u0142oczonym na gor\u0105co logo marki, co zapewnia stonowany luksus i podkre\u015bla charakter marki.<\/li>\n<li><strong>Wewn\u0119trzna ochrona podszewki<\/strong>: Wewn\u0119trzna wy\u015bci\u00f3\u0142ka jest wycinana za pomoc\u0105 ekskluzywnej formy wykonanej z materia\u0142u EVA, kt\u00f3ra dok\u0142adnie pasuje do butelki dyfuzora rattanowego, aby unikn\u0105\u0107 wstrz\u0105s\u00f3w lub deformacji podczas transportu.<\/li>\n<\/ul>\n<h2 id=\"-3-packaging-structure-and-material-\"><strong>3. Struktura i materia\u0142 opakowania<\/strong><\/h2>\n<ul>\n<li><strong>Materia\u0142 o wysokiej wytrzyma\u0142o\u015bci<\/strong>: Wybrano przyjazn\u0105 dla \u015brodowiska tward\u0105 tektur\u0119, a no\u015bno\u015b\u0107 zosta\u0142a zwi\u0119kszona dzi\u0119ki wielowarstwowej technologii kompozytowej, kt\u00f3ra mo\u017ce wytrzyma\u0107 nacisk transportu na du\u017ce odleg\u0142o\u015bci i chroni\u0107 produkty wewn\u0119trzne przed uszkodzeniem.<\/li>\n<li><strong>Szczeg\u00f3\u0142owy projekt<\/strong>: Kraw\u0119d\u017a korpusu pude\u0142ka jest zaokr\u0105glona i delikatna w dotyku; wewn\u0119trzna struktura jest rozs\u0105dnie podzielona i mo\u017ce pomie\u015bci\u0107 wiele akcesori\u00f3w, takich jak butelki do aromaterapii, rattan i instrukcje w tym samym czasie.<\/li>\n<\/ul>\n<h2 id=\"-4-one-stop-service-for-foreign-trade-\"><strong>4. Kompleksowa obs\u0142uga handlu zagranicznego<\/strong><\/h2>\n<p>Koncentruj\u0105c si\u0119 na handlu zagranicznym, cz\u0142onkowie zespo\u0142u maj\u0105 ponad 10-letnie do\u015bwiadczenie w eksporcie transgranicznym, zapewniaj\u0105c kompleksowe us\u0142ugi od projektowania, produkcji po logistyk\u0119, odpraw\u0119 celn\u0105, dostosowywanie etykiet itp. Wspieramy wieloj\u0119zyczn\u0105 komunikacj\u0119 z obs\u0142ug\u0105 klienta, aby zapewni\u0107 skuteczn\u0105 reakcj\u0119 na potrzeby klient\u00f3w.<\/p>","protected":false},"excerpt":{"rendered":"<ul>\n<li>\u200b<strong>Podwy\u017cszona estetyka:<\/strong>\u00a0Matowo-czarne wyko\u0144czenie z akcentami w kolorze r\u00f3\u017cowego z\u0142ota zapewnia atrakcyjny wygl\u0105d na p\u00f3\u0142ce.<\/li>\n<li>\u200b<strong>Trwa\u0142o\u015b\u0107:<\/strong>\u00a0Wzmocniona konstrukcja chroni delikatne butelki z dyfuzorem podczas transportu.<\/li>\n<li>\u200b<strong>Niestandardowy branding:<\/strong>\u00a0Elastyczne opcje projektowania logo, kolor\u00f3w i wk\u0142adek w celu dostosowania do marki klienta.<\/li>\n<li>\u200b<strong>\u015awiadomo\u015b\u0107 ekologiczna:<\/strong>\u00a0Zr\u00f3wnowa\u017cone materia\u0142y zaspokajaj\u0105 przyjazne dla \u015brodowiska narracje marki.<\/li>\n<\/ul>","protected":false},"featured_media":9833,"template":"","meta":[],"product_brand":[],"product_cat":[30,417,425,31],"product_tag":[498,1291,1290],"class_list":{"0":"post-9832","1":"product","2":"type-product","3":"status-publish","4":"has-post-thumbnail","6":"product_cat-by-industry","7":"product_cat-custom-perfume-boxes-by-industry","8":"product_cat-lid-and-base-gift-box","9":"product_cat-paper-box-style","10":"product_tag-custom-perfume-packaging","11":"product_tag-custom-scented-packaging-box","12":"product_tag-reed-diffuser-packaging","14":"first","15":"instock","16":"shipping-taxable","17":"product-type-grouped"},"_links":{"self":[{"href":"https:\/\/zojopackaging.com\/pl\/wp-json\/wp\/v2\/product\/9832","targetHints":{"allow":["GET"]}}],"collection":[{"href":"https:\/\/zojopackaging.com\/pl\/wp-json\/wp\/v2\/product"}],"about":[{"href":"https:\/\/zojopackaging.com\/pl\/wp-json\/wp\/v2\/types\/product"}],"version-history":[{"count":1,"href":"https:\/\/zojopackaging.com\/pl\/wp-json\/wp\/v2\/product\/9832\/revisions"}],"predecessor-version":[{"id":9847,"href":"https:\/\/zojopackaging.com\/pl\/wp-json\/wp\/v2\/product\/9832\/revisions\/9847"}],"wp:featuredmedia":[{"embeddable":true,"href":"https:\/\/zojopackaging.com\/pl\/wp-json\/wp\/v2\/media\/9833"}],"wp:attachment":[{"href":"https:\/\/zojopackaging.com\/pl\/wp-json\/wp\/v2\/media?parent=9832"}],"wp:term":[{"taxonomy":"product_brand","embeddable":true,"href":"https:\/\/zojopackaging.com\/pl\/wp-json\/wp\/v2\/product_brand?post=9832"},{"taxonomy":"product_cat","embeddable":true,"href":"https:\/\/zojopackaging.com\/pl\/wp-json\/wp\/v2\/product_cat?post=9832"},{"taxonomy":"product_tag","embeddable":true,"href":"https:\/\/zojopackaging.com\/pl\/wp-json\/wp\/v2\/product_tag?post=9832"}],"curies":[{"name":"wp","href":"https:\/\/api.w.org\/{rel}","templated":true}]}}