{"id":9839,"date":"2025-04-03T21:33:02","date_gmt":"2025-04-03T13:33:02","guid":{"rendered":"https:\/\/zojopackaging.com\/?post_type=product&#038;p=9839"},"modified":"2025-04-03T21:46:35","modified_gmt":"2025-04-03T13:46:35","slug":"custom-paper-pre-roll-box-slide-drawer-box-for-multipack-cones","status":"publish","type":"product","link":"https:\/\/zojopackaging.com\/pl\/product\/custom-paper-pre-roll-box-slide-drawer-box-for-multipack-cones\/","title":{"rendered":"Niestandardowe pude\u0142ko na papierowe rolki Pude\u0142ko z wysuwan\u0105 szuflad\u0105 na sto\u017cki wielopakowe"},"content":{"rendered":"<h3 id=\"-1-material-innovation-performance-symphony-of-coated-paper-gray-board-\"><strong>1. Innowacyjny materia\u0142: Symfonia wydajno\u015bci papieru powlekanego i szarej tektury<\/strong><\/h3>\n<p>-\u00a0<strong>Materia\u0142 podstawy pude\u0142ka zewn\u0119trznego<\/strong>:\u00a0<strong>Papier powlekany 157 g<\/strong>\u00a0wybrano dwustronne laminowanie (opcjonalnie matowe\/b\u0142yszcz\u0105ce), odporno\u015b\u0107 na tarcie osi\u0105ga poziom 4, a wytrzyma\u0142o\u015b\u0107 na \u015bciskanie jest zwi\u0119kszona o 50%;<\/p>\n<p>-\u00a0<strong>Wewn\u0119trzna struktura podszewki<\/strong>:\u00a0<strong>Proces kompozytowy EPE bawe\u0142na per\u0142owa + szara p\u0142yta<\/strong>\u00a070%, przy jednoczesnym zachowaniu p\u0142asko\u015bci korpusu pude\u0142ka (patrz proces produkcji szarej p\u0142yty);<\/p>\n<p>-\u00a0<strong>Certyfikacja \u015brodowiskowa<\/strong>: Wszystkie materia\u0142y posiadaj\u0105 certyfikat FSC i s\u0105 zgodne z przepisami dotycz\u0105cymi zr\u00f3wnowa\u017conych opakowa\u0144 na rynku p\u00f3\u0142nocnoameryka\u0144skim i europejskim.<\/p>\n<h3 id=\"-2-modular-lining-orderly-storage-of-multiple-cones-\"><strong>2. Modu\u0142owa ok\u0142adzina: uporz\u0105dkowane przechowywanie wielu sto\u017ck\u00f3w<\/strong><\/h3>\n<p>-\u00a0<strong>Zdejmowane partycje<\/strong>Obs\u0142uguje 3-8 niezale\u017cnych przedzia\u0142\u00f3w, konfigurowalnych w r\u00f3\u017cnych rozmiarach (o \u015brednicy 5-15 mm), odpowiednich dla wszystkich rodzaj\u00f3w papieros\u00f3w pre-roll;<\/p>\n<p>-\u00a0<strong>Dynamiczny uk\u0142ad<\/strong>: Partycja przyjmuje\u00a0<strong>magnetyczna konstrukcja obrotowa<\/strong>Konsumenci mog\u0105 ogl\u0105da\u0107 produkt w 360\u00b0. Produkt zosta\u0142 nominowany do nagrody International Packaging Design Award;<\/p>\n<h3 id=\"-3-visual-feast-luxurious-collision-of-rose-red-and-bright-yellow-\"><strong>3. Wizualna uczta: luksusowe zderzenie r\u00f3\u017cowej czerwieni i jaskrawej \u017c\u00f3\u0142ci<\/strong><\/h3>\n<p>-\u00a0<strong>Schemat kolor\u00f3w<\/strong>: G\u0142\u00f3wne kolory to\u00a0<strong>Pantone 18-2120 TCX (r\u00f3\u017cowa czerwie\u0144)<\/strong>\u00a0oraz\u00a0<strong>15-1050 TCX (jasno\u017c\u00f3\u0142ty)<\/strong>a przej\u015bcie gradientowe 0,1 mm jest uzyskiwane dzi\u0119ki precyzyjnemu drukowaniu w rozdzielczo\u015bci 1200 dpi.\u00a0<strong>Technologia precyzyjnego rze\u017abienia<\/strong>lokalny\u00a0<strong>T\u0142oczenie UV + grawerowanie laserowe<\/strong>Dzi\u0119ki temu wz\u00f3r jest wyra\u017any i rozpoznawalny, a 40% zapewnia lepsz\u0105 ochron\u0119 przed podrabianiem;<\/p>\n<p>-\u00a0<strong>Psychologia wizualna<\/strong>: Ciep\u0142a kombinacja kolor\u00f3w przekazuje wysokiej klasy i \u017cyw\u0105 tonacj\u0119 marki, kt\u00f3ra jest zgodna z trendem estetycznym konsument\u00f3w z pokolenia Z.<\/p>\n<h3 id=\"-4-smart-pull-out-double-guarantee-of-convenience-and-safety-\"><strong>4. Inteligentne wysuwanie: podw\u00f3jna gwarancja wygody i bezpiecze\u0144stwa<\/strong><\/h3>\n<p>-\u00a0<strong>System cichej szyny \u015blizgowej<\/strong>Wbudowane \u0142o\u017cysko kulkowe ze stali nierdzewnej, czas wyci\u0105gania \u22655000 razy bez zacinania, p\u0142ynno\u015b\u0107 otwierania i zamykania zwi\u0119kszona przez 60%;<\/p>\n<p>-\u00a0<strong>Mechanizm ochrony dzieci<\/strong>przyj\u0105\u0107\u00a0<strong>Zapi\u0119cie zapobiegaj\u0105ce dotykaniu<\/strong>\u00a0(patrz kanadyjski standard CPR), do otwarcia nale\u017cy u\u017cy\u0107 si\u0142y wi\u0119kszej ni\u017c 5 N;<\/p>\n<h3 id=\"-5-child-proof-lock-perfect-balance-between-compliance-and-ease-of-use-\"><strong>5. Blokada przed dzie\u0107mi: idealna r\u00f3wnowaga mi\u0119dzy zgodno\u015bci\u0105 a \u0142atwo\u015bci\u0105 u\u017cytkowania<\/strong><\/h3>\n<p>-\u00a0<strong>Opatentowana konstrukcja<\/strong>mo\u017cna u\u017cy\u0107 opracowanego\u00a0<strong>niewidoczny zamek magnetyczny<\/strong>Doro\u015bli mog\u0105 j\u0105 otworzy\u0107 jedn\u0105 r\u0119k\u0105, a wska\u017anik przypadkowego otwarcia przez dzieci jest ni\u017cszy ni\u017c 0,1%;<\/p>\n<p>-\u00a0<strong>Szybkie odblokowanie<\/strong>Wbudowane urz\u0105dzenie spr\u0119\u017cynowe, czas odblokowania tylko 0,3 sekundy, zgodnie z ameryka\u0144skimi standardami bezpiecze\u0144stwa opakowa\u0144 dla dzieci CPSC;<\/p>\n<p>-\u00a0<strong>Ukryta estetyka<\/strong>Zamek i wz\u00f3r pude\u0142ka s\u0105 p\u0142ynnie zintegrowane, aby zachowa\u0107 integralno\u015b\u0107 wygl\u0105du.<\/p>\n<h3 id=\"-6-printing-technology-the-ultimate-expression-of-brand-personality-\"><strong>6. Technologia druku: ostateczny wyraz osobowo\u015bci marki<\/strong><\/h3>\n<p>-\u00a0<strong>Matryca procesu<\/strong>: -\u00a0<strong>T\u0142oczenie na gor\u0105co<\/strong>: R\u00f3\u017cowe z\u0142oto \/ szampa\u0144skie z\u0142oto niestandardowa karta kolor\u00f3w, r\u00f3\u017cnica kolor\u00f3w \u0394E\u22640,8;<\/p>\n<p>-\u00a0<strong>Wyt\u0142oczony<\/strong>: 0,3 mm tr\u00f3jwymiarowego reliefu, w dotyku jak jedwab.\u00a0<strong>T\u0142oczenie UV<\/strong>miejscowe pod\u015bwietlenie, odporno\u015b\u0107 na zu\u017cycie zwi\u0119kszona o 50%;<\/p>\n<p>-\u00a0<strong>Druk cyfrowy<\/strong>Obs\u0142uga dostosowywania ma\u0142ych partii (minimalne zam\u00f3wienie 500 sztuk), proofing modelowania 3D zako\u0144czony w ci\u0105gu 8 godzin.<\/p>\n<h3 id=\"-7-smart-manufacturing-foundation-16-years-of-industry-experience-\"><strong>7. Inteligentne podstawy produkcji: 16 lat do\u015bwiadczenia w bran\u017cy<\/strong><\/h3>\n<p>-\u00a0<strong>Matryca urz\u0105dze\u0144<\/strong>: Wyposa\u017cony w 18 mi\u0119dzynarodowych urz\u0105dze\u0144, takich jak pi\u0119ciokolorowa maszyna drukarska Manroland R700 i 7-kolorowa maszyna offsetowa UV Heidelberg, z pr\u0119dko\u015bci\u0105 drukowania 15 000 arkuszy na godzin\u0119;<\/p>\n<p>-\u00a0<strong>System kontroli jako\u015bci<\/strong>: Przeszed\u0142 certyfikacj\u0119 ISO 9001\/BRCGS, ka\u017cda partia produkt\u00f3w przechodzi 12 kontroli jako\u015bci (r\u00f3\u017cnica kolor\u00f3w\/test kompresji\/test kroplowy).<\/p>\n<p><strong>Gwarancja pojemno\u015bci<\/strong>: Dzienna zdolno\u015b\u0107 produkcyjna 200 000 sztuk, obs\u0142uga zam\u00f3wie\u0144 od 500 sztuk do masowej produkcji na poziomie miliona sztuk oraz 24-godzinna dostawa pilnych zam\u00f3wie\u0144.<\/p>","protected":false},"excerpt":{"rendered":"<p><strong>ZOJO Print | Ekspert w dziedzinie niestandardowych papierowych szuflad przesuwnych - tworzenie wysokiej klasy rozwi\u0105za\u0144 ekspozycyjnych dla czopk\u00f3w wielopakowych<\/strong><\/p>\n<p>Na dzisiejszym szybko rozwijaj\u0105cym si\u0119 rynku produkt\u00f3w CBD i konopi indyjskich opakowanie jest nie tylko pojemnikiem na produkt, ale tak\u017ce g\u0142\u00f3wnym no\u015bnikiem wizerunku marki i do\u015bwiadczenia u\u017cytkownika. Firma ZOJO Print jest g\u0142\u0119boko zaanga\u017cowana w bran\u017c\u0119 od 16 lat, koncentruj\u0105c si\u0119 na dostarczaniu rozwi\u0105za\u0144 z wysuwanymi szufladami, kt\u00f3re \u0142\u0105cz\u0105 funkcjonalno\u015b\u0107, bezpiecze\u0144stwo i walory estetyczne dla marek papieros\u00f3w Pre-roll.<\/p>","protected":false},"featured_media":9842,"template":"","meta":[],"product_brand":[],"product_cat":[30,420,31,426],"product_tag":[1289,1287,1288],"class_list":{"0":"post-9839","1":"product","2":"type-product","3":"status-publish","4":"has-post-thumbnail","6":"product_cat-by-industry","7":"product_cat-custom-cannabis-boxes","8":"product_cat-paper-box-style","9":"product_cat-paper-drawer-boxes","10":"product_tag-drawer-box-for-multipack-cones","11":"product_tag-pre-roll-box","12":"product_tag-roll-box-slide-drawer-box","14":"first","15":"instock","16":"shipping-taxable","17":"product-type-simple"},"_links":{"self":[{"href":"https:\/\/zojopackaging.com\/pl\/wp-json\/wp\/v2\/product\/9839","targetHints":{"allow":["GET"]}}],"collection":[{"href":"https:\/\/zojopackaging.com\/pl\/wp-json\/wp\/v2\/product"}],"about":[{"href":"https:\/\/zojopackaging.com\/pl\/wp-json\/wp\/v2\/types\/product"}],"version-history":[{"count":1,"href":"https:\/\/zojopackaging.com\/pl\/wp-json\/wp\/v2\/product\/9839\/revisions"}],"predecessor-version":[{"id":9846,"href":"https:\/\/zojopackaging.com\/pl\/wp-json\/wp\/v2\/product\/9839\/revisions\/9846"}],"wp:featuredmedia":[{"embeddable":true,"href":"https:\/\/zojopackaging.com\/pl\/wp-json\/wp\/v2\/media\/9842"}],"wp:attachment":[{"href":"https:\/\/zojopackaging.com\/pl\/wp-json\/wp\/v2\/media?parent=9839"}],"wp:term":[{"taxonomy":"product_brand","embeddable":true,"href":"https:\/\/zojopackaging.com\/pl\/wp-json\/wp\/v2\/product_brand?post=9839"},{"taxonomy":"product_cat","embeddable":true,"href":"https:\/\/zojopackaging.com\/pl\/wp-json\/wp\/v2\/product_cat?post=9839"},{"taxonomy":"product_tag","embeddable":true,"href":"https:\/\/zojopackaging.com\/pl\/wp-json\/wp\/v2\/product_tag?post=9839"}],"curies":[{"name":"wp","href":"https:\/\/api.w.org\/{rel}","templated":true}]}}