{"id":9848,"date":"2025-04-03T21:55:53","date_gmt":"2025-04-03T13:55:53","guid":{"rendered":"https:\/\/zojopackaging.com\/?post_type=product&#038;p=9848"},"modified":"2025-04-03T22:09:27","modified_gmt":"2025-04-03T14:09:27","slug":"custom-shampoo-cosmetic-brush-packaging-boxes-with-window","status":"publish","type":"product","link":"https:\/\/zojopackaging.com\/pl\/product\/custom-shampoo-cosmetic-brush-packaging-boxes-with-window\/","title":{"rendered":"Niestandardowe pude\u0142ka do pakowania szampon\u00f3w kosmetycznych z okienkiem"},"content":{"rendered":"<h2 id=\"-1-all-round-customization-service-precise-matching-of-brand-tone-\"><strong>1. Wszechstronna us\u0142uga dostosowywania, precyzyjne dopasowanie tonu marki<\/strong><\/h2>\n<p>Jako chi\u0144ska fabryka z 16-letnim do\u015bwiadczeniem, koncentrujemy si\u0119 na dostarczaniu\u00a0<strong>Precyzyjne rozwi\u0105zania opakowaniowe dostosowane do indywidualnych potrzeb<\/strong>\u00a0dla klient\u00f3w globalnych.<\/p>\n<ul>\n<li><strong>Elastyczne dostosowanie rozmiaru<\/strong>: Obs\u0142uguje pe\u0142ne dostosowanie wysoko\u015bci, szeroko\u015bci i grubo\u015bci (b\u0142\u0105d wynosi tylko 0,1-0,5 mm), dok\u0142adnie dopasowuj\u0105c si\u0119 do form produkt\u00f3w, takich jak p\u0119dzle do makija\u017cu i szampony.<\/li>\n<li><strong>Aktualizacja dostosowywania wizualnego<\/strong>: Korzystaj\u0105c z mi\u0119dzynarodowych numer\u00f3w kolor\u00f3w Pantone, aby dopasowa\u0107 g\u0142\u00f3wny kolor marki, w po\u0142\u0105czeniu z drukiem UV, t\u0142oczeniem na gor\u0105co i innymi procesami, obszar okna mo\u017ce by\u0107 zaprojektowany jako przezroczysty akryl lub przyjazny dla \u015brodowiska materia\u0142 PVC, aby intuicyjnie wy\u015bwietla\u0107 tekstur\u0119 produktu.<\/li>\n<li><strong>Dost\u0119pne s\u0105 r\u00f3\u017cne materia\u0142y<\/strong>: Dostarczamy pojedynczy papier miedziany, z\u0142oty i srebrny karton, tektur\u0119 falist\u0105 nadaj\u0105c\u0105 si\u0119 do recyklingu i inne materia\u0142y, bior\u0105c pod uwag\u0119 ochron\u0119 \u015brodowiska i wysokie wymagania dotykowe.<\/li>\n<\/ul>\n<h2 id=\"-2-pull-out-window-design-both-functional-and-aesthetic-\"><strong>2. Szufladowe pude\u0142ka na papier z okienkiem, zar\u00f3wno funkcjonalne, jak i estetyczne<\/strong><\/h2>\n<p><strong>Innowacyjny projekt strukturalny<\/strong>:<\/p>\n<ul>\n<li><strong>Tr\u00f3jwymiarowe okno wy\u015bwietlacza<\/strong>: Pozycja okna jest zoptymalizowana przez obliczenia mechaniczne, aby unikn\u0105\u0107 zu\u017cycia papierowych pude\u0142ek szufladowych, jednocze\u015bnie maksymalizuj\u0105c wy\u015bwietlanie szczeg\u00f3\u0142\u00f3w produktu (takich jak jako\u015b\u0107 w\u0142osia p\u0119dzla do makija\u017cu, LOGO butelki szamponu).<\/li>\n<li><strong>P\u0142ynne ci\u0105gni\u0119cie<\/strong>: Korpus pude\u0142ka przyjmuje struktur\u0119 szyny \u015blizgowej, kt\u00f3ra jest g\u0142adka do otwierania i zamykania. Wewn\u0119trzna wy\u015bci\u00f3\u0142ka z rafii ustala pozycj\u0119 produktu, aby unikn\u0105\u0107 wstrz\u0105s\u00f3w.<\/li>\n<li><strong>Skuteczno\u015b\u0107 ochrony przed \u015bciskaniem<\/strong>: Twardo\u015b\u0107 korpusu pude\u0142ka jest 1,5 razy wi\u0119ksza od standardu bran\u017cowego (waga \u2265 300 g), a warstwa falista mo\u017ce wytrzyma\u0107 ci\u015bnienie statyczne 30 kg, aby zapewni\u0107 bezpiecze\u0144stwo transportu.<\/li>\n<\/ul>\n<h2 id=\"-3-environmentally-friendly-lining-and-brand-added-value-enhancement-\"><strong>3. Przyjazna dla \u015brodowiska podszewka i zwi\u0119kszenie warto\u015bci dodanej marki<\/strong><\/h2>\n<p><strong>Rozwi\u0105zanie dla wyk\u0142adzin wewn\u0119trznych<\/strong>:<\/p>\n<ul>\n<li><strong>Warstwa dekoracyjna z rafii<\/strong>: Wybierana jest naturalnie barwiona rafia, a wydajno\u015b\u0107 amortyzacji jest regulowana przez g\u0119sto\u015b\u0107 tkania, kt\u00f3ra ma zar\u00f3wno wizualne naturalne pi\u0119kno, jak i funkcj\u0119 odporno\u015bci na wstrz\u0105sy.<\/li>\n<li><strong>Konstrukcja warstwowa<\/strong>: G\u00f3rna warstwa rafii mocuje produkt, a dolna warstwa jest zag\u0119szczona g\u0105bk\u0105 EVA (opcjonalna g\u0119sto\u015b\u0107 30-60 kg\/m\u00b3), aby chroni\u0107 wra\u017cliwe cz\u0119\u015bci (takie jak g\u0142\u00f3wki szczotek i zakr\u0119tki butelek) w ukierunkowany spos\u00f3b.<\/li>\n<\/ul>\n<p><strong>Wzmocnienie warto\u015bci marki<\/strong>:<\/p>\n<ul>\n<li>Nawi\u0105zuj\u0105c do minimalistycznej koncepcji estetycznej opakowa\u0144 hiszpa\u0144skich szampon\u00f3w Osom, dzi\u0119ki gor\u0105cemu srebrnemu LOGO, matowej pow\u0142oce UV i innym procesom, stworzono wra\u017cenia dotykowe por\u00f3wnywalne z dobrami luksusowymi.<\/li>\n<li>Zapewni\u0107\u00a0<strong>Wieloj\u0119zyczny slot na instrukcj\u0119 obs\u0142ugi<\/strong>,\u00a0<strong>gniazdo historii marki<\/strong>\u00a0i inne projekty o warto\u015bci dodanej, aby zwi\u0119kszy\u0107 poczucie ceremonii rozpakowywania.<\/li>\n<\/ul>\n<h2 id=\"-4-supply-chain-advantages-and-foreign-trade-service-guarantees-\"><strong>4. Zalety \u0142a\u0144cucha dostaw i gwarancje us\u0142ug handlu zagranicznego<\/strong><\/h2>\n<p><strong>Si\u0142a produkcji<\/strong>:<\/p>\n<ul>\n<li><strong>W pe\u0142ni automatyczna linia produkcyjna<\/strong>: 100 000 poziom bezpy\u0142owego warsztatu osi\u0105ga dzienn\u0105 zdolno\u015b\u0107 produkcyjn\u0105 500 000 sztuk i 48-godzinny ultraszybki proofing.<\/li>\n<li><strong>Kontrola koszt\u00f3w<\/strong>: Zakup surowc\u00f3w na du\u017c\u0105 skal\u0119, takich jak z\u0142oty i srebrny karton, cena jest o 20-30% ni\u017csza ni\u017c na rynku i obs\u0142uguje minimalne zam\u00f3wienie 500 sztuk.<\/li>\n<\/ul>\n<h2 id=\"-foreign-trade-specialized-services-\"><strong>Specjalistyczne us\u0142ugi handlu zagranicznego<\/strong>:<\/h2>\n<ul>\n<li><strong>Wsparcie w zakresie zgodno\u015bci<\/strong>: Znajomo\u015b\u0107 europejskich i ameryka\u0144skich certyfikat\u00f3w REACH i FSC oraz dostarczanie transgranicznych rozwi\u0105za\u0144 opakowaniowych.<\/li>\n<li><strong>Dostawa w jednym miejscu<\/strong>: Od optymalizacji projektu, przez pakowanie frachtu morskiego, po przygotowanie dokument\u00f3w do odprawy celnej - pe\u0142na obs\u0142uga procesu zmniejsza straty w logistyce transgranicznej.<\/li>\n<\/ul>","protected":false},"excerpt":{"rendered":"<ul>\n<li>\u200b<strong>Estetyka klasy premium:<\/strong>\u00a0Podnosi warto\u015b\u0107 produktu dzi\u0119ki minimalistycznym wzorom i wst\u0105\u017ckowym akcentom.<\/li>\n<li>\u200b<strong>Niestandardowy branding:<\/strong>\u00a0Dodaj logo, kolory i projekty, aby uzyska\u0107 unikaln\u0105 to\u017csamo\u015b\u0107.<\/li>\n<li>\u200b<strong>Bezpieczne opakowanie:<\/strong>\u00a0Marszczona podszewka chroni delikatne przedmioty podczas transportu.<\/li>\n<li>\u200b<strong>Przyjazny dla \u015brodowiska:<\/strong>\u00a0Zr\u00f3wnowa\u017cony karton spe\u0142nia wymagania dotycz\u0105ce ekologicznych opakowa\u0144.<\/li>\n<li>\u200b<strong>Bulk Ready:<\/strong>\u00a0Ekonomiczne opcje hurtowe z szybk\u0105 produkcj\u0105.<\/li>\n<\/ul>","protected":false},"featured_media":9849,"template":"","meta":[],"product_brand":[],"product_cat":[30,390,31,426],"product_tag":[1293,775,1292],"class_list":{"0":"post-9848","1":"product","2":"type-product","3":"status-publish","4":"has-post-thumbnail","6":"product_cat-by-industry","7":"product_cat-custom-cosmetics-boxes","8":"product_cat-paper-box-style","9":"product_cat-paper-drawer-boxes","10":"product_tag-cosmetic-brush-packaging-boxes","11":"product_tag-custom-cosmetic-packaging","12":"product_tag-custom-shampoo-packaging","14":"first","15":"instock","16":"shipping-taxable","17":"product-type-grouped"},"_links":{"self":[{"href":"https:\/\/zojopackaging.com\/pl\/wp-json\/wp\/v2\/product\/9848","targetHints":{"allow":["GET"]}}],"collection":[{"href":"https:\/\/zojopackaging.com\/pl\/wp-json\/wp\/v2\/product"}],"about":[{"href":"https:\/\/zojopackaging.com\/pl\/wp-json\/wp\/v2\/types\/product"}],"version-history":[{"count":1,"href":"https:\/\/zojopackaging.com\/pl\/wp-json\/wp\/v2\/product\/9848\/revisions"}],"predecessor-version":[{"id":9854,"href":"https:\/\/zojopackaging.com\/pl\/wp-json\/wp\/v2\/product\/9848\/revisions\/9854"}],"wp:featuredmedia":[{"embeddable":true,"href":"https:\/\/zojopackaging.com\/pl\/wp-json\/wp\/v2\/media\/9849"}],"wp:attachment":[{"href":"https:\/\/zojopackaging.com\/pl\/wp-json\/wp\/v2\/media?parent=9848"}],"wp:term":[{"taxonomy":"product_brand","embeddable":true,"href":"https:\/\/zojopackaging.com\/pl\/wp-json\/wp\/v2\/product_brand?post=9848"},{"taxonomy":"product_cat","embeddable":true,"href":"https:\/\/zojopackaging.com\/pl\/wp-json\/wp\/v2\/product_cat?post=9848"},{"taxonomy":"product_tag","embeddable":true,"href":"https:\/\/zojopackaging.com\/pl\/wp-json\/wp\/v2\/product_tag?post=9848"}],"curies":[{"name":"wp","href":"https:\/\/api.w.org\/{rel}","templated":true}]}}