{"id":9855,"date":"2025-04-04T00:34:46","date_gmt":"2025-04-03T16:34:46","guid":{"rendered":"https:\/\/zojopackaging.com\/?post_type=product&#038;p=9855"},"modified":"2025-04-04T00:49:48","modified_gmt":"2025-04-03T16:49:48","slug":"custom-pre-roll-multi-packs-joint-packaging-boxes-wholesale","status":"publish","type":"product","link":"https:\/\/zojopackaging.com\/pl\/product\/custom-pre-roll-multi-packs-joint-packaging-boxes-wholesale\/","title":{"rendered":"Niestandardowe opakowania wielopakowe Pre Roll Wsp\u00f3lne opakowania hurtowe"},"content":{"rendered":"<h2 id=\"-1-visual-impact-and-aesthetic-design-\"><strong>1. Wp\u0142yw wizualny i estetyczny wygl\u0105d<\/strong><\/h2>\n<p>To pude\u0142ko pre-roll CBD wykorzystuje zielono-\u017c\u00f3\u0142t\u0105 kontrastow\u0105 kombinacj\u0119 kolor\u00f3w, \u0142\u0105cz\u0105c kolory o wysokim nasyceniu z technologi\u0105 matowej obr\u00f3bki powierzchni, kt\u00f3ra nie tylko zachowuje \u017cywo\u015b\u0107 kolor\u00f3w, ale tak\u017ce zmniejsza uczucie odbicia dzi\u0119ki technologii matowego druku olejowego, aby unikn\u0105\u0107 zm\u0119czenia wzroku. Matowa tekstura przekazuje stonowane poczucie luksusu, tworz\u0105c zr\u00f3\u017cnicowane wizualne skupienie na p\u00f3\u0142ce, szybko przyci\u0105gaj\u0105c uwag\u0119 konsument\u00f3w.<\/p>\n<h2 id=\"-2-material-and-process-guarantee-\"><strong>2. Gwarancja na materia\u0142y i procesy<\/strong><\/h2>\n<p>G\u0142\u00f3wny korpus pude\u0142ka opakowaniowego wykorzystuje wysokowytrzyma\u0142\u0105 szar\u0105 tektur\u0119 i kompozytow\u0105 struktur\u0119 powlekanego papieru. Warstwa rdzenia z szarej tektury zapewnia wsparcie \u015bciskaj\u0105ce, a powierzchnia powlekanego papieru jest pokryta matowym tuszem, kt\u00f3ry jest delikatny w dotyku, odporny na zu\u017cycie i zarysowania. Wysuwana konstrukcja wykorzystuje precyzyjny proces wykrawania, aby zapewni\u0107, \u017ce szyna \u015blizgowa jest g\u0142adka i trwa\u0142a, a otwieranie i zamykanie jest p\u0142ynne. Wewn\u0119trzna przegroda wykonana jest z przyjaznego dla \u015brodowiska materia\u0142u kartonowego i wzmocniona technologi\u0105 wyt\u0142aczania. Mo\u017ce ona nie tylko oddziela\u0107 wst\u0119pnie zwini\u0119te papierosy, aby zapobiec kolizjom, ale tak\u017ce elastycznie dostosowywa\u0107 uk\u0142ad, aby spe\u0142ni\u0107 r\u00f3\u017cne wymagania dotycz\u0105ce rozmiaru.<\/p>\n<h2 id=\"-3-functional-structural-design-\"><strong>3. Funkcjonalny projekt strukturalny<\/strong><\/h2>\n<ul>\n<li><strong>Wysuwany, wygodny schowek i dost\u0119p<\/strong>: Korpus pude\u0142ka ma dwuwarstwow\u0105, zagnie\u017cd\u017con\u0105 struktur\u0119, a wbudowan\u0105 komor\u0119 mo\u017cna ods\u0142oni\u0107 poprzez lekkie poci\u0105gni\u0119cie, co umo\u017cliwia obs\u0142ug\u0119 jedn\u0105 r\u0119k\u0105 i zwi\u0119ksza wygod\u0119 konsument\u00f3w.<\/li>\n<li><strong>Pami\u0119\u0107 masowa i optymalizacja przestrzeni<\/strong>: Pude\u0142ko jest podzielone przegrodami o strukturze plastra miodu i mo\u017ce pomie\u015bci\u0107 10-20 wst\u0119pnie zwini\u0119tych papieros\u00f3w (konkretn\u0105 pojemno\u015b\u0107 mo\u017cna dostosowa\u0107), co oszcz\u0119dza miejsce do przechowywania i jest \u0142atwe do przenoszenia.<\/li>\n<\/ul>\n<h2 id=\"-4-in-depth-customized-service-\"><strong>4. Dog\u0142\u0119bnie dostosowana us\u0142uga<\/strong><\/h2>\n<ul>\n<li><strong>Dostosowanie rozmiaru i kszta\u0142tu<\/strong>: Zgodnie z rozmiarem papierosa (d\u0142ugo\u015b\u0107, \u015brednica) i tonem marki klienta, kwadratowe, prostok\u0105tne, o specjalnym kszta\u0142cie i inne rozwi\u0105zania pude\u0142kowe s\u0105 dostarczane w celu dok\u0142adnego dopasowania do specyfikacji produktu.<\/li>\n<li><strong>Rozwi\u0105zanie do projektowania i drukowania 3D<\/strong>: Technologia modelowania cyfrowego jest wykorzystywana do generowania rendering\u00f3w wygl\u0105du 3D w celu intuicyjnego wy\u015bwietlania struktury pude\u0142ka i efekt\u00f3w powierzchniowych; t\u0142oczenie na gor\u0105co, cz\u0119\u015bciowo jasna powierzchnia UV, wyt\u0142aczany relief i inne rozwi\u0105zania procesu drukowania s\u0105 dostarczane jednocze\u015bnie w celu wzmocnienia logo marki.<\/li>\n<\/ul>\n<h2 id=\"-5-brand-empowerment-and-production-guarantee-\"><strong>5. Wzmocnienie pozycji marki i gwarancja produkcji<\/strong><\/h2>\n<ul>\n<li><strong>Poprawa wizerunku marki<\/strong>: Dzi\u0119ki spersonalizowanemu LOGO, kolorom marki i elementom kulturowym, opakowanie przekszta\u0142ca si\u0119 w mobilny no\u015bnik reklamowy, aby wzmocni\u0107 pami\u0119\u0107 konsument\u00f3w o marce.<\/li>\n<li><strong>Skalowana zdolno\u015b\u0107 produkcyjna<\/strong>: Opieraj\u0105c si\u0119 na 16-letnim do\u015bwiadczeniu w drukowaniu i pakowaniu oraz 5 320 metrach kwadratowych inteligentnych warsztat\u00f3w, obs\u0142uguje kompleksowe us\u0142ugi od sprawdzania projektu do masowej produkcji, z dzienn\u0105 zdolno\u015bci\u0105 produkcyjn\u0105 180 000 sztuk, zapewniaj\u0105c sprawn\u0105 realizacj\u0119 zam\u00f3wie\u0144.<\/li>\n<\/ul>\n<h2 id=\"-6-environmental-protection-and-sustainability-\"><strong>6. Ochrona \u015brodowiska i zr\u00f3wnowa\u017cony rozw\u00f3j<\/strong><\/h2>\n<p>Zastosowanie szarego papieru kartonowego z certyfikatem FSC i matowego tuszu na bazie wody jest zgodne z trendem opakowa\u0144 przyjaznych dla \u015brodowiska, bior\u0105c pod uwag\u0119 trwa\u0142o\u015b\u0107 i degradowalno\u015b\u0107. Wewn\u0119trzna przegroda jest zdejmowana i wielokrotnego u\u017cytku, aby zmniejszy\u0107 ilo\u015b\u0107 odpad\u00f3w.<\/p>\n<h2 id=\"-applicable-scenarios-\"><strong>Obowi\u0105zuj\u0105ce scenariusze<\/strong><\/h2>\n<ul>\n<li><strong>Wy\u015bwietlacz terminala detalicznego<\/strong>: Matowa tekstura i jasne dopasowanie kolor\u00f3w s\u0105 odpowiednie dla sklep\u00f3w og\u00f3lnospo\u017cywczych i sklep\u00f3w specjalistycznych, zwi\u0119kszaj\u0105c przestrze\u0144 premium produktu.<\/li>\n<li><strong>Zestaw upominkowy<\/strong>: Obs\u0142uguje warstwowe projektowanie pude\u0142ek upominkowych, w po\u0142\u0105czeniu z podr\u0119cznikami marki lub akcesoriami, w celu rozszerzenia rynku prezent\u00f3w z wy\u017cszej p\u00f3\u0142ki.<\/li>\n<\/ul>\n<h2 id=\"-cooperation-process-\"><strong>Proces wsp\u00f3\u0142pracy<\/strong><\/h2>\n<ol>\n<li>Komunikacja popytu \u2192 2. Modelowanie 3D i potwierdzenie efekt\u00f3w \u2192 3. Wyb\u00f3r materia\u0142\u00f3w i rozwi\u0105za\u0144 procesowych \u2192 4. Test sprawdzaj\u0105cy \u2192 5. Produkcja masowa \u2192 6. Kontrola jako\u015bci i dostawa.<\/li>\n<\/ol>","protected":false},"excerpt":{"rendered":"<p>Dzi\u0119ki profesjonalnemu projektowaniu i sile produkcyjnej jeste\u015bmy zaanga\u017cowani w dostarczanie markom CBD rozwi\u0105za\u0144 opakowaniowych, kt\u00f3re \u0142\u0105cz\u0105 walory estetyczne i praktyczne funkcje, pomagaj\u0105c produktom wyr\u00f3\u017cni\u0107 si\u0119 na niezwykle konkurencyjnym rynku.<\/p>","protected":false},"featured_media":9858,"template":"","meta":[],"product_brand":[],"product_cat":[30,420,31,426],"product_tag":[1294,1295,1281],"class_list":{"0":"post-9855","1":"product","2":"type-product","3":"status-publish","4":"has-post-thumbnail","6":"product_cat-by-industry","7":"product_cat-custom-cannabis-boxes","8":"product_cat-paper-box-style","9":"product_cat-paper-drawer-boxes","10":"product_tag-custom-pre-roll-packaging","11":"product_tag-multi-packs-joint-packaging","12":"product_tag-pre-roll-packaging","14":"first","15":"instock","16":"shipping-taxable","17":"product-type-grouped"},"_links":{"self":[{"href":"https:\/\/zojopackaging.com\/pl\/wp-json\/wp\/v2\/product\/9855","targetHints":{"allow":["GET"]}}],"collection":[{"href":"https:\/\/zojopackaging.com\/pl\/wp-json\/wp\/v2\/product"}],"about":[{"href":"https:\/\/zojopackaging.com\/pl\/wp-json\/wp\/v2\/types\/product"}],"version-history":[{"count":1,"href":"https:\/\/zojopackaging.com\/pl\/wp-json\/wp\/v2\/product\/9855\/revisions"}],"predecessor-version":[{"id":9862,"href":"https:\/\/zojopackaging.com\/pl\/wp-json\/wp\/v2\/product\/9855\/revisions\/9862"}],"wp:featuredmedia":[{"embeddable":true,"href":"https:\/\/zojopackaging.com\/pl\/wp-json\/wp\/v2\/media\/9858"}],"wp:attachment":[{"href":"https:\/\/zojopackaging.com\/pl\/wp-json\/wp\/v2\/media?parent=9855"}],"wp:term":[{"taxonomy":"product_brand","embeddable":true,"href":"https:\/\/zojopackaging.com\/pl\/wp-json\/wp\/v2\/product_brand?post=9855"},{"taxonomy":"product_cat","embeddable":true,"href":"https:\/\/zojopackaging.com\/pl\/wp-json\/wp\/v2\/product_cat?post=9855"},{"taxonomy":"product_tag","embeddable":true,"href":"https:\/\/zojopackaging.com\/pl\/wp-json\/wp\/v2\/product_tag?post=9855"}],"curies":[{"name":"wp","href":"https:\/\/api.w.org\/{rel}","templated":true}]}}