{"id":9863,"date":"2025-04-04T00:50:09","date_gmt":"2025-04-03T16:50:09","guid":{"rendered":"https:\/\/zojopackaging.com\/?post_type=product&#038;p=9863"},"modified":"2025-04-04T00:58:43","modified_gmt":"2025-04-03T16:58:43","slug":"custom-printed-pre-roll-cones-packaging-joint-box-wholesale","status":"publish","type":"product","link":"https:\/\/zojopackaging.com\/pl\/product\/custom-printed-pre-roll-cones-packaging-joint-box-wholesale\/","title":{"rendered":"Niestandardowe drukowane opakowania sto\u017ck\u00f3w Pre Roll Wsp\u00f3lne pude\u0142ko hurtowe"},"content":{"rendered":"<h2 id=\"1-sturdy-material-and-high-end-protection-\">1.\u00a0<strong>Wytrzyma\u0142y materia\u0142 i wysokiej klasy ochrona<\/strong><\/h2>\n<p>To wst\u0119pnie zwini\u0119te pude\u0142ko z wysuwanymi sto\u017ckami wykorzystuje\u00a0<strong>Szara p\u0142yta o wysokiej wytrzyma\u0142o\u015bci<\/strong>\u00a0jako podstawowy materia\u0142 opakowaniowy i jest dopasowany do\u00a0<strong>proces laminowania papieru powlekanego<\/strong>co nie tylko zapewnia stabilno\u015b\u0107 strukturaln\u0105, ale tak\u017ce nadaje opakowaniu matow\u0105 lub b\u0142yszcz\u0105c\u0105 tekstur\u0119 wysokiej klasy. Szary materia\u0142 tekturowy ma doskona\u0142\u0105 odporno\u015b\u0107 na \u015bciskanie i uderzenia, co mo\u017ce skutecznie chroni\u0107 wewn\u0119trzne wst\u0119pnie zwini\u0119te produkty przed \u015bci\u015bni\u0119ciem lub deformacj\u0105 podczas transportu i przechowywania. Powlekany papier wierzchni nie tylko poprawia jako\u015b\u0107 wizualn\u0105, ale tak\u017ce zwi\u0119ksza wodoodporno\u015b\u0107 i odporno\u015b\u0107 na zabrudzenia dzi\u0119ki procesowi laminowania, wyd\u0142u\u017caj\u0105c \u017cywotno\u015b\u0107 opakowania.<\/p>\n<h2 id=\"2-minimalist-design-strengthen-brand-recognition-\">2.\u00a0<strong>Minimalistyczny design, wi\u0119ksza rozpoznawalno\u015b\u0107 marki<\/strong><\/h2>\n<p>Zgodnie z koncepcj\u0105 projektow\u0105 \"mniej znaczy wi\u0119cej\", ten produkt przyjmuje\u00a0<strong>Minimalistyczne rozwi\u0105zanie wizualne<\/strong>Logo marki jest g\u0142\u00f3wnym elementem i jest prezentowane za pomoc\u0105 precyzyjnie umieszczonej technologii t\u0142oczenia na gor\u0105co, sitodruku lub grawerowania laserowego. Prosta konstrukcja pozwala unikn\u0105\u0107 prze\u0142adowania informacjami, umo\u017cliwiaj\u0105c konsumentom skupienie si\u0119 na logo marki za pierwszym razem i stworzenie g\u0142\u0119bokiej pami\u0119ci wizualnej. Na przyk\u0142ad, logo mo\u017ce wybra\u0107 jednokolorowe rozwi\u0105zanie o wysokim kontra\u015bcie (takie jak matowe czarne t\u0142o + jasne srebrne logo) lub po\u0142\u0105czy\u0107 je z laserow\u0105 tekstur\u0105 zapobiegaj\u0105c\u0105 podrabianiu, aby poprawi\u0107 rozpoznawalno\u015b\u0107.<\/p>\n<h2 id=\"3-automated-production-efficient-cost-reduction-\">3.\u00a0<strong>Zautomatyzowana produkcja, wydajna redukcja koszt\u00f3w<\/strong><\/h2>\n<p>Poleganie na\u00a0<strong>w pe\u0142ni automatyczna linia do produkcji wysuwanych pude\u0142ek<\/strong>Realizujemy zintegrowan\u0105 produkcj\u0119 od wykrawania, formowania po monta\u017c. Zautomatyzowany sprz\u0119t obs\u0142uguje 24-godzinn\u0105 ci\u0105g\u0142\u0105 prac\u0119, z dzienn\u0105 zdolno\u015bci\u0105 produkcyjn\u0105 wynosz\u0105c\u0105\u00a0<strong>5,000-10,000 sztuk<\/strong>znacznie skracaj\u0105c cykl dostawy (najszybciej 3-5 dni roboczych) i zmniejszaj\u0105c koszty pracy. Przyk\u0142adowo, rami\u0119 robota dok\u0142adnie sk\u0142ada struktur\u0119 szarej p\u0142yty i wsp\u00f3\u0142pracuje z czujnikiem fotoelektrycznym w celu kalibracji toru wysuwania, aby zapewni\u0107, \u017ce b\u0142\u0105d g\u0142adko\u015bci otwierania i zamykania ka\u017cdego produktu wynosi \u22640,5 mm.<\/p>\n<h2 id=\"4-flexible-customization-and-bulk-discount-\">4.\u00a0<strong>Elastyczne dostosowywanie i zni\u017cki hurtowe<\/strong><\/h2>\n<ul>\n<li><strong>Dostosowanie rozmiaru<\/strong>: Obs\u0142uguje niestandardow\u0105 regulacj\u0119 wst\u0119pnie zwini\u0119tych produkt\u00f3w o \u015brednicy 10-50 mm i d\u0142ugo\u015bci 70-200 mm oraz zapewnia trzy opcje pude\u0142ek: standardowe, pogrubione i o specjalnym kszta\u0142cie.<\/li>\n<\/ul>\n<h2 id=\"5-3d-visual-design-support-\">5.\u00a0<strong>Wsparcie projektowania wizualnego 3D<\/strong><\/h2>\n<p>Nasz zesp\u00f3\u0142 projektowy zapewnia\u00a0<strong>Us\u0142ugi modelowania i renderowania 3D<\/strong>kt\u00f3re mo\u017ce wygenerowa\u0107 realistyczne renderingi opakowa\u0144 w ci\u0105gu 48 godzin, obejmuj\u0105ce symulacj\u0119 materia\u0142\u00f3w (takich jak tekstura szarej tektury, po\u0142ysk powlekanego papieru), rozk\u0142ad strukturalny (mechanizm wysuwania wy\u015bwietlacza) i wy\u015bwietlanie scenariuszy (takich jak wy\u015bwietlanie na p\u00f3\u0142ce, efekt r\u0119czny). Klienci mog\u0105 dostosowywa\u0107 szczeg\u00f3\u0142y projektu za pomoc\u0105 interaktywnego interfejsu i podgl\u0105da\u0107 efekt modyfikacji w czasie rzeczywistym, aby zapewni\u0107, \u017ce rozwi\u0105zanie jest wysoce sp\u00f3jne z tonem marki.<\/p>\n<h2 id=\"6-multi-process-printing-empowers-brand-communication-\">6.\u00a0<strong>Druk wieloprocesowy wzmacnia komunikacj\u0119 marki<\/strong><\/h2>\n<p>Nast\u0119puj\u0105ce technologie druku s\u0105 wykorzystywane do wzmocnienia to\u017csamo\u015bci marki:<\/p>\n<ul>\n<li><strong>Sitodruk<\/strong>Nadaje si\u0119 do kolorowych blok\u00f3w o du\u017cej powierzchni i LOGO o wysokim nasyceniu, z du\u017c\u0105 odporno\u015bci\u0105 na zu\u017cycie;<\/li>\n<li><strong>T\u0142oczenie na gor\u0105co<\/strong>Wzmocnienie metalowej tekstury, odpowiednie dla serii high-end;<\/li>\n<li><strong>Miejscowe oszklenie UV<\/strong>Podkre\u015blaj\u0105 kluczowe informacje i wzmacniaj\u0105 warstw\u0119 dotykow\u0105. Wszystkie procesy posiadaj\u0105 certyfikat jako\u015bci ISO 9001, a r\u00f3\u017cnica kolor\u00f3w jest kontrolowana \u22645%, aby zapewni\u0107 sp\u00f3jno\u015b\u0107 partii.<\/li>\n<\/ul>\n<h2 id=\"7-end-to-end-service-worry-free-throughout-\">7.\u00a0<strong>Kompleksowa obs\u0142uga, bez zmartwie\u0144 przez ca\u0142y czas<\/strong><\/h2>\n<p>Zapewniamy\u00a0<strong>kompleksowe rozwi\u0105zania<\/strong>obejmuj\u0105cy ca\u0142y proces analizy popytu, weryfikacji projektu i masowej produkcji:<\/p>\n<ul>\n<li><strong>Wst\u0119pne konsultacje<\/strong>: Profesjonalny zesp\u00f3\u0142 ocenia cechy produktu i pozycj\u0119 rynkow\u0105 oraz zaleca najlepsz\u0105 strategi\u0119 pakowania;<\/li>\n<li><strong>Kontrola produkcji<\/strong>: Wykorzystanie systemu MES do monitorowania post\u0119pu produkcji w czasie rzeczywistym, obs\u0142uga sprawdzania zam\u00f3wie\u0144 online i identyfikowalno\u015b\u0107 jako\u015bci;<\/li>\n<\/ul>","protected":false},"excerpt":{"rendered":"<ul>\n<li><strong>Zapewnienie jako\u015bci<\/strong>: Pozytywny wynik testu SGS na \u015bciskanie (no\u015bno\u015b\u0107 \u226515 kg);<\/li>\n<li><strong>Szybka reakcja<\/strong>Ca\u0142odobowa obs\u0142uga klienta, przyspieszona realizacja pilnych zam\u00f3wie\u0144;<\/li>\n<li><strong>Zgodno\u015b\u0107 z przepisami dotycz\u0105cymi ochrony \u015brodowiska<\/strong>: Materia\u0142y s\u0105 zgodne z certyfikatem FSC i wspieraj\u0105 biodegradowalny proces powlekania.<\/li>\n<\/ul>","protected":false},"featured_media":9868,"template":"","meta":[],"product_brand":[],"product_cat":[30,420,31,426],"product_tag":[1296,1298,1297],"class_list":{"0":"post-9863","1":"product","2":"type-product","3":"status-publish","4":"has-post-thumbnail","6":"product_cat-by-industry","7":"product_cat-custom-cannabis-boxes","8":"product_cat-paper-box-style","9":"product_cat-paper-drawer-boxes","10":"product_tag-custom-printed-pre-roll-packaging","11":"product_tag-joint-box-wholesale","12":"product_tag-pre-roll-cones-packaging","14":"first","15":"instock","16":"shipping-taxable","17":"product-type-grouped"},"_links":{"self":[{"href":"https:\/\/zojopackaging.com\/pl\/wp-json\/wp\/v2\/product\/9863","targetHints":{"allow":["GET"]}}],"collection":[{"href":"https:\/\/zojopackaging.com\/pl\/wp-json\/wp\/v2\/product"}],"about":[{"href":"https:\/\/zojopackaging.com\/pl\/wp-json\/wp\/v2\/types\/product"}],"version-history":[{"count":1,"href":"https:\/\/zojopackaging.com\/pl\/wp-json\/wp\/v2\/product\/9863\/revisions"}],"predecessor-version":[{"id":9870,"href":"https:\/\/zojopackaging.com\/pl\/wp-json\/wp\/v2\/product\/9863\/revisions\/9870"}],"wp:featuredmedia":[{"embeddable":true,"href":"https:\/\/zojopackaging.com\/pl\/wp-json\/wp\/v2\/media\/9868"}],"wp:attachment":[{"href":"https:\/\/zojopackaging.com\/pl\/wp-json\/wp\/v2\/media?parent=9863"}],"wp:term":[{"taxonomy":"product_brand","embeddable":true,"href":"https:\/\/zojopackaging.com\/pl\/wp-json\/wp\/v2\/product_brand?post=9863"},{"taxonomy":"product_cat","embeddable":true,"href":"https:\/\/zojopackaging.com\/pl\/wp-json\/wp\/v2\/product_cat?post=9863"},{"taxonomy":"product_tag","embeddable":true,"href":"https:\/\/zojopackaging.com\/pl\/wp-json\/wp\/v2\/product_tag?post=9863"}],"curies":[{"name":"wp","href":"https:\/\/api.w.org\/{rel}","templated":true}]}}