{"id":9871,"date":"2025-04-04T00:59:03","date_gmt":"2025-04-03T16:59:03","guid":{"rendered":"https:\/\/zojopackaging.com\/?post_type=product&#038;p=9871"},"modified":"2025-04-04T09:38:39","modified_gmt":"2025-04-04T01:38:39","slug":"custom-cannabis-pre-roll-joint-paper-packaging-box-wholesale","status":"publish","type":"product","link":"https:\/\/zojopackaging.com\/pl\/product\/custom-cannabis-pre-roll-joint-paper-packaging-box-wholesale\/","title":{"rendered":"Niestandardowe opakowanie papierowe do pakowania konopi indyjskich hurtowo"},"content":{"rendered":"<h2 id=\"-1-strong-material-comprehensive-protection-\"><strong>1. Mocny materia\u0142, kompleksowa ochrona<\/strong><\/h2>\n<p>Nasze wysuwane pude\u0142ko na papierosy pre-rolled wykorzystuje\u00a0<strong>Papier powlekany o gramaturze 157 g<\/strong>\u00a0w po\u0142\u0105czeniu z\u00a0<strong>Wy\u015bci\u00f3\u0142ka z szarej p\u0142yty o wysokiej wytrzyma\u0142o\u015bci<\/strong>i tworzy tr\u00f3jwymiarow\u0105 struktur\u0119 w procesie kompozytowym, aby zapewni\u0107, \u017ce produkt jest odporny na nacisk, upadki i wilgo\u0107 podczas transportu, przechowywania i u\u017cytkowania. Szary materia\u0142 p\u0142yty zapewnia dodatkowe wsparcie, skutecznie buforuje uderzenia zewn\u0119trzne, zmniejsza ryzyko p\u0119kni\u0119cia i utrzymuje lekko\u015b\u0107 pude\u0142ka, bior\u0105c pod uwag\u0119 ochron\u0119 \u015brodowiska i trwa\u0142o\u015b\u0107.<\/p>\n<h2 id=\"-2-diversified-structural-and-functional-design-\"><strong>2. Zr\u00f3\u017cnicowany projekt strukturalny i funkcjonalny<\/strong><\/h2>\n<ul>\n<li><strong>Elastyczny wyb\u00f3r rozmiar\u00f3w i styl\u00f3w<\/strong>: Zapewnia r\u00f3\u017cne typy skrzynek, takie jak kwadratowe, prostok\u0105tne i specjalne kszta\u0142ty, obs\u0142uguje\u00a0<strong>1-10 opakowa\u0144<\/strong>\u00a0i inne specyfikacje wydajno\u015bci, a tak\u017ce dostosowuje si\u0119 do r\u00f3\u017cnych potrzeb w zakresie wst\u0119pnie zwijanych papieros\u00f3w.<\/li>\n<li><strong>Sta\u0142a konstrukcja wtyczki<\/strong>: Wbudowana regulowana zatyczka z pianki EVA lub przyjazna dla \u015brodowiska kartonowa warstwa oddzielaj\u0105ca, zapewniaj\u0105ca stabilno\u015b\u0107 wst\u0119pnie zwini\u0119tego papierosa i zapobiegaj\u0105ca przesuwaniu si\u0119 podczas transportu, aby unikn\u0105\u0107 uszkodze\u0144 spowodowanych tarciem.<\/li>\n<li><strong>Przeno\u015bne wysuwane otwieranie i zamykanie<\/strong>: Optymalizacja t\u0142umienia struktury push-pull, poprawa komfortu u\u017cytkowania oraz uwzgl\u0119dnienie szczelno\u015bci i \u0142atwo\u015bci u\u017cytkowania.<\/li>\n<\/ul>\n<h2 id=\"-3-high-precision-printing-and-color-performance-\"><strong>3. Wysoka precyzja druku i wydajno\u015b\u0107 kolor\u00f3w<\/strong><\/h2>\n<p>Przyj\u0119cie\u00a0<strong>Druk offsetowy + druk cyfrowy proces \u0142\u0105czony<\/strong>wsparcie\u00a0<strong>Druk pe\u0142nokolorowy CMYK<\/strong>\u00a0oraz\u00a0<strong>Dopasowanie kolor\u00f3w dodatkowych Pantone (PMS)<\/strong>, osi\u0105gn\u0105\u0107 reprodukcj\u0119 kolor\u00f3w \u2265 98%, spe\u0142ni\u0107 z\u0142o\u017cone wymagania projektowe, takie jak logo marki i wzory gradientowe.<\/p>\n<ul>\n<li><strong>Wzmocnienie efektu metalu<\/strong>: opcjonalnie\u00a0<strong>t\u0142oczenie na gor\u0105co\/gor\u0105ce srebro, t\u0142oczenie foli\u0105 metalow\u0105<\/strong>\u00a0Proces, prezentuj\u0105cy matowy, b\u0142yszcz\u0105cy lub cz\u0119\u015bciowy efekt laserowy, zwi\u0119ksza efekt wizualny opakowania.<\/li>\n<li><strong>Konstrukcja pustego okna<\/strong>Dzi\u0119ki precyzyjnemu procesowi wykrawania, przezroczyste okienko PET lub akrylowe jest otwierane na korpusie pude\u0142ka, aby intuicyjnie wy\u015bwietla\u0107 wst\u0119pnie zwini\u0119te papierosy i stymulowa\u0107 ch\u0119\u0107 zakupu.<\/li>\n<\/ul>\n<h2 id=\"-4-surface-treatment-and-functional-coating-\"><strong>4. Obr\u00f3bka powierzchni i pow\u0142oka funkcjonalna<\/strong><\/h2>\n<ul>\n<li><strong>Pow\u0142oka ochronna<\/strong>Dost\u0119pne opcje, takie jak folia matowa, folia b\u0142yszcz\u0105ca, folia dotykowa itp. zwi\u0119kszaj\u0105 odporno\u015b\u0107 na zarysowania i wyd\u0142u\u017caj\u0105 \u017cywotno\u015b\u0107 wy\u015bwietlacza.<\/li>\n<li><strong>Przyjazna dla \u015brodowiska technologia powlekania<\/strong>Przyj\u0119cie pow\u0142oki UV na bazie wody, nietoksycznej i bezwonnej, przej\u015bcie certyfikacji FDA do kontaktu z \u017cywno\u015bci\u0105 w celu zapewnienia bezpiecze\u0144stwa produktu.<\/li>\n<\/ul>\n<h2 id=\"-5-one-stop-customization-service-\"><strong>5. Kompleksowa us\u0142uga dostosowywania<\/strong><\/h2>\n<ul>\n<li><strong>Projektowanie i wsparcie techniczne<\/strong>: Bezp\u0142atne modelowanie 3D, optymalizacja strukturalna i us\u0142ugi adaptacji marki VI, obs\u0142uga cyfrowego podgl\u0105du pr\u00f3bek AR i obni\u017cenie koszt\u00f3w proofingu.<\/li>\n<li><strong>Inteligentne magazynowanie i logistyka<\/strong>: Opieraj\u0105c si\u0119 na zautomatyzowanym systemie magazynowym, realizujemy zintegrowane zarz\u0105dzanie sortowaniem zam\u00f3wie\u0144, pakowaniem i transportem oraz wsparciem.\u00a0<strong>Szybka dostawa w ci\u0105gu 7-15 dni<\/strong>\u00a0na g\u0142\u00f3wnych \u015bwiatowych rynkach.<\/li>\n<li><strong>Przejrzysto\u015b\u0107 \u0142a\u0144cucha dostaw<\/strong>: \u015aledzenie identyfikowalno\u015bci surowc\u00f3w i post\u0119pu produkcji za pomoc\u0105 technologii Internetu rzeczy (IoT) w celu zapewnienia kontrolowanej jako\u015bci i terminowej dostawy.<\/li>\n<\/ul>\n<h2 id=\"-6-brand-empowerment-and-market-competitiveness-\"><strong>6. Wzmocnienie pozycji marki i konkurencyjno\u015b\u0107 na rynku<\/strong><\/h2>\n<ul>\n<li><strong>Integracja narz\u0119dzi marketingowych<\/strong>: Opakowanie mo\u017ce by\u0107 zintegrowane z chipami NFC lub kodami QR, aby \u0142\u0105czy\u0107 si\u0119 z oficjaln\u0105 stron\u0105 internetow\u0105 marki i dzia\u0142aniami promocyjnymi w celu zwi\u0119kszenia interakcji z konsumentami.<\/li>\n<li><strong>Certyfikacja \u015brodowiskowa<\/strong>: Zapewnienie opcji papieru z certyfikatem FSC, kt\u00f3re s\u0105 zgodne z trendem zr\u00f3wnowa\u017conego rozwoju na rynku europejskim i ameryka\u0144skim i pomagaj\u0105 marce premium.<\/li>\n<\/ul>\n<h2 id=\"-7-quality-commitment-and-after-sales-guarantee-\"><strong>7. Gwarancja jako\u015bci i gwarancja posprzeda\u017cna<\/strong><\/h2>\n<ul>\n<li><strong>Pe\u0142ny proces inspekcji i kontroli jako\u015bci<\/strong>: Od magazynowania surowc\u00f3w po wysy\u0142k\u0119 gotowego produktu, wdra\u017camy system zarz\u0105dzania jako\u015bci\u0105 ISO 9001, a wska\u017anik wadliwo\u015bci wynosi \u22640,3%.<\/li>\n<li><strong>Bezproblemowa obs\u0142uga posprzeda\u017cna<\/strong>: Zapewniamy rekompensat\u0119 za uszkodzenia, us\u0142ug\u0119 awaryjnej wymiany zam\u00f3wienia i 24-godzinn\u0105 obs\u0142ug\u0119 klienta, aby rozwi\u0105za\u0107 obawy klient\u00f3w.<\/li>\n<\/ul>","protected":false},"excerpt":{"rendered":"<p>Poprzez g\u0142\u0119bok\u0105 integracj\u0119\u00a0<strong>innowacje materia\u0142owe<\/strong>,\u00a0<strong>udoskonalenie procesu<\/strong>\u00a0oraz\u00a0<strong>us\u0142uga cyfrowa<\/strong>Nasze pude\u0142ka do pakowania papieros\u00f3w pre-rolled nie tylko spe\u0142niaj\u0105 potrzeby funkcjonalne, ale tak\u017ce staj\u0105 si\u0119 rozszerzonym no\u015bnikiem warto\u015bci marki. Od projektu do dostawy, jeste\u015bmy zobowi\u0105zani do\u00a0<strong>Precyzja klasy przemys\u0142owej<\/strong>\u00a0oraz\u00a0<strong>ekspresja artystyczna<\/strong>\u00a0aby pom\u00f3c Twoim produktom wyr\u00f3\u017cni\u0107 si\u0119 na konkurencyjnym rynku.<\/p>","protected":false},"featured_media":9876,"template":"","meta":[],"product_brand":[],"product_cat":[30,420,31,426],"product_tag":[1213,1299,1281],"class_list":{"0":"post-9871","1":"product","2":"type-product","3":"status-publish","4":"has-post-thumbnail","6":"product_cat-by-industry","7":"product_cat-custom-cannabis-boxes","8":"product_cat-paper-box-style","9":"product_cat-paper-drawer-boxes","10":"product_tag-custom-pre-roll-boxes","11":"product_tag-pre-roll-joint-boxes","12":"product_tag-pre-roll-packaging","14":"first","15":"instock","16":"shipping-taxable","17":"product-type-grouped"},"_links":{"self":[{"href":"https:\/\/zojopackaging.com\/pl\/wp-json\/wp\/v2\/product\/9871","targetHints":{"allow":["GET"]}}],"collection":[{"href":"https:\/\/zojopackaging.com\/pl\/wp-json\/wp\/v2\/product"}],"about":[{"href":"https:\/\/zojopackaging.com\/pl\/wp-json\/wp\/v2\/types\/product"}],"version-history":[{"count":1,"href":"https:\/\/zojopackaging.com\/pl\/wp-json\/wp\/v2\/product\/9871\/revisions"}],"predecessor-version":[{"id":9879,"href":"https:\/\/zojopackaging.com\/pl\/wp-json\/wp\/v2\/product\/9871\/revisions\/9879"}],"wp:featuredmedia":[{"embeddable":true,"href":"https:\/\/zojopackaging.com\/pl\/wp-json\/wp\/v2\/media\/9876"}],"wp:attachment":[{"href":"https:\/\/zojopackaging.com\/pl\/wp-json\/wp\/v2\/media?parent=9871"}],"wp:term":[{"taxonomy":"product_brand","embeddable":true,"href":"https:\/\/zojopackaging.com\/pl\/wp-json\/wp\/v2\/product_brand?post=9871"},{"taxonomy":"product_cat","embeddable":true,"href":"https:\/\/zojopackaging.com\/pl\/wp-json\/wp\/v2\/product_cat?post=9871"},{"taxonomy":"product_tag","embeddable":true,"href":"https:\/\/zojopackaging.com\/pl\/wp-json\/wp\/v2\/product_tag?post=9871"}],"curies":[{"name":"wp","href":"https:\/\/api.w.org\/{rel}","templated":true}]}}