{"id":9880,"date":"2025-04-04T09:38:51","date_gmt":"2025-04-04T01:38:51","guid":{"rendered":"https:\/\/zojopackaging.com\/?post_type=product&#038;p=9880"},"modified":"2025-04-04T09:47:29","modified_gmt":"2025-04-04T01:47:29","slug":"wholesale-multi-pack-pre-roll-paper-packaging-drawer-boxes","status":"publish","type":"product","link":"https:\/\/zojopackaging.com\/pl\/product\/wholesale-multi-pack-pre-roll-paper-packaging-drawer-boxes\/","title":{"rendered":"Hurtowe wielopakowe pude\u0142ka do szuflad z papieru rolowanego"},"content":{"rendered":"<h2 id=\"pre-rolled-paper-drawer-box-with-multiple-pieces\">Hurtowe wielopakowe pude\u0142ka do szuflad z papieru rolowanego<\/h2>\n<h2 id=\"1-excellent-materials-and-customized-craftsmanship\">1. Doskona\u0142e materia\u0142y i indywidualne wykonanie<\/h2>\n<p>Przyjmuj\u0105c kompozytow\u0105 struktur\u0119 powlekanego papieru 350g i szarej tektury 1400g, sprz\u0119t drukuj\u0105cy niemieckiej firmy Roland osi\u0105ga precyzj\u0119 kontroli b\u0142\u0119d\u00f3w 0,1-0,5 mm. Wsparcie:<\/p>\n<ul>\n<li><strong>Precyzyjne drukowanie<\/strong>: Numer koloru Pantone jest dok\u0142adnie odtworzony, a lokalny proces t\u0142oczenia UV \/ na gor\u0105co mo\u017ce poprawi\u0107 tekstur\u0119 opakowania.<\/li>\n<li><strong>Proces kompozytowy<\/strong>: Mo\u017cna wybra\u0107 foli\u0119 matow\u0105\/jasn\u0105, a dok\u0142adno\u015b\u0107 linii no\u017ca wykrawaj\u0105cego wynosi \u00b10,05 mm.<\/li>\n<li><strong>Certyfikacja \u015brodowiskowa<\/strong>: Papier powlekany z certyfikatem FSC i szara tektura z recyklingu s\u0105 po\u0142\u0105czone, co jest zgodne z dyrektyw\u0105 RoHS UE.<\/li>\n<\/ul>\n<h2 id=\"2-functional-lining-system\">2. Funkcjonalny system ok\u0142adzin<\/h2>\n<p>Wk\u0142adka szuflady ma segmentow\u0105 konstrukcj\u0119 odporn\u0105 na wilgo\u0107:<\/p>\n<ul>\n<li>G\u00f3rna warstwa antyadhezyjna: 0,02 mm papier spo\u017cywczy z kwasem siarkowym, blokuj\u0105cy szybko\u015b\u0107 przenikania pary wodnej \u22643g\/(m\u00b2-24h)<\/li>\n<li>\u015arodkowa warstwa buforowa: 3-milimetrowy rowek z bawe\u0142ny per\u0142owej EPE, odpowiedni do papieros\u00f3w pre-roll o \u015brednicy 7-12 mm<\/li>\n<li>Dolny system pozycjonowania: siatka pozycjonuj\u0105ca grawerowana laserowo, osi\u0105gaj\u0105ca dok\u0142adno\u015b\u0107 rozmieszczenia produktu \u00b10,3 mm<\/li>\n<\/ul>\n<h2 id=\"4-natural-aesthetic-design\">4. Naturalna estetyka<\/h2>\n<p>Opracowano \"odcienie ziemi\" za pomoc\u0105 niemieckiego systemu kolor\u00f3w Pantone:<\/p>\n<ul>\n<li><strong>Technologia teksturowania<\/strong>8 dotykowych wyko\u0144cze\u0144 powierzchni, takich jak bioniczne ziarno konopi\/ziarno pier\u015bcienia rocznego\/ziarno kamienia<\/li>\n<li><strong>Do\u015bwiadczenie w otwieraniu i zamykaniu<\/strong>: Magnetyczny system zamykania o wsp\u00f3\u0142czynniku t\u0142umienia 0,3-0,5 N-m.<\/li>\n<li><strong>Implantacja marki<\/strong>: Obs\u0142uga niewidocznego grawerowania laserowego kod\u00f3w QR (minimalny rozmiar 0,8\u00d70,8 mm)<\/li>\n<\/ul>\n<h2 id=\"5-full-link-production-management\">5. Pe\u0142ne zarz\u0105dzanie produkcj\u0105<\/h2>\n<p>Polegaj\u0105c na inteligentnej fabryce 5320\u33a1:<\/p>\n<ul>\n<li><strong>Zautomatyzowana linia produkcyjna<\/strong>: Dok\u0142adno\u015b\u0107 \u0142atek SMT \u00b135 \u03bcm, dzienna przepustowo\u015b\u0107 systemu logistycznego AGV 100 000 sztuk<\/li>\n<li><strong>Zarz\u0105dzanie jako\u015bci\u0105<\/strong>: Wyposa\u017cony w rentgenowski detektor cia\u0142 obcych i elektroniczny system kontroli po\u0142\u0105cze\u0144 (dok\u0142adno\u015b\u0107 \u00b10,1 g).<\/li>\n<li><strong>Optymalizacja koszt\u00f3w<\/strong>: Zmniejszenie koszt\u00f3w magazynowania o 15% dzi\u0119ki zarz\u0105dzaniu zapasami VMI i terminowo\u015bci dostaw JIT na poziomie 99,2%.<\/li>\n<\/ul>\n<h2 id=\"6-strategic-packaging-solutions\">6. Strategiczne rozwi\u0105zania opakowaniowe<\/h2>\n<p>Nasz zesp\u00f3\u0142 ekspert\u00f3w mo\u017ce zapewni\u0107:<\/p>\n<ul>\n<li><strong>Diagnoza marki<\/strong>: Optymalizacja dynamiki wizualnej opakowa\u0144 w oparciu o testy okulograficzne konsument\u00f3w<\/li>\n<li><strong>Integracja \u0142a\u0144cucha dostaw<\/strong>: Koszty transgranicznej logistyki liniowej s\u0105 o 22% ni\u017csze ni\u017c w przypadku tradycyjnych modeli.<\/li>\n<li><strong>System zapobiegaj\u0105cy fa\u0142szerstwom<\/strong>: Rozwi\u0105zanie do implantacji chip\u00f3w RFID z potr\u00f3jnym szyfrowaniem (regulowana odleg\u0142o\u015b\u0107 odczytu 0-50 cm)<\/li>\n<\/ul>\n<h2 id=\"vii-service-commitment\">7. Zobowi\u0105zanie do \u015bwiadczenia us\u0142ug<\/h2>\n<ul>\n<li><strong>Szybka reakcja<\/strong>: 48-godzinna dostawa pr\u00f3bki (obs\u0142uguje wirtualny proofing AR)<\/li>\n<li><strong>Gwarancja zdolno\u015bci produkcyjnej<\/strong>: 1 000 000 PCS\/dzie\u0144 standardowej zdolno\u015bci produkcyjnej, 72-godzinny kana\u0142 przyspieszony dla pilnych zam\u00f3wie\u0144<\/li>\n<li><strong>Certyfikacja \u015brodowiskowa<\/strong>: Przeszed\u0142 certyfikacj\u0119 systemu zarz\u0105dzania \u015brodowiskowego ISO14001, wspiera identyfikowalno\u015b\u0107 \u015bladu w\u0119glowego<\/li>\n<\/ul>","protected":false},"excerpt":{"rendered":"<p>1. Surowcami papierowego pude\u0142ka szufladowego s\u0105 powlekany papier artystyczny i szara tektura. Mo\u017cesz polega\u0107 na naszych doskona\u0142ych specyfikacjach materia\u0142owych. Drukowanie, laminowanie, sztancowanie i inne procesy mog\u0105 by\u0107 obs\u0142ugiwane zgodnie z wymaganiami klienta.<br \/>\n2. Podszewka wysuwanego pude\u0142ka, te proste, ale niezb\u0119dne przedmioty zawieraj\u0105 niesko\u0144czony urok i wygod\u0119. Wyobra\u017a sobie rz\u0105d wst\u0119pnie zwini\u0119tych papieros\u00f3w starannie u\u0142o\u017conych, ich g\u0142adki wygl\u0105d i czyste linie przyci\u0105gaj\u0105 konsument\u00f3w do korzystania z nich.<br \/>\n3. Nasi klienci mog\u0105 wybiera\u0107 spo\u015br\u00f3d wielu r\u00f3\u017cnych rozmiar\u00f3w wysuwanych pude\u0142ek, aby skutecznie znale\u017a\u0107 materia\u0142 bazowy, kt\u00f3ry najlepiej odpowiada ich potrzebom w zakresie pakowania produkt\u00f3w.<\/p>","protected":false},"featured_media":9882,"template":"","meta":[],"product_brand":[],"product_cat":[30,420,31,426],"product_tag":[1213,1300,1299,1281],"class_list":{"0":"post-9880","1":"product","2":"type-product","3":"status-publish","4":"has-post-thumbnail","6":"product_cat-by-industry","7":"product_cat-custom-cannabis-boxes","8":"product_cat-paper-box-style","9":"product_cat-paper-drawer-boxes","10":"product_tag-custom-pre-roll-boxes","11":"product_tag-paper-pre-roll-packaging","12":"product_tag-pre-roll-joint-boxes","13":"product_tag-pre-roll-packaging","15":"first","16":"instock","17":"shipping-taxable","18":"product-type-grouped"},"_links":{"self":[{"href":"https:\/\/zojopackaging.com\/pl\/wp-json\/wp\/v2\/product\/9880","targetHints":{"allow":["GET"]}}],"collection":[{"href":"https:\/\/zojopackaging.com\/pl\/wp-json\/wp\/v2\/product"}],"about":[{"href":"https:\/\/zojopackaging.com\/pl\/wp-json\/wp\/v2\/types\/product"}],"version-history":[{"count":1,"href":"https:\/\/zojopackaging.com\/pl\/wp-json\/wp\/v2\/product\/9880\/revisions"}],"predecessor-version":[{"id":9887,"href":"https:\/\/zojopackaging.com\/pl\/wp-json\/wp\/v2\/product\/9880\/revisions\/9887"}],"wp:featuredmedia":[{"embeddable":true,"href":"https:\/\/zojopackaging.com\/pl\/wp-json\/wp\/v2\/media\/9882"}],"wp:attachment":[{"href":"https:\/\/zojopackaging.com\/pl\/wp-json\/wp\/v2\/media?parent=9880"}],"wp:term":[{"taxonomy":"product_brand","embeddable":true,"href":"https:\/\/zojopackaging.com\/pl\/wp-json\/wp\/v2\/product_brand?post=9880"},{"taxonomy":"product_cat","embeddable":true,"href":"https:\/\/zojopackaging.com\/pl\/wp-json\/wp\/v2\/product_cat?post=9880"},{"taxonomy":"product_tag","embeddable":true,"href":"https:\/\/zojopackaging.com\/pl\/wp-json\/wp\/v2\/product_tag?post=9880"}],"curies":[{"name":"wp","href":"https:\/\/api.w.org\/{rel}","templated":true}]}}