{"id":9888,"date":"2025-04-04T09:47:39","date_gmt":"2025-04-04T01:47:39","guid":{"rendered":"https:\/\/zojopackaging.com\/?post_type=product&#038;p=9888"},"modified":"2025-04-04T09:58:19","modified_gmt":"2025-04-04T01:58:19","slug":"custom-printed-5-pack-blank-cbd-pre-rolled-joints-box-usa","status":"publish","type":"product","link":"https:\/\/zojopackaging.com\/pl\/product\/custom-printed-5-pack-blank-cbd-pre-rolled-joints-box-usa\/","title":{"rendered":"Pude\u0142ko z niestandardowym nadrukiem 5 pustych opakowa\u0144 CBD Pre Rolled Joints Box USA"},"content":{"rendered":"<h2 id=\"1-high-quality-materials-and-structural-design-\">1.\u00a0<strong>Wysokiej jako\u015bci materia\u0142y i konstrukcja<\/strong><\/h2>\n<ul>\n<li><strong>Kombinacja materia\u0142\u00f3w<\/strong>: Powlekany papier artystyczny o wysokiej gramaturze i sztywne materia\u0142y kartonowe s\u0105 u\u017cywane w celu zapewnienia, \u017ce korpus pude\u0142ka jest solidny i trwa\u0142y, a wewn\u0119trzna struktura jest precyzyjnie zaprojektowana, aby skutecznie mocowa\u0107 wst\u0119pnie zwini\u0119te produkty, aby unikn\u0105\u0107 wstrz\u0105s\u00f3w podczas transportu lub u\u017cytkowania.<\/li>\n<li><strong>Ochrona \u015brodowiska<\/strong>: Opcjonalnie dost\u0119pna jest degradowalna pow\u0142oka na bazie biologicznej, kt\u00f3ra jest zgodna z trendem przepis\u00f3w dotycz\u0105cych ochrony \u015brodowiska w r\u00f3\u017cnych stanach w Stanach Zjednoczonych i wzmacnia zr\u00f3wnowa\u017cony wizerunek marki.<\/li>\n<\/ul>\n<h2 id=\"2-four-color-printing-and-matte-film-process-\">2.\u00a0<strong>Czterokolorowy druk i matowa folia<\/strong><\/h2>\n<ul>\n<li><strong>Technologia druku<\/strong>: Druk czterokolorowy dok\u0142adnie przywraca kolory marki, obs\u0142uguje dopasowywanie kolor\u00f3w dodatkowych Pantone i nadaje si\u0119 do z\u0142o\u017conych wzor\u00f3w i efekt\u00f3w gradientu.<\/li>\n<li><strong>Obr\u00f3bka powierzchni<\/strong>: Technologia matowej laminacji nie tylko zwi\u0119ksza wizualne poczucie luksusu, ale tak\u017ce chroni przed odciskami palc\u00f3w i zarysowaniami, wyd\u0142u\u017caj\u0105c \u017cywotno\u015b\u0107 opakowania.<\/li>\n<\/ul>\n<h2 id=\"3-all-round-customization-service-\">3.\u00a0<strong>Kompleksowa us\u0142uga dostosowywania<\/strong><\/h2>\n<ul>\n<li><strong>Rozmiar i kszta\u0142t<\/strong>: Obs\u0142uguje niestandardowe dostosowywanie rozmiaru (takie jak smuk\u0142e, kwadratowe lub o specjalnym kszta\u0142cie), aby dostosowa\u0107 si\u0119 do r\u00f3\u017cnych specyfikacji wst\u0119pnie zwini\u0119tych produkt\u00f3w CBD.<\/li>\n<li><strong>Art Design<\/strong>: Zapewnia obs\u0142ug\u0119 pe\u0142nego procesu projektowania, od logo marki, ilustracji po elementy zapobiegaj\u0105ce podrabianiu, i mo\u017ce wykorzystywa\u0107 t\u0142oczenie na gor\u0105co, lokalne oszklenie UV i inne procesy w celu zwi\u0119kszenia efektu wizualnego.<\/li>\n<\/ul>\n<h2 id=\"4-regulatory-compliance-and-safety-upgrade-\">4.\u00a0<strong>Zgodno\u015b\u0107 z przepisami i aktualizacja bezpiecze\u0144stwa<\/strong><\/h2>\n<ul>\n<li><strong>Blokada przed dzie\u0107mi<\/strong>: Opcjonalne wbudowane zabezpieczenie przed otwarciem przez dzieci, zgodne z wymogami ameryka\u0144skiej ustawy o zapobieganiu zatruciom dzieci (PPPA) i posiadaj\u0105ce certyfikat FDA.<\/li>\n<li><strong>Technologia zapobiegaj\u0105ca podrabianiu<\/strong>: Obs\u0142uguje rozwi\u0105zania zapobiegaj\u0105ce podrabianiu, takie jak holograficzne t\u0142oczenie na gor\u0105co i tusz o zmiennej temperaturze, aby chroni\u0107 marki przed podrabianiem.<\/li>\n<\/ul>\n<h2 id=\"5-flexible-capacity-and-brand-empowerment-\">5.\u00a0<strong>Elastyczne mo\u017cliwo\u015bci i wzmocnienie marki<\/strong><\/h2>\n<ul>\n<li><strong>Minimalna ilo\u015b\u0107 zam\u00f3wienia<\/strong>: Obs\u0142uguje dostosowywanie ma\u0142ych partii (minimalne zam\u00f3wienie 5 opakowa\u0144), odpowiednie dla pocz\u0105tkuj\u0105cych marek do testowania rynku.<\/li>\n<li><strong>System klasyfikacji marek<\/strong>: Zapewnia zr\u00f3\u017cnicowane rozwi\u0105zania w zakresie projektowania opakowa\u0144 w oparciu o pozycjonowanie produktu (takie jak wysokiej klasy, przyst\u0119pna cenowo lub limitowana edycja), aby pom\u00f3c w precyzyjnym marketingu.<\/li>\n<\/ul>\n<h2 id=\"-application-scenarios-and-market-value-\"><strong>Scenariusze zastosowa\u0144 i warto\u015b\u0107 rynkowa<\/strong><\/h2>\n<ul>\n<li><strong>Wy\u015bwietlacz detaliczny<\/strong>: Matowa tekstura folii i niestandardowe wzory zwi\u0119kszaj\u0105 atrakcyjno\u015b\u0107 p\u00f3\u0142ki, odpowiednie dla sklep\u00f3w tytoniowych offline, sklep\u00f3w specjalistycznych CBD i sklep\u00f3w z kolekcj\u0105 produkt\u00f3w zdrowotnych.<\/li>\n<li><strong>Us\u0142uga subskrypcji<\/strong>: Dostosuj si\u0119 do modelu miesi\u0119cznej subskrypcji i popraw wra\u017cenia u\u017cytkownika zwi\u0105zane z rozpakowywaniem i lojalno\u015bci\u0105 wobec marki dzi\u0119ki spersonalizowanemu opakowaniu.<\/li>\n<li><strong>Ograniczona wsp\u00f3\u0142praca<\/strong>: Zapewnienie ekskluzywnego projektu dla produkt\u00f3w pod wsp\u00f3ln\u0105 mark\u0105 lub limitowanych produkt\u00f3w \u015bwi\u0105tecznych w celu stworzenia rzadko\u015bci i aktualno\u015bci.<\/li>\n<\/ul>\n<h2 id=\"-cooperation-process-and-guarantee-\"><strong>Proces wsp\u00f3\u0142pracy i gwarancja<\/strong><\/h2>\n<ol>\n<li><strong>Komunikacja na \u017c\u0105danie<\/strong>: Dostarczenie projektu lub oryginalnego projektu przez nasz zesp\u00f3\u0142 i wydrukowanie rendering\u00f3w 3D w ci\u0105gu 3 dni roboczych.<\/li>\n<li><strong>Potwierdzenie proofingu<\/strong>: Wy\u015blij fizyczne pr\u00f3bki w ci\u0105gu 7 dni, dostosuj szczeg\u00f3\u0142y procesu wsparcia.<\/li>\n<li><strong>Produkcja masowa<\/strong>: 10-15 dni cyklu dostawy, pe\u0142na kontrola jako\u015bci w celu zapewnienia kwalifikowanego wska\u017anika gotowych produkt\u00f3w \u226599,8%.<\/li>\n<li><strong>Wsparcie posprzeda\u017cowe<\/strong>: \u015awiadczenie us\u0142ug magazynowania i uzupe\u0142niania zam\u00f3wie\u0144 awaryjnych w odpowiedzi na nag\u0142e zapotrzebowanie rynku.<\/li>\n<\/ol>","protected":false},"excerpt":{"rendered":"<p>Nasze puste pude\u0142ka do szuflad CBD zosta\u0142y zaprojektowane specjalnie na rynek ameryka\u0144ski, \u0142\u0105cz\u0105c wysokiej jako\u015bci materia\u0142y i innowacyjne rzemios\u0142o, aby zapewni\u0107 bezpieczne, pi\u0119kne i wysoce spersonalizowane rozwi\u0105zania opakowaniowe. S\u0105 one odpowiednie dla w\u0142a\u015bcicieli marek i w\u0142a\u015bcicieli firm, aby stworzy\u0107 unikalny wizerunek na wysoce konkurencyjnym rynku, spe\u0142niaj\u0105c jednocze\u015bnie wymogi regulacyjne i potrzeby konsument\u00f3w.<\/p>","protected":false},"featured_media":9889,"template":"","meta":[],"product_brand":[],"product_cat":[30,420,31,426],"product_tag":[1213,1300,1299,1281],"class_list":{"0":"post-9888","1":"product","2":"type-product","3":"status-publish","4":"has-post-thumbnail","6":"product_cat-by-industry","7":"product_cat-custom-cannabis-boxes","8":"product_cat-paper-box-style","9":"product_cat-paper-drawer-boxes","10":"product_tag-custom-pre-roll-boxes","11":"product_tag-paper-pre-roll-packaging","12":"product_tag-pre-roll-joint-boxes","13":"product_tag-pre-roll-packaging","15":"first","16":"instock","17":"shipping-taxable","18":"product-type-grouped"},"_links":{"self":[{"href":"https:\/\/zojopackaging.com\/pl\/wp-json\/wp\/v2\/product\/9888","targetHints":{"allow":["GET"]}}],"collection":[{"href":"https:\/\/zojopackaging.com\/pl\/wp-json\/wp\/v2\/product"}],"about":[{"href":"https:\/\/zojopackaging.com\/pl\/wp-json\/wp\/v2\/types\/product"}],"version-history":[{"count":1,"href":"https:\/\/zojopackaging.com\/pl\/wp-json\/wp\/v2\/product\/9888\/revisions"}],"predecessor-version":[{"id":9895,"href":"https:\/\/zojopackaging.com\/pl\/wp-json\/wp\/v2\/product\/9888\/revisions\/9895"}],"wp:featuredmedia":[{"embeddable":true,"href":"https:\/\/zojopackaging.com\/pl\/wp-json\/wp\/v2\/media\/9889"}],"wp:attachment":[{"href":"https:\/\/zojopackaging.com\/pl\/wp-json\/wp\/v2\/media?parent=9888"}],"wp:term":[{"taxonomy":"product_brand","embeddable":true,"href":"https:\/\/zojopackaging.com\/pl\/wp-json\/wp\/v2\/product_brand?post=9888"},{"taxonomy":"product_cat","embeddable":true,"href":"https:\/\/zojopackaging.com\/pl\/wp-json\/wp\/v2\/product_cat?post=9888"},{"taxonomy":"product_tag","embeddable":true,"href":"https:\/\/zojopackaging.com\/pl\/wp-json\/wp\/v2\/product_tag?post=9888"}],"curies":[{"name":"wp","href":"https:\/\/api.w.org\/{rel}","templated":true}]}}