{"id":9896,"date":"2025-04-04T09:58:33","date_gmt":"2025-04-04T01:58:33","guid":{"rendered":"https:\/\/zojopackaging.com\/?post_type=product&#038;p=9896"},"modified":"2025-04-04T10:09:23","modified_gmt":"2025-04-04T02:09:23","slug":"premium-cannabis-cbd-joints-packaging-pre-rolls-paper-box","status":"publish","type":"product","link":"https:\/\/zojopackaging.com\/pl\/product\/premium-cannabis-cbd-joints-packaging-pre-rolls-paper-box\/","title":{"rendered":"Opakowanie Premium Cannabis CBD Joints Pre-Rolls Paper Box"},"content":{"rendered":"<h2 id=\"-1-materials-and-structure-both-texture-and-environmental-protection-\"><strong>1. Materia\u0142y i struktura: zar\u00f3wno tekstura, jak i ochrona \u015brodowiska<\/strong><\/h2>\n<p>To wst\u0119pnie zwini\u0119te pude\u0142ko papierowe wykorzystuje\u00a0<strong>powlekany papier artystyczny + sztywna p\u0142yta kompozytowa<\/strong>kt\u00f3ry nie tylko zachowuje wysoki po\u0142ysk charakterystyczny dla papieru powlekanego, ale tak\u017ce zwi\u0119ksza odporno\u015b\u0107 na nacisk i trwa\u0142o\u015b\u0107 korpusu pude\u0142ka dzi\u0119ki zastosowaniu szarej tektury, idealnie dopasowuj\u0105c si\u0119 do wysuwanej konstrukcji otwierania i zamykania. Powierzchnia powlekanego papieru jest g\u0142adka, co mo\u017ce sprawia\u0107 wra\u017cenie delikatno\u015bci.\u00a0<strong>Efekt druku czterokolorowego<\/strong>Szary rdze\u0144 zapewnia stabiln\u0105 struktur\u0119 no\u015bn\u0105, aby unikn\u0105\u0107 ryzyka deformacji podczas transportu lub przechowywania. Ponadto kombinacja materia\u0142\u00f3w jest zgodna z trendem ochrony \u015brodowiska, wspiera p\u00f3\u017aniejszy projekt nadaj\u0105cy si\u0119 do recyklingu i odpowiada na potrzeby zr\u00f3wnowa\u017conego rozwoju bran\u017cy.<\/p>\n<h2 id=\"-2-innovative-design-brand-differentiation-experience-\"><strong>2. Innowacyjny design: do\u015bwiadczenie wyr\u00f3\u017cniaj\u0105ce mark\u0119<\/strong><\/h2>\n<ul>\n<li><strong>Wysuwana struktura warstwowa<\/strong>: Zastosowano warstwow\u0105 konstrukcj\u0119 tekturowej przegrody, a wst\u0119pnie zwini\u0119te papierosy s\u0105 starannie u\u0142o\u017cone w niezale\u017cnych szczelinach na karty, co nie tylko chroni integralno\u015b\u0107 produktu, ale tak\u017ce wzmacnia poczucie rytua\u0142u otwierania pude\u0142ka poprzez \"wizualn\u0105 progresj\u0119\" podczas otwierania i wzmacnia wysokiej klasy wizerunek marki.<\/li>\n<li><strong>Efekt wizualny w jasnych kolorach<\/strong>: G\u0142\u00f3wne kolory to\u00a0<strong>jasny r\u00f3\u017c i czerwie\u0144<\/strong>z technologi\u0105 druku o wysokim nasyceniu, kt\u00f3ra szybko przyci\u0105ga uwag\u0119 konsument\u00f3w na p\u00f3\u0142ce sklepowej. Powierzchnia pude\u0142ka dok\u0142adnie prezentuje logo marki dzi\u0119ki technologii druku czterokolorowego, a pude\u0142ko wewn\u0119trzne jest uzupe\u0142nione o\u00a0<strong>niestandardowa dekoracja wst\u0105\u017ck\u0105<\/strong>. Szczeg\u00f3\u0142y odzwierciedlaj\u0105 d\u0105\u017cenie marki do jako\u015bci i estetyki.<\/li>\n<\/ul>\n<h2 id=\"-3-safety-and-compliance-child-protection-and-regulatory-adaptation-\"><strong>3. Bezpiecze\u0144stwo i zgodno\u015b\u0107: Ochrona dzieci i dostosowanie do przepis\u00f3w<\/strong><\/h2>\n<ul>\n<li><strong>Opcje opakowa\u0144 bezpiecznych dla dzieci<\/strong>: Udost\u0119pnij\u00a0<strong>Konstrukcja otwierania pude\u0142ka z blokad\u0105<\/strong>\u00a0lub magnetyczna struktura szyfrowania, kt\u00f3ra wymaga okre\u015blonych krok\u00f3w operacyjnych w celu otwarcia, skutecznie zapobiegaj\u0105c przypadkowemu dotkni\u0119ciu przez dzieci i spe\u0142niaj\u0105c mi\u0119dzynarodowe standardy bezpiecze\u0144stwa, takie jak US CPSC.<\/li>\n<\/ul>\n<h2 id=\"-4-unlimited-customization-highlight-the-uniqueness-of-the-brand-\"><strong>4. Nieograniczona personalizacja: podkre\u015bl wyj\u0105tkowo\u015b\u0107 marki<\/strong><\/h2>\n<ul>\n<li><strong>Us\u0142uga pe\u0142nej personalizacji procesu<\/strong>: Od rozmiaru pude\u0142ka, technologii druku (t\u0142oczenie na gor\u0105co \/ UV \/ t\u0142oczenie) po projekt logo, wszystkie obs\u0142uguj\u0105 spersonalizowane dostosowania. Na przyk\u0142ad mo\u017cna po\u0142\u0105czy\u0107\u00a0<strong>elementy li\u015bcia marihuany<\/strong>\u00a0lub obraz IP marki, aby stworzy\u0107 unikalny j\u0119zyk wizualny.<\/li>\n<li><strong>Modu\u0142 rozszerzenia funkcji<\/strong>Opcjonalna wbudowana karta kontroli wilgotno\u015bci, gniazdo broszury marki lub w po\u0142\u0105czeniu z chipem NFC w celu uzyskania funkcji \u015bledzenia podrabiania, poprawy komfortu u\u017cytkowania i technologii marki.<\/li>\n<\/ul>\n<h2 id=\"-application-scenarios-and-market-value-\"><strong>Scenariusze zastosowa\u0144 i warto\u015b\u0107 rynkowa<\/strong><\/h2>\n<ul>\n<li><strong>Rynek wysokiej klasy pude\u0142ek upominkowych<\/strong>: Ma zastosowanie do papieros\u00f3w rekreacyjnych CBD, produkt\u00f3w z medycznej marihuany itp., aby zwi\u0119kszy\u0107 przestrze\u0144 premium produktu dzi\u0119ki luksusowemu opakowaniu.<\/li>\n<li><strong>Wsp\u00f3lna wsp\u00f3\u0142praca marek<\/strong>: transgraniczny design z dziedzinami mody i sztuki, aby przyci\u0105gn\u0105\u0107 m\u0142ode grupy konsument\u00f3w, np. limitowane pude\u0142ka na prezenty \u015bwi\u0105teczne.<\/li>\n<\/ul>","protected":false},"excerpt":{"rendered":"<p>To wst\u0119pnie zwini\u0119te papierowe pude\u0142ko koncentruje si\u0119 na innowacjach materia\u0142owych, estetyce projektu i praktycznej funkcjonalno\u015bci, pomagaj\u0105c markom wyr\u00f3\u017cni\u0107 si\u0119 na niezwykle konkurencyjnym rynku konopi indyjskich. Niezale\u017cnie od tego, czy chodzi o potrzeby w zakresie bezpiecze\u0144stwa dzieci, koncepcje ochrony \u015brodowiska czy niestandardowe us\u0142ugi, mo\u017ce zapewni\u0107 kompleksowe rozwi\u0105zanie i sta\u0107 si\u0119 kluczowym no\u015bnikiem zwi\u0119kszaj\u0105cym warto\u015b\u0107 marki i lojalno\u015b\u0107 konsument\u00f3w.<\/p>","protected":false},"featured_media":9897,"template":"","meta":[],"product_brand":[],"product_cat":[30,420,31,426],"product_tag":[1213,1300,1299,1281],"class_list":{"0":"post-9896","1":"product","2":"type-product","3":"status-publish","4":"has-post-thumbnail","6":"product_cat-by-industry","7":"product_cat-custom-cannabis-boxes","8":"product_cat-paper-box-style","9":"product_cat-paper-drawer-boxes","10":"product_tag-custom-pre-roll-boxes","11":"product_tag-paper-pre-roll-packaging","12":"product_tag-pre-roll-joint-boxes","13":"product_tag-pre-roll-packaging","15":"first","16":"instock","17":"shipping-taxable","18":"product-type-grouped"},"_links":{"self":[{"href":"https:\/\/zojopackaging.com\/pl\/wp-json\/wp\/v2\/product\/9896","targetHints":{"allow":["GET"]}}],"collection":[{"href":"https:\/\/zojopackaging.com\/pl\/wp-json\/wp\/v2\/product"}],"about":[{"href":"https:\/\/zojopackaging.com\/pl\/wp-json\/wp\/v2\/types\/product"}],"version-history":[{"count":2,"href":"https:\/\/zojopackaging.com\/pl\/wp-json\/wp\/v2\/product\/9896\/revisions"}],"predecessor-version":[{"id":9904,"href":"https:\/\/zojopackaging.com\/pl\/wp-json\/wp\/v2\/product\/9896\/revisions\/9904"}],"wp:featuredmedia":[{"embeddable":true,"href":"https:\/\/zojopackaging.com\/pl\/wp-json\/wp\/v2\/media\/9897"}],"wp:attachment":[{"href":"https:\/\/zojopackaging.com\/pl\/wp-json\/wp\/v2\/media?parent=9896"}],"wp:term":[{"taxonomy":"product_brand","embeddable":true,"href":"https:\/\/zojopackaging.com\/pl\/wp-json\/wp\/v2\/product_brand?post=9896"},{"taxonomy":"product_cat","embeddable":true,"href":"https:\/\/zojopackaging.com\/pl\/wp-json\/wp\/v2\/product_cat?post=9896"},{"taxonomy":"product_tag","embeddable":true,"href":"https:\/\/zojopackaging.com\/pl\/wp-json\/wp\/v2\/product_tag?post=9896"}],"curies":[{"name":"wp","href":"https:\/\/api.w.org\/{rel}","templated":true}]}}