{"id":9905,"date":"2025-04-04T10:09:37","date_gmt":"2025-04-04T02:09:37","guid":{"rendered":"https:\/\/zojopackaging.com\/?post_type=product&#038;p=9905"},"modified":"2025-04-04T10:20:16","modified_gmt":"2025-04-04T02:20:16","slug":"custom-drawer-hemp-pre-roll-pre-rolls-joints-packaging","status":"publish","type":"product","link":"https:\/\/zojopackaging.com\/pl\/product\/custom-drawer-hemp-pre-roll-pre-rolls-joints-packaging\/","title":{"rendered":"Niestandardowa szuflada Konopie pre-roll Wst\u0119pne rolki Po\u0142\u0105czenia Opakowania"},"content":{"rendered":"<h2 id=\"1-material-and-craftsmanship-\">1.\u00a0<strong>Materia\u0142 i wykonanie<\/strong><\/h2>\n<ul>\n<li><strong>Papier ok\u0142adzinowy i struktura szarej tektury<\/strong>: Papier powlekany o wysokiej gramaturze jest u\u017cywany jako papier ok\u0142adzinowy, kt\u00f3ry jest montowany na szarym pod\u0142o\u017cu o wysokiej wytrzyma\u0142o\u015bci, aby zapewni\u0107, \u017ce pude\u0142ko jest proste i odporne na zu\u017cycie. Lustrzana tekstura powlekanego papieru mo\u017ce dok\u0142adnie prezentowa\u0107 LOGO marki, wz\u00f3r i kolor, a szara p\u0142yta (grubo\u015b\u0107 1,5-3,0 mm) zapewnia wsparcie \u015bciskaj\u0105ce, aby skutecznie przeciwdzia\u0142a\u0107 uderzeniom si\u0142y zewn\u0119trznej podczas transportu.<\/li>\n<li><strong>Optymalizacja podszewki<\/strong>: Wn\u0119trze jest dopasowane do bia\u0142ej tekturowej wy\u015bci\u00f3\u0142ki o jako\u015bci spo\u017cywczej, a wst\u0119pnie zwini\u0119ty produkt jest mocowany za pomoc\u0105 wyci\u0119tej szczeliny, aby unikn\u0105\u0107 wstrz\u0105s\u00f3w lub deformacji wyt\u0142aczania. Powierzchnia wy\u015bci\u00f3\u0142ki jest pokryta matow\u0105 warstw\u0105 folii, kt\u00f3ra jest zar\u00f3wno odporna na wilgo\u0107, jak i wygodna w dotyku.<\/li>\n<\/ul>\n<h2 id=\"2-functional-design-\">2.\u00a0<strong>Projekt funkcjonalny<\/strong><\/h2>\n<ul>\n<li><strong>Wysuwane otwieranie i zamykanie<\/strong>: Konstrukcja szyny \u015blizgowej wykorzystuje proces wst\u0119pnego prasowania rowk\u00f3w, a g\u0142adko\u015b\u0107 otwierania i zamykania osi\u0105ga standard b\u0142\u0119du \u00b10,3 mm, a wsp\u00f3\u0142czynnik oporu wynosi \u22640,5 N, zapewniaj\u0105c, \u017ce konsumenci mog\u0105 \u0142atwo wzi\u0105\u0107 produkt jedn\u0105 r\u0119k\u0105.<\/li>\n<li><strong>Uk\u0142ad siatki<\/strong>: Ok\u0142adzina obs\u0142uguje dostosowywanie siatki w wielu specyfikacjach (takich jak pojedyncze niezale\u017cne gniazda i gniazda wielorz\u0119dowe), co jest odpowiednie dla papieros\u00f3w zrolowanych lub atomizer\u00f3w o r\u00f3\u017cnych rozmiarach, aby zwi\u0119kszy\u0107 poczucie porz\u0105dku w wy\u015bwietlaniu produktu.<\/li>\n<\/ul>\n<h2 id=\"4-size-and-printing-customization-\">4.\u00a0<strong>Dostosowanie rozmiaru i nadruku<\/strong><\/h2>\n<ul>\n<li>Obs\u0142uguje regulacj\u0119 parametr\u00f3w w pe\u0142nym zakresie (b\u0142\u0105d d\u0142ugo\u015bci\/szeroko\u015bci\/wysoko\u015bci \u2264 \u00b10,5 mm) i zapewnia t\u0142oczenie na gor\u0105co UV, wyt\u0142aczanie, lokalne lakierowanie i inne procesy w celu zwi\u0119kszenia rozpoznawalno\u015bci wizualnej marki.<\/li>\n<li>Drukowanie odbywa si\u0119 w niezale\u017cnym, zamkni\u0119tym warsztacie, wyposa\u017conym w szyfrowany system przesy\u0142ania plik\u00f3w w celu zapewnienia absolutnej poufno\u015bci projekt\u00f3w klient\u00f3w i informacji o produktach.<\/li>\n<\/ul>\n<h2 id=\"5-one-stop-solution-\">5.\u00a0<strong>Kompleksowe rozwi\u0105zanie<\/strong><\/h2>\n<ul>\n<li>Opieraj\u0105c si\u0119 na 16-letnim do\u015bwiadczeniu w produkcji opakowa\u0144, \u015bwiadczy us\u0142ugi w zakresie pe\u0142nego procesu, od bada\u0144 strukturalnych i rozwoju, projektowania graficznego po produkcj\u0119 masow\u0105. Zesp\u00f3\u0142 projektant\u00f3w mo\u017ce \u0142\u0105czy\u0107 trendy marketingowe w bran\u017cy konopi indyjskich (takie jak minimalistyczny styl i motywy ekologiczne), aby tworzy\u0107 zr\u00f3\u017cnicowane rozwi\u0105zania opakowaniowe.<\/li>\n<li>Obs\u0142uguje produkcj\u0119 pr\u00f3bn\u0105 ma\u0142ych partii (100 sztuk) i dostawy na du\u017c\u0105 skal\u0119 (100 000 sztuk dziennie), a cykl dostawy jest skr\u00f3cony do 7-15 dni roboczych.<\/li>\n<\/ul>\n<h2 id=\"-application-scenarios-and-advantages-\"><strong>Scenariusze zastosowa\u0144 i zalety<\/strong><\/h2>\n<ul>\n<li><strong>Terminal detaliczny<\/strong>: Znakomity wygl\u0105d oraz rytua\u0142 otwierania i zamykania wysuwanego pude\u0142ka mo\u017ce zwi\u0119kszy\u0107 atrakcyjno\u015b\u0107 p\u00f3\u0142ki, a dzi\u0119ki przezroczystej konstrukcji okna lub procesowi wydr\u0105\u017cania szczeg\u00f3\u0142y produktu mog\u0105 by\u0107 wy\u015bwietlane intuicyjnie.<\/li>\n<li><strong>Rynek prezent\u00f3w<\/strong>: Opcjonalnie dost\u0119pne s\u0105 dodatkowe ozdoby, takie jak wst\u0105\u017cki i koperty, kt\u00f3re pasuj\u0105 do wysokiej klasy pude\u0142ek na prezenty \u015bwi\u0105teczne lub produkt\u00f3w z limitowanej edycji.<\/li>\n<li><strong>Przyjazny dla \u015brodowiska i kompatybilny<\/strong>: Materia\u0142 jest zgodny z certyfikatem FSC, obs\u0142uguje degradowaln\u0105 szar\u0105 tektur\u0119 i technologi\u0119 tuszu na bazie wody oraz odpowiada na globalny trend zr\u00f3wnowa\u017conego pakowania.<\/li>\n<\/ul>\n<h2 id=\"-technical-parameters-\"><strong>Parametry techniczne<\/strong><\/h2>\n<table>\n<thead>\n<tr>\n<th>Projekt<\/th>\n<th>Szczeg\u00f3\u0142y parametr\u00f3w<\/th>\n<\/tr>\n<\/thead>\n<tbody>\n<tr>\n<td>Materia\u0142 papierowy<\/td>\n<td>Papier powlekany o gramaturze 300 g (mo\u017ce by\u0107 ulepszony do papieru dotykowego)<\/td>\n<\/tr>\n<tr>\n<td>Grubo\u015b\u0107 pod\u0142o\u017ca<\/td>\n<td>Szara p\u0142yta 1,8 mm (no\u015bno\u015b\u0107 \u226515 kg)<\/td>\n<\/tr>\n<tr>\n<td>Materia\u0142 podszewki<\/td>\n<td>350 g bia\u0142ego kartonu (pokrytego matow\u0105 foli\u0105)<\/td>\n<\/tr>\n<tr>\n<td>\u017bywotno\u015b\u0107<\/td>\n<td>\u22655000 razy otwierania i zamykania bez zaci\u0119\u0107<\/td>\n<\/tr>\n<tr>\n<td>Odporno\u015b\u0107 na wilgo\u0107<\/td>\n<td>Brak deformacji przez 48 godzin w \u015brodowisku o wilgotno\u015bci 85%<\/td>\n<\/tr>\n<\/tbody>\n<\/table>","protected":false},"excerpt":{"rendered":"<p>To szufladowe pude\u0142ko do pakowania pre-roll\u00f3w z konopi indyjskich zosta\u0142o specjalnie zaprojektowane do pochodnych konopi indyjskich, takich jak CBD, papierosy pre-roll i atomizery. \u0141\u0105czy w sobie wysokiej klasy materia\u0142y i funkcjonalne struktury, aby poprawi\u0107 ekspozycj\u0119 produktu, ochron\u0119 i komfort u\u017cytkowania. Produkt posiada wysuwane pude\u0142ko upominkowe, kt\u00f3re \u0142\u0105czy w sobie pi\u0119kno i praktyczno\u015b\u0107. Nadaje si\u0119 do sprzeda\u017cy detalicznej, upomink\u00f3w i personalizacji marki, spe\u0142niaj\u0105c potrzeby bran\u017cy w zakresie poufno\u015bci opakowania, przeno\u015bno\u015bci i personalizacji marki.<\/p>","protected":false},"featured_media":9906,"template":"","meta":[],"product_brand":[],"product_cat":[30,420,31,426],"product_tag":[1213,1299,1281],"class_list":{"0":"post-9905","1":"product","2":"type-product","3":"status-publish","4":"has-post-thumbnail","6":"product_cat-by-industry","7":"product_cat-custom-cannabis-boxes","8":"product_cat-paper-box-style","9":"product_cat-paper-drawer-boxes","10":"product_tag-custom-pre-roll-boxes","11":"product_tag-pre-roll-joint-boxes","12":"product_tag-pre-roll-packaging","14":"first","15":"instock","16":"shipping-taxable","17":"product-type-grouped"},"_links":{"self":[{"href":"https:\/\/zojopackaging.com\/pl\/wp-json\/wp\/v2\/product\/9905","targetHints":{"allow":["GET"]}}],"collection":[{"href":"https:\/\/zojopackaging.com\/pl\/wp-json\/wp\/v2\/product"}],"about":[{"href":"https:\/\/zojopackaging.com\/pl\/wp-json\/wp\/v2\/types\/product"}],"version-history":[{"count":2,"href":"https:\/\/zojopackaging.com\/pl\/wp-json\/wp\/v2\/product\/9905\/revisions"}],"predecessor-version":[{"id":9913,"href":"https:\/\/zojopackaging.com\/pl\/wp-json\/wp\/v2\/product\/9905\/revisions\/9913"}],"wp:featuredmedia":[{"embeddable":true,"href":"https:\/\/zojopackaging.com\/pl\/wp-json\/wp\/v2\/media\/9906"}],"wp:attachment":[{"href":"https:\/\/zojopackaging.com\/pl\/wp-json\/wp\/v2\/media?parent=9905"}],"wp:term":[{"taxonomy":"product_brand","embeddable":true,"href":"https:\/\/zojopackaging.com\/pl\/wp-json\/wp\/v2\/product_brand?post=9905"},{"taxonomy":"product_cat","embeddable":true,"href":"https:\/\/zojopackaging.com\/pl\/wp-json\/wp\/v2\/product_cat?post=9905"},{"taxonomy":"product_tag","embeddable":true,"href":"https:\/\/zojopackaging.com\/pl\/wp-json\/wp\/v2\/product_tag?post=9905"}],"curies":[{"name":"wp","href":"https:\/\/api.w.org\/{rel}","templated":true}]}}