{"id":9914,"date":"2025-04-04T10:20:27","date_gmt":"2025-04-04T02:20:27","guid":{"rendered":"https:\/\/zojopackaging.com\/?post_type=product&#038;p=9914"},"modified":"2025-04-04T10:43:54","modified_gmt":"2025-04-04T02:43:54","slug":"cbd-pre-roll-joints-blunt-hemp-boxes-for-multipack-packaging","status":"publish","type":"product","link":"https:\/\/zojopackaging.com\/pl\/product\/cbd-pre-roll-joints-blunt-hemp-boxes-for-multipack-packaging\/","title":{"rendered":"CBD Pre Roll Joints Blunt Hemp Boxes do opakowa\u0144 wielopakowych"},"content":{"rendered":"<h2 id=\"-i-core-design-concept-and-material-selection-\"><strong>1. Podstawowa koncepcja projektowa i wyb\u00f3r materia\u0142\u00f3w<\/strong><\/h2>\n<ol>\n<li><strong>Materia\u0142 przyjazny dla \u015brodowiska - zapewnienie jako\u015bci<\/strong>\u00a0Ten produkt przyjmuje precyzyjn\u0105 struktur\u0119 \u0142\u0105cz\u0105c\u0105\u00a0<strong>papier powlekany<\/strong>\u00a0oraz\u00a0<strong>szara deska<\/strong>. Powierzchnia powlekanego papieru jest g\u0142adka i delikatna, co pozwala uzyska\u0107 bardzo precyzyjne efekty drukowania. W po\u0142\u0105czeniu z wysok\u0105 twardo\u015bci\u0105 szarej tektury zapewnia to, \u017ce opakowanie jest zar\u00f3wno pi\u0119kne, jak i trwa\u0142e. Korpus pude\u0142ka z szuflad\u0105 jest precyzyjnie uformowany dzi\u0119ki nowoczesnej technologii sztancowania i grawerowania laserowego. Kraw\u0119dzie s\u0105 g\u0142adkie i pozbawione zadzior\u00f3w, a otwieranie i zamykanie jest p\u0142ynne, co doskonale spe\u0142nia minimalistyczne potrzeby estetyczne \"stylu wysuwanego\".<\/li>\n<li><strong>Konstrukcja otwierania szuflady - atrakcyjno\u015b\u0107 wizualna<\/strong>\u00a0Korpus skrzynki przyjmuje kszta\u0142t\u00a0<strong>otwieranie szufladowe<\/strong>\u00a0konstrukcja. U\u017cytkownicy mog\u0105 wyj\u0105\u0107 wst\u0119pnie zwini\u0119ty produkt za pomoc\u0105 lekkiego naci\u015bni\u0119cia. Obs\u0142uga jest wygodna i pe\u0142na rytua\u0142\u00f3w. Tekstura powierzchni pude\u0142ka jest wzmocniona dzi\u0119ki technologii laminowania matowego\/b\u0142yszcz\u0105cego. W po\u0142\u0105czeniu z t\u0142oczeniem na gor\u0105co, miejscowym szkliwieniem UV i innymi procesami, logo marki lub wz\u00f3r tematyczny mo\u017cna podkre\u015bli\u0107, natychmiast przyci\u0105gaj\u0105c uwag\u0119 konsumenta. Na przyk\u0142ad, powierzchnia pude\u0142ka mo\u017ce by\u0107 zadrukowana wyt\u0142oczonymi wzorami li\u015bci CBD lub gradientowymi kolorami, aby zwi\u0119kszy\u0107 rozpoznawalno\u015b\u0107 produktu.<\/li>\n<\/ol>\n<h2 id=\"-ii-functional-optimization-and-user-experience-\"><strong>2. Optymalizacja funkcjonalna i do\u015bwiadczenie u\u017cytkownika<\/strong><\/h2>\n<ol>\n<li><strong>Struktura wewn\u0119trzna - precyzyjne pakowanie<\/strong>\u00a0Skrzynka jest wyposa\u017cona w\u00a0<strong>Przegrody wykrawane<\/strong>kt\u00f3re przyjmuj\u0105 struktur\u0119 plastra miodu lub warstwow\u0105 konstrukcj\u0119 i s\u0105 mocowane poprzez r\u0119czne wklejanie, aby zapewni\u0107, \u017ce ka\u017cdy wst\u0119pnie zwini\u0119ty papieros CBD jest przechowywany niezale\u017cnie, aby unikn\u0105\u0107 kolizji i wyt\u0142aczania podczas transportu. Wysoko\u015b\u0107 i odst\u0119py mi\u0119dzy przegrodami mo\u017cna dostosowa\u0107 do potrzeb klienta, obs\u0142uguj\u0105c uk\u0142ady jedno-, dwu- lub wielowarstwowe, aby dostosowa\u0107 si\u0119 do produkt\u00f3w o r\u00f3\u017cnych specyfikacjach.<\/li>\n<li><strong>Elastyczne dostosowanie rozmiaru - spersonalizowana us\u0142uga<\/strong>\u00a0Fabryka zapewnia pe\u0142nowymiarowe us\u0142ugi dostosowywania od\u00a0<strong>10cm\u00d75cm\u00d72cm<\/strong>\u00a0(pakiet przeno\u015bny) do\u00a0<strong>30cm\u00d715cm\u00d78cm<\/strong>\u00a0(opakowanie prezentowe), wspieraj\u0105ce produkcj\u0119 pr\u00f3bn\u0105 ma\u0142ych partii i zam\u00f3wienia wielkoseryjne. Na przyk\u0142ad, limitowana edycja pogrubionego pude\u0142ka mo\u017ce by\u0107 zaprojektowana z my\u015bl\u0105 o dzia\u0142aniach \u015bwi\u0105tecznych, z wbudowanym magnetycznym urz\u0105dzeniem otwieraj\u0105cym i zamykaj\u0105cym, aby zwi\u0119kszy\u0107 wra\u017cenie wysokiej klasy.<\/li>\n<\/ol>\n<h2 id=\"-iii-brand-customization-and-visual-expression-\"><strong>3. Personalizacja marki i ekspresja wizualna<\/strong><\/h2>\n<ol>\n<li><strong>Zr\u00f3\u017cnicowane opcje projektowania<\/strong><\/li>\n<li><strong>Kolor i wz\u00f3r<\/strong>: Zapewniaj\u0105 dok\u0142adne dopasowanie kolor\u00f3w do kart kolor\u00f3w Pantone, obs\u0142uguj\u0105 drukowanie specjalnych atrament\u00f3w, takich jak kolory metaliczne i fluorescencyjne, i mog\u0105 by\u0107 \u0142\u0105czone z efektami laserowymi lub przej\u015bciami gradientowymi, aby dostosowa\u0107 si\u0119 do tonu marki \"naturalna \u015bwie\u017co\u015b\u0107\" lub \"poczucie technologii\".<\/li>\n<li><strong>Ekskluzywne logo<\/strong>: Na korpusie pude\u0142ka mo\u017cna wydrukowa\u0107 LOGO marki, opis sk\u0142adnika, logo zgodno\u015bci (takie jak monit o zawarto\u015b\u0107 THC) i kod QR, aby uzyska\u0107 podw\u00f3jne dostarczanie marketingu i informacji.<\/li>\n<li><strong>Innowacje w procesach powierzchniowych<\/strong>\u00a0Przyjmuje\u00a0<strong>Przyjazny dla \u015brodowiska druk atramentem na bazie wody<\/strong>kt\u00f3ry spe\u0142nia standardy bezpiecze\u0144stwa \u017cywno\u015bci i poprawia wra\u017cenia dotykowe poprzez wyt\u0142aczanie, cz\u0119\u015bciowe srebrzenie na gor\u0105co i inne procesy. Na przyk\u0142ad wewn\u0119trzna strona pokrywy pude\u0142ka mo\u017ce by\u0107 zadrukowana instrukcj\u0105 obs\u0142ugi lub histori\u0105 marki, aby poprawi\u0107 interaktywne wra\u017cenia u\u017cytkownika.<\/li>\n<\/ol>\n<h2 id=\"-iv-environmental-commitment-and-production-advantages-\"><strong>4. Zaanga\u017cowanie w ochron\u0119 \u015brodowiska i korzy\u015bci produkcyjne<\/strong><\/h2>\n<ol>\n<li><strong>Praktyka zr\u00f3wnowa\u017conego rozwoju<\/strong>\u00a0Surowcami s\u0105 szara tektura z certyfikatem FSC i degradowalny papier powlekany, a w procesie produkcji stosowane s\u0105 kleje na bazie wody i systemy zasilania energi\u0105 s\u0142oneczn\u0105 w celu zmniejszenia \u015bladu w\u0119glowego. Odpady opakowaniowe mog\u0105 by\u0107 poddane recyklingowi do produkt\u00f3w z masy celulozowej, osi\u0105gaj\u0105c obieg zasob\u00f3w 100%.<\/li>\n<li><strong>Gwarancja technologii i do\u015bwiadczenia<\/strong>\u00a0Poleganie na\u00a0<strong>16 lat do\u015bwiadczenia zawodowego<\/strong>Fabryka integruje zautomatyzowane linie produkcyjne i r\u0119czne procesy wyko\u0144czeniowe, aby zapewni\u0107 kontrol\u0119 jako\u015bci ka\u017cdego ogniwa. Przyk\u0142adowo, prowadnica szuflady nie wykazuje \u017cadnych ubytk\u00f3w po 3000 test\u00f3w wyrywania, a korpus skrzynki mo\u017ce wytrzyma\u0107 obci\u0105\u017cenie 5 kg, znacznie przekraczaj\u0105c standardy bran\u017cowe.<\/li>\n<\/ol>\n<h2 id=\"-v-application-scenarios-and-market-value-\"><strong>5. Scenariusze zastosowa\u0144 i warto\u015b\u0107 rynkowa<\/strong><\/h2>\n<ul>\n<li><strong>Wy\u015bwietlacz detaliczny<\/strong>: Wysuwana konstrukcja jest wygodna do wy\u015bwietlania produkt\u00f3w, z przezroczystymi okienkami lub pustymi wzorami, kt\u00f3re mog\u0105 intuicyjnie prezentowa\u0107 kolor i kszta\u0142t papieros\u00f3w CBD pre-rolled.<\/li>\n<li><strong>Dostosowywanie aktywno\u015bci<\/strong>: Nadaje si\u0119 do festiwali muzycznych, salon\u00f3w zdrowia i innych scen, mo\u017cna zaprojektowa\u0107 wsp\u00f3lne modele tematyczne (takie jak pude\u0142ko z tekstur\u0105 gwia\u017adzistego nieba + \u015bwiec\u0105cy atrament), aby wzmocni\u0107 punkty pami\u0119ci marki.<\/li>\n<li><strong>Zestaw upominkowy<\/strong>: Dzi\u0119ki tabletkom nawil\u017caj\u0105cym lub mini m\u0142ynkom mo\u017cna go ulepszy\u0107 do wysokiej klasy pude\u0142ka upominkowego, aby zwi\u0119kszy\u0107 cen\u0119 jednostkow\u0105 i lojalno\u015b\u0107 klient\u00f3w.<\/li>\n<\/ul>","protected":false},"excerpt":{"rendered":"<p>Mo\u017cesz wybra\u0107 r\u00f3\u017cne kolory, wzory i wykwintne materia\u0142y na swoje opakowanie pre-rolled, aby zaprojektowa\u0107 odpowiednie opakowanie dla swojej marki pre-rolled lub motywu wydarzenia zwi\u0105zanego z konopiami indyjskimi. Pozostaw g\u0142\u0119bsze wra\u017cenie na konsumentach, drukuj\u0105c swoje ekskluzywne logo, spersonalizowany tekst lub unikaln\u0105 grafik\u0119.<\/p>","protected":false},"featured_media":9915,"template":"","meta":[],"product_brand":[],"product_cat":[30,420,31,426],"product_tag":[1213,1299,1281],"class_list":{"0":"post-9914","1":"product","2":"type-product","3":"status-publish","4":"has-post-thumbnail","6":"product_cat-by-industry","7":"product_cat-custom-cannabis-boxes","8":"product_cat-paper-box-style","9":"product_cat-paper-drawer-boxes","10":"product_tag-custom-pre-roll-boxes","11":"product_tag-pre-roll-joint-boxes","12":"product_tag-pre-roll-packaging","14":"first","15":"instock","16":"shipping-taxable","17":"product-type-grouped"},"_links":{"self":[{"href":"https:\/\/zojopackaging.com\/pl\/wp-json\/wp\/v2\/product\/9914","targetHints":{"allow":["GET"]}}],"collection":[{"href":"https:\/\/zojopackaging.com\/pl\/wp-json\/wp\/v2\/product"}],"about":[{"href":"https:\/\/zojopackaging.com\/pl\/wp-json\/wp\/v2\/types\/product"}],"version-history":[{"count":1,"href":"https:\/\/zojopackaging.com\/pl\/wp-json\/wp\/v2\/product\/9914\/revisions"}],"predecessor-version":[{"id":9921,"href":"https:\/\/zojopackaging.com\/pl\/wp-json\/wp\/v2\/product\/9914\/revisions\/9921"}],"wp:featuredmedia":[{"embeddable":true,"href":"https:\/\/zojopackaging.com\/pl\/wp-json\/wp\/v2\/media\/9915"}],"wp:attachment":[{"href":"https:\/\/zojopackaging.com\/pl\/wp-json\/wp\/v2\/media?parent=9914"}],"wp:term":[{"taxonomy":"product_brand","embeddable":true,"href":"https:\/\/zojopackaging.com\/pl\/wp-json\/wp\/v2\/product_brand?post=9914"},{"taxonomy":"product_cat","embeddable":true,"href":"https:\/\/zojopackaging.com\/pl\/wp-json\/wp\/v2\/product_cat?post=9914"},{"taxonomy":"product_tag","embeddable":true,"href":"https:\/\/zojopackaging.com\/pl\/wp-json\/wp\/v2\/product_tag?post=9914"}],"curies":[{"name":"wp","href":"https:\/\/api.w.org\/{rel}","templated":true}]}}