{"id":9922,"date":"2025-04-04T10:44:14","date_gmt":"2025-04-04T02:44:14","guid":{"rendered":"https:\/\/zojopackaging.com\/?post_type=product&#038;p=9922"},"modified":"2025-04-04T10:53:16","modified_gmt":"2025-04-04T02:53:16","slug":"custom-paper-pre-roll-boxes-packaging-manufacture-supplier","status":"publish","type":"product","link":"https:\/\/zojopackaging.com\/pl\/product\/custom-paper-pre-roll-boxes-packaging-manufacture-supplier\/","title":{"rendered":"Niestandardowe papierowe pude\u0142ka z rolkami Producent opakowa\u0144 Dostawca"},"content":{"rendered":"<h2 id=\"-1-environmentally-friendly-materials-and-structural-design-safe-durable-green-and-sustainable-\"><strong>1. Przyjazne dla \u015brodowiska materia\u0142y i konstrukcja: bezpieczna, trwa\u0142a, ekologiczna i zr\u00f3wnowa\u017cona<\/strong><\/h2>\n<ul>\n<li><strong>Wyb\u00f3r materia\u0142u<\/strong>: Korpus skrzynki jest wykonany z wytrzyma\u0142ego\u00a0<strong>szara deska<\/strong>\u00a0oraz\u00a0<strong>papier powlekany<\/strong>\u00a0materia\u0142 kompozytowy, kt\u00f3ry jest przyjazny dla \u015brodowiska i zr\u00f3wnowa\u017cony<\/li>\n<\/ul>\n<h2 id=\"-2-customized-lining-and-capacity-precise-adaptation-upgraded-protection-\"><strong>2. Dostosowana podszewka i pojemno\u015b\u0107: precyzyjna adaptacja, ulepszona ochrona<\/strong><\/h2>\n<ul>\n<li><strong>Elastyczny rozmiar<\/strong>: Podszewka wykonana jest z\u00a0<strong>350g bia\u0142y karton o wysokiej gramaturze<\/strong>, kt\u00f3re mo\u017cna dostosowa\u0107 do potrzeb klienta, od specyfikacji pojedynczego do 5 paczek (konwencjonalny zakres rozmiar\u00f3w: d\u0142ugo\u015b\u0107 50-150 mm, szeroko\u015b\u0107 20-50 mm, wysoko\u015b\u0107 10-30 mm), doskonale dostosowany do wst\u0119pnie zwini\u0119tych papieros\u00f3w o r\u00f3\u017cnych \u015brednicach.<\/li>\n<li><strong>Konstrukcja bufora<\/strong>: Kraw\u0119d\u017a podszewki wykorzystuje technologi\u0119 sztancowania i bigowania, aby utworzy\u0107 rowek buforowy zapobiegaj\u0105cy wstrz\u0105som produktu, a jednocze\u015bnie otw\u00f3r wentylacyjny jest zarezerwowany na g\u00f3rze, aby utrzyma\u0107 \u015bwie\u017co\u015b\u0107 produktu.<\/li>\n<\/ul>\n<h2 id=\"-3-child-proof-lock-buckle-design-safety-and-convenience-are-taken-into-account-\"><strong>3. Konstrukcja klamry zabezpieczaj\u0105cej przed dzie\u0107mi: bezpiecze\u0144stwo i wygoda s\u0105 brane pod uwag\u0119<\/strong><\/h2>\n<ul>\n<li><strong>Podw\u00f3jna ochrona<\/strong>: Opcjonalnie\u00a0<strong>struktura blokady rodzicielskiej typu press<\/strong>kt\u00f3ry wymaga naci\u015bni\u0119cia zarezerwowanych klamer po obu stronach korpusu pude\u0142ka w tym samym czasie, aby je otworzy\u0107, a wska\u017anik sukcesu otwierania przez dzieci jest mniejszy ni\u017c 5%.<\/li>\n<li><strong>Przyjazny dla doros\u0142ych<\/strong>: Zamek posiada elastyczn\u0105 klamr\u0119, kt\u00f3r\u0105 mo\u017cna \u0142atwo otworzy\u0107 i zamkn\u0105\u0107 jedn\u0105 r\u0119k\u0105, bez wp\u0142ywu na komfort u\u017cytkowania.<\/li>\n<\/ul>\n<h2 id=\"-4-printing-technology-high-definition-visual-effects-enhance-brand-premium-\"><strong>4. Technologia druku: efekty wizualne w wysokiej rozdzielczo\u015bci, zwi\u0119kszaj\u0105 premi\u0119 marki<\/strong><\/h2>\n<ul>\n<li><strong>Proces drukowania<\/strong>: Adoptuj\u00a0<strong>Heidelberg 6-kolorowa maszyna do druku offsetowego UV<\/strong>Obs\u0142uga specjalnych kolor\u00f3w, t\u0142oczenia na gor\u0105co, lokalnego lakierowania i innych proces\u00f3w, minimalna dok\u0142adno\u015b\u0107 drukowania wynosi 300 dpi, aby zapewni\u0107, \u017ce kraw\u0119dzie LOGO i wzoru s\u0105 ostre i wolne od zadzior\u00f3w.<\/li>\n<li><strong>Funkcja zapobiegaj\u0105ca podrabianiu<\/strong>: Opcjonalny holograficzny druk laserowy lub mikrotekst w celu zwi\u0119kszenia ochrony przed podrabianiem opakowa\u0144, odpowiedni dla potrzeb marek z wy\u017cszej p\u00f3\u0142ki.<\/li>\n<\/ul>\n<h2 id=\"-5-cost-optimization-plan-flexible-order-the-king-of-cost-effectiveness-\"><strong>5. Plan optymalizacji koszt\u00f3w: elastyczne zam\u00f3wienie, kr\u00f3l op\u0142acalno\u015bci<\/strong><\/h2>\n<ul>\n<li><strong>Wycena drabiny<\/strong>: Obs\u0142uga rabat\u00f3w warstwowych MOQ, ma\u0142e i \u015brednie przedsi\u0119biorstwa oraz du\u017ce marki mog\u0105 uzyska\u0107 najlepszy plan koszt\u00f3w.<\/li>\n<li><strong>Cykl produkcyjny<\/strong>: Dostawa 7-15 dni po potwierdzeniu pr\u00f3bki, dzienna zdolno\u015b\u0107 produkcyjna 100 000 sztuk, obs\u0142uga przyspieszonych zam\u00f3wie\u0144.<\/li>\n<\/ul>\n<h2 id=\"-6-value-added-services-full-link-support-from-packaging-to-marketing-\"><strong>6. Us\u0142ugi o warto\u015bci dodanej: pe\u0142ne wsparcie od pakowania po marketing<\/strong><\/h2>\n<ul>\n<li><strong>Us\u0142ugi projektowe<\/strong>: Bezp\u0142atna optymalizacja projektu AI\/CDR\/PSD, automatyczna kalibracja pozycji spadu i uk\u0142adu no\u017ca, zmniejszaj\u0105ca koszty komunikacji z klientem.<\/li>\n<li><strong>Rabat hurtowy<\/strong>: Enjoy\u00a0<strong>15% zni\u017cka<\/strong>\u00a0przy pierwszym zam\u00f3wieniu i uaktualni\u0107 do klient\u00f3w VIP z rocznym wolumenem zakup\u00f3w przekraczaj\u0105cym 500 000 sztuk oraz uzyska\u0107 wy\u0142\u0105czne warunki kredytowe i prawa pierwsze\u0144stwa.<\/li>\n<\/ul>\n<h2 id=\"-7-quality-assurance-and-certification-source-factory-full-control-\"><strong>7. Zapewnienie jako\u015bci i certyfikacja: fabryka \u017ar\u00f3d\u0142owa, pe\u0142na kontrola<\/strong><\/h2>\n<ul>\n<li><strong>Zalety \u0142a\u0144cucha dostaw<\/strong>: Samodzielna integracja papierni i warsztatu drukarskiego, zerowa mar\u017ca po\u015brednika od surowc\u00f3w do gotowych produkt\u00f3w i redukcja koszt\u00f3w o 30%.<\/li>\n<li><strong>System kontroli jako\u015bci<\/strong>: Przeszed\u0142 certyfikacj\u0119 ISO 9001 i GMI, cz\u0119stotliwo\u015b\u0107 pr\u00f3bkowania ka\u017cdej partii produkt\u00f3w jest nie mniejsza ni\u017c 10%, zapewniaj\u0105c, \u017ce b\u0142\u0105d rozmiaru wynosi \u22640,1 mm, a r\u00f3\u017cnica kolor\u00f3w \u0394E \u22641,5.<\/li>\n<\/ul>","protected":false},"excerpt":{"rendered":"<p>1. Pude\u0142ko na papierosy wykonane jest z przyjaznego dla \u015brodowiska, nadaj\u0105cego si\u0119 do recyklingu i trwa\u0142ego papieru powlekanego oraz szarej tektury, kt\u00f3ra doskonale nadaje si\u0119 do pakowania papieros\u00f3w z marihuan\u0105. Jednocze\u015bnie wyb\u00f3r materia\u0142\u00f3w zapewnia r\u00f3wnie\u017c bezpiecze\u0144stwo produkt\u00f3w.<br \/>\n2. Rozmiar podszewki w wysuwanym pude\u0142ku mo\u017cna dostosowa\u0107 do produktu. Z \u0142atwo\u015bci\u0105 pomie\u015bci od 1 do 5 skr\u0119conych papieros\u00f3w. Bez problem\u00f3w. Wy\u015bci\u00f3\u0142ka wykonana jest z wysokiej jako\u015bci bia\u0142ego kartonu, kt\u00f3ry mo\u017ce chroni\u0107 produkt bez \u017cadnych problem\u00f3w. Mo\u017ce to sprawi\u0107, \u017ce konsumenci natychmiast si\u0119 w nim zakochaj\u0105 i zwi\u0119ksz\u0105 popyt na papierosy.<\/p>","protected":false},"featured_media":9923,"template":"","meta":[],"product_brand":[],"product_cat":[30,420,31,426],"product_tag":[1213,1299,1281],"class_list":{"0":"post-9922","1":"product","2":"type-product","3":"status-publish","4":"has-post-thumbnail","6":"product_cat-by-industry","7":"product_cat-custom-cannabis-boxes","8":"product_cat-paper-box-style","9":"product_cat-paper-drawer-boxes","10":"product_tag-custom-pre-roll-boxes","11":"product_tag-pre-roll-joint-boxes","12":"product_tag-pre-roll-packaging","14":"first","15":"instock","16":"shipping-taxable","17":"product-type-grouped"},"_links":{"self":[{"href":"https:\/\/zojopackaging.com\/pl\/wp-json\/wp\/v2\/product\/9922","targetHints":{"allow":["GET"]}}],"collection":[{"href":"https:\/\/zojopackaging.com\/pl\/wp-json\/wp\/v2\/product"}],"about":[{"href":"https:\/\/zojopackaging.com\/pl\/wp-json\/wp\/v2\/types\/product"}],"version-history":[{"count":1,"href":"https:\/\/zojopackaging.com\/pl\/wp-json\/wp\/v2\/product\/9922\/revisions"}],"predecessor-version":[{"id":9929,"href":"https:\/\/zojopackaging.com\/pl\/wp-json\/wp\/v2\/product\/9922\/revisions\/9929"}],"wp:featuredmedia":[{"embeddable":true,"href":"https:\/\/zojopackaging.com\/pl\/wp-json\/wp\/v2\/media\/9923"}],"wp:attachment":[{"href":"https:\/\/zojopackaging.com\/pl\/wp-json\/wp\/v2\/media?parent=9922"}],"wp:term":[{"taxonomy":"product_brand","embeddable":true,"href":"https:\/\/zojopackaging.com\/pl\/wp-json\/wp\/v2\/product_brand?post=9922"},{"taxonomy":"product_cat","embeddable":true,"href":"https:\/\/zojopackaging.com\/pl\/wp-json\/wp\/v2\/product_cat?post=9922"},{"taxonomy":"product_tag","embeddable":true,"href":"https:\/\/zojopackaging.com\/pl\/wp-json\/wp\/v2\/product_tag?post=9922"}],"curies":[{"name":"wp","href":"https:\/\/api.w.org\/{rel}","templated":true}]}}