{"id":9930,"date":"2025-04-04T10:53:25","date_gmt":"2025-04-04T02:53:25","guid":{"rendered":"https:\/\/zojopackaging.com\/?post_type=product&#038;p=9930"},"modified":"2025-04-04T11:06:49","modified_gmt":"2025-04-04T03:06:49","slug":"luxury-empty-silk-eye-sleep-mask-packaging-box-wholesale","status":"publish","type":"product","link":"https:\/\/zojopackaging.com\/pl\/product\/luxury-empty-silk-eye-sleep-mask-packaging-box-wholesale\/","title":{"rendered":"Luksusowe puste jedwabne pude\u0142ko do pakowania masek na oczy hurtowo"},"content":{"rendered":"<h2 id=\"-1-high-quality-cardboard-material-brand-design-empowerment-\"><strong>1. Wysokiej jako\u015bci materia\u0142 kartonowy, wzmocnienie marki<\/strong><\/h2>\n<p>To papierowe pude\u0142ko z szuflad\u0105 jest wykonane z przyjaznej dla \u015brodowiska tektury o wysokiej g\u0119sto\u015bci. Materia\u0142 jest trwa\u0142y i delikatny, dzi\u0119ki czemu doskonale spe\u0142nia potrzeby w zakresie pakowania r\u00f3\u017cnego rodzaju odzie\u017cy, akcesori\u00f3w i wysokiej klasy produkt\u00f3w do piel\u0119gnacji sk\u00f3ry. Korpus pude\u0142ka obs\u0142uguje drukowanie w pe\u0142nym kolorze i dostosowywanie LOGO marki. Proces laminowania matowego\/b\u0142yszcz\u0105cego wzmacnia wizualne warstwy i jest dopasowany do t\u0142oczenia na gor\u0105co, UV i innych szczeg\u00f3\u0142\u00f3w procesu, aby zapewni\u0107, \u017ce logo marki wyr\u00f3\u017cnia si\u0119 na rynku.<\/p>\n<h2 id=\"-2-folding-pull-out-structure-transportation-cost-optimization-\"><strong>2. Sk\u0142adana, wysuwana konstrukcja, optymalizacja koszt\u00f3w transportu<\/strong><\/h2>\n<p>Zastosowano opatentowan\u0105 konstrukcj\u0119 ukrytego suwaka. P\u0142aska grubo\u015b\u0107 po z\u0142o\u017ceniu wynosi tylko 5 mm, co znacznie oszcz\u0119dza miejsce do przechowywania i transportu oraz zmniejsza koszty logistyczne o ponad 30%. Unikalna metoda otwierania w stylu szuflady daje poczucie rytua\u0142u rozpakowywania. Korpus pude\u0142ka otwiera si\u0119 i zamyka p\u0142ynnie, bez zaci\u0119\u0107. Konstrukcja z magnetyczn\u0105 klamr\u0105 lub ta\u015bm\u0105 uszczelniaj\u0105c\u0105 uwzgl\u0119dnia praktyczno\u015b\u0107 i walory estetyczne.<\/p>\n<h2 id=\"-3-lamination-process-upgrade-touch-and-visual-double-improvement-\"><strong>3. Ulepszenie procesu laminowania, podw\u00f3jna poprawa dotykowa i wizualna<\/strong><\/h2>\n<p>Laminacja powierzchni wykorzystuje importowan\u0105 z Niemiec przyjazn\u0105 dla \u015brodowiska pow\u0142ok\u0119 na bazie wody, kt\u00f3ra ma w\u0142a\u015bciwo\u015bci zapobiegaj\u0105ce zarysowaniom i odciskom palc\u00f3w po procesie prasowania w wysokiej temperaturze. Dost\u0119pne s\u0105 r\u00f3\u017cne opcje, takie jak folia b\u0142yszcz\u0105ca, folia matowa i folia dotykowa. W\u015br\u00f3d nich imitacja jedwabnej folii dotykowej jest wysoce zgodna z temperamentem pustej jedwabnej maski. Opuszki palc\u00f3w przesuwaj\u0105 si\u0119 po niej jak po prawdziwym jedwabiu, co wzmacnia punkt pami\u0119ci konsumenta podczas rozpakowywania.<\/p>\n<h2 id=\"-4-customized-die-cut-lining-all-round-product-protection-\"><strong>4. Indywidualnie wycinana podszewka, wszechstronna ochrona produktu<\/strong><\/h2>\n<p>Wy\u015bci\u00f3\u0142ka wykonana jest z pianki EVA lub materia\u0142u flokowanego, uformowanego w procesie precyzyjnego wykrawania, idealnie dopasowanego do krzywizny butelki maski, a antysejsmiczna wydajno\u015b\u0107 buforowania spe\u0142nia norm\u0119 ASTM D4169. Wspiera warstwow\u0105 konstrukcj\u0119, mo\u017ce pomie\u015bci\u0107 szczotki do masek, instrukcje i inne akcesoria w tym samym czasie, a tolerancja gniazda karty podszewki jest kontrolowana w zakresie \u00b1 0,3 mm, aby zapewni\u0107 zerowe przemieszczenie podczas transportu.<\/p>\n<h2 id=\"-5-in-depth-customization-service-flexible-adaptation-of-size-and-printing-\"><strong>5. Dog\u0142\u0119bna us\u0142uga dostosowywania, elastyczne dostosowanie rozmiaru i drukowania<\/strong><\/h2>\n<ul>\n<li><strong>Dostosowanie rozmiaru<\/strong>: Obs\u0142uguje rozw\u00f3j pe\u0142nowymiarowych pude\u0142ek od 10 mm \u00d7 10 mm do 500 mm \u00d7 500 mm, a pude\u0142ka o specjalnych kszta\u0142tach (takie jak sze\u015bciok\u0105tne i zakrzywione okna) mog\u0105 by\u0107 pr\u00f3bkowane w ci\u0105gu 48 godzin.<\/li>\n<li><strong>Proces drukowania<\/strong>: B\u0142\u0105d druku punktowego Pantone \u22645%, obs\u0142uga ponad 20 proces\u00f3w efekt\u00f3w specjalnych, takich jak lakierowanie miejscowe, relief 3D, dr\u0105\u017cenie laserowe itp.<\/li>\n<li><strong>Zr\u00f3wnowa\u017cone opcje<\/strong>: Zapewniaj\u0105 pod\u0142o\u017ce z papieru makulaturowego z certyfikatem FSC, drukowane atramentem sojowym, zgodnie z normami \u015brodowiskowymi UE REACH.<\/li>\n<\/ul>\n<h2 id=\"-6-3d-visual-design-zero-error-in-scheme-pre-examination-\"><strong>6. Projekt efektu makiety 3D, zero b\u0142\u0119d\u00f3w w badaniu wst\u0119pnym schematu<\/strong><\/h2>\n<p>Dzi\u0119ki samodzielnie opracowanej internetowej platformie projektowej klienci mog\u0105 w czasie rzeczywistym dostosowywa\u0107 struktur\u0119 pude\u0142ka, parametry materia\u0142u i uk\u0142ad wzoru. System automatycznie generuje obracaj\u0105cy si\u0119 o 360\u00b0 model 3D i generuje dane symulacji wytrzyma\u0142o\u015bci na \u015bciskanie. Obs\u0142uga funkcji wirtualnego wy\u015bwietlania AR, bezpo\u015bredni podgl\u0105d efektu wy\u015bwietlania opakowania na p\u00f3\u0142ce i stronie e-commerce oraz skr\u00f3cenie cyklu potwierdzania projektu do 72 godzin.<\/p>","protected":false},"excerpt":{"rendered":"<ul>\n<li><strong>Gwarancja pojemno\u015bci<\/strong>: 12 w pe\u0142ni automatycznych linii produkcyjnych, o dziennej zdolno\u015bci produkcyjnej 500 000 pude\u0142ek, obs\u0142uguj\u0105cych 72-godzinn\u0105 przyspieszon\u0105 dostaw\u0119 zam\u00f3wie\u0144 awaryjnych.<\/li>\n<li><strong>System kontroli jako\u015bci<\/strong>: Przeszed\u0142 certyfikacj\u0119 jako\u015bci ISO9001, wyposa\u017cony w rentgenowski detektor cia\u0142 obcych i kolorymetr, kwalifikowany wska\u017anik gotowych produkt\u00f3w wynosi 99,8%.<\/li>\n<li><strong>Przewaga kosztowa<\/strong>: Zakupy na du\u017c\u0105 skal\u0119 sprawiaj\u0105, \u017ce koszt kartonu 15% jest ni\u017cszy ni\u017c cena rynkowa,<\/li>\n<\/ul>","protected":false},"featured_media":9931,"template":"","meta":[],"product_brand":[],"product_cat":[30,390,31,426],"product_tag":[1302,1303,1301],"class_list":{"0":"post-9930","1":"product","2":"type-product","3":"status-publish","4":"has-post-thumbnail","6":"product_cat-by-industry","7":"product_cat-custom-cosmetics-boxes","8":"product_cat-paper-box-style","9":"product_cat-paper-drawer-boxes","10":"product_tag-silk-eye-mask-packaging","11":"product_tag-sleep-mask-box-wholesale","12":"product_tag-sleep-mask-packaging","14":"first","15":"instock","16":"shipping-taxable","17":"product-type-grouped"},"_links":{"self":[{"href":"https:\/\/zojopackaging.com\/pl\/wp-json\/wp\/v2\/product\/9930","targetHints":{"allow":["GET"]}}],"collection":[{"href":"https:\/\/zojopackaging.com\/pl\/wp-json\/wp\/v2\/product"}],"about":[{"href":"https:\/\/zojopackaging.com\/pl\/wp-json\/wp\/v2\/types\/product"}],"version-history":[{"count":1,"href":"https:\/\/zojopackaging.com\/pl\/wp-json\/wp\/v2\/product\/9930\/revisions"}],"predecessor-version":[{"id":9937,"href":"https:\/\/zojopackaging.com\/pl\/wp-json\/wp\/v2\/product\/9930\/revisions\/9937"}],"wp:featuredmedia":[{"embeddable":true,"href":"https:\/\/zojopackaging.com\/pl\/wp-json\/wp\/v2\/media\/9931"}],"wp:attachment":[{"href":"https:\/\/zojopackaging.com\/pl\/wp-json\/wp\/v2\/media?parent=9930"}],"wp:term":[{"taxonomy":"product_brand","embeddable":true,"href":"https:\/\/zojopackaging.com\/pl\/wp-json\/wp\/v2\/product_brand?post=9930"},{"taxonomy":"product_cat","embeddable":true,"href":"https:\/\/zojopackaging.com\/pl\/wp-json\/wp\/v2\/product_cat?post=9930"},{"taxonomy":"product_tag","embeddable":true,"href":"https:\/\/zojopackaging.com\/pl\/wp-json\/wp\/v2\/product_tag?post=9930"}],"curies":[{"name":"wp","href":"https:\/\/api.w.org\/{rel}","templated":true}]}}