{"id":9938,"date":"2025-04-04T11:06:57","date_gmt":"2025-04-04T03:06:57","guid":{"rendered":"https:\/\/zojopackaging.com\/?post_type=product&#038;p=9938"},"modified":"2025-04-04T12:01:42","modified_gmt":"2025-04-04T04:01:42","slug":"high-quality-custom-printing-soap-packaging-boxes-wholesale","status":"publish","type":"product","link":"https:\/\/zojopackaging.com\/pl\/product\/high-quality-custom-printing-soap-packaging-boxes-wholesale\/","title":{"rendered":"Wysokiej jako\u015bci niestandardowe pude\u0142ka do pakowania myd\u0142a w sprzeda\u017cy hurtowej"},"content":{"rendered":"<h2 id=\"1-high-end-cardboard-material-reshaping-product-value-\">1.\u00a0<strong>Wysokiej klasy materia\u0142 kartonowy, zmieniaj\u0105cy warto\u015b\u0107 produktu<\/strong><\/h2>\n<ul>\n<li>Wykorzystanie bia\u0142ego kartonu\/srebrnego kartonu o gramaturze 375 g\/m\u00b2 lub wy\u017cszej jako materia\u0142u bazowego zapewnia doskona\u0142\u0105 sztywno\u015b\u0107 i odporno\u015b\u0107 na zu\u017cycie, skutecznie chroni\u0105c integralno\u015b\u0107 produkt\u00f3w mydlanych podczas transportu i przechowywania. Warstwa wewn\u0119trzna jest uzupe\u0142niona specjaln\u0105 technologi\u0105 tekstury papieru (tak\u0105 jak flokowanie i wyt\u0142aczanie), z delikatnym dotykiem i bogatymi poziomami wizualnymi, co znacznie poprawia wysokiej klasy tekstur\u0119 i atrakcyjno\u015b\u0107 odkupu produktu.<\/li>\n<\/ul>\n<h2 id=\"2-innovative-double-plug-opening-and-closing-structure-optimizing-user-experience-\">2.\u00a0<strong>Innowacyjna struktura podw\u00f3jnego otwierania i zamykania, optymalizuj\u0105ca komfort u\u017cytkowania<\/strong><\/h2>\n<ul>\n<li>Korpus pude\u0142ka ma konstrukcj\u0119 \"podw\u00f3jnej wtyczki\", kt\u00f3ra \u0142\u0105czy g\u00f3rn\u0105 i doln\u0105 pokryw\u0119 z szuflad\u0105. K\u0105t otwierania i zamykania wynosi 90\u00b0-180\u00b0, a myd\u0142o mo\u017cna szybko wk\u0142ada\u0107 i wyjmowa\u0107 jedn\u0105 r\u0119k\u0105. Jednocze\u015bnie wewn\u0105trz znajduje si\u0119 antypo\u015blizgowe gniazdo na kart\u0119, kt\u00f3re mo\u017cna dostosowa\u0107 do produkt\u00f3w o r\u00f3\u017cnych rozmiarach. W dolnej cz\u0119\u015bci dodano otw\u00f3r drena\u017cowy, aby zapobiec gromadzeniu si\u0119 wody, co wp\u0142ywa na \u017cywotno\u015b\u0107 myd\u0142a, bior\u0105c pod uwag\u0119 zar\u00f3wno praktyczno\u015b\u0107, jak i estetyk\u0119.<\/li>\n<\/ul>\n<h2 id=\"3-environmental-certification-and-accurate-color-presentation-\">3.\u00a0<strong>Certyfikacja \u015brodowiskowa i dok\u0142adna prezentacja kolor\u00f3w<\/strong><\/h2>\n<ul>\n<li>Papier opakowaniowy 100% przeszed\u0142 certyfikacj\u0119 zr\u00f3wnowa\u017conego rozwoju las\u00f3w FSC, a atrament wykorzystuje przyjazn\u0105 dla \u015brodowiska formu\u0142\u0119 na bazie soi, kt\u00f3ra jest zgodna z unijnym standardem REACH. Proces drukowania wykorzystuje czterokolorowy druk offsetowy + technologi\u0119 nadruku punktowego, z pokryciem gamy kolor\u00f3w 98% standardu Pantone (b\u0142\u0105d \u2264 0,1 mm), co zapewnia dok\u0142adne dopasowanie numer\u00f3w kolor\u00f3w Pantone. Powierzchnia jest pokryta przyjazn\u0105 dla \u015brodowiska b\u0142yszcz\u0105c\u0105 lub matow\u0105 foli\u0105 na bazie wody, aby zwi\u0119kszy\u0107 wodoodporno\u015b\u0107 i g\u0142adko\u015b\u0107 w dotyku.<\/li>\n<\/ul>\n<h2 id=\"4-differentiated-design-empowers-brand-recognition-\">4.\u00a0<strong>Zr\u00f3\u017cnicowane wzornictwo zwi\u0119ksza rozpoznawalno\u015b\u0107 marki<\/strong><\/h2>\n<ul>\n<li>Zapewnia 12 kombinacji proces\u00f3w, takich jak t\u0142oczenie na gor\u0105co\/srebro na gor\u0105co, cz\u0119\u015bciowe wyt\u0142aczanie UV i puste okna, a tak\u017ce obs\u0142uguje niestandardowe ilustracje, wyt\u0142aczane tekstury lub minimalistyczne wzory geometryczne na ca\u0142ej powierzchni pude\u0142ka. Na przyk\u0142ad:<\/li>\n<li><strong>Naturalny styl<\/strong>: \u0141\u0105cz\u0105c wyt\u0142aczanie w\u0142\u00f3kien ro\u015blinnych i kolory mineralne, pasuje do pozycjonowania myd\u0142a organicznego;<\/li>\n<li><strong>Lekki, luksusowy styl<\/strong>: Korzystanie z logo t\u0142oczonego na gor\u0105co + per\u0142owa powierzchnia papieru w celu zwi\u0119kszenia wysokiej jako\u015bci tonacji;<\/li>\n<li><strong>Kulturalny i kreatywny styl<\/strong>: Zawiera r\u0119cznie malowane ilustracje i od\u0142\u0105czan\u0105 zak\u0142adk\u0119 w celu zwi\u0119kszenia interaktywno\u015bci.<\/li>\n<\/ul>\n<h2 id=\"5-full-link-customization-service-and-professional-support-\">5.\u00a0<strong>Pe\u0142na us\u0142uga dostosowywania \u0142\u0105cza i profesjonalne wsparcie<\/strong><\/h2>\n<ul>\n<li><strong>Darmowy projekt<\/strong>: Inteligentne narz\u0119dzia do generowania AI (takie jak platforma wsp\u00f3\u0142pracy Canva) zapewniaj\u0105 ponad 10 000 bibliotek szablon\u00f3w, obs\u0142uguj\u0105 modyfikacje online w czasie rzeczywistym i dostarczaj\u0105 renderingi 3D w ci\u0105gu 48 godzin;<\/li>\n<li><strong>Elastyczna produkcja<\/strong>: Minimalne zam\u00f3wienie 50 sztuk, obs\u0142uga 20 typ\u00f3w pude\u0142ek, takich jak pude\u0142ka o specjalnym kszta\u0142cie, pude\u0142ka magnetyczne, pude\u0142ka kombinowane itp. oraz pe\u0142na weryfikacja w ci\u0105gu 7 dni;<\/li>\n<li><strong>Doradztwo strategiczne<\/strong>: Zesp\u00f3\u0142 starszych projektant\u00f3w zapewnia analiz\u0119 trend\u00f3w rynkowych, na przyk\u0142ad:<\/li>\n<li>Zalecamy opakowanie kombinowane \"pude\u0142ko z szuflad\u0105 + wst\u0105\u017cka\" dla rynku upomink\u00f3w;<\/li>\n<li>Zoptymalizuj struktur\u0119 odporno\u015bci na nacisk korpusu pude\u0142ka dla kana\u0142\u00f3w e-commerce, aby zmniejszy\u0107 straty logistyczne.<\/li>\n<\/ul>\n<h2 id=\"6-source-factory-quality-assurance-\">6.\u00a0<strong>Zapewnienie jako\u015bci fabryki \u017ar\u00f3d\u0142owej<\/strong><\/h2>\n<ul>\n<li>16 lat dojrza\u0142ego systemu \u0142a\u0144cucha dostaw, przeszed\u0142 certyfikacj\u0119 zarz\u0105dzania jako\u015bci\u0105 ISO 9001, ca\u0142y proces obejmuje:<\/li>\n<li><strong>Przesiewanie surowc\u00f3w<\/strong>: Zawarto\u015b\u0107 wilgoci w tekturze jest kontrolowana na poziomie 8%-10%, aby unikn\u0105\u0107 deformacji;<\/li>\n<li><strong>Kontrola produkcji<\/strong>: Przyj\u0119cie niemieckiej maszyny drukarskiej Heidelberg + w pe\u0142ni automatycznej linii sztancuj\u0105cej, b\u0142\u0105d nadruku \u22640,2 mm;<\/li>\n<li><strong>Proces kontroli jako\u015bci<\/strong>: Wykrywanie kolorymetrem (\u0394E\u22641,5), test upadku (1,2 m bez uszkodzenia).<\/li>\n<\/ul>\n<h2 id=\"-application-scenarios-and-successful-cases-\"><strong>Scenariusze zastosowa\u0144 i udane przypadki<\/strong><\/h2>\n<ul>\n<li><strong>Personalizacja hotelu<\/strong>: Zaprojektowano czarno-z\u0142ote magnetyczne pude\u0142ko upominkowe dla pi\u0119ciogwiazdkowego hotelu, z wbudowanym myd\u0142em i zestawem piel\u0119gnacyjnym, a wska\u017anik odkupu wzr\u00f3s\u0142 o 30%;<\/li>\n<li><strong>Marka r\u0119cznie robionych myde\u0142<\/strong>: Przyj\u0119cie papieru pakowego FSC + gor\u0105ce zielone logo, zgodnie z koncepcj\u0105 ochrony \u015brodowiska, i zdoby\u0142o nagrod\u0119 Red Dot Design Award 2024;<\/li>\n<\/ul>","protected":false},"excerpt":{"rendered":"<p>Nasze opakowania na myd\u0142o bazuj\u0105 na **materia\u0142ach przyjaznych dla \u015brodowiska z certyfikatem FSC + czterokolorowym nadruku z precyzyjnym nadrukiem gamy kolor\u00f3w 98% Pantone + podw\u00f3jnie otwieranej i zamykanej strukturze odpornej na wilgo\u0107**, w po\u0142\u0105czeniu z niestandardowym projektem i gwarancj\u0105 \u0142a\u0144cucha dostaw fabryki \u017ar\u00f3d\u0142owej z 16-letnim do\u015bwiadczeniem, co mo\u017ce nie tylko zwi\u0119kszy\u0107 premi\u0119 marki dzi\u0119ki zr\u00f3\u017cnicowanej estetyce, ale tak\u017ce wyd\u0142u\u017cy\u0107 \u017cywotno\u015b\u0107 myd\u0142a dzi\u0119ki innowacjom funkcjonalnym, jednocze\u015bnie spe\u0142niaj\u0105c wielowymiarowe potrzeby konsument\u00f3w w zakresie ochrony \u015brodowiska, przeno\u015bno\u015bci i artyzmu.<\/p>","protected":false},"featured_media":9940,"template":"","meta":[],"product_brand":[],"product_cat":[30,390,430,31],"product_tag":[1306,1305,1304],"class_list":{"0":"post-9938","1":"product","2":"type-product","3":"status-publish","4":"has-post-thumbnail","6":"product_cat-by-industry","7":"product_cat-custom-cosmetics-boxes","8":"product_cat-folding-cartons","9":"product_cat-paper-box-style","10":"product_tag-custom-soap-boxes","11":"product_tag-soap-boxes-wholesale","12":"product_tag-soap-packaging","14":"first","15":"instock","16":"shipping-taxable","17":"product-type-grouped"},"_links":{"self":[{"href":"https:\/\/zojopackaging.com\/pl\/wp-json\/wp\/v2\/product\/9938","targetHints":{"allow":["GET"]}}],"collection":[{"href":"https:\/\/zojopackaging.com\/pl\/wp-json\/wp\/v2\/product"}],"about":[{"href":"https:\/\/zojopackaging.com\/pl\/wp-json\/wp\/v2\/types\/product"}],"version-history":[{"count":1,"href":"https:\/\/zojopackaging.com\/pl\/wp-json\/wp\/v2\/product\/9938\/revisions"}],"predecessor-version":[{"id":9945,"href":"https:\/\/zojopackaging.com\/pl\/wp-json\/wp\/v2\/product\/9938\/revisions\/9945"}],"wp:featuredmedia":[{"embeddable":true,"href":"https:\/\/zojopackaging.com\/pl\/wp-json\/wp\/v2\/media\/9940"}],"wp:attachment":[{"href":"https:\/\/zojopackaging.com\/pl\/wp-json\/wp\/v2\/media?parent=9938"}],"wp:term":[{"taxonomy":"product_brand","embeddable":true,"href":"https:\/\/zojopackaging.com\/pl\/wp-json\/wp\/v2\/product_brand?post=9938"},{"taxonomy":"product_cat","embeddable":true,"href":"https:\/\/zojopackaging.com\/pl\/wp-json\/wp\/v2\/product_cat?post=9938"},{"taxonomy":"product_tag","embeddable":true,"href":"https:\/\/zojopackaging.com\/pl\/wp-json\/wp\/v2\/product_tag?post=9938"}],"curies":[{"name":"wp","href":"https:\/\/api.w.org\/{rel}","templated":true}]}}