{"id":9946,"date":"2025-04-04T13:20:30","date_gmt":"2025-04-04T05:20:30","guid":{"rendered":"https:\/\/zojopackaging.com\/?post_type=product&#038;p=9946"},"modified":"2025-04-04T13:31:10","modified_gmt":"2025-04-04T05:31:10","slug":"custom-candy-paper-boxes-for-treat-chocolate-boxes-supplier","status":"publish","type":"product","link":"https:\/\/zojopackaging.com\/pl\/product\/custom-candy-paper-boxes-for-treat-chocolate-boxes-supplier\/","title":{"rendered":"Niestandardowe papierowe pude\u0142ka na cukierki dla dostawcy pude\u0142ek na smako\u0142yki i czekolad\u0119"},"content":{"rendered":"<h3 id=\"-1-structural-innovation-the-fun-revolution-of-wallet-style-handbags-\"><strong>1. Innowacja strukturalna: zabawna rewolucja torebek w stylu portfela<\/strong><\/h3>\n<p>Przyj\u0119cie\u00a0<strong>Wysuwana konstrukcja w kszta\u0142cie koperty<\/strong>zainspirowany tradycyjnym wzornictwem portfeli,\u00a0<strong>Technologia potr\u00f3jnego \u0142\u0105czenia<\/strong>\u00a0aby osi\u0105gn\u0105\u0107 0,3 sekundy szybkiego otwierania. Konsumenci nie potrzebuj\u0105 skomplikowanych operacji i mog\u0105 doko\u0144czy\u0107 wysuwanie jedn\u0105 r\u0119k\u0105, a otwieranie i zamykanie jest p\u0142ynne i g\u0142adkie.\u00a0<strong>Warstwa buforowa z tektury o strukturze plastra miodu<\/strong>\u00a0jest ustawiony wewn\u0105trz pude\u0142ka, ze wsp\u00f3\u0142czynnikiem poch\u0142aniania wibracji 90%, a wska\u017anik uszkodze\u0144 transportowych jest zmniejszony do mniej ni\u017c 0,5%.<\/p>\n<h3 id=\"-2-color-aesthetics-the-luxurious-expression-of-herm-s-orange-\"><strong>2. Estetyka koloru: Luksusowy wyraz Herm\u00e8s Orange<\/strong><\/h3>\n<p>-\u00a0<strong>Schemat kolor\u00f3w<\/strong>: G\u0142\u00f3wny kolor przyjmuje\u00a0<strong>Pantone 15-1247 TCX (Pomara\u0144czowy Herm\u00e8s)<\/strong>kt\u00f3ry jest dopasowany do\u00a0<strong>18-1755 TCX (bia\u0142y per\u0142owy)<\/strong>\u00a0aby stworzy\u0107 wizualny kontrast, a przej\u015bcie gradientowe 0,1 mm uzyskuje si\u0119 dzi\u0119ki precyzyjnemu drukowaniu w rozdzielczo\u015bci 1200 dpi; -\u00a0<strong>Psychologia wizualna<\/strong>: Pomara\u0144czowy oddaje witalno\u015b\u0107 i s\u0142odycz, a bia\u0142a podszewka wzmacnia czysty wizerunek produktu, kt\u00f3ry spe\u0142nia estetyczne potrzeby konsument\u00f3w z pokolenia Z w zakresie \"wygl\u0105d to sprawiedliwo\u015b\u0107\" (patrz badanie trend\u00f3w kolorystycznych opakowa\u0144 s\u0142odyczy).<\/p>\n<h3 id=\"-3-smart-customization-full-link-service-from-concept-to-mass-production-\"><strong>3. Inteligentna personalizacja: kompleksowa obs\u0142uga od koncepcji do masowej produkcji<\/strong><\/h3>\n<p>-\u00a0<strong>Elastyczno\u015b\u0107 rozmiaru<\/strong>Obs\u0142uguje minimalne wymiary 5 cm \u00d7 5 cm (mini mi\u0119kkie pude\u0142ko na cukierki) do maksymalnie 30 cm \u00d7 20 cm (wielowarstwowe pude\u0142ko upominkowe), grubo\u015b\u0107 mo\u017cna dostosowa\u0107 w zakresie 0,8-5 cm;<\/p>\n<p>-\u00a0<strong>Innowacje strukturalne<\/strong>: Opracowanie 12 opatentowanych typ\u00f3w pude\u0142ek (takich jak obrotowe warstwy, magnetyczne zamki na has\u0142o), kompatybilnych z umieszczaniem cukierk\u00f3w o specjalnych kszta\u0142tach;<\/p>\n<p>-\u00a0<strong>Szybka reakcja<\/strong>: Uko\u0144czenie modelowania 3D i proofingu w ci\u0105gu 8 godzin oraz skr\u00f3cenie cyklu produkcji masowej do 7-9 dni.<\/p>\n<h3 id=\"-4-material-matrix-multiple-handles-and-environmental-commitment-\"><strong>4. Matryca materia\u0142owa: wiele uchwyt\u00f3w i zaanga\u017cowanie w ochron\u0119 \u015brodowiska<\/strong><\/h3>\n<p>-\u00a0<strong>System uchwyt\u00f3w<\/strong>: -\u00a0<strong>Uchwyt wst\u0105\u017ckowy<\/strong>Stosowana jest ta\u015bma PET o szeroko\u015bci 2 mm przeznaczona do kontaktu z \u017cywno\u015bci\u0105, o no\u015bno\u015bci 200 g;<\/p>\n<p>-\u00a0<strong>Sk\u00f3rzany uchwyt<\/strong>Wyt\u0142aczana sk\u00f3ra bydl\u0119ca o zwi\u0119kszonej odporno\u015bci na \u015bcieranie 50%;<\/p>\n<p>-\u00a0<strong>Lina bawe\u0142niana ulegaj\u0105ca degradacji<\/strong>: Zastosowano materia\u0142 PLA o szybko\u015bci rozk\u0142adu \u226590% w ci\u0105gu 12 tygodni;<\/p>\n<h3 id=\"-5-logistics-optimization-cost-reduction-and-efficiency-improvement-by-flat-shipment-\"><strong>5. Optymalizacja logistyki: redukcja koszt\u00f3w i poprawa wydajno\u015bci dzi\u0119ki wysy\u0142kom p\u0142askim<\/strong><\/h3>\n<p>-\u00a0<strong>Wykorzystanie przestrzeni<\/strong>: P\u0142aska konstrukcja zwi\u0119ksza wydajno\u015b\u0107 za\u0142adunku o 70% i zmniejsza koszty wysy\u0142ki o 25%;<\/p>\n<p>-\u00a0<strong>Certyfikacja \u015brodowiskowa<\/strong>: Wszystkie materia\u0142y s\u0105 certyfikowane przez FSC i spe\u0142niaj\u0105 normy UE REACH.\u00a0<strong>Inteligentne opakowanie<\/strong>: Sk\u0142adana podszewka s\u0142u\u017cy do zmniejszenia obj\u0119to\u015bci pustego pude\u0142ka o 60%, co pomaga osi\u0105gn\u0105\u0107 cel neutralno\u015bci w\u0119glowej (patrz zr\u00f3wnowa\u017cone rozwi\u0105zania opakowaniowe).<\/p>\n<h3 id=\"-6-industry-benchmark-16-years-of-smart-manufacturing-experience-\"><strong>6. Bran\u017cowy punkt odniesienia: 16 lat do\u015bwiadczenia w inteligentnej produkcji<\/strong><\/h3>\n<p>-\u00a0<strong>Matryca urz\u0105dze\u0144<\/strong>: Wyposa\u017cony w 18 mi\u0119dzynarodowych urz\u0105dze\u0144, takich jak pi\u0119ciokolorowa maszyna drukarska Manroland R700, 7-kolorowa maszyna offsetowa UV Heidelberg, z pr\u0119dko\u015bci\u0105 drukowania 15 000 arkuszy na godzin\u0119;<\/p>\n<p>-\u00a0<strong>System kontroli jako\u015bci<\/strong>: Przeszed\u0142 certyfikacj\u0119 ISO 9001\/BRCGS, ka\u017cda partia produkt\u00f3w przechodzi 12 kontroli jako\u015bci (r\u00f3\u017cnica kolor\u00f3w \u0394E\u22641,5, odporno\u015b\u0107 na \u015bciskanie \u2265300N);<\/p>\n<p>-\u00a0<strong>Sie\u0107 us\u0142ug<\/strong>: \u0141\u0105czna obs\u0142uga ponad 2500 marek, wska\u017anik odkupu klient\u00f3w na poziomie 82%, obejmuj\u0105cy ponad 30 rynk\u00f3w mi\u0119dzynarodowych, takich jak Ameryka P\u00f3\u0142nocna i Europa (patrz dane z bia\u0142ej ksi\u0119gi przemys\u0142u opakowaniowego).<\/p>\n<h3 id=\"-7-value-commitment-triple-balance-of-quality-efficiency-and-cost-\"><strong>7. Zaanga\u017cowanie w warto\u015b\u0107: potr\u00f3jna r\u00f3wnowaga jako\u015bci, wydajno\u015bci i koszt\u00f3w<\/strong><\/h3>\n<p>-\u00a0<strong>Optymalizacja koszt\u00f3w<\/strong>: Cyfrowy system sk\u0142adu zmniejsza straty materia\u0142u do 2,5%, oszcz\u0119dzaj\u0105c 18% koszt\u00f3w w por\u00f3wnaniu z tradycyjnymi procesami;<\/p>\n<p>-\u00a0<strong>Zwinne dostarczanie<\/strong>: Ustanowienie systemu logistycznego z dwoma magazynami we wschodnich i po\u0142udniowych Chinach, z 48-godzinn\u0105 bezpo\u015bredni\u0105 dostaw\u0105 na terenie ca\u0142ego kraju;<\/p>\n<p>-\u00a0<strong>Us\u0142uga d\u0142ugoterminowa<\/strong>: Zapewnienie zarz\u0105dzania cyklem \u017cycia opakowania, w tym ostrzeganie o zapasach, plan uzupe\u0142niania zapas\u00f3w i plan recyklingu starych opakowa\u0144.<\/p>","protected":false},"excerpt":{"rendered":"<p><strong>ZOJO Print | Spersonalizowany ekspert w dziedzinie papierowych pude\u0142ek na cukierki - zdefiniuj nowe s\u0142odkie do\u015bwiadczenie dzi\u0119ki innowacyjnemu projektowi<\/strong><\/p>\n<p>Na dzisiejszym dynamicznie rozwijaj\u0105cym si\u0119 rynku przek\u0105sek opakowania s\u0142odyczy to nie tylko pojemnik na produkt, ale tak\u017ce wi\u0119\u017a mi\u0119dzy markami a konsumentami. ZOJO Print od 16 lat jest g\u0142\u0119boko zaanga\u017cowane w bran\u017c\u0119 opakowa\u0144, koncentruj\u0105c si\u0119 na dostarczaniu niestandardowych rozwi\u0105za\u0144 dla marek s\u0142odyczy i czekolady, kt\u00f3re \u0142\u0105cz\u0105 w sobie funkcjonalno\u015b\u0107, walory estetyczne i konkurencyjno\u015b\u0107 handlow\u0105.<\/p>","protected":false},"featured_media":9947,"template":"","meta":[],"product_brand":[],"product_cat":[30,422,432,31],"product_tag":[1308,1309,1307],"class_list":{"0":"post-9946","1":"product","2":"type-product","3":"status-publish","4":"has-post-thumbnail","6":"product_cat-by-industry","7":"product_cat-custom-gourmet-boxes-by-industry","8":"product_cat-pape-gift-bags","9":"product_cat-paper-box-style","10":"product_tag-boxes-for-treat-chocolate","11":"product_tag-boxes-supplier","12":"product_tag-custom-candy-paper-boxes","14":"first","15":"instock","16":"shipping-taxable","17":"product-type-grouped"},"_links":{"self":[{"href":"https:\/\/zojopackaging.com\/pl\/wp-json\/wp\/v2\/product\/9946","targetHints":{"allow":["GET"]}}],"collection":[{"href":"https:\/\/zojopackaging.com\/pl\/wp-json\/wp\/v2\/product"}],"about":[{"href":"https:\/\/zojopackaging.com\/pl\/wp-json\/wp\/v2\/types\/product"}],"version-history":[{"count":1,"href":"https:\/\/zojopackaging.com\/pl\/wp-json\/wp\/v2\/product\/9946\/revisions"}],"predecessor-version":[{"id":9960,"href":"https:\/\/zojopackaging.com\/pl\/wp-json\/wp\/v2\/product\/9946\/revisions\/9960"}],"wp:featuredmedia":[{"embeddable":true,"href":"https:\/\/zojopackaging.com\/pl\/wp-json\/wp\/v2\/media\/9947"}],"wp:attachment":[{"href":"https:\/\/zojopackaging.com\/pl\/wp-json\/wp\/v2\/media?parent=9946"}],"wp:term":[{"taxonomy":"product_brand","embeddable":true,"href":"https:\/\/zojopackaging.com\/pl\/wp-json\/wp\/v2\/product_brand?post=9946"},{"taxonomy":"product_cat","embeddable":true,"href":"https:\/\/zojopackaging.com\/pl\/wp-json\/wp\/v2\/product_cat?post=9946"},{"taxonomy":"product_tag","embeddable":true,"href":"https:\/\/zojopackaging.com\/pl\/wp-json\/wp\/v2\/product_tag?post=9946"}],"curies":[{"name":"wp","href":"https:\/\/api.w.org\/{rel}","templated":true}]}}