{"id":9953,"date":"2025-04-04T13:29:07","date_gmt":"2025-04-04T05:29:07","guid":{"rendered":"https:\/\/zojopackaging.com\/?post_type=product&#038;p=9953"},"modified":"2025-04-04T13:45:58","modified_gmt":"2025-04-04T05:45:58","slug":"custom-personalized-printed-soap-boxes-wholesale-packaging","status":"publish","type":"product","link":"https:\/\/zojopackaging.com\/pl\/product\/custom-personalized-printed-soap-boxes-wholesale-packaging\/","title":{"rendered":"Niestandardowe spersonalizowane pude\u0142ka na myd\u0142o z nadrukiem Opakowania hurtowe"},"content":{"rendered":"<p>Jako fabryka z 16-letnim do\u015bwiadczeniem w bran\u017cy, jeste\u015bmy zaanga\u017cowani w dostarczanie klientom spersonalizowanych rozwi\u0105za\u0144 w zakresie pude\u0142ek na myd\u0142o, kt\u00f3re \u0142\u0105cz\u0105 walory estetyczne z praktycznymi funkcjami. Poni\u017cej znajduje si\u0119 opis podstawowych zalet produktu i spersonalizowanych us\u0142ug<\/p>\n<h2 id=\"-1-simple-design-and-efficient-assembly-\"><strong>1. Prosta konstrukcja i wydajny monta\u017c<\/strong><\/h2>\n<p>Nasze pude\u0142ko na myd\u0142o ma modu\u0142ow\u0105 konstrukcj\u0119 i mo\u017cna je z\u0142o\u017cy\u0107 w zaledwie trzech krokach. Wn\u0119trze pude\u0142ka jest zoptymalizowane pod k\u0105tem standardowych rozmiar\u00f3w myd\u0142a, a regulowana przestrze\u0144 przedzia\u0142u jest zarezerwowana, kt\u00f3ra mo\u017ce nie tylko trwale umie\u015bci\u0107 pojedynczy kawa\u0142ek myd\u0142a, ale tak\u017ce rozszerzy\u0107 si\u0119 do trybu przechowywania kombinacji \"myd\u0142o + r\u0119cznik papierowy\" (obs\u0142uguje niestandardowy rozmiar partycji). Korpus pude\u0142ka wykonany jest z bia\u0142ego kartonu o gramaturze 250-375 g\/m\u00b2 lub specjalnego papieru spo\u017cywczego, z uwzgl\u0119dnieniem wymog\u00f3w ochrony \u015brodowiska i no\u015bno\u015bci. Proces sk\u0142adania zapewnia kompresj\u0119 obj\u0119to\u015bci transportowej o 60% i zmniejsza koszty logistyczne.<\/p>\n<h2 id=\"-2-full-scene-customized-printing-service-\"><strong>2. Us\u0142uga drukowania w pe\u0142nym zakresie<\/strong><\/h2>\n<ol>\n<li><strong>Czterokolorowy proces drukowania<\/strong>\u00a0Wykorzystuj\u0105c technologi\u0119 czterokolorowego nadruku CMYK, dok\u0142adnie przywraca kolory gradientowe, precyzyjne wzory i elementy wizualne marki, z pokryciem gamy kolor\u00f3w 98%, spe\u0142niaj\u0105c potrzeby minimalistycznych lub z\u0142o\u017conych styl\u00f3w ilustracji. W po\u0142\u0105czeniu z t\u0142oczeniem na gor\u0105co\/srebrem, miejscowym szkliwieniem UV i innymi procesami, pude\u0142ko upominkowe mo\u017ce uzyska\u0107 luksusow\u0105 tekstur\u0119.<\/li>\n<li><strong>Personalizacja zawarto\u015bci<\/strong><\/li>\n<li><strong>Projekt uk\u0142adu<\/strong>: Obs\u0142uguje dowolny uk\u0142ad element\u00f3w, takich jak logo, kody QR, b\u0142ogos\u0142awie\u0144stwa, r\u0119cznie malowane ilustracje i jest kompatybilny z plikami w formacie AI\/PS\/CDR.<\/li>\n<li><strong>Kreatywna ekspansja<\/strong>: Zapewnia bibliotek\u0119 szablon\u00f3w \"mieszaj i dopasowuj\". Klienci mog\u0105 \u0142\u0105czy\u0107 r\u00f3\u017cne tekstury pokrywy pude\u0142ka, boczne t\u0142oczenia na gor\u0105co i wzory podszewek, aby tworzy\u0107 ekskluzywne \u015bwi\u0105teczne pude\u0142ka na prezenty (takie jak fluorescencyjne kolory urodzinowe, rocznicowe daty t\u0142oczenia na gor\u0105co).<\/li>\n<\/ol>\n<h2 id=\"-three-multi-scenario-applications-and-gift-plans-\"><strong>3. Aplikacje wieloscenariuszowe i plany prezent\u00f3w<\/strong><\/h2>\n<ol>\n<li><strong>Og\u00f3lnofestiwalowa adaptacja<\/strong>\u00a0Konstrukcja pude\u0142ka prezentowego jest kompatybilna z walentynkowymi pustymi okienkami w kszta\u0142cie serca, \u015bwi\u0105tecznym wyt\u0142aczaniem ga\u0142\u0105zek sosny, gor\u0105cym t\u0142oczeniem zodiaku wiosennego festiwalu i innymi elementami tematycznymi, a tak\u017ce jest wyposa\u017cona w wst\u0105\u017cki, plomby w talii, klamry magnetyczne i inne akcesoria, aby zaspokoi\u0107 potrzeby urodzin, \u015blub\u00f3w, prezent\u00f3w firmowych i innych scenariuszy.<\/li>\n<li><strong>Strategia prezent\u00f3w \u0142\u0105czonych<\/strong><\/li>\n<li><strong>Butik z pojedynczym pude\u0142kiem<\/strong>: Zaleca si\u0119 dopasowanie r\u0119cznie robionego myd\u0142a z olejkami eterycznymi + naturalnej g\u0105bki, a w pude\u0142ku znajduje si\u0119 spersonalizowana karta b\u0142ogos\u0142awie\u0144stwa.<\/li>\n<li><strong>Rozwi\u0105zanie w postaci zestawu pude\u0142kowego<\/strong>: Zapewnia 3\/6\/12-cz\u0119\u015bciowe stopniowane opakowanie, wspiera warstwowe umieszczanie myde\u0142 o r\u00f3\u017cnych zapachach (takich jak lawenda + cytryna + drzewo sanda\u0142owe), a podszewka wykorzystuje biodegradowalny materia\u0142 flokowany, aby wzmocni\u0107 poczucie ceremonii podczas otwierania pude\u0142ka.<\/li>\n<\/ol>\n<h2 id=\"-fourth-quality-assurance-and-supply-chain-advantages-\"><strong>4. Zapewnienie jako\u015bci i zalety \u0142a\u0144cucha dostaw<\/strong><\/h2>\n<ol>\n<li><strong>Standardy produkcji<\/strong><\/li>\n<li>Przeszed\u0142 certyfikacj\u0119 systemu jako\u015bci ISO9001, dzienna zdolno\u015b\u0107 produkcyjna si\u0119ga 200 000 sztuk, obs\u0142uguje 48-godzinny proofing i 15-dniow\u0105 dostaw\u0119 towar\u00f3w masowych.<\/li>\n<li>\u015acis\u0142a kontrola r\u00f3\u017cnicy kolor\u00f3w, wyposa\u017cona w us\u0142ugi kontroli jako\u015bci innych firm w celu zapewnienia dok\u0142adno\u015bci drukowania i stabilno\u015bci struktury pude\u0142ka.<\/li>\n<li><strong>Optymalizacja koszt\u00f3w<\/strong><\/li>\n<li>Ekologiczny \u0142a\u0144cuch dostaw: Wykorzystanie technologii wst\u0119pnego drukowania w celu zmniejszenia strat papieru, a wska\u017anik odzysku z\u0142omu przekracza 90%, co spe\u0142nia potrzeby przyjaznego dla \u015brodowiska wizerunku marki.<\/li>\n<\/ol>\n<h2 id=\"-five-customization-process-and-after-sales-service-\"><strong>5. Proces dostosowywania i obs\u0142uga posprzeda\u017cna<\/strong><\/h2>\n<ol>\n<li><strong>Proces wsp\u00f3\u0142pracy<\/strong>\u00a0Komunikacja popytu \u2192 potwierdzenie renderowania 3D \u2192 proofing \u2192 produkcja masowa \u2192 \u015bledzenie logistyki.<\/li>\n<li><strong>Zobowi\u0105zanie do \u015bwiadczenia us\u0142ug<\/strong><\/li>\n<li>Rekompensata za uszkodzenia: Szybkie uzupe\u0142nianie zapas\u00f3w zostanie zainicjowane, je\u015bli wska\u017anik uszkodze\u0144 transportowych przekroczy 2%.<\/li>\n<li>Reakcja posprzeda\u017cowa: Profesjonalny zesp\u00f3\u0142 obs\u0142ugi klienta zapewnia 24-godzinne zapytanie o zam\u00f3wienie i sugestie dotycz\u0105ce optymalizacji plik\u00f3w projektowych.<\/li>\n<\/ol>","protected":false},"excerpt":{"rendered":"<p>Od minimalistycznego codziennego przechowywania po \u015bwi\u0105teczne pude\u0142ka na prezenty, wykorzystujemy op\u0142acalno\u015b\u0107 i kreatywne mo\u017cliwo\u015bci wdro\u017cenia fabryki \u017ar\u00f3d\u0142owej, aby pom\u00f3c markom w tworzeniu rozwi\u0105za\u0144 opakowaniowych myd\u0142a o \"wysokiej warto\u015bci i silnej pami\u0119ci\". Obecnie akceptujemy globalne dostosowania hurtowe i z niecierpliwo\u015bci\u0105 czekamy na dostarczenie unikalnego no\u015bnika historii dla ka\u017cdego myd\u0142a z pomys\u0142owym kunsztem.<\/p>","protected":false},"featured_media":9955,"template":"","meta":[],"product_brand":[],"product_cat":[30,390,430,31],"product_tag":[1311,1312,1310],"class_list":{"0":"post-9953","1":"product","2":"type-product","3":"status-publish","4":"has-post-thumbnail","6":"product_cat-by-industry","7":"product_cat-custom-cosmetics-boxes","8":"product_cat-folding-cartons","9":"product_cat-paper-box-style","10":"product_tag-custom-printed-soap-boxes","11":"product_tag-custom-soap-boxes-wholesale","12":"product_tag-soap-boxes","14":"first","15":"instock","16":"shipping-taxable","17":"product-type-grouped"},"_links":{"self":[{"href":"https:\/\/zojopackaging.com\/pl\/wp-json\/wp\/v2\/product\/9953","targetHints":{"allow":["GET"]}}],"collection":[{"href":"https:\/\/zojopackaging.com\/pl\/wp-json\/wp\/v2\/product"}],"about":[{"href":"https:\/\/zojopackaging.com\/pl\/wp-json\/wp\/v2\/types\/product"}],"version-history":[{"count":1,"href":"https:\/\/zojopackaging.com\/pl\/wp-json\/wp\/v2\/product\/9953\/revisions"}],"predecessor-version":[{"id":9961,"href":"https:\/\/zojopackaging.com\/pl\/wp-json\/wp\/v2\/product\/9953\/revisions\/9961"}],"wp:featuredmedia":[{"embeddable":true,"href":"https:\/\/zojopackaging.com\/pl\/wp-json\/wp\/v2\/media\/9955"}],"wp:attachment":[{"href":"https:\/\/zojopackaging.com\/pl\/wp-json\/wp\/v2\/media?parent=9953"}],"wp:term":[{"taxonomy":"product_brand","embeddable":true,"href":"https:\/\/zojopackaging.com\/pl\/wp-json\/wp\/v2\/product_brand?post=9953"},{"taxonomy":"product_cat","embeddable":true,"href":"https:\/\/zojopackaging.com\/pl\/wp-json\/wp\/v2\/product_cat?post=9953"},{"taxonomy":"product_tag","embeddable":true,"href":"https:\/\/zojopackaging.com\/pl\/wp-json\/wp\/v2\/product_tag?post=9953"}],"curies":[{"name":"wp","href":"https:\/\/api.w.org\/{rel}","templated":true}]}}